{"id":15500,"date":"2019-05-04T17:47:45","date_gmt":"2019-05-04T15:47:45","guid":{"rendered":"http:\/\/fcou.uvigo.es\/estudios\/grado-en-ingenieria-agraria\/descricion-do-titulo\/"},"modified":"2024-05-23T17:28:19","modified_gmt":"2024-05-23T15:28:19","slug":"descripcion-del-titulo","status":"publish","type":"page","link":"https:\/\/fcou.uvigo.es\/es\/estudios\/grado-en-ingenieria-agraria\/descripcion-del-titulo\/","title":{"rendered":"Descripci\u00f3n del t\u00edtulo"},"content":{"rendered":"<table style=\"margin-left: 0px;\" cellspacing=\"0\" cellpadding=\"0\">\n<tbody>\n<tr>\n<td><strong>Denominaci\u00f3n del t\u00edtulo<\/strong><\/td>\n<td>Grado en Ingenier\u00eda Agraria<\/td>\n<\/tr>\n<tr>\n<td style=\"width: 40%;\"><strong>C\u00f3digo RUCT<\/strong><\/td>\n<td style=\"width: 60%;\"><a href=\"https:\/\/www.educacion.gob.es\/ruct\/estudiouniversidad.action?codigoCiclo=SC&amp;codigoEstudio=2502241\" target=\"_blank\" rel=\"noopener\">2502241<\/a><\/td>\n<\/tr>\n<tr>\n<td><strong>Rama de conocimiento<\/strong><\/td>\n<td>Ciencias<\/td>\n<\/tr>\n<tr>\n<td><strong>Centro donde se imparte<\/strong><\/td>\n<td>Facultad de Ciencias<\/td>\n<\/tr>\n<tr>\n<td><strong>Tipo de ense\u00f1anza<\/strong><\/td>\n<td>Presencial<\/td>\n<\/tr>\n<tr>\n<td><strong>N\u00ba de plazas de nuevo ingreso ofertadas<\/strong><\/td>\n<td>45 plazas<\/td>\n<\/tr>\n<tr>\n<td><strong>Idiomas en los que se imparte el t\u00edtulo<\/strong><\/td>\n<td>Castellano y gallego<\/td>\n<\/tr>\n<tr>\n<td><strong>N\u00ba de cr\u00e9ditos ECTS<\/strong><\/td>\n<td>240 (60 Formaci\u00f3n b\u00e1sica \/ 108 Obligatorios \/ 60 Optativos \/ 12 Trabajo Fin de Grado)<\/td>\n<\/tr>\n<tr>\n<td><strong>R\u00e9gimen de estudio<\/strong><\/td>\n<td>Matr\u00edcula a tiempo completo y a tiempo parcial<\/td>\n<\/tr>\n<tr>\n<td><b>N\u00famero m\u00ednimo de ECTS de matr\u00edcula<\/b><\/td>\n<td>24 ECTS por a\u00f1o (12 ECTS por cuatrimestre)<\/td>\n<\/tr>\n<tr>\n<td><strong>Normas de permanencia<\/strong><\/td>\n<td><a href=\"https:\/\/secretaria.uvigo.gal\/uv\/web\/normativa\/public\/show\/275\" target=\"_blank\" rel=\"noopener\">UVIGO 21\/06\/2017<\/a><\/td>\n<\/tr>\n<tr>\n<td><strong>Expedici\u00f3n del suplemento europeo al t\u00edtulo<\/strong><\/td>\n<td>Requisitos: RD 22\/2015 <a href=\"https:\/\/www.boe.es\/diario_boe\/txt.php?id=BOE-A-2015-1158\" target=\"_blank\" rel=\"noopener\">(BOE 07\/02\/2015)<\/a><\/td>\n<\/tr>\n<tr>\n<td><strong>Coordinadora del t\u00edtulo<\/strong><\/td>\n<td>Mar\u00eda del Carmen Seijo Coello<\/td>\n<\/tr>\n<tr>\n<td><strong>Fecha de autorizaci\u00f3n para la implantaci\u00f3n del t\u00edtulo<\/strong><\/td>\n<td>Decreto 385\/2009, de 27\/08\/2009 <a href=\"https:\/\/www.xunta.gal\/dog\/Publicados\/2009\/20090916\/Anuncio33CAE_gl.html\" target=\"_blank\" rel=\"noopener\">(DOG 16\/09\/2009)<\/a><\/td>\n<\/tr>\n<tr>\n<td><strong>Fecha de publicaci\u00f3n del plan de estudios<\/strong><\/td>\n<td>Resoluci\u00f3n de 15\/01\/2009 <a href=\"https:\/\/www.boe.es\/diario_boe\/txt.php?id=BOE-A-2013-328\" target=\"_blank\" rel=\"noopener\">(BOE 11\/01\/2013)<\/a> | <a href=\"https:\/\/boe.es\/buscar\/doc.php?id=BOE-A-2016-433\" target=\"_blank\" rel=\"noopener\">correcci\u00f3n 18\/01\/2016<\/a><\/td>\n<\/tr>\n<tr>\n<td><strong>Fecha de la \u00faltima acreditaci\u00f3n<\/strong><\/td>\n<td><a href=\"https:\/\/sede.educacion.gob.es\/cid\/consultaCID?cid=217312689729768230945360\" target=\"_blank\" rel=\"noopener\">Consejo de Universidades 09\/06\/2016<\/a><\/td>\n<\/tr>\n<tr>\n<td><strong>Memoria vigente del t\u00edtulo<\/strong><\/td>\n<td><a href=\"https:\/\/sede.educacion.gob.es\/cid\/consultaCID?cid=169361518805815047912819\" target=\"_blank\" rel=\"noopener\">Memoria del t\u00edtulo<\/a><\/td>\n<\/tr>\n<\/tbody>\n<\/table>\n","protected":false},"excerpt":{"rendered":"<p>Denominaci\u00f3n del t\u00edtulo Grado en Ingenier\u00eda Agraria C\u00f3digo RUCT 2502241 Rama de conocimiento Ciencias Centro donde se imparte Facultad de Ciencias Tipo de ense\u00f1anza Presencial &hellip; <a class=\"excerpt_more\" href=\"https:\/\/fcou.uvigo.es\/es\/estudios\/grado-en-ingenieria-agraria\/descripcion-del-titulo\/\">Contin\u00faa<\/a><\/p>\n","protected":false},"author":8,"featured_media":0,"parent":15496,"menu_order":1,"comment_status":"closed","ping_status":"closed","template":"","meta":{"_acf_changed":false,"footnotes":""},"acf":[],"yoast_head":"<title>Descripci\u00f3n del t\u00edtulo | Facultade de Ciencias<\/title>\n<meta name=\"robots\" content=\"index, follow, max-snippet:-1, max-image-preview:large, max-video-preview:-1\" \/>\n<link rel=\"canonical\" href=\"https:\/\/www.fcou.uvigo.es\/es\/estudios\/grado-en-ingenieria-agraria\/descripcion-del-titulo\/\" \/>\n<meta property=\"og:locale\" content=\"es_ES\" \/>\n<meta property=\"og:type\" content=\"article\" \/>\n<meta property=\"og:title\" content=\"Descripci\u00f3n del t\u00edtulo | Facultade de Ciencias\" \/>\n<meta property=\"og:description\" content=\"Denominaci\u00f3n del t\u00edtulo Grado en Ingenier\u00eda Agraria C\u00f3digo RUCT 2502241 Rama de conocimiento Ciencias Centro donde se imparte Facultad de Ciencias Tipo de ense\u00f1anza Presencial &hellip; Contin\u00faa\" \/>\n<meta property=\"og:url\" content=\"https:\/\/www.fcou.uvigo.es\/es\/estudios\/grado-en-ingenieria-agraria\/descripcion-del-titulo\/\" \/>\n<meta property=\"og:site_name\" content=\"Facultade de Ciencias\" \/>\n<meta property=\"article:modified_time\" content=\"2024-05-23T15:28:19+00:00\" \/>\n<meta name=\"twitter:card\" content=\"summary_large_image\" \/>\n<meta name=\"twitter:label1\" content=\"Est. reading time\" \/>\n\t<meta name=\"twitter:data1\" content=\"1 minute\" \/>\n<script type=\"application\/ld+json\" class=\"yoast-schema-graph\">{\"@context\":\"https:\/\/schema.org\",\"@graph\":[{\"@type\":\"WebPage\",\"@id\":\"https:\/\/www.fcou.uvigo.es\/es\/estudios\/grado-en-ingenieria-agraria\/descripcion-del-titulo\/\",\"url\":\"https:\/\/www.fcou.uvigo.es\/es\/estudios\/grado-en-ingenieria-agraria\/descripcion-del-titulo\/\",\"name\":\"Descripci\u00f3n del t\u00edtulo | Facultade de Ciencias\",\"isPartOf\":{\"@id\":\"https:\/\/fcou.uvigo.es\/#website\"},\"datePublished\":\"2019-05-04T15:47:45+00:00\",\"dateModified\":\"2024-05-23T15:28:19+00:00\",\"breadcrumb\":{\"@id\":\"https:\/\/www.fcou.uvigo.es\/es\/estudios\/grado-en-ingenieria-agraria\/descripcion-del-titulo\/#breadcrumb\"},\"inLanguage\":\"es-ES\",\"potentialAction\":[{\"@type\":\"ReadAction\",\"target\":[\"https:\/\/www.fcou.uvigo.es\/es\/estudios\/grado-en-ingenieria-agraria\/descripcion-del-titulo\/\"]}]},{\"@type\":\"BreadcrumbList\",\"@id\":\"https:\/\/www.fcou.uvigo.es\/es\/estudios\/grado-en-ingenieria-agraria\/descripcion-del-titulo\/#breadcrumb\",\"itemListElement\":[{\"@type\":\"ListItem\",\"position\":1,\"name\":\"Estudios\",\"item\":\"https:\/\/fcou.uvigo.es\/es\/estudios\/\"},{\"@type\":\"ListItem\",\"position\":2,\"name\":\"Grado en Ingenier\u00eda Agraria\",\"item\":\"https:\/\/fcou.uvigo.es\/es\/estudios\/grado-en-ingenieria-agraria\/\"},{\"@type\":\"ListItem\",\"position\":3,\"name\":\"Descripci\u00f3n del t\u00edtulo\"}]},{\"@type\":\"WebSite\",\"@id\":\"https:\/\/fcou.uvigo.es\/#website\",\"url\":\"https:\/\/fcou.uvigo.es\/\",\"name\":\"Facultade de Ciencias da Universidade de Vigo\",\"description\":\"Sitio web da Facultade de Ciencias\",\"publisher\":{\"@id\":\"https:\/\/fcou.uvigo.es\/#organization\"},\"potentialAction\":[{\"@type\":\"SearchAction\",\"target\":{\"@type\":\"EntryPoint\",\"urlTemplate\":\"https:\/\/fcou.uvigo.es\/?s={search_term_string}\"},\"query-input\":{\"@type\":\"PropertyValueSpecification\",\"valueRequired\":true,\"valueName\":\"search_term_string\"}}],\"inLanguage\":\"es-ES\"},{\"@type\":\"Organization\",\"@id\":\"https:\/\/fcou.uvigo.es\/#organization\",\"name\":\"Facultade de Ciencias da Universidade de Vigo\",\"url\":\"https:\/\/fcou.uvigo.es\/\",\"logo\":{\"@type\":\"ImageObject\",\"inLanguage\":\"es-ES\",\"@id\":\"https:\/\/fcou.uvigo.es\/#\/schema\/logo\/image\/\",\"url\":\"https:\/\/fcou.uvigo.es\/wp-content\/uploads\/2024\/04\/facultade-ciencias-ourense.png\",\"contentUrl\":\"https:\/\/fcou.uvigo.es\/wp-content\/uploads\/2024\/04\/facultade-ciencias-ourense.png\",\"width\":717,\"height\":165,\"caption\":\"Facultade de Ciencias da Universidade de Vigo\"},\"image\":{\"@id\":\"https:\/\/fcou.uvigo.es\/#\/schema\/logo\/image\/\"}}]}<\/script>","yoast_head_json":{"title":"Descripci\u00f3n del t\u00edtulo | Facultade de Ciencias","robots":{"index":"index","follow":"follow","max-snippet":"max-snippet:-1","max-image-preview":"max-image-preview:large","max-video-preview":"max-video-preview:-1"},"canonical":"https:\/\/www.fcou.uvigo.es\/es\/estudios\/grado-en-ingenieria-agraria\/descripcion-del-titulo\/","og_locale":"es_ES","og_type":"article","og_title":"Descripci\u00f3n del t\u00edtulo | Facultade de Ciencias","og_description":"Denominaci\u00f3n del t\u00edtulo Grado en Ingenier\u00eda Agraria C\u00f3digo RUCT 2502241 Rama de conocimiento Ciencias Centro donde se imparte Facultad de Ciencias Tipo de ense\u00f1anza Presencial &hellip; Contin\u00faa","og_url":"https:\/\/www.fcou.uvigo.es\/es\/estudios\/grado-en-ingenieria-agraria\/descripcion-del-titulo\/","og_site_name":"Facultade de Ciencias","article_modified_time":"2024-05-23T15:28:19+00:00","twitter_card":"summary_large_image","twitter_misc":{"Est. reading time":"1 minute"},"schema":{"@context":"https:\/\/schema.org","@graph":[{"@type":"WebPage","@id":"https:\/\/www.fcou.uvigo.es\/es\/estudios\/grado-en-ingenieria-agraria\/descripcion-del-titulo\/","url":"https:\/\/www.fcou.uvigo.es\/es\/estudios\/grado-en-ingenieria-agraria\/descripcion-del-titulo\/","name":"Descripci\u00f3n del t\u00edtulo | Facultade de Ciencias","isPartOf":{"@id":"https:\/\/fcou.uvigo.es\/#website"},"datePublished":"2019-05-04T15:47:45+00:00","dateModified":"2024-05-23T15:28:19+00:00","breadcrumb":{"@id":"https:\/\/www.fcou.uvigo.es\/es\/estudios\/grado-en-ingenieria-agraria\/descripcion-del-titulo\/#breadcrumb"},"inLanguage":"es-ES","potentialAction":[{"@type":"ReadAction","target":["https:\/\/www.fcou.uvigo.es\/es\/estudios\/grado-en-ingenieria-agraria\/descripcion-del-titulo\/"]}]},{"@type":"BreadcrumbList","@id":"https:\/\/www.fcou.uvigo.es\/es\/estudios\/grado-en-ingenieria-agraria\/descripcion-del-titulo\/#breadcrumb","itemListElement":[{"@type":"ListItem","position":1,"name":"Estudios","item":"https:\/\/fcou.uvigo.es\/es\/estudios\/"},{"@type":"ListItem","position":2,"name":"Grado en Ingenier\u00eda Agraria","item":"https:\/\/fcou.uvigo.es\/es\/estudios\/grado-en-ingenieria-agraria\/"},{"@type":"ListItem","position":3,"name":"Descripci\u00f3n del t\u00edtulo"}]},{"@type":"WebSite","@id":"https:\/\/fcou.uvigo.es\/#website","url":"https:\/\/fcou.uvigo.es\/","name":"Facultade de Ciencias da Universidade de Vigo","description":"Sitio web da Facultade de Ciencias","publisher":{"@id":"https:\/\/fcou.uvigo.es\/#organization"},"potentialAction":[{"@type":"SearchAction","target":{"@type":"EntryPoint","urlTemplate":"https:\/\/fcou.uvigo.es\/?s={search_term_string}"},"query-input":{"@type":"PropertyValueSpecification","valueRequired":true,"valueName":"search_term_string"}}],"inLanguage":"es-ES"},{"@type":"Organization","@id":"https:\/\/fcou.uvigo.es\/#organization","name":"Facultade de Ciencias da Universidade de Vigo","url":"https:\/\/fcou.uvigo.es\/","logo":{"@type":"ImageObject","inLanguage":"es-ES","@id":"https:\/\/fcou.uvigo.es\/#\/schema\/logo\/image\/","url":"https:\/\/fcou.uvigo.es\/wp-content\/uploads\/2024\/04\/facultade-ciencias-ourense.png","contentUrl":"https:\/\/fcou.uvigo.es\/wp-content\/uploads\/2024\/04\/facultade-ciencias-ourense.png","width":717,"height":165,"caption":"Facultade de Ciencias da Universidade de Vigo"},"image":{"@id":"https:\/\/fcou.uvigo.es\/#\/schema\/logo\/image\/"}}]}},"_links":{"self":[{"href":"https:\/\/fcou.uvigo.es\/es\/wp-json\/wp\/v2\/pages\/15500"}],"collection":[{"href":"https:\/\/fcou.uvigo.es\/es\/wp-json\/wp\/v2\/pages"}],"about":[{"href":"https:\/\/fcou.uvigo.es\/es\/wp-json\/wp\/v2\/types\/page"}],"author":[{"embeddable":true,"href":"https:\/\/fcou.uvigo.es\/es\/wp-json\/wp\/v2\/users\/8"}],"replies":[{"embeddable":true,"href":"https:\/\/fcou.uvigo.es\/es\/wp-json\/wp\/v2\/comments?post=15500"}],"version-history":[{"count":7,"href":"https:\/\/fcou.uvigo.es\/es\/wp-json\/wp\/v2\/pages\/15500\/revisions"}],"predecessor-version":[{"id":267811,"href":"https:\/\/fcou.uvigo.es\/es\/wp-json\/wp\/v2\/pages\/15500\/revisions\/267811"}],"up":[{"embeddable":true,"href":"https:\/\/fcou.uvigo.es\/es\/wp-json\/wp\/v2\/pages\/15496"}],"wp:attachment":[{"href":"https:\/\/fcou.uvigo.es\/es\/wp-json\/wp\/v2\/media?parent=15500"}],"curies":[{"name":"wp","href":"https:\/\/api.w.org\/{rel}","templated":true}]}}