{"id":15529,"date":"2019-08-04T18:51:59","date_gmt":"2019-08-04T16:51:59","guid":{"rendered":"http:\/\/fcou.uvigo.es\/estudantes\/novo-estudantado\/"},"modified":"2019-10-10T17:32:07","modified_gmt":"2019-10-10T15:32:07","slug":"nuevo-estudiantado","status":"publish","type":"page","link":"https:\/\/fcou.uvigo.es\/es\/estudiantes\/nuevo-estudiantado\/","title":{"rendered":"Jornadas de puertas abiertas"},"content":{"rendered":"<h3>Jornada de puertas abiertas en el centro<\/h3>\n<p><img decoding=\"async\" src=\"\/images\/alumnado\/xpa_2018.jpg\" alt=\"Jornada de puertas abiertas 2018\" \/><\/p>\n<p>El laboratorio de Tecnolog\u00eda de los Alimentos organiza una jornada de puertas abiertas para el estudiantado de bachillerato con el objetivo de informarles de las posibles rutas curriculares con los estudios del centro, sus salidas laborares y de investigaci\u00f3n.<\/p>\n<p>&nbsp;<\/p>\n<h3>Jornadas de puertas abiertas en el D\u00eda Mundial del Agua<\/h3>\n<p><img decoding=\"async\" src=\"\/images\/alumnado\/xpa_auga_2018.jpg\" alt=\"D\u00eda Mundial del Agua 2018\" \/><\/p>\n<p>Los escolares de la provincia de Ourense se acercan al campus de Ourense con motivo de la celebraci\u00f3n del D\u00eda Mundial del Agua, una conmemoraci\u00f3n que desde la puesta en marcha del proceso de especializaci\u00f3n del campus de Ourense como Campus da Auga se ha convertido en una cita ineludible para la instituci\u00f3n acad\u00e9mica. Durante una ma\u00f1ana, los estudiantes preuniversitarios pueden por un lado conocer las instalaciones universitarias, su oferta acad\u00e9mica y el trabajo de sus grupos de investigaci\u00f3n y por otro concienciarse sobre la importancia del agua dulce y de la sostenibilidad de su gesti\u00f3n.<\/p>\n","protected":false},"excerpt":{"rendered":"<p>Jornada de puertas abiertas en el centro El laboratorio de Tecnolog\u00eda de los Alimentos organiza una jornada de puertas abiertas para el estudiantado de bachillerato &hellip; <a class=\"excerpt_more\" href=\"https:\/\/fcou.uvigo.es\/es\/estudiantes\/nuevo-estudiantado\/\">Contin\u00faa<\/a><\/p>\n","protected":false},"author":8,"featured_media":0,"parent":2217,"menu_order":0,"comment_status":"closed","ping_status":"closed","template":"","meta":{"_acf_changed":false,"footnotes":""},"acf":[],"yoast_head":"<title>Jornadas de puertas abiertas | Facultade de Ciencias<\/title>\n<meta name=\"robots\" content=\"index, follow, max-snippet:-1, max-image-preview:large, max-video-preview:-1\" \/>\n<link rel=\"canonical\" href=\"https:\/\/cytaa.uvigo.es\/es\/estudiantes\/nuevo-estudiantado\/\" \/>\n<meta property=\"og:locale\" content=\"es_ES\" \/>\n<meta property=\"og:type\" content=\"article\" \/>\n<meta property=\"og:title\" content=\"Jornadas de puertas abiertas | Facultade de Ciencias\" \/>\n<meta property=\"og:description\" content=\"Jornada de puertas abiertas en el centro El laboratorio de Tecnolog\u00eda de los Alimentos organiza una jornada de puertas abiertas para el estudiantado de bachillerato &hellip; Contin\u00faa\" \/>\n<meta property=\"og:url\" content=\"https:\/\/cytaa.uvigo.es\/es\/estudiantes\/nuevo-estudiantado\/\" \/>\n<meta property=\"og:site_name\" content=\"Facultade de Ciencias\" \/>\n<meta property=\"article:modified_time\" content=\"2019-10-10T15:32:07+00:00\" \/>\n<meta name=\"twitter:card\" content=\"summary_large_image\" \/>\n<meta name=\"twitter:label1\" content=\"Est. reading time\" \/>\n\t<meta name=\"twitter:data1\" content=\"1 minute\" \/>\n<script type=\"application\/ld+json\" class=\"yoast-schema-graph\">{\"@context\":\"https:\/\/schema.org\",\"@graph\":[{\"@type\":\"WebPage\",\"@id\":\"https:\/\/cytaa.uvigo.es\/es\/estudiantes\/nuevo-estudiantado\/\",\"url\":\"https:\/\/cytaa.uvigo.es\/es\/estudiantes\/nuevo-estudiantado\/\",\"name\":\"Jornadas de puertas abiertas | Facultade de Ciencias\",\"isPartOf\":{\"@id\":\"https:\/\/fcou.uvigo.es\/#website\"},\"datePublished\":\"2019-08-04T16:51:59+00:00\",\"dateModified\":\"2019-10-10T15:32:07+00:00\",\"breadcrumb\":{\"@id\":\"https:\/\/cytaa.uvigo.es\/es\/estudiantes\/nuevo-estudiantado\/#breadcrumb\"},\"inLanguage\":\"es-ES\",\"potentialAction\":[{\"@type\":\"ReadAction\",\"target\":[\"https:\/\/cytaa.uvigo.es\/es\/estudiantes\/nuevo-estudiantado\/\"]}]},{\"@type\":\"BreadcrumbList\",\"@id\":\"https:\/\/cytaa.uvigo.es\/es\/estudiantes\/nuevo-estudiantado\/#breadcrumb\",\"itemListElement\":[{\"@type\":\"ListItem\",\"position\":1,\"name\":\"Estudiantes\",\"item\":\"https:\/\/www.fcou.uvigo.es\/es\/estudiantes\/\"},{\"@type\":\"ListItem\",\"position\":2,\"name\":\"Jornadas de puertas abiertas\"}]},{\"@type\":\"WebSite\",\"@id\":\"https:\/\/fcou.uvigo.es\/#website\",\"url\":\"https:\/\/fcou.uvigo.es\/\",\"name\":\"Facultade de Ciencias da Universidade de Vigo\",\"description\":\"Sitio web da Facultade de Ciencias\",\"publisher\":{\"@id\":\"https:\/\/fcou.uvigo.es\/#organization\"},\"potentialAction\":[{\"@type\":\"SearchAction\",\"target\":{\"@type\":\"EntryPoint\",\"urlTemplate\":\"https:\/\/fcou.uvigo.es\/?s={search_term_string}\"},\"query-input\":{\"@type\":\"PropertyValueSpecification\",\"valueRequired\":true,\"valueName\":\"search_term_string\"}}],\"inLanguage\":\"es-ES\"},{\"@type\":\"Organization\",\"@id\":\"https:\/\/fcou.uvigo.es\/#organization\",\"name\":\"Facultade de Ciencias da Universidade de Vigo\",\"url\":\"https:\/\/fcou.uvigo.es\/\",\"logo\":{\"@type\":\"ImageObject\",\"inLanguage\":\"es-ES\",\"@id\":\"https:\/\/fcou.uvigo.es\/#\/schema\/logo\/image\/\",\"url\":\"https:\/\/fcou.uvigo.es\/wp-content\/uploads\/2024\/04\/facultade-ciencias-ourense.png\",\"contentUrl\":\"https:\/\/fcou.uvigo.es\/wp-content\/uploads\/2024\/04\/facultade-ciencias-ourense.png\",\"width\":717,\"height\":165,\"caption\":\"Facultade de Ciencias da Universidade de Vigo\"},\"image\":{\"@id\":\"https:\/\/fcou.uvigo.es\/#\/schema\/logo\/image\/\"}}]}<\/script>","yoast_head_json":{"title":"Jornadas de puertas abiertas | Facultade de Ciencias","robots":{"index":"index","follow":"follow","max-snippet":"max-snippet:-1","max-image-preview":"max-image-preview:large","max-video-preview":"max-video-preview:-1"},"canonical":"https:\/\/cytaa.uvigo.es\/es\/estudiantes\/nuevo-estudiantado\/","og_locale":"es_ES","og_type":"article","og_title":"Jornadas de puertas abiertas | Facultade de Ciencias","og_description":"Jornada de puertas abiertas en el centro El laboratorio de Tecnolog\u00eda de los Alimentos organiza una jornada de puertas abiertas para el estudiantado de bachillerato &hellip; Contin\u00faa","og_url":"https:\/\/cytaa.uvigo.es\/es\/estudiantes\/nuevo-estudiantado\/","og_site_name":"Facultade de Ciencias","article_modified_time":"2019-10-10T15:32:07+00:00","twitter_card":"summary_large_image","twitter_misc":{"Est. reading time":"1 minute"},"schema":{"@context":"https:\/\/schema.org","@graph":[{"@type":"WebPage","@id":"https:\/\/cytaa.uvigo.es\/es\/estudiantes\/nuevo-estudiantado\/","url":"https:\/\/cytaa.uvigo.es\/es\/estudiantes\/nuevo-estudiantado\/","name":"Jornadas de puertas abiertas | Facultade de Ciencias","isPartOf":{"@id":"https:\/\/fcou.uvigo.es\/#website"},"datePublished":"2019-08-04T16:51:59+00:00","dateModified":"2019-10-10T15:32:07+00:00","breadcrumb":{"@id":"https:\/\/cytaa.uvigo.es\/es\/estudiantes\/nuevo-estudiantado\/#breadcrumb"},"inLanguage":"es-ES","potentialAction":[{"@type":"ReadAction","target":["https:\/\/cytaa.uvigo.es\/es\/estudiantes\/nuevo-estudiantado\/"]}]},{"@type":"BreadcrumbList","@id":"https:\/\/cytaa.uvigo.es\/es\/estudiantes\/nuevo-estudiantado\/#breadcrumb","itemListElement":[{"@type":"ListItem","position":1,"name":"Estudiantes","item":"https:\/\/www.fcou.uvigo.es\/es\/estudiantes\/"},{"@type":"ListItem","position":2,"name":"Jornadas de puertas abiertas"}]},{"@type":"WebSite","@id":"https:\/\/fcou.uvigo.es\/#website","url":"https:\/\/fcou.uvigo.es\/","name":"Facultade de Ciencias da Universidade de Vigo","description":"Sitio web da Facultade de Ciencias","publisher":{"@id":"https:\/\/fcou.uvigo.es\/#organization"},"potentialAction":[{"@type":"SearchAction","target":{"@type":"EntryPoint","urlTemplate":"https:\/\/fcou.uvigo.es\/?s={search_term_string}"},"query-input":{"@type":"PropertyValueSpecification","valueRequired":true,"valueName":"search_term_string"}}],"inLanguage":"es-ES"},{"@type":"Organization","@id":"https:\/\/fcou.uvigo.es\/#organization","name":"Facultade de Ciencias da Universidade de Vigo","url":"https:\/\/fcou.uvigo.es\/","logo":{"@type":"ImageObject","inLanguage":"es-ES","@id":"https:\/\/fcou.uvigo.es\/#\/schema\/logo\/image\/","url":"https:\/\/fcou.uvigo.es\/wp-content\/uploads\/2024\/04\/facultade-ciencias-ourense.png","contentUrl":"https:\/\/fcou.uvigo.es\/wp-content\/uploads\/2024\/04\/facultade-ciencias-ourense.png","width":717,"height":165,"caption":"Facultade de Ciencias da Universidade de Vigo"},"image":{"@id":"https:\/\/fcou.uvigo.es\/#\/schema\/logo\/image\/"}}]}},"_links":{"self":[{"href":"https:\/\/fcou.uvigo.es\/es\/wp-json\/wp\/v2\/pages\/15529"}],"collection":[{"href":"https:\/\/fcou.uvigo.es\/es\/wp-json\/wp\/v2\/pages"}],"about":[{"href":"https:\/\/fcou.uvigo.es\/es\/wp-json\/wp\/v2\/types\/page"}],"author":[{"embeddable":true,"href":"https:\/\/fcou.uvigo.es\/es\/wp-json\/wp\/v2\/users\/8"}],"replies":[{"embeddable":true,"href":"https:\/\/fcou.uvigo.es\/es\/wp-json\/wp\/v2\/comments?post=15529"}],"version-history":[{"count":6,"href":"https:\/\/fcou.uvigo.es\/es\/wp-json\/wp\/v2\/pages\/15529\/revisions"}],"predecessor-version":[{"id":16517,"href":"https:\/\/fcou.uvigo.es\/es\/wp-json\/wp\/v2\/pages\/15529\/revisions\/16517"}],"up":[{"embeddable":true,"href":"https:\/\/fcou.uvigo.es\/es\/wp-json\/wp\/v2\/pages\/2217"}],"wp:attachment":[{"href":"https:\/\/fcou.uvigo.es\/es\/wp-json\/wp\/v2\/media?parent=15529"}],"curies":[{"name":"wp","href":"https:\/\/api.w.org\/{rel}","templated":true}]}}