{"id":15560,"date":"2019-08-04T21:16:45","date_gmt":"2019-08-04T19:16:45","guid":{"rendered":"http:\/\/fcou.uvigo.es\/idi\/agrupacion-estratexica-citaca\/"},"modified":"2024-05-23T18:37:46","modified_gmt":"2024-05-23T16:37:46","slug":"instituto-de-agroecologia-y-alimentacion","status":"publish","type":"page","link":"https:\/\/fcou.uvigo.es\/es\/idi\/instituto-de-agroecologia-y-alimentacion\/","title":{"rendered":"Instituto de Agroecolog\u00eda y Alimentaci\u00f3n"},"content":{"rendered":"<p>El Instituto de Agroecolox\u00eda e Alimentaci\u00f3n de la Universidade de Vigo nace con la vocaci\u00f3n de convertirse en un centro de referencia en la promoci\u00f3n, a trav\u00e9s de la I+D+i, de la transici\u00f3n hacia sistemas agrolimentarios m\u00e1s resilientes, sostenibles, seguros y circulares.<\/p>\n<div class=\"video-container\">\n<div class=\"video-wrapper\"><iframe loading=\"lazy\" title=\"V\u00eddeo promocional do Instituto de Agroecolox\u00eda e Alimentaci\u00f3n\" width=\"500\" height=\"281\" src=\"https:\/\/www.youtube.com\/embed\/YHwPrGhUNLs?feature=oembed\" frameborder=\"0\" allow=\"accelerometer; autoplay; clipboard-write; encrypted-media; gyroscope; picture-in-picture; web-share\" referrerpolicy=\"strict-origin-when-cross-origin\" allowfullscreen><\/iframe><\/div>\n<\/div>\n<h2>Objetivos del IAA<\/h2>\n<p>Nuestros objetivos estrat\u00e9gicos son:<\/p>\n<ul>\n<li>Conseguir mayores cotas de excelencia cient\u00edfica a trav\u00e9s del desarrollo de una Agenda Cient\u00edfica alineada con las pol\u00edticas y prioridades de I+D+i europeas, nacionales y regionales<\/li>\n<li>Desarrollar, fijar y atraer talento<\/li>\n<li>Conseguir mayor impacto de la investigaci\u00f3n realizada en el marco gallego<\/li>\n<li>Posicionar y visibilizar al Instituto como un centro de referencia en el campo de la Agroecolog\u00eda y de la Alimentaci\u00f3n<\/li>\n<li>Creaci\u00f3n del Iberian Food Laboratory con el Instituto Polit\u00e9cnico de Bragan\u00e7a (IPB)<\/li>\n<\/ul>\n","protected":false},"excerpt":{"rendered":"<p>El Instituto de Agroecolox\u00eda e Alimentaci\u00f3n de la Universidade de Vigo nace con la vocaci\u00f3n de convertirse en un centro de referencia en la promoci\u00f3n, &hellip; <a class=\"excerpt_more\" href=\"https:\/\/fcou.uvigo.es\/es\/idi\/instituto-de-agroecologia-y-alimentacion\/\">Contin\u00faa<\/a><\/p>\n","protected":false},"author":8,"featured_media":0,"parent":15558,"menu_order":1,"comment_status":"closed","ping_status":"closed","template":"","meta":{"_acf_changed":false,"footnotes":""},"acf":[],"yoast_head":"<title>Instituto de Agroecolog\u00eda y Alimentaci\u00f3n | Facultade de Ciencias<\/title>\n<meta name=\"robots\" content=\"index, follow, max-snippet:-1, max-image-preview:large, max-video-preview:-1\" \/>\n<link rel=\"canonical\" href=\"https:\/\/fcou.uvigo.es\/es\/idi\/instituto-de-agroecologia-y-alimentacion\/\" \/>\n<meta property=\"og:locale\" content=\"es_ES\" \/>\n<meta property=\"og:type\" content=\"article\" \/>\n<meta property=\"og:title\" content=\"Instituto de Agroecolog\u00eda y Alimentaci\u00f3n | Facultade de Ciencias\" \/>\n<meta property=\"og:description\" content=\"El Instituto de Agroecolox\u00eda e Alimentaci\u00f3n de la Universidade de Vigo nace con la vocaci\u00f3n de convertirse en un centro de referencia en la promoci\u00f3n, &hellip; Contin\u00faa\" \/>\n<meta property=\"og:url\" content=\"https:\/\/fcou.uvigo.es\/es\/idi\/instituto-de-agroecologia-y-alimentacion\/\" \/>\n<meta property=\"og:site_name\" content=\"Facultade de Ciencias\" \/>\n<meta property=\"article:modified_time\" content=\"2024-05-23T16:37:46+00:00\" \/>\n<meta name=\"twitter:card\" content=\"summary_large_image\" \/>\n<meta name=\"twitter:label1\" content=\"Est. reading time\" \/>\n\t<meta name=\"twitter:data1\" content=\"1 minute\" \/>\n<script type=\"application\/ld+json\" class=\"yoast-schema-graph\">{\"@context\":\"https:\/\/schema.org\",\"@graph\":[{\"@type\":\"WebPage\",\"@id\":\"https:\/\/fcou.uvigo.es\/es\/idi\/instituto-de-agroecologia-y-alimentacion\/\",\"url\":\"https:\/\/fcou.uvigo.es\/es\/idi\/instituto-de-agroecologia-y-alimentacion\/\",\"name\":\"Instituto de Agroecolog\u00eda y Alimentaci\u00f3n | Facultade de Ciencias\",\"isPartOf\":{\"@id\":\"https:\/\/fcou.uvigo.es\/#website\"},\"datePublished\":\"2019-08-04T19:16:45+00:00\",\"dateModified\":\"2024-05-23T16:37:46+00:00\",\"breadcrumb\":{\"@id\":\"https:\/\/fcou.uvigo.es\/es\/idi\/instituto-de-agroecologia-y-alimentacion\/#breadcrumb\"},\"inLanguage\":\"es-ES\",\"potentialAction\":[{\"@type\":\"ReadAction\",\"target\":[\"https:\/\/fcou.uvigo.es\/es\/idi\/instituto-de-agroecologia-y-alimentacion\/\"]}]},{\"@type\":\"BreadcrumbList\",\"@id\":\"https:\/\/fcou.uvigo.es\/es\/idi\/instituto-de-agroecologia-y-alimentacion\/#breadcrumb\",\"itemListElement\":[{\"@type\":\"ListItem\",\"position\":1,\"name\":\"I+D+i\",\"item\":\"https:\/\/www.fcou.uvigo.es\/es\/idi\/\"},{\"@type\":\"ListItem\",\"position\":2,\"name\":\"Instituto de Agroecolog\u00eda y Alimentaci\u00f3n\"}]},{\"@type\":\"WebSite\",\"@id\":\"https:\/\/fcou.uvigo.es\/#website\",\"url\":\"https:\/\/fcou.uvigo.es\/\",\"name\":\"Facultade de Ciencias da Universidade de Vigo\",\"description\":\"Sitio web da Facultade de Ciencias\",\"publisher\":{\"@id\":\"https:\/\/fcou.uvigo.es\/#organization\"},\"potentialAction\":[{\"@type\":\"SearchAction\",\"target\":{\"@type\":\"EntryPoint\",\"urlTemplate\":\"https:\/\/fcou.uvigo.es\/?s={search_term_string}\"},\"query-input\":{\"@type\":\"PropertyValueSpecification\",\"valueRequired\":true,\"valueName\":\"search_term_string\"}}],\"inLanguage\":\"es-ES\"},{\"@type\":\"Organization\",\"@id\":\"https:\/\/fcou.uvigo.es\/#organization\",\"name\":\"Facultade de Ciencias da Universidade de Vigo\",\"url\":\"https:\/\/fcou.uvigo.es\/\",\"logo\":{\"@type\":\"ImageObject\",\"inLanguage\":\"es-ES\",\"@id\":\"https:\/\/fcou.uvigo.es\/#\/schema\/logo\/image\/\",\"url\":\"https:\/\/fcou.uvigo.es\/wp-content\/uploads\/2024\/04\/facultade-ciencias-ourense.png\",\"contentUrl\":\"https:\/\/fcou.uvigo.es\/wp-content\/uploads\/2024\/04\/facultade-ciencias-ourense.png\",\"width\":717,\"height\":165,\"caption\":\"Facultade de Ciencias da Universidade de Vigo\"},\"image\":{\"@id\":\"https:\/\/fcou.uvigo.es\/#\/schema\/logo\/image\/\"}}]}<\/script>","yoast_head_json":{"title":"Instituto de Agroecolog\u00eda y Alimentaci\u00f3n | Facultade de Ciencias","robots":{"index":"index","follow":"follow","max-snippet":"max-snippet:-1","max-image-preview":"max-image-preview:large","max-video-preview":"max-video-preview:-1"},"canonical":"https:\/\/fcou.uvigo.es\/es\/idi\/instituto-de-agroecologia-y-alimentacion\/","og_locale":"es_ES","og_type":"article","og_title":"Instituto de Agroecolog\u00eda y Alimentaci\u00f3n | Facultade de Ciencias","og_description":"El Instituto de Agroecolox\u00eda e Alimentaci\u00f3n de la Universidade de Vigo nace con la vocaci\u00f3n de convertirse en un centro de referencia en la promoci\u00f3n, &hellip; Contin\u00faa","og_url":"https:\/\/fcou.uvigo.es\/es\/idi\/instituto-de-agroecologia-y-alimentacion\/","og_site_name":"Facultade de Ciencias","article_modified_time":"2024-05-23T16:37:46+00:00","twitter_card":"summary_large_image","twitter_misc":{"Est. reading time":"1 minute"},"schema":{"@context":"https:\/\/schema.org","@graph":[{"@type":"WebPage","@id":"https:\/\/fcou.uvigo.es\/es\/idi\/instituto-de-agroecologia-y-alimentacion\/","url":"https:\/\/fcou.uvigo.es\/es\/idi\/instituto-de-agroecologia-y-alimentacion\/","name":"Instituto de Agroecolog\u00eda y Alimentaci\u00f3n | Facultade de Ciencias","isPartOf":{"@id":"https:\/\/fcou.uvigo.es\/#website"},"datePublished":"2019-08-04T19:16:45+00:00","dateModified":"2024-05-23T16:37:46+00:00","breadcrumb":{"@id":"https:\/\/fcou.uvigo.es\/es\/idi\/instituto-de-agroecologia-y-alimentacion\/#breadcrumb"},"inLanguage":"es-ES","potentialAction":[{"@type":"ReadAction","target":["https:\/\/fcou.uvigo.es\/es\/idi\/instituto-de-agroecologia-y-alimentacion\/"]}]},{"@type":"BreadcrumbList","@id":"https:\/\/fcou.uvigo.es\/es\/idi\/instituto-de-agroecologia-y-alimentacion\/#breadcrumb","itemListElement":[{"@type":"ListItem","position":1,"name":"I+D+i","item":"https:\/\/www.fcou.uvigo.es\/es\/idi\/"},{"@type":"ListItem","position":2,"name":"Instituto de Agroecolog\u00eda y Alimentaci\u00f3n"}]},{"@type":"WebSite","@id":"https:\/\/fcou.uvigo.es\/#website","url":"https:\/\/fcou.uvigo.es\/","name":"Facultade de Ciencias da Universidade de Vigo","description":"Sitio web da Facultade de Ciencias","publisher":{"@id":"https:\/\/fcou.uvigo.es\/#organization"},"potentialAction":[{"@type":"SearchAction","target":{"@type":"EntryPoint","urlTemplate":"https:\/\/fcou.uvigo.es\/?s={search_term_string}"},"query-input":{"@type":"PropertyValueSpecification","valueRequired":true,"valueName":"search_term_string"}}],"inLanguage":"es-ES"},{"@type":"Organization","@id":"https:\/\/fcou.uvigo.es\/#organization","name":"Facultade de Ciencias da Universidade de Vigo","url":"https:\/\/fcou.uvigo.es\/","logo":{"@type":"ImageObject","inLanguage":"es-ES","@id":"https:\/\/fcou.uvigo.es\/#\/schema\/logo\/image\/","url":"https:\/\/fcou.uvigo.es\/wp-content\/uploads\/2024\/04\/facultade-ciencias-ourense.png","contentUrl":"https:\/\/fcou.uvigo.es\/wp-content\/uploads\/2024\/04\/facultade-ciencias-ourense.png","width":717,"height":165,"caption":"Facultade de Ciencias da Universidade de Vigo"},"image":{"@id":"https:\/\/fcou.uvigo.es\/#\/schema\/logo\/image\/"}}]}},"_links":{"self":[{"href":"https:\/\/fcou.uvigo.es\/es\/wp-json\/wp\/v2\/pages\/15560"}],"collection":[{"href":"https:\/\/fcou.uvigo.es\/es\/wp-json\/wp\/v2\/pages"}],"about":[{"href":"https:\/\/fcou.uvigo.es\/es\/wp-json\/wp\/v2\/types\/page"}],"author":[{"embeddable":true,"href":"https:\/\/fcou.uvigo.es\/es\/wp-json\/wp\/v2\/users\/8"}],"replies":[{"embeddable":true,"href":"https:\/\/fcou.uvigo.es\/es\/wp-json\/wp\/v2\/comments?post=15560"}],"version-history":[{"count":14,"href":"https:\/\/fcou.uvigo.es\/es\/wp-json\/wp\/v2\/pages\/15560\/revisions"}],"predecessor-version":[{"id":267854,"href":"https:\/\/fcou.uvigo.es\/es\/wp-json\/wp\/v2\/pages\/15560\/revisions\/267854"}],"up":[{"embeddable":true,"href":"https:\/\/fcou.uvigo.es\/es\/wp-json\/wp\/v2\/pages\/15558"}],"wp:attachment":[{"href":"https:\/\/fcou.uvigo.es\/es\/wp-json\/wp\/v2\/media?parent=15560"}],"curies":[{"name":"wp","href":"https:\/\/api.w.org\/{rel}","templated":true}]}}