{"id":15564,"date":"2019-08-04T21:18:17","date_gmt":"2019-08-04T19:18:17","guid":{"rendered":"http:\/\/fcou.uvigo.es\/idi\/grupos-de-investigacion\/"},"modified":"2024-05-23T18:41:54","modified_gmt":"2024-05-23T16:41:54","slug":"grupos-de-investigacion","status":"publish","type":"page","link":"https:\/\/fcou.uvigo.es\/es\/idi\/grupos-de-investigacion\/","title":{"rendered":"Grupos de investigaci\u00f3n"},"content":{"rendered":"<p>Los grupos de investigaci\u00f3n con implicaci\u00f3n en el centro son:<\/p>\n<table style=\"margin-left: 0px;\" cellspacing=\"0\" cellpadding=\"0\">\n<thead>\n<tr>\n<th style=\"width: 20%;\">C\u00f3digo<\/th>\n<th style=\"width: 80%;\">Nombre del grupo de investigaci\u00f3n<\/th>\n<\/tr>\n<\/thead>\n<tbody>\n<tr>\n<td>AA1<\/td>\n<td><a href=\"https:\/\/portalcientifico.uvigo.gal\/grupos\/17783\/detalle?lang=es\" target=\"_blank\" rel=\"noopener\">Investigaciones Agrarias y Alimentarias <i class=\"fa fa-external-link\"><\/i><\/a><\/td>\n<\/tr>\n<tr>\n<td>BV1<\/td>\n<td><a href=\"https:\/\/portalcientifico.uvigo.gal\/grupos\/17672\/detalle\" target=\"_blank\" rel=\"noopener\">Planta, Suelo y Aprovechamiento de Subproductos <i class=\"fa fa-external-link\"><\/i><\/a><\/td>\n<\/tr>\n<tr>\n<td>EQ4<\/td>\n<td><a href=\"https:\/\/portalcientifico.uvigo.gal\/grupos\/17709\/detalle\" target=\"_blank\" rel=\"noopener\">Ingenier\u00eda Qu\u00edmica 4 <i class=\"fa fa-external-link\"><\/i><\/a><\/td>\n<\/tr>\n<tr>\n<td>FA4<\/td>\n<td><a href=\"https:\/\/portalcientifico.uvigo.gal\/grupos\/17685\/detalle\" target=\"_blank\" rel=\"noopener\">Laboratorio de Termof\u00edsica <i class=\"fa fa-external-link\"><\/i><\/a><\/td>\n<\/tr>\n<tr>\n<td>FA9<\/td>\n<td><a href=\"https:\/\/portalcientifico.uvigo.gal\/grupos\/17755\/detalle\" target=\"_blank\" rel=\"noopener\">EphysLab<i class=\"fa fa-external-link\"><\/i><\/a><\/td>\n<\/tr>\n<\/tbody>\n<\/table>\n","protected":false},"excerpt":{"rendered":"<p>Los grupos de investigaci\u00f3n con implicaci\u00f3n en el centro son: C\u00f3digo Nombre del grupo de investigaci\u00f3n AA1 Investigaciones Agrarias y Alimentarias BV1 Planta, Suelo y &hellip; <a class=\"excerpt_more\" href=\"https:\/\/fcou.uvigo.es\/es\/idi\/grupos-de-investigacion\/\">Contin\u00faa<\/a><\/p>\n","protected":false},"author":8,"featured_media":0,"parent":15558,"menu_order":2,"comment_status":"closed","ping_status":"closed","template":"","meta":{"_acf_changed":false,"footnotes":""},"acf":[],"yoast_head":"<title>Grupos de investigaci\u00f3n | Facultade de Ciencias<\/title>\n<meta name=\"robots\" content=\"index, follow, max-snippet:-1, max-image-preview:large, max-video-preview:-1\" \/>\n<link rel=\"canonical\" href=\"https:\/\/fcou.uvigo.es\/es\/idi\/grupos-de-investigacion\/\" \/>\n<meta property=\"og:locale\" content=\"es_ES\" \/>\n<meta property=\"og:type\" content=\"article\" \/>\n<meta property=\"og:title\" content=\"Grupos de investigaci\u00f3n | Facultade de Ciencias\" \/>\n<meta property=\"og:description\" content=\"Los grupos de investigaci\u00f3n con implicaci\u00f3n en el centro son: C\u00f3digo Nombre del grupo de investigaci\u00f3n AA1 Investigaciones Agrarias y Alimentarias BV1 Planta, Suelo y &hellip; Contin\u00faa\" \/>\n<meta property=\"og:url\" content=\"https:\/\/fcou.uvigo.es\/es\/idi\/grupos-de-investigacion\/\" \/>\n<meta property=\"og:site_name\" content=\"Facultade de Ciencias\" \/>\n<meta property=\"article:modified_time\" content=\"2024-05-23T16:41:54+00:00\" \/>\n<meta name=\"twitter:card\" content=\"summary_large_image\" \/>\n<meta name=\"twitter:label1\" content=\"Est. reading time\" \/>\n\t<meta name=\"twitter:data1\" content=\"1 minute\" \/>\n<script type=\"application\/ld+json\" class=\"yoast-schema-graph\">{\"@context\":\"https:\/\/schema.org\",\"@graph\":[{\"@type\":\"WebPage\",\"@id\":\"https:\/\/fcou.uvigo.es\/es\/idi\/grupos-de-investigacion\/\",\"url\":\"https:\/\/fcou.uvigo.es\/es\/idi\/grupos-de-investigacion\/\",\"name\":\"Grupos de investigaci\u00f3n | Facultade de Ciencias\",\"isPartOf\":{\"@id\":\"https:\/\/fcou.uvigo.es\/#website\"},\"datePublished\":\"2019-08-04T19:18:17+00:00\",\"dateModified\":\"2024-05-23T16:41:54+00:00\",\"breadcrumb\":{\"@id\":\"https:\/\/fcou.uvigo.es\/es\/idi\/grupos-de-investigacion\/#breadcrumb\"},\"inLanguage\":\"es-ES\",\"potentialAction\":[{\"@type\":\"ReadAction\",\"target\":[\"https:\/\/fcou.uvigo.es\/es\/idi\/grupos-de-investigacion\/\"]}]},{\"@type\":\"BreadcrumbList\",\"@id\":\"https:\/\/fcou.uvigo.es\/es\/idi\/grupos-de-investigacion\/#breadcrumb\",\"itemListElement\":[{\"@type\":\"ListItem\",\"position\":1,\"name\":\"I+D+i\",\"item\":\"https:\/\/www.fcou.uvigo.es\/es\/idi\/\"},{\"@type\":\"ListItem\",\"position\":2,\"name\":\"Grupos de investigaci\u00f3n\"}]},{\"@type\":\"WebSite\",\"@id\":\"https:\/\/fcou.uvigo.es\/#website\",\"url\":\"https:\/\/fcou.uvigo.es\/\",\"name\":\"Facultade de Ciencias da Universidade de Vigo\",\"description\":\"Sitio web da Facultade de Ciencias\",\"publisher\":{\"@id\":\"https:\/\/fcou.uvigo.es\/#organization\"},\"potentialAction\":[{\"@type\":\"SearchAction\",\"target\":{\"@type\":\"EntryPoint\",\"urlTemplate\":\"https:\/\/fcou.uvigo.es\/?s={search_term_string}\"},\"query-input\":{\"@type\":\"PropertyValueSpecification\",\"valueRequired\":true,\"valueName\":\"search_term_string\"}}],\"inLanguage\":\"es-ES\"},{\"@type\":\"Organization\",\"@id\":\"https:\/\/fcou.uvigo.es\/#organization\",\"name\":\"Facultade de Ciencias da Universidade de Vigo\",\"url\":\"https:\/\/fcou.uvigo.es\/\",\"logo\":{\"@type\":\"ImageObject\",\"inLanguage\":\"es-ES\",\"@id\":\"https:\/\/fcou.uvigo.es\/#\/schema\/logo\/image\/\",\"url\":\"https:\/\/fcou.uvigo.es\/wp-content\/uploads\/2024\/04\/facultade-ciencias-ourense.png\",\"contentUrl\":\"https:\/\/fcou.uvigo.es\/wp-content\/uploads\/2024\/04\/facultade-ciencias-ourense.png\",\"width\":717,\"height\":165,\"caption\":\"Facultade de Ciencias da Universidade de Vigo\"},\"image\":{\"@id\":\"https:\/\/fcou.uvigo.es\/#\/schema\/logo\/image\/\"}}]}<\/script>","yoast_head_json":{"title":"Grupos de investigaci\u00f3n | Facultade de Ciencias","robots":{"index":"index","follow":"follow","max-snippet":"max-snippet:-1","max-image-preview":"max-image-preview:large","max-video-preview":"max-video-preview:-1"},"canonical":"https:\/\/fcou.uvigo.es\/es\/idi\/grupos-de-investigacion\/","og_locale":"es_ES","og_type":"article","og_title":"Grupos de investigaci\u00f3n | Facultade de Ciencias","og_description":"Los grupos de investigaci\u00f3n con implicaci\u00f3n en el centro son: C\u00f3digo Nombre del grupo de investigaci\u00f3n AA1 Investigaciones Agrarias y Alimentarias BV1 Planta, Suelo y &hellip; Contin\u00faa","og_url":"https:\/\/fcou.uvigo.es\/es\/idi\/grupos-de-investigacion\/","og_site_name":"Facultade de Ciencias","article_modified_time":"2024-05-23T16:41:54+00:00","twitter_card":"summary_large_image","twitter_misc":{"Est. reading time":"1 minute"},"schema":{"@context":"https:\/\/schema.org","@graph":[{"@type":"WebPage","@id":"https:\/\/fcou.uvigo.es\/es\/idi\/grupos-de-investigacion\/","url":"https:\/\/fcou.uvigo.es\/es\/idi\/grupos-de-investigacion\/","name":"Grupos de investigaci\u00f3n | Facultade de Ciencias","isPartOf":{"@id":"https:\/\/fcou.uvigo.es\/#website"},"datePublished":"2019-08-04T19:18:17+00:00","dateModified":"2024-05-23T16:41:54+00:00","breadcrumb":{"@id":"https:\/\/fcou.uvigo.es\/es\/idi\/grupos-de-investigacion\/#breadcrumb"},"inLanguage":"es-ES","potentialAction":[{"@type":"ReadAction","target":["https:\/\/fcou.uvigo.es\/es\/idi\/grupos-de-investigacion\/"]}]},{"@type":"BreadcrumbList","@id":"https:\/\/fcou.uvigo.es\/es\/idi\/grupos-de-investigacion\/#breadcrumb","itemListElement":[{"@type":"ListItem","position":1,"name":"I+D+i","item":"https:\/\/www.fcou.uvigo.es\/es\/idi\/"},{"@type":"ListItem","position":2,"name":"Grupos de investigaci\u00f3n"}]},{"@type":"WebSite","@id":"https:\/\/fcou.uvigo.es\/#website","url":"https:\/\/fcou.uvigo.es\/","name":"Facultade de Ciencias da Universidade de Vigo","description":"Sitio web da Facultade de Ciencias","publisher":{"@id":"https:\/\/fcou.uvigo.es\/#organization"},"potentialAction":[{"@type":"SearchAction","target":{"@type":"EntryPoint","urlTemplate":"https:\/\/fcou.uvigo.es\/?s={search_term_string}"},"query-input":{"@type":"PropertyValueSpecification","valueRequired":true,"valueName":"search_term_string"}}],"inLanguage":"es-ES"},{"@type":"Organization","@id":"https:\/\/fcou.uvigo.es\/#organization","name":"Facultade de Ciencias da Universidade de Vigo","url":"https:\/\/fcou.uvigo.es\/","logo":{"@type":"ImageObject","inLanguage":"es-ES","@id":"https:\/\/fcou.uvigo.es\/#\/schema\/logo\/image\/","url":"https:\/\/fcou.uvigo.es\/wp-content\/uploads\/2024\/04\/facultade-ciencias-ourense.png","contentUrl":"https:\/\/fcou.uvigo.es\/wp-content\/uploads\/2024\/04\/facultade-ciencias-ourense.png","width":717,"height":165,"caption":"Facultade de Ciencias da Universidade de Vigo"},"image":{"@id":"https:\/\/fcou.uvigo.es\/#\/schema\/logo\/image\/"}}]}},"_links":{"self":[{"href":"https:\/\/fcou.uvigo.es\/es\/wp-json\/wp\/v2\/pages\/15564"}],"collection":[{"href":"https:\/\/fcou.uvigo.es\/es\/wp-json\/wp\/v2\/pages"}],"about":[{"href":"https:\/\/fcou.uvigo.es\/es\/wp-json\/wp\/v2\/types\/page"}],"author":[{"embeddable":true,"href":"https:\/\/fcou.uvigo.es\/es\/wp-json\/wp\/v2\/users\/8"}],"replies":[{"embeddable":true,"href":"https:\/\/fcou.uvigo.es\/es\/wp-json\/wp\/v2\/comments?post=15564"}],"version-history":[{"count":10,"href":"https:\/\/fcou.uvigo.es\/es\/wp-json\/wp\/v2\/pages\/15564\/revisions"}],"predecessor-version":[{"id":267857,"href":"https:\/\/fcou.uvigo.es\/es\/wp-json\/wp\/v2\/pages\/15564\/revisions\/267857"}],"up":[{"embeddable":true,"href":"https:\/\/fcou.uvigo.es\/es\/wp-json\/wp\/v2\/pages\/15558"}],"wp:attachment":[{"href":"https:\/\/fcou.uvigo.es\/es\/wp-json\/wp\/v2\/media?parent=15564"}],"curies":[{"name":"wp","href":"https:\/\/api.w.org\/{rel}","templated":true}]}}