{"id":15571,"date":"2019-08-04T21:25:18","date_gmt":"2019-08-04T19:25:18","guid":{"rendered":"http:\/\/fcou.uvigo.es\/idi\/congresos-e-seminarios\/"},"modified":"2024-05-24T16:24:39","modified_gmt":"2024-05-24T14:24:39","slug":"congresos-e-seminarios","status":"publish","type":"page","link":"https:\/\/fcou.uvigo.es\/es\/idi\/congresos-e-seminarios\/","title":{"rendered":"Congresos e seminarios"},"content":{"rendered":"<h3><strong>2024<\/strong><\/h3>\n<p>Jornadas &#8220;<a href=\"https:\/\/iberiansph2024.uvigo.es\/\" target=\"_blank\" rel=\"noopener\">3rd Iberian Congress Advances on SPH<\/a>&#8221;<br \/>\n<small>23\/01\/2024 | <a href=\"https:\/\/iberiansph2024.uvigo.es\/#programme\" target=\"_blank\" rel=\"noopener\">Programa<\/a> | Sal\u00f3n de Grados de la FCOu<\/small><\/p>\n<p>Congreso &#8220;I Congreso de Ecolox\u00eda&#8221;<br \/>\n<small>12\/01\/2024 | Programa | Entrada de la FCOu<\/small><\/p>\n<p>&nbsp;<\/p>\n<h3><strong>2023<\/strong><\/h3>\n<p>Jornadas &#8220;I Xornadas Filosof\u00eda+Ciencia&#8221;<br \/>\n<small>15\/12\/2023 | Programa | Sal\u00f3n de Actos Marie Curie de la FCOu<\/small><\/p>\n<p>Congreso &#8220;Valorizaci\u00f3n de subprodutos da industria agroalimentaria mediante procesos innovadores: o reto dun futuro sostible&#8221;<br \/>\n<small>02\/03\/2023 | <a href=\"https:\/\/www.uvigo.gal\/sites\/uvigo.gal\/files\/contents\/events\/2023-02\/biotecnia.jpg\" target=\"_blank\" rel=\"noopener\">Programa<\/a> | Sal\u00f3n de Grados de la FCOu<\/small><\/p>\n<p>&nbsp;<\/p>\n<h3><strong>2019<\/strong><\/h3>\n<p>Congreso &#8220;I Congreso Ib\u00e9rico de Compostos Fen\u00f3licos&#8221;<br \/>\n<small>02\/03\/2023 | Programa | Sal\u00f3n de Grados de la FCOu<\/small><\/p>\n<p>&nbsp;<\/p>\n<h3><strong>2018<\/strong><\/h3>\n<p>Conferencia &#8220;Experiencias profesionais dos titulados na Facultade de Ciencias&#8221;<br \/>\n<small>11\/04\/2018 | Programa | Sal\u00f3n de Grados de la FCOu<\/small><\/p>\n<p>Conferencia &#8216;A linguaxe das nubes&#8217;<br \/>\n<small>22\/02\/2018 | Programa | Sal\u00f3n de Grados de la FCOu<\/small><\/p>\n<p>Jornadas &#8220;I Xornada de Divulgaci\u00f3n en Ciencia, Tecnolox\u00eda, Enxe\u00f1ar\u00eda e Matem\u00e1ticas&#8221;<br \/>\n<small>16\/02\/2018 | Programa | Entrada del edificio y Sal\u00f3n de Actos de la FCOu<\/small><\/p>\n<p>&nbsp;<\/p>\n<h3><strong>2017<\/strong><\/h3>\n<p>Jornadas &#8220;Xornada de concienciaci\u00f3n sobre o uso dos antibi\u00f3ticos&#8221;<br \/>\n<small>30\/11\/2017 | Programa | Sal\u00f3n de Actos de la FCOu<\/small><\/p>\n<p>Jornadas &#8220;Xornadas de Seguridade Alimentaria 2017&#8221;<br \/>\n<small>22\/11\/2017 | Programa | Sal\u00f3n de Grados de la FCOu<\/small><\/p>\n","protected":false},"excerpt":{"rendered":"<p>2024 Jornadas &#8220;3rd Iberian Congress Advances on SPH&#8221; 23\/01\/2024 | Programa | Sal\u00f3n de Grados de la FCOu Congreso &#8220;I Congreso de Ecolox\u00eda&#8221; 12\/01\/2024 | &hellip; <a class=\"excerpt_more\" href=\"https:\/\/fcou.uvigo.es\/es\/idi\/congresos-e-seminarios\/\">Contin\u00faa<\/a><\/p>\n","protected":false},"author":8,"featured_media":0,"parent":15558,"menu_order":4,"comment_status":"closed","ping_status":"closed","template":"","meta":{"_acf_changed":false,"footnotes":""},"acf":[],"yoast_head":"<title>Congresos e seminarios | Facultade de Ciencias<\/title>\n<meta name=\"robots\" content=\"index, follow, max-snippet:-1, max-image-preview:large, max-video-preview:-1\" \/>\n<link rel=\"canonical\" href=\"https:\/\/www.fcou.uvigo.es\/es\/idi\/congresos-e-seminarios\/\" \/>\n<meta property=\"og:locale\" content=\"es_ES\" \/>\n<meta property=\"og:type\" content=\"article\" \/>\n<meta property=\"og:title\" content=\"Congresos e seminarios | Facultade de Ciencias\" \/>\n<meta property=\"og:description\" content=\"2024 Jornadas &#8220;3rd Iberian Congress Advances on SPH&#8221; 23\/01\/2024 | Programa | Sal\u00f3n de Grados de la FCOu Congreso &#8220;I Congreso de Ecolox\u00eda&#8221; 12\/01\/2024 | &hellip; Contin\u00faa\" \/>\n<meta property=\"og:url\" content=\"https:\/\/www.fcou.uvigo.es\/es\/idi\/congresos-e-seminarios\/\" \/>\n<meta property=\"og:site_name\" content=\"Facultade de Ciencias\" \/>\n<meta property=\"article:modified_time\" content=\"2024-05-24T14:24:39+00:00\" \/>\n<meta name=\"twitter:card\" content=\"summary_large_image\" \/>\n<meta name=\"twitter:label1\" content=\"Est. reading time\" \/>\n\t<meta name=\"twitter:data1\" content=\"2 minutes\" \/>\n<script type=\"application\/ld+json\" class=\"yoast-schema-graph\">{\"@context\":\"https:\/\/schema.org\",\"@graph\":[{\"@type\":\"WebPage\",\"@id\":\"https:\/\/www.fcou.uvigo.es\/es\/idi\/congresos-e-seminarios\/\",\"url\":\"https:\/\/www.fcou.uvigo.es\/es\/idi\/congresos-e-seminarios\/\",\"name\":\"Congresos e seminarios | Facultade de Ciencias\",\"isPartOf\":{\"@id\":\"https:\/\/fcou.uvigo.es\/#website\"},\"datePublished\":\"2019-08-04T19:25:18+00:00\",\"dateModified\":\"2024-05-24T14:24:39+00:00\",\"breadcrumb\":{\"@id\":\"https:\/\/www.fcou.uvigo.es\/es\/idi\/congresos-e-seminarios\/#breadcrumb\"},\"inLanguage\":\"es-ES\",\"potentialAction\":[{\"@type\":\"ReadAction\",\"target\":[\"https:\/\/www.fcou.uvigo.es\/es\/idi\/congresos-e-seminarios\/\"]}]},{\"@type\":\"BreadcrumbList\",\"@id\":\"https:\/\/www.fcou.uvigo.es\/es\/idi\/congresos-e-seminarios\/#breadcrumb\",\"itemListElement\":[{\"@type\":\"ListItem\",\"position\":1,\"name\":\"I+D+i\",\"item\":\"https:\/\/www.fcou.uvigo.es\/es\/idi\/\"},{\"@type\":\"ListItem\",\"position\":2,\"name\":\"Congresos e seminarios\"}]},{\"@type\":\"WebSite\",\"@id\":\"https:\/\/fcou.uvigo.es\/#website\",\"url\":\"https:\/\/fcou.uvigo.es\/\",\"name\":\"Facultade de Ciencias da Universidade de Vigo\",\"description\":\"Sitio web da Facultade de Ciencias\",\"publisher\":{\"@id\":\"https:\/\/fcou.uvigo.es\/#organization\"},\"potentialAction\":[{\"@type\":\"SearchAction\",\"target\":{\"@type\":\"EntryPoint\",\"urlTemplate\":\"https:\/\/fcou.uvigo.es\/?s={search_term_string}\"},\"query-input\":{\"@type\":\"PropertyValueSpecification\",\"valueRequired\":true,\"valueName\":\"search_term_string\"}}],\"inLanguage\":\"es-ES\"},{\"@type\":\"Organization\",\"@id\":\"https:\/\/fcou.uvigo.es\/#organization\",\"name\":\"Facultade de Ciencias da Universidade de Vigo\",\"url\":\"https:\/\/fcou.uvigo.es\/\",\"logo\":{\"@type\":\"ImageObject\",\"inLanguage\":\"es-ES\",\"@id\":\"https:\/\/fcou.uvigo.es\/#\/schema\/logo\/image\/\",\"url\":\"https:\/\/fcou.uvigo.es\/wp-content\/uploads\/2024\/04\/facultade-ciencias-ourense.png\",\"contentUrl\":\"https:\/\/fcou.uvigo.es\/wp-content\/uploads\/2024\/04\/facultade-ciencias-ourense.png\",\"width\":717,\"height\":165,\"caption\":\"Facultade de Ciencias da Universidade de Vigo\"},\"image\":{\"@id\":\"https:\/\/fcou.uvigo.es\/#\/schema\/logo\/image\/\"}}]}<\/script>","yoast_head_json":{"title":"Congresos e seminarios | Facultade de Ciencias","robots":{"index":"index","follow":"follow","max-snippet":"max-snippet:-1","max-image-preview":"max-image-preview:large","max-video-preview":"max-video-preview:-1"},"canonical":"https:\/\/www.fcou.uvigo.es\/es\/idi\/congresos-e-seminarios\/","og_locale":"es_ES","og_type":"article","og_title":"Congresos e seminarios | Facultade de Ciencias","og_description":"2024 Jornadas &#8220;3rd Iberian Congress Advances on SPH&#8221; 23\/01\/2024 | Programa | Sal\u00f3n de Grados de la FCOu Congreso &#8220;I Congreso de Ecolox\u00eda&#8221; 12\/01\/2024 | &hellip; Contin\u00faa","og_url":"https:\/\/www.fcou.uvigo.es\/es\/idi\/congresos-e-seminarios\/","og_site_name":"Facultade de Ciencias","article_modified_time":"2024-05-24T14:24:39+00:00","twitter_card":"summary_large_image","twitter_misc":{"Est. reading time":"2 minutes"},"schema":{"@context":"https:\/\/schema.org","@graph":[{"@type":"WebPage","@id":"https:\/\/www.fcou.uvigo.es\/es\/idi\/congresos-e-seminarios\/","url":"https:\/\/www.fcou.uvigo.es\/es\/idi\/congresos-e-seminarios\/","name":"Congresos e seminarios | Facultade de Ciencias","isPartOf":{"@id":"https:\/\/fcou.uvigo.es\/#website"},"datePublished":"2019-08-04T19:25:18+00:00","dateModified":"2024-05-24T14:24:39+00:00","breadcrumb":{"@id":"https:\/\/www.fcou.uvigo.es\/es\/idi\/congresos-e-seminarios\/#breadcrumb"},"inLanguage":"es-ES","potentialAction":[{"@type":"ReadAction","target":["https:\/\/www.fcou.uvigo.es\/es\/idi\/congresos-e-seminarios\/"]}]},{"@type":"BreadcrumbList","@id":"https:\/\/www.fcou.uvigo.es\/es\/idi\/congresos-e-seminarios\/#breadcrumb","itemListElement":[{"@type":"ListItem","position":1,"name":"I+D+i","item":"https:\/\/www.fcou.uvigo.es\/es\/idi\/"},{"@type":"ListItem","position":2,"name":"Congresos e seminarios"}]},{"@type":"WebSite","@id":"https:\/\/fcou.uvigo.es\/#website","url":"https:\/\/fcou.uvigo.es\/","name":"Facultade de Ciencias da Universidade de Vigo","description":"Sitio web da Facultade de Ciencias","publisher":{"@id":"https:\/\/fcou.uvigo.es\/#organization"},"potentialAction":[{"@type":"SearchAction","target":{"@type":"EntryPoint","urlTemplate":"https:\/\/fcou.uvigo.es\/?s={search_term_string}"},"query-input":{"@type":"PropertyValueSpecification","valueRequired":true,"valueName":"search_term_string"}}],"inLanguage":"es-ES"},{"@type":"Organization","@id":"https:\/\/fcou.uvigo.es\/#organization","name":"Facultade de Ciencias da Universidade de Vigo","url":"https:\/\/fcou.uvigo.es\/","logo":{"@type":"ImageObject","inLanguage":"es-ES","@id":"https:\/\/fcou.uvigo.es\/#\/schema\/logo\/image\/","url":"https:\/\/fcou.uvigo.es\/wp-content\/uploads\/2024\/04\/facultade-ciencias-ourense.png","contentUrl":"https:\/\/fcou.uvigo.es\/wp-content\/uploads\/2024\/04\/facultade-ciencias-ourense.png","width":717,"height":165,"caption":"Facultade de Ciencias da Universidade de Vigo"},"image":{"@id":"https:\/\/fcou.uvigo.es\/#\/schema\/logo\/image\/"}}]}},"_links":{"self":[{"href":"https:\/\/fcou.uvigo.es\/es\/wp-json\/wp\/v2\/pages\/15571"}],"collection":[{"href":"https:\/\/fcou.uvigo.es\/es\/wp-json\/wp\/v2\/pages"}],"about":[{"href":"https:\/\/fcou.uvigo.es\/es\/wp-json\/wp\/v2\/types\/page"}],"author":[{"embeddable":true,"href":"https:\/\/fcou.uvigo.es\/es\/wp-json\/wp\/v2\/users\/8"}],"replies":[{"embeddable":true,"href":"https:\/\/fcou.uvigo.es\/es\/wp-json\/wp\/v2\/comments?post=15571"}],"version-history":[{"count":6,"href":"https:\/\/fcou.uvigo.es\/es\/wp-json\/wp\/v2\/pages\/15571\/revisions"}],"predecessor-version":[{"id":268009,"href":"https:\/\/fcou.uvigo.es\/es\/wp-json\/wp\/v2\/pages\/15571\/revisions\/268009"}],"up":[{"embeddable":true,"href":"https:\/\/fcou.uvigo.es\/es\/wp-json\/wp\/v2\/pages\/15558"}],"wp:attachment":[{"href":"https:\/\/fcou.uvigo.es\/es\/wp-json\/wp\/v2\/media?parent=15571"}],"curies":[{"name":"wp","href":"https:\/\/api.w.org\/{rel}","templated":true}]}}