{"id":15575,"date":"2019-08-04T21:27:32","date_gmt":"2019-08-04T19:27:32","guid":{"rendered":"http:\/\/fcou.uvigo.es\/idi\/programas-de-doutoramento\/"},"modified":"2025-09-09T10:19:17","modified_gmt":"2025-09-09T08:19:17","slug":"programas-de-doctorado","status":"publish","type":"page","link":"https:\/\/fcou.uvigo.es\/es\/idi\/programas-de-doctorado\/","title":{"rendered":"Programas de doctorado"},"content":{"rendered":"<h3>Ciencia y tecnolog\u00eda agroalimentaria<\/h3>\n<p><a href=\"https:\/\/pdcta.webs.uvigo.es\/es\/\" target=\"_blank\" rel=\"noopener noreferrer\"><img decoding=\"async\" src=\"\/images\/estudos\/pdceta.jpg\" alt=\"PhD en CeTA\" \/><\/a><\/p>\n<p>Responsable: Gil Garrote Velasco | 988 387 056 | <a href=\"mailto:gil@uvigo.es\">gil@uvigo.es<\/a><\/p>\n<p><i class=\"fa fa-file-pdf-o\"><\/i> <a href=\"https:\/\/sede.educacion.gob.es\/cid\/consultaCID?cid=104222845963635829535259\" target=\"_blank\" rel=\"noopener noreferrer\">Memoria<\/a> | <a href=\"https:\/\/pdcta.webs.uvigo.es\/es\/\" target=\"_blank\" rel=\"noopener noreferrer\">P\u00e1gina web del programa <i class=\"fa fa-external-link\"><\/i><\/a><\/p>\n<p>&nbsp;<\/p>\n<h3>Ecosistemas terrestres, uso sostenible e implicaciones ambientales<\/h3>\n<p><a href=\"http:\/\/phdetusia.webs.uvigo.es\/es\/\" target=\"_blank\" rel=\"noopener noreferrer\"><img decoding=\"async\" src=\"\/images\/estudos\/pdetusia.jpg\" alt=\"PhD ETUSIA\" \/><\/a><\/p>\n<p>Responsable: Adela M\u00aa S\u00e1nchez Moreiras | 986 812 616 | <a href=\"mailto:adela@uvigo.es\">adela@uvigo.es<\/a><\/p>\n<p><i class=\"fa fa-file-pdf-o\"><\/i> <a href=\"https:\/\/sede.educacion.gob.es\/cid\/consultaCID?cid=114425731031724231207404\" target=\"_blank\" rel=\"noopener noreferrer\">Memoria<\/a> | <a href=\"http:\/\/phdetusia.webs.uvigo.es\/es\/\" target=\"_blank\" rel=\"noopener noreferrer\">P\u00e1gina web del programa <i class=\"fa fa-external-link\"><\/i><\/a><\/p>\n","protected":false},"excerpt":{"rendered":"<p>Ciencia y tecnolog\u00eda agroalimentaria Responsable: Gil Garrote Velasco | 988 387 056 | gil@uvigo.es Memoria | P\u00e1gina web del programa &nbsp; Ecosistemas terrestres, uso sostenible &hellip; <a class=\"excerpt_more\" href=\"https:\/\/fcou.uvigo.es\/es\/idi\/programas-de-doctorado\/\">Contin\u00faa<\/a><\/p>\n","protected":false},"author":8,"featured_media":0,"parent":15558,"menu_order":5,"comment_status":"closed","ping_status":"closed","template":"","meta":{"_acf_changed":false,"footnotes":""},"acf":[],"yoast_head":"<title>Programas de doctorado | Facultade de Ciencias<\/title>\n<meta name=\"robots\" content=\"index, follow, max-snippet:-1, max-image-preview:large, max-video-preview:-1\" \/>\n<link rel=\"canonical\" href=\"https:\/\/fcou.uvigo.es\/es\/idi\/programas-de-doctorado\/\" \/>\n<meta property=\"og:locale\" content=\"es_ES\" \/>\n<meta property=\"og:type\" content=\"article\" \/>\n<meta property=\"og:title\" content=\"Programas de doctorado | Facultade de Ciencias\" \/>\n<meta property=\"og:description\" content=\"Ciencia y tecnolog\u00eda agroalimentaria Responsable: Gil Garrote Velasco | 988 387 056 | gil@uvigo.es Memoria | P\u00e1gina web del programa &nbsp; Ecosistemas terrestres, uso sostenible &hellip; Contin\u00faa\" \/>\n<meta property=\"og:url\" content=\"https:\/\/fcou.uvigo.es\/es\/idi\/programas-de-doctorado\/\" \/>\n<meta property=\"og:site_name\" content=\"Facultade de Ciencias\" \/>\n<meta property=\"article:modified_time\" content=\"2025-09-09T08:19:17+00:00\" \/>\n<meta name=\"twitter:card\" content=\"summary_large_image\" \/>\n<meta name=\"twitter:label1\" content=\"Est. reading time\" \/>\n\t<meta name=\"twitter:data1\" content=\"1 minute\" \/>\n<script type=\"application\/ld+json\" class=\"yoast-schema-graph\">{\"@context\":\"https:\/\/schema.org\",\"@graph\":[{\"@type\":\"WebPage\",\"@id\":\"https:\/\/fcou.uvigo.es\/es\/idi\/programas-de-doctorado\/\",\"url\":\"https:\/\/fcou.uvigo.es\/es\/idi\/programas-de-doctorado\/\",\"name\":\"Programas de doctorado | Facultade de Ciencias\",\"isPartOf\":{\"@id\":\"https:\/\/fcou.uvigo.es\/#website\"},\"datePublished\":\"2019-08-04T19:27:32+00:00\",\"dateModified\":\"2025-09-09T08:19:17+00:00\",\"breadcrumb\":{\"@id\":\"https:\/\/fcou.uvigo.es\/es\/idi\/programas-de-doctorado\/#breadcrumb\"},\"inLanguage\":\"es-ES\",\"potentialAction\":[{\"@type\":\"ReadAction\",\"target\":[\"https:\/\/fcou.uvigo.es\/es\/idi\/programas-de-doctorado\/\"]}]},{\"@type\":\"BreadcrumbList\",\"@id\":\"https:\/\/fcou.uvigo.es\/es\/idi\/programas-de-doctorado\/#breadcrumb\",\"itemListElement\":[{\"@type\":\"ListItem\",\"position\":1,\"name\":\"I+D+i\",\"item\":\"https:\/\/www.fcou.uvigo.es\/es\/idi\/\"},{\"@type\":\"ListItem\",\"position\":2,\"name\":\"Programas de doctorado\"}]},{\"@type\":\"WebSite\",\"@id\":\"https:\/\/fcou.uvigo.es\/#website\",\"url\":\"https:\/\/fcou.uvigo.es\/\",\"name\":\"Facultade de Ciencias da Universidade de Vigo\",\"description\":\"Sitio web da Facultade de Ciencias\",\"publisher\":{\"@id\":\"https:\/\/fcou.uvigo.es\/#organization\"},\"potentialAction\":[{\"@type\":\"SearchAction\",\"target\":{\"@type\":\"EntryPoint\",\"urlTemplate\":\"https:\/\/fcou.uvigo.es\/?s={search_term_string}\"},\"query-input\":{\"@type\":\"PropertyValueSpecification\",\"valueRequired\":true,\"valueName\":\"search_term_string\"}}],\"inLanguage\":\"es-ES\"},{\"@type\":\"Organization\",\"@id\":\"https:\/\/fcou.uvigo.es\/#organization\",\"name\":\"Facultade de Ciencias da Universidade de Vigo\",\"url\":\"https:\/\/fcou.uvigo.es\/\",\"logo\":{\"@type\":\"ImageObject\",\"inLanguage\":\"es-ES\",\"@id\":\"https:\/\/fcou.uvigo.es\/#\/schema\/logo\/image\/\",\"url\":\"https:\/\/fcou.uvigo.es\/wp-content\/uploads\/2024\/04\/facultade-ciencias-ourense.png\",\"contentUrl\":\"https:\/\/fcou.uvigo.es\/wp-content\/uploads\/2024\/04\/facultade-ciencias-ourense.png\",\"width\":717,\"height\":165,\"caption\":\"Facultade de Ciencias da Universidade de Vigo\"},\"image\":{\"@id\":\"https:\/\/fcou.uvigo.es\/#\/schema\/logo\/image\/\"}}]}<\/script>","yoast_head_json":{"title":"Programas de doctorado | Facultade de Ciencias","robots":{"index":"index","follow":"follow","max-snippet":"max-snippet:-1","max-image-preview":"max-image-preview:large","max-video-preview":"max-video-preview:-1"},"canonical":"https:\/\/fcou.uvigo.es\/es\/idi\/programas-de-doctorado\/","og_locale":"es_ES","og_type":"article","og_title":"Programas de doctorado | Facultade de Ciencias","og_description":"Ciencia y tecnolog\u00eda agroalimentaria Responsable: Gil Garrote Velasco | 988 387 056 | gil@uvigo.es Memoria | P\u00e1gina web del programa &nbsp; Ecosistemas terrestres, uso sostenible &hellip; Contin\u00faa","og_url":"https:\/\/fcou.uvigo.es\/es\/idi\/programas-de-doctorado\/","og_site_name":"Facultade de Ciencias","article_modified_time":"2025-09-09T08:19:17+00:00","twitter_card":"summary_large_image","twitter_misc":{"Est. reading time":"1 minute"},"schema":{"@context":"https:\/\/schema.org","@graph":[{"@type":"WebPage","@id":"https:\/\/fcou.uvigo.es\/es\/idi\/programas-de-doctorado\/","url":"https:\/\/fcou.uvigo.es\/es\/idi\/programas-de-doctorado\/","name":"Programas de doctorado | Facultade de Ciencias","isPartOf":{"@id":"https:\/\/fcou.uvigo.es\/#website"},"datePublished":"2019-08-04T19:27:32+00:00","dateModified":"2025-09-09T08:19:17+00:00","breadcrumb":{"@id":"https:\/\/fcou.uvigo.es\/es\/idi\/programas-de-doctorado\/#breadcrumb"},"inLanguage":"es-ES","potentialAction":[{"@type":"ReadAction","target":["https:\/\/fcou.uvigo.es\/es\/idi\/programas-de-doctorado\/"]}]},{"@type":"BreadcrumbList","@id":"https:\/\/fcou.uvigo.es\/es\/idi\/programas-de-doctorado\/#breadcrumb","itemListElement":[{"@type":"ListItem","position":1,"name":"I+D+i","item":"https:\/\/www.fcou.uvigo.es\/es\/idi\/"},{"@type":"ListItem","position":2,"name":"Programas de doctorado"}]},{"@type":"WebSite","@id":"https:\/\/fcou.uvigo.es\/#website","url":"https:\/\/fcou.uvigo.es\/","name":"Facultade de Ciencias da Universidade de Vigo","description":"Sitio web da Facultade de Ciencias","publisher":{"@id":"https:\/\/fcou.uvigo.es\/#organization"},"potentialAction":[{"@type":"SearchAction","target":{"@type":"EntryPoint","urlTemplate":"https:\/\/fcou.uvigo.es\/?s={search_term_string}"},"query-input":{"@type":"PropertyValueSpecification","valueRequired":true,"valueName":"search_term_string"}}],"inLanguage":"es-ES"},{"@type":"Organization","@id":"https:\/\/fcou.uvigo.es\/#organization","name":"Facultade de Ciencias da Universidade de Vigo","url":"https:\/\/fcou.uvigo.es\/","logo":{"@type":"ImageObject","inLanguage":"es-ES","@id":"https:\/\/fcou.uvigo.es\/#\/schema\/logo\/image\/","url":"https:\/\/fcou.uvigo.es\/wp-content\/uploads\/2024\/04\/facultade-ciencias-ourense.png","contentUrl":"https:\/\/fcou.uvigo.es\/wp-content\/uploads\/2024\/04\/facultade-ciencias-ourense.png","width":717,"height":165,"caption":"Facultade de Ciencias da Universidade de Vigo"},"image":{"@id":"https:\/\/fcou.uvigo.es\/#\/schema\/logo\/image\/"}}]}},"_links":{"self":[{"href":"https:\/\/fcou.uvigo.es\/es\/wp-json\/wp\/v2\/pages\/15575"}],"collection":[{"href":"https:\/\/fcou.uvigo.es\/es\/wp-json\/wp\/v2\/pages"}],"about":[{"href":"https:\/\/fcou.uvigo.es\/es\/wp-json\/wp\/v2\/types\/page"}],"author":[{"embeddable":true,"href":"https:\/\/fcou.uvigo.es\/es\/wp-json\/wp\/v2\/users\/8"}],"replies":[{"embeddable":true,"href":"https:\/\/fcou.uvigo.es\/es\/wp-json\/wp\/v2\/comments?post=15575"}],"version-history":[{"count":9,"href":"https:\/\/fcou.uvigo.es\/es\/wp-json\/wp\/v2\/pages\/15575\/revisions"}],"predecessor-version":[{"id":269996,"href":"https:\/\/fcou.uvigo.es\/es\/wp-json\/wp\/v2\/pages\/15575\/revisions\/269996"}],"up":[{"embeddable":true,"href":"https:\/\/fcou.uvigo.es\/es\/wp-json\/wp\/v2\/pages\/15558"}],"wp:attachment":[{"href":"https:\/\/fcou.uvigo.es\/es\/wp-json\/wp\/v2\/media?parent=15575"}],"curies":[{"name":"wp","href":"https:\/\/api.w.org\/{rel}","templated":true}]}}