{"id":2095,"date":"2015-01-26T09:57:09","date_gmt":"2015-01-26T08:57:09","guid":{"rendered":"http:\/\/fcce.webs.uvigo.es\/facultade\/presentacion\/"},"modified":"2024-05-23T13:12:48","modified_gmt":"2024-05-23T11:12:48","slug":"presentacion","status":"publish","type":"page","link":"https:\/\/fcou.uvigo.es\/es\/facultad\/presentacion\/","title":{"rendered":"Presentaci\u00f3n"},"content":{"rendered":"<h3>Bienvenidos\/as a la Facultade de Ciencias de la Universidade de Vigo<\/h3>\n<p>La Facultade de Ciencias tiene una larga tradici\u00f3n en el campus de Ourense ya que es la heredera de los estudios de Biolog\u00eda, Qu\u00edmica y Farmacia que se desarrollaban en el antiguo Colexio Universitario desde sus comienzos en 1974.<\/p>\n<p>Disponemos de modernas instalaciones docentes e investigadoras que nos permiten hacer una oferta educativa, de car\u00e1cter integrador, en el campo agro-alimentario-ambiental, en contacto con la realidad socioecon\u00f3mica de nuestro entorno y plenamente adaptado al Espacio Europeo de Educaci\u00f3n Superior.<\/p>\n<p>Darermos respuesta a tus dudas, adem\u00e1s de facilitar tu integraci\u00f3n en el campus universitario de Ourense en cual las m\u00faltiples propuestas de actividades \u2013teatro, deporte, m\u00fasica, etc- favorecenn la formaci\u00f3n integral de los y las profesionales del futuro.<\/p>\n<p>\u00a1Te damos la bienvenida!<\/p>\n","protected":false},"excerpt":{"rendered":"<p>Bienvenidos\/as a la Facultade de Ciencias de la Universidade de Vigo La Facultade de Ciencias tiene una larga tradici\u00f3n en el campus de Ourense ya &hellip; <a class=\"excerpt_more\" href=\"https:\/\/fcou.uvigo.es\/es\/facultad\/presentacion\/\">Contin\u00faa<\/a><\/p>\n","protected":false},"author":8,"featured_media":266855,"parent":2094,"menu_order":1,"comment_status":"closed","ping_status":"closed","template":"","meta":{"_acf_changed":false,"footnotes":""},"acf":[],"yoast_head":"<title>Presentaci\u00f3n | Facultade de Ciencias<\/title>\n<meta name=\"robots\" content=\"index, follow, max-snippet:-1, max-image-preview:large, max-video-preview:-1\" \/>\n<link rel=\"canonical\" href=\"https:\/\/fcou.uvigo.es\/es\/facultad\/presentacion\/\" \/>\n<meta property=\"og:locale\" content=\"es_ES\" \/>\n<meta property=\"og:type\" content=\"article\" \/>\n<meta property=\"og:title\" content=\"Presentaci\u00f3n | Facultade de Ciencias\" \/>\n<meta property=\"og:description\" content=\"Bienvenidos\/as a la Facultade de Ciencias de la Universidade de Vigo La Facultade de Ciencias tiene una larga tradici\u00f3n en el campus de Ourense ya &hellip; Contin\u00faa\" \/>\n<meta property=\"og:url\" content=\"https:\/\/fcou.uvigo.es\/es\/facultad\/presentacion\/\" \/>\n<meta property=\"og:site_name\" content=\"Facultade de Ciencias\" \/>\n<meta property=\"article:modified_time\" content=\"2024-05-23T11:12:48+00:00\" \/>\n<meta property=\"og:image\" content=\"https:\/\/fcou.uvigo.es\/wp-content\/uploads\/2024\/04\/Decano-Presentacion.jpg\" \/>\n\t<meta property=\"og:image:width\" content=\"1200\" \/>\n\t<meta property=\"og:image:height\" content=\"675\" \/>\n\t<meta property=\"og:image:type\" content=\"image\/jpeg\" \/>\n<meta name=\"twitter:card\" content=\"summary_large_image\" \/>\n<meta name=\"twitter:label1\" content=\"Est. reading time\" \/>\n\t<meta name=\"twitter:data1\" content=\"1 minute\" \/>\n<script type=\"application\/ld+json\" class=\"yoast-schema-graph\">{\"@context\":\"https:\/\/schema.org\",\"@graph\":[{\"@type\":\"WebPage\",\"@id\":\"https:\/\/fcou.uvigo.es\/es\/facultad\/presentacion\/\",\"url\":\"https:\/\/fcou.uvigo.es\/es\/facultad\/presentacion\/\",\"name\":\"Presentaci\u00f3n | Facultade de Ciencias\",\"isPartOf\":{\"@id\":\"https:\/\/fcou.uvigo.es\/#website\"},\"primaryImageOfPage\":{\"@id\":\"https:\/\/fcou.uvigo.es\/es\/facultad\/presentacion\/#primaryimage\"},\"image\":{\"@id\":\"https:\/\/fcou.uvigo.es\/es\/facultad\/presentacion\/#primaryimage\"},\"thumbnailUrl\":\"https:\/\/fcou.uvigo.es\/wp-content\/uploads\/2024\/04\/Decano-Presentacion.jpg\",\"datePublished\":\"2015-01-26T08:57:09+00:00\",\"dateModified\":\"2024-05-23T11:12:48+00:00\",\"breadcrumb\":{\"@id\":\"https:\/\/fcou.uvigo.es\/es\/facultad\/presentacion\/#breadcrumb\"},\"inLanguage\":\"es-ES\",\"potentialAction\":[{\"@type\":\"ReadAction\",\"target\":[\"https:\/\/fcou.uvigo.es\/es\/facultad\/presentacion\/\"]}]},{\"@type\":\"ImageObject\",\"inLanguage\":\"es-ES\",\"@id\":\"https:\/\/fcou.uvigo.es\/es\/facultad\/presentacion\/#primaryimage\",\"url\":\"https:\/\/fcou.uvigo.es\/wp-content\/uploads\/2024\/04\/Decano-Presentacion.jpg\",\"contentUrl\":\"https:\/\/fcou.uvigo.es\/wp-content\/uploads\/2024\/04\/Decano-Presentacion.jpg\",\"width\":1200,\"height\":675},{\"@type\":\"BreadcrumbList\",\"@id\":\"https:\/\/fcou.uvigo.es\/es\/facultad\/presentacion\/#breadcrumb\",\"itemListElement\":[{\"@type\":\"ListItem\",\"position\":1,\"name\":\"Facultad\",\"item\":\"https:\/\/www.fcou.uvigo.es\/es\/facultad\/\"},{\"@type\":\"ListItem\",\"position\":2,\"name\":\"Presentaci\u00f3n\"}]},{\"@type\":\"WebSite\",\"@id\":\"https:\/\/fcou.uvigo.es\/#website\",\"url\":\"https:\/\/fcou.uvigo.es\/\",\"name\":\"Facultade de Ciencias da Universidade de Vigo\",\"description\":\"Sitio web da Facultade de Ciencias\",\"publisher\":{\"@id\":\"https:\/\/fcou.uvigo.es\/#organization\"},\"potentialAction\":[{\"@type\":\"SearchAction\",\"target\":{\"@type\":\"EntryPoint\",\"urlTemplate\":\"https:\/\/fcou.uvigo.es\/?s={search_term_string}\"},\"query-input\":{\"@type\":\"PropertyValueSpecification\",\"valueRequired\":true,\"valueName\":\"search_term_string\"}}],\"inLanguage\":\"es-ES\"},{\"@type\":\"Organization\",\"@id\":\"https:\/\/fcou.uvigo.es\/#organization\",\"name\":\"Facultade de Ciencias da Universidade de Vigo\",\"url\":\"https:\/\/fcou.uvigo.es\/\",\"logo\":{\"@type\":\"ImageObject\",\"inLanguage\":\"es-ES\",\"@id\":\"https:\/\/fcou.uvigo.es\/#\/schema\/logo\/image\/\",\"url\":\"https:\/\/fcou.uvigo.es\/wp-content\/uploads\/2024\/04\/facultade-ciencias-ourense.png\",\"contentUrl\":\"https:\/\/fcou.uvigo.es\/wp-content\/uploads\/2024\/04\/facultade-ciencias-ourense.png\",\"width\":717,\"height\":165,\"caption\":\"Facultade de Ciencias da Universidade de Vigo\"},\"image\":{\"@id\":\"https:\/\/fcou.uvigo.es\/#\/schema\/logo\/image\/\"}}]}<\/script>","yoast_head_json":{"title":"Presentaci\u00f3n | Facultade de Ciencias","robots":{"index":"index","follow":"follow","max-snippet":"max-snippet:-1","max-image-preview":"max-image-preview:large","max-video-preview":"max-video-preview:-1"},"canonical":"https:\/\/fcou.uvigo.es\/es\/facultad\/presentacion\/","og_locale":"es_ES","og_type":"article","og_title":"Presentaci\u00f3n | Facultade de Ciencias","og_description":"Bienvenidos\/as a la Facultade de Ciencias de la Universidade de Vigo La Facultade de Ciencias tiene una larga tradici\u00f3n en el campus de Ourense ya &hellip; Contin\u00faa","og_url":"https:\/\/fcou.uvigo.es\/es\/facultad\/presentacion\/","og_site_name":"Facultade de Ciencias","article_modified_time":"2024-05-23T11:12:48+00:00","og_image":[{"width":1200,"height":675,"url":"https:\/\/fcou.uvigo.es\/wp-content\/uploads\/2024\/04\/Decano-Presentacion.jpg","type":"image\/jpeg"}],"twitter_card":"summary_large_image","twitter_misc":{"Est. reading time":"1 minute"},"schema":{"@context":"https:\/\/schema.org","@graph":[{"@type":"WebPage","@id":"https:\/\/fcou.uvigo.es\/es\/facultad\/presentacion\/","url":"https:\/\/fcou.uvigo.es\/es\/facultad\/presentacion\/","name":"Presentaci\u00f3n | Facultade de Ciencias","isPartOf":{"@id":"https:\/\/fcou.uvigo.es\/#website"},"primaryImageOfPage":{"@id":"https:\/\/fcou.uvigo.es\/es\/facultad\/presentacion\/#primaryimage"},"image":{"@id":"https:\/\/fcou.uvigo.es\/es\/facultad\/presentacion\/#primaryimage"},"thumbnailUrl":"https:\/\/fcou.uvigo.es\/wp-content\/uploads\/2024\/04\/Decano-Presentacion.jpg","datePublished":"2015-01-26T08:57:09+00:00","dateModified":"2024-05-23T11:12:48+00:00","breadcrumb":{"@id":"https:\/\/fcou.uvigo.es\/es\/facultad\/presentacion\/#breadcrumb"},"inLanguage":"es-ES","potentialAction":[{"@type":"ReadAction","target":["https:\/\/fcou.uvigo.es\/es\/facultad\/presentacion\/"]}]},{"@type":"ImageObject","inLanguage":"es-ES","@id":"https:\/\/fcou.uvigo.es\/es\/facultad\/presentacion\/#primaryimage","url":"https:\/\/fcou.uvigo.es\/wp-content\/uploads\/2024\/04\/Decano-Presentacion.jpg","contentUrl":"https:\/\/fcou.uvigo.es\/wp-content\/uploads\/2024\/04\/Decano-Presentacion.jpg","width":1200,"height":675},{"@type":"BreadcrumbList","@id":"https:\/\/fcou.uvigo.es\/es\/facultad\/presentacion\/#breadcrumb","itemListElement":[{"@type":"ListItem","position":1,"name":"Facultad","item":"https:\/\/www.fcou.uvigo.es\/es\/facultad\/"},{"@type":"ListItem","position":2,"name":"Presentaci\u00f3n"}]},{"@type":"WebSite","@id":"https:\/\/fcou.uvigo.es\/#website","url":"https:\/\/fcou.uvigo.es\/","name":"Facultade de Ciencias da Universidade de Vigo","description":"Sitio web da Facultade de Ciencias","publisher":{"@id":"https:\/\/fcou.uvigo.es\/#organization"},"potentialAction":[{"@type":"SearchAction","target":{"@type":"EntryPoint","urlTemplate":"https:\/\/fcou.uvigo.es\/?s={search_term_string}"},"query-input":{"@type":"PropertyValueSpecification","valueRequired":true,"valueName":"search_term_string"}}],"inLanguage":"es-ES"},{"@type":"Organization","@id":"https:\/\/fcou.uvigo.es\/#organization","name":"Facultade de Ciencias da Universidade de Vigo","url":"https:\/\/fcou.uvigo.es\/","logo":{"@type":"ImageObject","inLanguage":"es-ES","@id":"https:\/\/fcou.uvigo.es\/#\/schema\/logo\/image\/","url":"https:\/\/fcou.uvigo.es\/wp-content\/uploads\/2024\/04\/facultade-ciencias-ourense.png","contentUrl":"https:\/\/fcou.uvigo.es\/wp-content\/uploads\/2024\/04\/facultade-ciencias-ourense.png","width":717,"height":165,"caption":"Facultade de Ciencias da Universidade de Vigo"},"image":{"@id":"https:\/\/fcou.uvigo.es\/#\/schema\/logo\/image\/"}}]}},"_links":{"self":[{"href":"https:\/\/fcou.uvigo.es\/es\/wp-json\/wp\/v2\/pages\/2095"}],"collection":[{"href":"https:\/\/fcou.uvigo.es\/es\/wp-json\/wp\/v2\/pages"}],"about":[{"href":"https:\/\/fcou.uvigo.es\/es\/wp-json\/wp\/v2\/types\/page"}],"author":[{"embeddable":true,"href":"https:\/\/fcou.uvigo.es\/es\/wp-json\/wp\/v2\/users\/8"}],"replies":[{"embeddable":true,"href":"https:\/\/fcou.uvigo.es\/es\/wp-json\/wp\/v2\/comments?post=2095"}],"version-history":[{"count":14,"href":"https:\/\/fcou.uvigo.es\/es\/wp-json\/wp\/v2\/pages\/2095\/revisions"}],"predecessor-version":[{"id":267745,"href":"https:\/\/fcou.uvigo.es\/es\/wp-json\/wp\/v2\/pages\/2095\/revisions\/267745"}],"up":[{"embeddable":true,"href":"https:\/\/fcou.uvigo.es\/es\/wp-json\/wp\/v2\/pages\/2094"}],"wp:featuredmedia":[{"embeddable":true,"href":"https:\/\/fcou.uvigo.es\/es\/wp-json\/wp\/v2\/media\/266855"}],"wp:attachment":[{"href":"https:\/\/fcou.uvigo.es\/es\/wp-json\/wp\/v2\/media?parent=2095"}],"curies":[{"name":"wp","href":"https:\/\/api.w.org\/{rel}","templated":true}]}}