{"id":2097,"date":"2015-01-24T09:31:03","date_gmt":"2015-01-24T08:31:03","guid":{"rendered":"http:\/\/fcce.webs.uvigo.es\/facultade\/organos-de-goberno\/"},"modified":"2025-12-19T13:53:32","modified_gmt":"2025-12-19T12:53:32","slug":"organos-de-gobierno","status":"publish","type":"page","link":"https:\/\/fcou.uvigo.es\/es\/facultad\/organos-de-gobierno\/","title":{"rendered":"\u00d3rganos de gobierno"},"content":{"rendered":"<h2>Equipo decanal<\/h2>\n<p>&nbsp;<\/p>\n<div class=\"row\">\n<div class=\"col-sm-4 text-center\">\n<p class=\"mb-2\"><a href=\"https:\/\/fcou.uvigo.es\/docencia\/profesorado\/profesor\/araujo-nespereira-pedro-antonio\/\"><img loading=\"lazy\" decoding=\"async\" class=\"rounded-image alignnone\" src=\"\/wp-content\/uploads\/2024\/04\/Decano-Goberno-e1714046130204.jpg\" alt=\"\" width=\"200\" height=\"200\" \/><\/a><\/p>\n<h4 class=\"mb-2\">Pedro Antonio Araujo Nespereira<br \/>\n<span style=\"color: #808080;\"><strong>Decano<\/strong><\/span><\/h4>\n<\/div>\n<div class=\"col-sm-4 text-center\">\n<p class=\"mb-2\"><a href=\"https:\/\/fcou.uvigo.es\/docencia\/profesorado\/profesor\/gullon-estevez-beatriz\/\"><img loading=\"lazy\" decoding=\"async\" class=\"rounded-image alignnone\" src=\"\/wp-content\/uploads\/2024\/04\/BeatrizGullon-1.jpg\" alt=\"\" width=\"200\" height=\"200\" \/><\/a><\/p>\n<h4 class=\"mb-2\">Beatriz Gull\u00f3n Est\u00e9vez<br \/>\n<span style=\"color: #808080;\"><strong>Vicedecana de Calidade<\/strong><\/span><\/h4>\n<\/div>\n<div class=\"col-sm-4 text-center\">\n<p class=\"mb-2\"><a href=\"https:\/\/fcou.uvigo.es\/docencia\/profesorado\/profesor\/perez-alvarez-maria-jose\/\"><img loading=\"lazy\" decoding=\"async\" class=\"rounded-image alignnone\" src=\"https:\/\/fcou.uvigo.es\/wp-content\/uploads\/2025\/04\/maria-jose-perez-alvarez.jpg\" alt=\"\" width=\"200\" height=\"200\" \/><\/a><\/p>\n<h4 class=\"mb-2\">Mar\u00eda Jos\u00e9 P\u00e9rez \u00c1lvarez<br \/>\n<span style=\"color: #808080;\"><strong>Vicedecana de Estudantado e Promoci\u00f3n Externa<\/strong><\/span><\/h4>\n<\/div>\n<\/div>\n<p>&nbsp;<\/p>\n<div class=\"row\">\n<div class=\"col-sm-4 text-center\">\n<p class=\"mb-2\"><a href=\"https:\/\/fcou.uvigo.es\/docencia\/profesorado\/profesor\/astray-dopazo-gonzalo\/\"><img loading=\"lazy\" decoding=\"async\" class=\"rounded-image alignnone\" src=\"https:\/\/fcou.uvigo.es\/wp-content\/uploads\/2024\/05\/G_Astray_.jpg\" alt=\"\" width=\"200\" height=\"200\" \/><\/a><\/p>\n<h4 class=\"mb-2\">Gonzalo Astray Dopazo<br \/>\n<span style=\"color: #808080;\"><strong>Vicedecano de Organizaci\u00f3n Acad\u00e9mica<\/strong><\/span><\/h4>\n<\/div>\n<div class=\"col-sm-4 text-center\">\n<p class=\"mb-2\"><a href=\"https:\/\/fcou.uvigo.es\/docencia\/profesorado\/profesor\/alonso-vega-maria-flora\/\"><img loading=\"lazy\" decoding=\"async\" class=\"rounded-image alignnone\" src=\"https:\/\/fcou.uvigo.es\/wp-content\/uploads\/2025\/12\/Maria_Flora_Alonso_Vega_.jpg\" alt=\"\" width=\"200\" height=\"200\" \/><\/a><\/p>\n<h4 class=\"mb-2\">Mar\u00eda Flora Alonso Vega<br \/>\n<span style=\"color: #808080;\"><strong>Secretaria da Facultade<\/strong><\/span><\/h4>\n<\/div>\n<\/div>\n<p>&nbsp;<\/p>\n<h2>\u00d3rganos colegiados<\/h2>\n<ul class=\"list-peak\" style=\"margin-top: 10px;\">\n<li><a href=\"junta-de-facultad\">Junta de Facultad<\/a><\/li>\n<\/ul>\n<p>&nbsp;<\/p>\n<h2>Comisiones delegadas<\/h2>\n<ul class=\"list-peak\" style=\"margin-top: 10px;\">\n<li><a href=\"comision-permanente\">Comisi\u00f3n Permanente<\/a><\/li>\n<li><a href=\"https:\/\/fcou.uvigo.es\/es\/facultad\/calidad\/comision-de-calidad\/\">Comisi\u00f3n de Calidad<\/a><\/li>\n<\/ul>\n<p>&nbsp;<\/p>\n<div class=\"custom-block graylight\">\n<h3>Decanato<\/h3>\n<p>Edificio Polit\u00e9cnico<br \/>\nAs Lagoas, s\/n<br \/>\n32004 Ourense<\/p>\n<p>+34 988 387 063<br \/>\n<a href=\"mailto:sdefco@uvigo.es\">sdefco@uvigo.es<\/a><\/p>\n<\/div>\n","protected":false},"excerpt":{"rendered":"<p>Equipo decanal &nbsp; Pedro Antonio Araujo Nespereira Decano Beatriz Gull\u00f3n Est\u00e9vez Vicedecana de Calidade Mar\u00eda Jos\u00e9 P\u00e9rez \u00c1lvarez Vicedecana de Estudantado e Promoci\u00f3n Externa &nbsp; &hellip; <a class=\"excerpt_more\" href=\"https:\/\/fcou.uvigo.es\/es\/facultad\/organos-de-gobierno\/\">Contin\u00faa<\/a><\/p>\n","protected":false},"author":8,"featured_media":0,"parent":2094,"menu_order":3,"comment_status":"closed","ping_status":"closed","template":"","meta":{"_acf_changed":false,"footnotes":""},"acf":[],"yoast_head":"<title>\u00d3rganos de gobierno | Facultade de Ciencias<\/title>\n<meta name=\"robots\" content=\"index, follow, max-snippet:-1, max-image-preview:large, max-video-preview:-1\" \/>\n<link rel=\"canonical\" href=\"https:\/\/fcou.uvigo.es\/es\/facultad\/organos-de-gobierno\/\" \/>\n<meta property=\"og:locale\" content=\"es_ES\" \/>\n<meta property=\"og:type\" content=\"article\" \/>\n<meta property=\"og:title\" content=\"\u00d3rganos de gobierno | Facultade de Ciencias\" \/>\n<meta property=\"og:description\" content=\"Equipo decanal &nbsp; Pedro Antonio Araujo Nespereira Decano Beatriz Gull\u00f3n Est\u00e9vez Vicedecana de Calidade Mar\u00eda Jos\u00e9 P\u00e9rez \u00c1lvarez Vicedecana de Estudantado e Promoci\u00f3n Externa &nbsp; &hellip; Contin\u00faa\" \/>\n<meta property=\"og:url\" content=\"https:\/\/fcou.uvigo.es\/es\/facultad\/organos-de-gobierno\/\" \/>\n<meta property=\"og:site_name\" content=\"Facultade de Ciencias\" \/>\n<meta property=\"article:modified_time\" content=\"2025-12-19T12:53:32+00:00\" \/>\n<meta property=\"og:image\" content=\"https:\/\/fcou.uvigo.es\/wp-content\/uploads\/2025\/04\/maria-jose-perez-alvarez.jpg\" \/>\n<meta name=\"twitter:card\" content=\"summary_large_image\" \/>\n<meta name=\"twitter:label1\" content=\"Est. reading time\" \/>\n\t<meta name=\"twitter:data1\" content=\"2 minutes\" \/>\n<script type=\"application\/ld+json\" class=\"yoast-schema-graph\">{\"@context\":\"https:\/\/schema.org\",\"@graph\":[{\"@type\":\"WebPage\",\"@id\":\"https:\/\/fcou.uvigo.es\/es\/facultad\/organos-de-gobierno\/\",\"url\":\"https:\/\/fcou.uvigo.es\/es\/facultad\/organos-de-gobierno\/\",\"name\":\"\u00d3rganos de gobierno | Facultade de Ciencias\",\"isPartOf\":{\"@id\":\"https:\/\/fcou.uvigo.es\/#website\"},\"primaryImageOfPage\":{\"@id\":\"https:\/\/fcou.uvigo.es\/es\/facultad\/organos-de-gobierno\/#primaryimage\"},\"image\":{\"@id\":\"https:\/\/fcou.uvigo.es\/es\/facultad\/organos-de-gobierno\/#primaryimage\"},\"thumbnailUrl\":\"https:\/\/fcou.uvigo.es\/wp-content\/uploads\/2025\/04\/maria-jose-perez-alvarez.jpg\",\"datePublished\":\"2015-01-24T08:31:03+00:00\",\"dateModified\":\"2025-12-19T12:53:32+00:00\",\"breadcrumb\":{\"@id\":\"https:\/\/fcou.uvigo.es\/es\/facultad\/organos-de-gobierno\/#breadcrumb\"},\"inLanguage\":\"es-ES\",\"potentialAction\":[{\"@type\":\"ReadAction\",\"target\":[\"https:\/\/fcou.uvigo.es\/es\/facultad\/organos-de-gobierno\/\"]}]},{\"@type\":\"ImageObject\",\"inLanguage\":\"es-ES\",\"@id\":\"https:\/\/fcou.uvigo.es\/es\/facultad\/organos-de-gobierno\/#primaryimage\",\"url\":\"https:\/\/fcou.uvigo.es\/wp-content\/uploads\/2025\/04\/maria-jose-perez-alvarez.jpg\",\"contentUrl\":\"https:\/\/fcou.uvigo.es\/wp-content\/uploads\/2025\/04\/maria-jose-perez-alvarez.jpg\"},{\"@type\":\"BreadcrumbList\",\"@id\":\"https:\/\/fcou.uvigo.es\/es\/facultad\/organos-de-gobierno\/#breadcrumb\",\"itemListElement\":[{\"@type\":\"ListItem\",\"position\":1,\"name\":\"Facultad\",\"item\":\"https:\/\/www.fcou.uvigo.es\/es\/facultad\/\"},{\"@type\":\"ListItem\",\"position\":2,\"name\":\"\u00d3rganos de gobierno\"}]},{\"@type\":\"WebSite\",\"@id\":\"https:\/\/fcou.uvigo.es\/#website\",\"url\":\"https:\/\/fcou.uvigo.es\/\",\"name\":\"Facultade de Ciencias da Universidade de Vigo\",\"description\":\"Sitio web da Facultade de Ciencias\",\"publisher\":{\"@id\":\"https:\/\/fcou.uvigo.es\/#organization\"},\"potentialAction\":[{\"@type\":\"SearchAction\",\"target\":{\"@type\":\"EntryPoint\",\"urlTemplate\":\"https:\/\/fcou.uvigo.es\/?s={search_term_string}\"},\"query-input\":{\"@type\":\"PropertyValueSpecification\",\"valueRequired\":true,\"valueName\":\"search_term_string\"}}],\"inLanguage\":\"es-ES\"},{\"@type\":\"Organization\",\"@id\":\"https:\/\/fcou.uvigo.es\/#organization\",\"name\":\"Facultade de Ciencias da Universidade de Vigo\",\"url\":\"https:\/\/fcou.uvigo.es\/\",\"logo\":{\"@type\":\"ImageObject\",\"inLanguage\":\"es-ES\",\"@id\":\"https:\/\/fcou.uvigo.es\/#\/schema\/logo\/image\/\",\"url\":\"https:\/\/fcou.uvigo.es\/wp-content\/uploads\/2024\/04\/facultade-ciencias-ourense.png\",\"contentUrl\":\"https:\/\/fcou.uvigo.es\/wp-content\/uploads\/2024\/04\/facultade-ciencias-ourense.png\",\"width\":717,\"height\":165,\"caption\":\"Facultade de Ciencias da Universidade de Vigo\"},\"image\":{\"@id\":\"https:\/\/fcou.uvigo.es\/#\/schema\/logo\/image\/\"}}]}<\/script>","yoast_head_json":{"title":"\u00d3rganos de gobierno | Facultade de Ciencias","robots":{"index":"index","follow":"follow","max-snippet":"max-snippet:-1","max-image-preview":"max-image-preview:large","max-video-preview":"max-video-preview:-1"},"canonical":"https:\/\/fcou.uvigo.es\/es\/facultad\/organos-de-gobierno\/","og_locale":"es_ES","og_type":"article","og_title":"\u00d3rganos de gobierno | Facultade de Ciencias","og_description":"Equipo decanal &nbsp; Pedro Antonio Araujo Nespereira Decano Beatriz Gull\u00f3n Est\u00e9vez Vicedecana de Calidade Mar\u00eda Jos\u00e9 P\u00e9rez \u00c1lvarez Vicedecana de Estudantado e Promoci\u00f3n Externa &nbsp; &hellip; Contin\u00faa","og_url":"https:\/\/fcou.uvigo.es\/es\/facultad\/organos-de-gobierno\/","og_site_name":"Facultade de Ciencias","article_modified_time":"2025-12-19T12:53:32+00:00","og_image":[{"url":"https:\/\/fcou.uvigo.es\/wp-content\/uploads\/2025\/04\/maria-jose-perez-alvarez.jpg","type":"","width":"","height":""}],"twitter_card":"summary_large_image","twitter_misc":{"Est. reading time":"2 minutes"},"schema":{"@context":"https:\/\/schema.org","@graph":[{"@type":"WebPage","@id":"https:\/\/fcou.uvigo.es\/es\/facultad\/organos-de-gobierno\/","url":"https:\/\/fcou.uvigo.es\/es\/facultad\/organos-de-gobierno\/","name":"\u00d3rganos de gobierno | Facultade de Ciencias","isPartOf":{"@id":"https:\/\/fcou.uvigo.es\/#website"},"primaryImageOfPage":{"@id":"https:\/\/fcou.uvigo.es\/es\/facultad\/organos-de-gobierno\/#primaryimage"},"image":{"@id":"https:\/\/fcou.uvigo.es\/es\/facultad\/organos-de-gobierno\/#primaryimage"},"thumbnailUrl":"https:\/\/fcou.uvigo.es\/wp-content\/uploads\/2025\/04\/maria-jose-perez-alvarez.jpg","datePublished":"2015-01-24T08:31:03+00:00","dateModified":"2025-12-19T12:53:32+00:00","breadcrumb":{"@id":"https:\/\/fcou.uvigo.es\/es\/facultad\/organos-de-gobierno\/#breadcrumb"},"inLanguage":"es-ES","potentialAction":[{"@type":"ReadAction","target":["https:\/\/fcou.uvigo.es\/es\/facultad\/organos-de-gobierno\/"]}]},{"@type":"ImageObject","inLanguage":"es-ES","@id":"https:\/\/fcou.uvigo.es\/es\/facultad\/organos-de-gobierno\/#primaryimage","url":"https:\/\/fcou.uvigo.es\/wp-content\/uploads\/2025\/04\/maria-jose-perez-alvarez.jpg","contentUrl":"https:\/\/fcou.uvigo.es\/wp-content\/uploads\/2025\/04\/maria-jose-perez-alvarez.jpg"},{"@type":"BreadcrumbList","@id":"https:\/\/fcou.uvigo.es\/es\/facultad\/organos-de-gobierno\/#breadcrumb","itemListElement":[{"@type":"ListItem","position":1,"name":"Facultad","item":"https:\/\/www.fcou.uvigo.es\/es\/facultad\/"},{"@type":"ListItem","position":2,"name":"\u00d3rganos de gobierno"}]},{"@type":"WebSite","@id":"https:\/\/fcou.uvigo.es\/#website","url":"https:\/\/fcou.uvigo.es\/","name":"Facultade de Ciencias da Universidade de Vigo","description":"Sitio web da Facultade de Ciencias","publisher":{"@id":"https:\/\/fcou.uvigo.es\/#organization"},"potentialAction":[{"@type":"SearchAction","target":{"@type":"EntryPoint","urlTemplate":"https:\/\/fcou.uvigo.es\/?s={search_term_string}"},"query-input":{"@type":"PropertyValueSpecification","valueRequired":true,"valueName":"search_term_string"}}],"inLanguage":"es-ES"},{"@type":"Organization","@id":"https:\/\/fcou.uvigo.es\/#organization","name":"Facultade de Ciencias da Universidade de Vigo","url":"https:\/\/fcou.uvigo.es\/","logo":{"@type":"ImageObject","inLanguage":"es-ES","@id":"https:\/\/fcou.uvigo.es\/#\/schema\/logo\/image\/","url":"https:\/\/fcou.uvigo.es\/wp-content\/uploads\/2024\/04\/facultade-ciencias-ourense.png","contentUrl":"https:\/\/fcou.uvigo.es\/wp-content\/uploads\/2024\/04\/facultade-ciencias-ourense.png","width":717,"height":165,"caption":"Facultade de Ciencias da Universidade de Vigo"},"image":{"@id":"https:\/\/fcou.uvigo.es\/#\/schema\/logo\/image\/"}}]}},"_links":{"self":[{"href":"https:\/\/fcou.uvigo.es\/es\/wp-json\/wp\/v2\/pages\/2097"}],"collection":[{"href":"https:\/\/fcou.uvigo.es\/es\/wp-json\/wp\/v2\/pages"}],"about":[{"href":"https:\/\/fcou.uvigo.es\/es\/wp-json\/wp\/v2\/types\/page"}],"author":[{"embeddable":true,"href":"https:\/\/fcou.uvigo.es\/es\/wp-json\/wp\/v2\/users\/8"}],"replies":[{"embeddable":true,"href":"https:\/\/fcou.uvigo.es\/es\/wp-json\/wp\/v2\/comments?post=2097"}],"version-history":[{"count":24,"href":"https:\/\/fcou.uvigo.es\/es\/wp-json\/wp\/v2\/pages\/2097\/revisions"}],"predecessor-version":[{"id":270285,"href":"https:\/\/fcou.uvigo.es\/es\/wp-json\/wp\/v2\/pages\/2097\/revisions\/270285"}],"up":[{"embeddable":true,"href":"https:\/\/fcou.uvigo.es\/es\/wp-json\/wp\/v2\/pages\/2094"}],"wp:attachment":[{"href":"https:\/\/fcou.uvigo.es\/es\/wp-json\/wp\/v2\/media?parent=2097"}],"curies":[{"name":"wp","href":"https:\/\/api.w.org\/{rel}","templated":true}]}}