{"id":2107,"date":"2013-11-16T00:00:00","date_gmt":"2013-11-15T23:00:00","guid":{"rendered":"http:\/\/fcce.webs.uvigo.es\/facultade\/persoal-de-administracion-e-servizos\/"},"modified":"2025-12-19T13:36:25","modified_gmt":"2025-12-19T12:36:25","slug":"personal-de-administracion-y-servicios","status":"publish","type":"page","link":"https:\/\/fcou.uvigo.es\/es\/facultad\/personal-de-administracion-y-servicios\/","title":{"rendered":"Personal de Administraci\u00f3n y Servicios"},"content":{"rendered":"<h3>Secretar\u00eda del decanato<\/h3>\n<table style=\"margin-left: 0px;\" cellspacing=\"0\" cellpadding=\"0\">\n<thead>\n<tr>\n<th style=\"width: 40%;\">Nombre<\/th>\n<th style=\"width: 33%;\">Cargo<\/th>\n<th style=\"width: 20%;\">Tel\u00e9fono<\/th>\n<th style=\"width: 7%;\">Email<\/th>\n<\/tr>\n<\/thead>\n<tbody>\n<tr>\n<td>M\u00aa del Pilar Paula Cima<\/td>\n<td>Jefa de negociado<\/td>\n<td>988 387 063<\/td>\n<td><a title=\"sdefco@uvigo.es\" href=\"mailto:sdefco@uvigo.es\"><span class=\"sr-only\">sdefco@uvigo.es<\/span><i class=\"fa fa-envelope-o\"><\/i><\/a><\/td>\n<\/tr>\n<\/tbody>\n<\/table>\n<p>&nbsp;<\/p>\n<h3>\u00c1rea Acad\u00e9mica<\/h3>\n<h4>\u00c1rea de estudios de grado (FCOU, ESEI &amp; AERO)<\/h4>\n<table style=\"margin-left: 0px;\" cellspacing=\"0\" cellpadding=\"0\">\n<thead>\n<tr>\n<th style=\"width: 40%;\">Nombre<\/th>\n<th style=\"width: 33%;\">Cargo<\/th>\n<th style=\"width: 20%;\">Tel\u00e9fono<\/th>\n<th style=\"width: 7%;\">Email<\/th>\n<\/tr>\n<\/thead>\n<tbody>\n<tr>\n<td>Benedicta Exp\u00f3sito Gonz\u00e1lez<\/td>\n<td>Jefa de \u00e1rea<\/td>\n<td>988 387 004<\/td>\n<td><a title=\"xacinfa@uvigo.es\" href=\"mailto:xacinfa@uvigo.es\"><span class=\"sr-only\">xacinfa@uvigo.es<\/span><i class=\"fa fa-envelope-o\"><\/i><\/a><\/td>\n<\/tr>\n<tr>\n<td>Isabel Freire Corbal<\/td>\n<td>Jefa de negociado<\/td>\n<td>988 387 003<\/td>\n<td><a title=\"xncinfa@uvigo.es\" href=\"mailto:xncinfa@uvigo.es\"><span class=\"sr-only\">xncinfa@uvigo.es<\/span><i class=\"fa fa-envelope-o\"><\/i><\/a><\/td>\n<\/tr>\n<tr>\n<td>Josefa Rodr\u00edguez Bouzas<\/td>\n<td>Posto base<\/td>\n<td>988 387 003<\/td>\n<td><a title=\"pbcinfa@uvigo.es\" href=\"mailto:pbcinfa@uvigo.es\"><span class=\"sr-only\">pbcinfa@uvigo.es<\/span><i class=\"fa fa-envelope-o\"><\/i><\/a><\/td>\n<\/tr>\n<\/tbody>\n<\/table>\n<p>&nbsp;<\/p>\n<h4>\u00c1rea de estudios de m\u00e1ster y doctorado<\/h4>\n<table style=\"margin-left: 0px;\" cellspacing=\"0\" cellpadding=\"0\">\n<thead>\n<tr>\n<th style=\"width: 40%;\">Nombre<\/th>\n<th style=\"width: 33%;\">Cargo<\/th>\n<th style=\"width: 20%;\">Tel\u00e9fono<\/th>\n<th style=\"width: 7%;\">Email<\/th>\n<\/tr>\n<\/thead>\n<tbody>\n<tr>\n<td>Elsa L\u00f3pez Jorge<\/td>\n<td>Jefa de \u00e1rea<\/td>\n<td>988 368 803<\/td>\n<td><a title=\"xacfceou@uvigo.es\" href=\"mailto:xacfceou@uvigo.es\"><span class=\"sr-only\">xacfceou@uvigo.es<\/span><i class=\"fa fa-envelope-o\"><\/i><\/a><\/td>\n<\/tr>\n<tr>\n<td>Milagros \u00c1lvarez Souto<\/td>\n<td>Jefa de negociado<\/td>\n<td>988 368 910<\/td>\n<td><a title=\"posgraofco@uvigo.es\" href=\"mailto:posgraofco@uvigo.es\"><span class=\"sr-only\">posgraofco@uvigo.es<\/span><i class=\"fa fa-envelope-o\"><\/i><\/a><\/td>\n<\/tr>\n<tr>\n<td>Ana L\u00f3pez V\u00e1zquez<\/td>\n<td>Puesto base<\/td>\n<td>988 368 909<\/td>\n<td><a title=\"posgraofco@uvigo.es\" href=\"mailto:posgraofco@uvigo.es\"><span class=\"sr-only\">posgraofco@uvigo.es<\/span><i class=\"fa fa-envelope-o\"><\/i><\/a><\/td>\n<\/tr>\n<\/tbody>\n<\/table>\n<p>&nbsp;<\/p>\n<h3>Area de Apoyo a la Gesti\u00f3n de Centros y Departamentos<\/h3>\n<table style=\"margin-left: 0px;\" cellspacing=\"0\" cellpadding=\"0\">\n<thead>\n<tr>\n<th style=\"width: 40%;\">Nombre<\/th>\n<th style=\"width: 33%;\">Cargo<\/th>\n<th style=\"width: 20%;\">Tel\u00e9fono<\/th>\n<th style=\"width: 7%;\">Email<\/th>\n<\/tr>\n<\/thead>\n<tbody>\n<tr>\n<td>Josefina T. Cadilla Lomba<\/td>\n<td>Jefa de \u00e1rea<\/td>\n<td>988 387 104<\/td>\n<td><a title=\"xacedou@uvigo.es\" href=\"mailto:xacedou@uvigo.es\"><span class=\"sr-only\">xacedou@uvigo.es<\/span><i class=\"fa fa-envelope-o\"><\/i><\/a><\/td>\n<\/tr>\n<tr>\n<td>Rosa Guerra G\u00f3mez<\/td>\n<td>Jefa de negociado<\/td>\n<td>988 387 038<\/td>\n<td><a title=\"xncedou03@uvigo.es\" href=\"mailto:xncedou03@uvigo.es\"><span class=\"sr-only\">xncedou03@uvigo.es<\/span><i class=\"fa fa-envelope-o\"><\/i><\/a><\/td>\n<\/tr>\n<tr>\n<td>Alicia Gonz\u00e1lez Novoa<\/td>\n<td>Jefa de negociado<\/td>\n<td>988 387 038<\/td>\n<td><a title=\"xncedou04@uvigo.es\" href=\"mailto:xncedou04@uvigo.es\"><span class=\"sr-only\">xncedou04@uvigo.es<\/span><i class=\"fa fa-envelope-o\"><\/i><\/a><\/td>\n<\/tr>\n<\/tbody>\n<\/table>\n<p>&nbsp;<\/p>\n<h3>Personal T\u00e9cnico de Laboratorio<\/h3>\n<p>&nbsp;<\/p>\n<table style=\"margin-left: 0px;\" cellspacing=\"0\" cellpadding=\"0\">\n<thead>\n<tr>\n<th style=\"width: 40%;\">Nombre<\/th>\n<th style=\"width: 33%;\">Cargo<\/th>\n<th style=\"width: 20%;\">Tel\u00e9fono<\/th>\n<th style=\"width: 7%;\">Email<\/th>\n<\/tr>\n<\/thead>\n<tbody>\n<tr>\n<td>Alda Alonso Rodr\u00edguez<\/td>\n<td>T.E. An\u00e1lisis de los alimentos<\/td>\n<td>988 387 085<\/td>\n<td><a title=\"alda@uvigo.es\" href=\"mailto:alda@uvigo.es\"><span class=\"sr-only\">alda@uvigo.es<\/span><i class=\"fa fa-envelope-o\"><\/i><\/a><\/td>\n<\/tr>\n<tr>\n<td>Miguel Angel Garc\u00eda Barros<\/td>\n<td>T.E. Laboratorio de Qu\u00edmica<\/td>\n<td>988 387 083<\/td>\n<td><a title=\"michel@uvigo.es\" href=\"mailto:michel@uvigo.es\"><span class=\"sr-only\">michel@uvigo.es<\/span><i class=\"fa fa-envelope-o\"><\/i><\/a><\/td>\n<\/tr>\n<\/tbody>\n<\/table>\n<p>&nbsp;<\/p>\n<h3>\u00c1rea de Servicios Generales (Conserjer\u00eda)<\/h3>\n<p><strong>Turno de ma\u00f1ana<\/strong><\/p>\n<table style=\"margin-left: 0px;\" cellspacing=\"0\" cellpadding=\"0\">\n<thead>\n<tr>\n<th style=\"width: 40%;\">Nombre<\/th>\n<th style=\"width: 33%;\">Cargo<\/th>\n<th style=\"width: 20%;\">Tel\u00e9fono<\/th>\n<th style=\"width: 7%;\">Email<\/th>\n<\/tr>\n<\/thead>\n<tbody>\n<tr>\n<td>Antonio Quintas Fern\u00e1ndez<\/td>\n<td>T\u00e9cnico Especialista<\/td>\n<td>988 387 000<\/td>\n<td><a title=\"politecnico@uvigo.es\" href=\"mailto:politecnico@uvigo.es\"><span class=\"sr-only\">politecnico@uvigo.es<\/span><i class=\"fa fa-envelope-o\"><\/i><\/a><\/td>\n<\/tr>\n<tr>\n<td>Carlos Romero Casal<\/td>\n<td>Auxiliar T\u00e9cnico<\/td>\n<td>988 387 000<\/td>\n<td><a title=\"politecnico@uvigo.es\" href=\"mailto:politecnico@uvigo.es\"><span class=\"sr-only\">politecnico@uvigo.es<\/span><i class=\"fa fa-envelope-o\"><\/i><\/a><\/td>\n<\/tr>\n<tr>\n<td><span data-olk-copy-source=\"MessageBody\">Pablo Alejo Brancati Alves<\/span><\/td>\n<td>Auxiliar T\u00e9cnico<\/td>\n<td>988 387 000<\/td>\n<td><a title=\"politecnico@uvigo.es\" href=\"mailto:politecnico@uvigo.es\"><span class=\"sr-only\">politecnico@uvigo.es<\/span><i class=\"fa fa-envelope-o\"><\/i><\/a><\/td>\n<\/tr>\n<\/tbody>\n<\/table>\n<p><strong>Turno de tarde<\/strong><\/p>\n<table style=\"margin-left: 0px;\" cellspacing=\"0\" cellpadding=\"0\">\n<thead>\n<tr>\n<th style=\"width: 40%;\">Nombre<\/th>\n<th style=\"width: 33%;\">Cargo<\/th>\n<th style=\"width: 20%;\">Tel\u00e9fono<\/th>\n<th style=\"width: 7%;\">Email<\/th>\n<\/tr>\n<\/thead>\n<tbody>\n<tr>\n<td><span data-olk-copy-source=\"MessageBody\">Eladio Rodr\u00edguez P\u00e9rez<\/span><\/td>\n<td>Auxiliar T\u00e9cnico<\/td>\n<td>988 387 000<\/td>\n<td><a title=\"politecnico@uvigo.es\" href=\"mailto:politecnico@uvigo.es\"><span class=\"sr-only\">politecnico@uvigo.es<\/span><i class=\"fa fa-envelope-o\"><\/i><\/a><\/td>\n<\/tr>\n<tr>\n<td><span data-olk-copy-source=\"MessageBody\">Jos\u00e9 Manuel Fern\u00e1ndez Rodr\u00edguez<\/span><\/td>\n<td>Auxiliar T\u00e9cnico<\/td>\n<td>988 387 000<\/td>\n<td><a title=\"politecnico@uvigo.es\" href=\"mailto:politecnico@uvigo.es\"><span class=\"sr-only\">politecnico@uvigo.es<\/span><i class=\"fa fa-envelope-o\"><\/i><\/a><\/td>\n<\/tr>\n<\/tbody>\n<\/table>\n<p>&nbsp;<\/p>\n<h3>\u00c1rea Econ\u00f3mica<\/h3>\n<table style=\"margin-left: 0px;\" cellspacing=\"0\" cellpadding=\"0\">\n<thead>\n<tr>\n<th style=\"width: 40%;\">Nombre<\/th>\n<th style=\"width: 33%;\">Cargo<\/th>\n<th style=\"width: 20%;\">Tel\u00e9fono<\/th>\n<th style=\"width: 7%;\">Email<\/th>\n<\/tr>\n<\/thead>\n<tbody>\n<tr>\n<td>Responsable de AA.EE.<\/td>\n<td>Jefa de negociado<\/td>\n<td>988 387 106<\/td>\n<td><a title=\"aefco@uvigo.es\" href=\"mailto:aefco@uvigo.es\"><span class=\"sr-only\">aefco@uvigo.es<\/span><i class=\"fa fa-envelope-o\"><\/i><\/a><\/td>\n<\/tr>\n<\/tbody>\n<\/table>\n<p>&nbsp;<\/p>\n<h3>Administraci\u00f3n del Campus de Ourense<\/h3>\n<table style=\"margin-left: 0px;\" cellspacing=\"0\" cellpadding=\"0\">\n<thead>\n<tr>\n<th style=\"width: 40%;\">Nombre<\/th>\n<th style=\"width: 33%;\">Cargo<\/th>\n<th style=\"width: 20%;\">Tel\u00e9fono<\/th>\n<th style=\"width: 7%;\">Email<\/th>\n<\/tr>\n<\/thead>\n<tbody>\n<tr>\n<td><span data-olk-copy-source=\"MessageBody\">Ana Mar\u00eda Rodr\u00edguez Rodr\u00edguez<\/span><\/td>\n<td>Administradora<\/td>\n<td>988 387 257<\/td>\n<td><a title=\"admnorou@uvigo.es\" href=\"mailto:admnorou@uvigo.es\"><span class=\"sr-only\">admnorou@uvigo.es<\/span><i class=\"fa fa-envelope-o\"><\/i><\/a><\/td>\n<\/tr>\n<\/tbody>\n<\/table>\n","protected":false},"excerpt":{"rendered":"<p>Secretar\u00eda del decanato Nombre Cargo Tel\u00e9fono Email M\u00aa del Pilar Paula Cima Jefa de negociado 988 387 063 sdefco@uvigo.es &nbsp; \u00c1rea Acad\u00e9mica \u00c1rea de estudios &hellip; <a class=\"excerpt_more\" href=\"https:\/\/fcou.uvigo.es\/es\/facultad\/personal-de-administracion-y-servicios\/\">Contin\u00faa<\/a><\/p>\n","protected":false},"author":8,"featured_media":0,"parent":2094,"menu_order":7,"comment_status":"closed","ping_status":"closed","template":"","meta":{"_acf_changed":false,"footnotes":""},"acf":[],"yoast_head":"<title>Personal de Administraci\u00f3n y Servicios | Facultade de Ciencias<\/title>\n<meta name=\"robots\" content=\"index, follow, max-snippet:-1, max-image-preview:large, max-video-preview:-1\" \/>\n<link rel=\"canonical\" href=\"https:\/\/www.fcou.uvigo.es\/es\/facultad\/personal-de-administracion-y-servicios\/\" \/>\n<meta property=\"og:locale\" content=\"es_ES\" \/>\n<meta property=\"og:type\" content=\"article\" \/>\n<meta property=\"og:title\" content=\"Personal de Administraci\u00f3n y Servicios | Facultade de Ciencias\" \/>\n<meta property=\"og:description\" content=\"Secretar\u00eda del decanato Nombre Cargo Tel\u00e9fono Email M\u00aa del Pilar Paula Cima Jefa de negociado 988 387 063 sdefco@uvigo.es &nbsp; \u00c1rea Acad\u00e9mica \u00c1rea de estudios &hellip; Contin\u00faa\" \/>\n<meta property=\"og:url\" content=\"https:\/\/www.fcou.uvigo.es\/es\/facultad\/personal-de-administracion-y-servicios\/\" \/>\n<meta property=\"og:site_name\" content=\"Facultade de Ciencias\" \/>\n<meta property=\"article:modified_time\" content=\"2025-12-19T12:36:25+00:00\" \/>\n<meta name=\"twitter:card\" content=\"summary_large_image\" \/>\n<meta name=\"twitter:label1\" content=\"Est. reading time\" \/>\n\t<meta name=\"twitter:data1\" content=\"2 minutes\" \/>\n<script type=\"application\/ld+json\" class=\"yoast-schema-graph\">{\"@context\":\"https:\/\/schema.org\",\"@graph\":[{\"@type\":\"WebPage\",\"@id\":\"https:\/\/www.fcou.uvigo.es\/es\/facultad\/personal-de-administracion-y-servicios\/\",\"url\":\"https:\/\/www.fcou.uvigo.es\/es\/facultad\/personal-de-administracion-y-servicios\/\",\"name\":\"Personal de Administraci\u00f3n y Servicios | Facultade de Ciencias\",\"isPartOf\":{\"@id\":\"https:\/\/fcou.uvigo.es\/#website\"},\"datePublished\":\"2013-11-15T23:00:00+00:00\",\"dateModified\":\"2025-12-19T12:36:25+00:00\",\"breadcrumb\":{\"@id\":\"https:\/\/www.fcou.uvigo.es\/es\/facultad\/personal-de-administracion-y-servicios\/#breadcrumb\"},\"inLanguage\":\"es-ES\",\"potentialAction\":[{\"@type\":\"ReadAction\",\"target\":[\"https:\/\/www.fcou.uvigo.es\/es\/facultad\/personal-de-administracion-y-servicios\/\"]}]},{\"@type\":\"BreadcrumbList\",\"@id\":\"https:\/\/www.fcou.uvigo.es\/es\/facultad\/personal-de-administracion-y-servicios\/#breadcrumb\",\"itemListElement\":[{\"@type\":\"ListItem\",\"position\":1,\"name\":\"Facultad\",\"item\":\"https:\/\/www.fcou.uvigo.es\/es\/facultad\/\"},{\"@type\":\"ListItem\",\"position\":2,\"name\":\"Personal de Administraci\u00f3n y Servicios\"}]},{\"@type\":\"WebSite\",\"@id\":\"https:\/\/fcou.uvigo.es\/#website\",\"url\":\"https:\/\/fcou.uvigo.es\/\",\"name\":\"Facultade de Ciencias da Universidade de Vigo\",\"description\":\"Sitio web da Facultade de Ciencias\",\"publisher\":{\"@id\":\"https:\/\/fcou.uvigo.es\/#organization\"},\"potentialAction\":[{\"@type\":\"SearchAction\",\"target\":{\"@type\":\"EntryPoint\",\"urlTemplate\":\"https:\/\/fcou.uvigo.es\/?s={search_term_string}\"},\"query-input\":{\"@type\":\"PropertyValueSpecification\",\"valueRequired\":true,\"valueName\":\"search_term_string\"}}],\"inLanguage\":\"es-ES\"},{\"@type\":\"Organization\",\"@id\":\"https:\/\/fcou.uvigo.es\/#organization\",\"name\":\"Facultade de Ciencias da Universidade de Vigo\",\"url\":\"https:\/\/fcou.uvigo.es\/\",\"logo\":{\"@type\":\"ImageObject\",\"inLanguage\":\"es-ES\",\"@id\":\"https:\/\/fcou.uvigo.es\/#\/schema\/logo\/image\/\",\"url\":\"https:\/\/fcou.uvigo.es\/wp-content\/uploads\/2024\/04\/facultade-ciencias-ourense.png\",\"contentUrl\":\"https:\/\/fcou.uvigo.es\/wp-content\/uploads\/2024\/04\/facultade-ciencias-ourense.png\",\"width\":717,\"height\":165,\"caption\":\"Facultade de Ciencias da Universidade de Vigo\"},\"image\":{\"@id\":\"https:\/\/fcou.uvigo.es\/#\/schema\/logo\/image\/\"}}]}<\/script>","yoast_head_json":{"title":"Personal de Administraci\u00f3n y Servicios | Facultade de Ciencias","robots":{"index":"index","follow":"follow","max-snippet":"max-snippet:-1","max-image-preview":"max-image-preview:large","max-video-preview":"max-video-preview:-1"},"canonical":"https:\/\/www.fcou.uvigo.es\/es\/facultad\/personal-de-administracion-y-servicios\/","og_locale":"es_ES","og_type":"article","og_title":"Personal de Administraci\u00f3n y Servicios | Facultade de Ciencias","og_description":"Secretar\u00eda del decanato Nombre Cargo Tel\u00e9fono Email M\u00aa del Pilar Paula Cima Jefa de negociado 988 387 063 sdefco@uvigo.es &nbsp; \u00c1rea Acad\u00e9mica \u00c1rea de estudios &hellip; Contin\u00faa","og_url":"https:\/\/www.fcou.uvigo.es\/es\/facultad\/personal-de-administracion-y-servicios\/","og_site_name":"Facultade de Ciencias","article_modified_time":"2025-12-19T12:36:25+00:00","twitter_card":"summary_large_image","twitter_misc":{"Est. reading time":"2 minutes"},"schema":{"@context":"https:\/\/schema.org","@graph":[{"@type":"WebPage","@id":"https:\/\/www.fcou.uvigo.es\/es\/facultad\/personal-de-administracion-y-servicios\/","url":"https:\/\/www.fcou.uvigo.es\/es\/facultad\/personal-de-administracion-y-servicios\/","name":"Personal de Administraci\u00f3n y Servicios | Facultade de Ciencias","isPartOf":{"@id":"https:\/\/fcou.uvigo.es\/#website"},"datePublished":"2013-11-15T23:00:00+00:00","dateModified":"2025-12-19T12:36:25+00:00","breadcrumb":{"@id":"https:\/\/www.fcou.uvigo.es\/es\/facultad\/personal-de-administracion-y-servicios\/#breadcrumb"},"inLanguage":"es-ES","potentialAction":[{"@type":"ReadAction","target":["https:\/\/www.fcou.uvigo.es\/es\/facultad\/personal-de-administracion-y-servicios\/"]}]},{"@type":"BreadcrumbList","@id":"https:\/\/www.fcou.uvigo.es\/es\/facultad\/personal-de-administracion-y-servicios\/#breadcrumb","itemListElement":[{"@type":"ListItem","position":1,"name":"Facultad","item":"https:\/\/www.fcou.uvigo.es\/es\/facultad\/"},{"@type":"ListItem","position":2,"name":"Personal de Administraci\u00f3n y Servicios"}]},{"@type":"WebSite","@id":"https:\/\/fcou.uvigo.es\/#website","url":"https:\/\/fcou.uvigo.es\/","name":"Facultade de Ciencias da Universidade de Vigo","description":"Sitio web da Facultade de Ciencias","publisher":{"@id":"https:\/\/fcou.uvigo.es\/#organization"},"potentialAction":[{"@type":"SearchAction","target":{"@type":"EntryPoint","urlTemplate":"https:\/\/fcou.uvigo.es\/?s={search_term_string}"},"query-input":{"@type":"PropertyValueSpecification","valueRequired":true,"valueName":"search_term_string"}}],"inLanguage":"es-ES"},{"@type":"Organization","@id":"https:\/\/fcou.uvigo.es\/#organization","name":"Facultade de Ciencias da Universidade de Vigo","url":"https:\/\/fcou.uvigo.es\/","logo":{"@type":"ImageObject","inLanguage":"es-ES","@id":"https:\/\/fcou.uvigo.es\/#\/schema\/logo\/image\/","url":"https:\/\/fcou.uvigo.es\/wp-content\/uploads\/2024\/04\/facultade-ciencias-ourense.png","contentUrl":"https:\/\/fcou.uvigo.es\/wp-content\/uploads\/2024\/04\/facultade-ciencias-ourense.png","width":717,"height":165,"caption":"Facultade de Ciencias da Universidade de Vigo"},"image":{"@id":"https:\/\/fcou.uvigo.es\/#\/schema\/logo\/image\/"}}]}},"_links":{"self":[{"href":"https:\/\/fcou.uvigo.es\/es\/wp-json\/wp\/v2\/pages\/2107"}],"collection":[{"href":"https:\/\/fcou.uvigo.es\/es\/wp-json\/wp\/v2\/pages"}],"about":[{"href":"https:\/\/fcou.uvigo.es\/es\/wp-json\/wp\/v2\/types\/page"}],"author":[{"embeddable":true,"href":"https:\/\/fcou.uvigo.es\/es\/wp-json\/wp\/v2\/users\/8"}],"replies":[{"embeddable":true,"href":"https:\/\/fcou.uvigo.es\/es\/wp-json\/wp\/v2\/comments?post=2107"}],"version-history":[{"count":25,"href":"https:\/\/fcou.uvigo.es\/es\/wp-json\/wp\/v2\/pages\/2107\/revisions"}],"predecessor-version":[{"id":270276,"href":"https:\/\/fcou.uvigo.es\/es\/wp-json\/wp\/v2\/pages\/2107\/revisions\/270276"}],"up":[{"embeddable":true,"href":"https:\/\/fcou.uvigo.es\/es\/wp-json\/wp\/v2\/pages\/2094"}],"wp:attachment":[{"href":"https:\/\/fcou.uvigo.es\/es\/wp-json\/wp\/v2\/media?parent=2107"}],"curies":[{"name":"wp","href":"https:\/\/api.w.org\/{rel}","templated":true}]}}