{"id":2113,"date":"2015-05-10T17:51:00","date_gmt":"2015-05-10T15:51:00","guid":{"rendered":"http:\/\/fcce.webs.uvigo.es\/facultade\/plan-de-autoproteccion\/"},"modified":"2024-02-15T11:05:54","modified_gmt":"2024-02-15T10:05:54","slug":"plan-de-autoproteccion","status":"publish","type":"page","link":"https:\/\/fcou.uvigo.es\/es\/facultad\/plan-de-autoproteccion\/","title":{"rendered":"Prevenci\u00f3n de Riesgos Laborales"},"content":{"rendered":"<p>El Plan de Autoprotecci\u00f3n es el documento que establece el marco org\u00e1nico y funcional disponible en el Edificio Polit\u00e9cnico (que engloba la Facultad de Ciencias y la Escuela de Ingenier\u00eda Inform\u00e1tica), con el objetivo de prevenir y controlar los riesgos sobre las personas y los bienes as\u00ed como para dar una respuesta adecuada a las situaciones de emergencia en la misma y garantizar la integraci\u00f3n con el sistema p\u00fablico de Protecci\u00f3n Civil.<\/p>\n<p>El Plan de Autoprotecci\u00f3n aborda la identificaci\u00f3n y evaluaci\u00f3n de riesgos as\u00ed como las medidas de protecci\u00f3n y otras actuaciones a adoptar en caso de emergencia.<\/p>\n<p><i class=\"fa fa-file-pdf-o\"><\/i> <a href=\"\/images\/docs\/facultade\/prl\/Plan_de_autoproteccion.pdf\" target=\"_blank\" rel=\"noopener noreferrer\">Plan de Autoprotecci\u00f3n del Edificio Polit\u00e9cnico<\/a><\/p>\n<p>&nbsp;<\/p>\n<p><strong>Documentaci\u00f3n<\/strong><\/p>\n<ul class=\"list-peak\" style=\"margin-top: 10px;\">\n<li><a href=\"\/images\/docs\/facultade\/prl\/protocolo_actuacion_emergencia.pdf\" target=\"_blank\" rel=\"noopener noreferrer\">Protocolo de actuaci\u00f3n en caso de emergencia<\/a><\/li>\n<li><a href=\"\/images\/docs\/facultade\/prl\/punto_reunion_emergencia.pdf\" target=\"_blank\" rel=\"noopener noreferrer\">Punto de reuni\u00f3n en caso de emergencia &#8211; Edificio Polit\u00e9cnico<\/a><\/li>\n<\/ul>\n<p>&nbsp;<\/p>\n<p><strong>Formularios para la gesti\u00f3n de las emergencias<\/strong><\/p>\n<ul class=\"list-peak\" style=\"margin-top: 10px;\">\n<li><a href=\"\/images\/docs\/facultade\/prl\/solicitude_axuda_exterior.pdf\" target=\"_blank\" rel=\"noopener noreferrer\">Solicitud de ayuda exterior<\/a><\/li>\n<li><a href=\"\/images\/docs\/facultade\/prl\/informe_emerxencias.pdf\" target=\"_blank\" rel=\"noopener noreferrer\">Informe de emergencias<\/a><\/li>\n<li><a href=\"\/images\/docs\/facultade\/prl\/informe_ameaza_bomba.pdf\" target=\"_blank\" rel=\"noopener noreferrer\">Informe de amenaza de bomba<\/a><\/li>\n<\/ul>\n","protected":false},"excerpt":{"rendered":"<p>El Plan de Autoprotecci\u00f3n es el documento que establece el marco org\u00e1nico y funcional disponible en el Edificio Polit\u00e9cnico (que engloba la Facultad de Ciencias &hellip; <a class=\"excerpt_more\" href=\"https:\/\/fcou.uvigo.es\/es\/facultad\/plan-de-autoproteccion\/\">Contin\u00faa<\/a><\/p>\n","protected":false},"author":8,"featured_media":0,"parent":2094,"menu_order":12,"comment_status":"closed","ping_status":"closed","template":"","meta":{"_acf_changed":false,"footnotes":""},"acf":[],"yoast_head":"<title>Prevenci\u00f3n de Riesgos Laborales | Facultade de Ciencias<\/title>\n<meta name=\"robots\" content=\"index, follow, max-snippet:-1, max-image-preview:large, max-video-preview:-1\" \/>\n<link rel=\"canonical\" href=\"https:\/\/fcou.uvigo.es\/es\/facultad\/plan-de-autoproteccion\/\" \/>\n<meta property=\"og:locale\" content=\"es_ES\" \/>\n<meta property=\"og:type\" content=\"article\" \/>\n<meta property=\"og:title\" content=\"Prevenci\u00f3n de Riesgos Laborales | Facultade de Ciencias\" \/>\n<meta property=\"og:description\" content=\"El Plan de Autoprotecci\u00f3n es el documento que establece el marco org\u00e1nico y funcional disponible en el Edificio Polit\u00e9cnico (que engloba la Facultad de Ciencias &hellip; Contin\u00faa\" \/>\n<meta property=\"og:url\" content=\"https:\/\/fcou.uvigo.es\/es\/facultad\/plan-de-autoproteccion\/\" \/>\n<meta property=\"og:site_name\" content=\"Facultade de Ciencias\" \/>\n<meta property=\"article:modified_time\" content=\"2024-02-15T10:05:54+00:00\" \/>\n<meta name=\"twitter:card\" content=\"summary_large_image\" \/>\n<meta name=\"twitter:label1\" content=\"Est. reading time\" \/>\n\t<meta name=\"twitter:data1\" content=\"1 minute\" \/>\n<script type=\"application\/ld+json\" class=\"yoast-schema-graph\">{\"@context\":\"https:\/\/schema.org\",\"@graph\":[{\"@type\":\"WebPage\",\"@id\":\"https:\/\/fcou.uvigo.es\/es\/facultad\/plan-de-autoproteccion\/\",\"url\":\"https:\/\/fcou.uvigo.es\/es\/facultad\/plan-de-autoproteccion\/\",\"name\":\"Prevenci\u00f3n de Riesgos Laborales | Facultade de Ciencias\",\"isPartOf\":{\"@id\":\"https:\/\/fcou.uvigo.es\/#website\"},\"datePublished\":\"2015-05-10T15:51:00+00:00\",\"dateModified\":\"2024-02-15T10:05:54+00:00\",\"breadcrumb\":{\"@id\":\"https:\/\/fcou.uvigo.es\/es\/facultad\/plan-de-autoproteccion\/#breadcrumb\"},\"inLanguage\":\"es-ES\",\"potentialAction\":[{\"@type\":\"ReadAction\",\"target\":[\"https:\/\/fcou.uvigo.es\/es\/facultad\/plan-de-autoproteccion\/\"]}]},{\"@type\":\"BreadcrumbList\",\"@id\":\"https:\/\/fcou.uvigo.es\/es\/facultad\/plan-de-autoproteccion\/#breadcrumb\",\"itemListElement\":[{\"@type\":\"ListItem\",\"position\":1,\"name\":\"Facultad\",\"item\":\"https:\/\/www.fcou.uvigo.es\/es\/facultad\/\"},{\"@type\":\"ListItem\",\"position\":2,\"name\":\"Prevenci\u00f3n de Riesgos Laborales\"}]},{\"@type\":\"WebSite\",\"@id\":\"https:\/\/fcou.uvigo.es\/#website\",\"url\":\"https:\/\/fcou.uvigo.es\/\",\"name\":\"Facultade de Ciencias da Universidade de Vigo\",\"description\":\"Sitio web da Facultade de Ciencias\",\"publisher\":{\"@id\":\"https:\/\/fcou.uvigo.es\/#organization\"},\"potentialAction\":[{\"@type\":\"SearchAction\",\"target\":{\"@type\":\"EntryPoint\",\"urlTemplate\":\"https:\/\/fcou.uvigo.es\/?s={search_term_string}\"},\"query-input\":{\"@type\":\"PropertyValueSpecification\",\"valueRequired\":true,\"valueName\":\"search_term_string\"}}],\"inLanguage\":\"es-ES\"},{\"@type\":\"Organization\",\"@id\":\"https:\/\/fcou.uvigo.es\/#organization\",\"name\":\"Facultade de Ciencias da Universidade de Vigo\",\"url\":\"https:\/\/fcou.uvigo.es\/\",\"logo\":{\"@type\":\"ImageObject\",\"inLanguage\":\"es-ES\",\"@id\":\"https:\/\/fcou.uvigo.es\/#\/schema\/logo\/image\/\",\"url\":\"https:\/\/fcou.uvigo.es\/wp-content\/uploads\/2024\/04\/facultade-ciencias-ourense.png\",\"contentUrl\":\"https:\/\/fcou.uvigo.es\/wp-content\/uploads\/2024\/04\/facultade-ciencias-ourense.png\",\"width\":717,\"height\":165,\"caption\":\"Facultade de Ciencias da Universidade de Vigo\"},\"image\":{\"@id\":\"https:\/\/fcou.uvigo.es\/#\/schema\/logo\/image\/\"}}]}<\/script>","yoast_head_json":{"title":"Prevenci\u00f3n de Riesgos Laborales | Facultade de Ciencias","robots":{"index":"index","follow":"follow","max-snippet":"max-snippet:-1","max-image-preview":"max-image-preview:large","max-video-preview":"max-video-preview:-1"},"canonical":"https:\/\/fcou.uvigo.es\/es\/facultad\/plan-de-autoproteccion\/","og_locale":"es_ES","og_type":"article","og_title":"Prevenci\u00f3n de Riesgos Laborales | Facultade de Ciencias","og_description":"El Plan de Autoprotecci\u00f3n es el documento que establece el marco org\u00e1nico y funcional disponible en el Edificio Polit\u00e9cnico (que engloba la Facultad de Ciencias &hellip; Contin\u00faa","og_url":"https:\/\/fcou.uvigo.es\/es\/facultad\/plan-de-autoproteccion\/","og_site_name":"Facultade de Ciencias","article_modified_time":"2024-02-15T10:05:54+00:00","twitter_card":"summary_large_image","twitter_misc":{"Est. reading time":"1 minute"},"schema":{"@context":"https:\/\/schema.org","@graph":[{"@type":"WebPage","@id":"https:\/\/fcou.uvigo.es\/es\/facultad\/plan-de-autoproteccion\/","url":"https:\/\/fcou.uvigo.es\/es\/facultad\/plan-de-autoproteccion\/","name":"Prevenci\u00f3n de Riesgos Laborales | Facultade de Ciencias","isPartOf":{"@id":"https:\/\/fcou.uvigo.es\/#website"},"datePublished":"2015-05-10T15:51:00+00:00","dateModified":"2024-02-15T10:05:54+00:00","breadcrumb":{"@id":"https:\/\/fcou.uvigo.es\/es\/facultad\/plan-de-autoproteccion\/#breadcrumb"},"inLanguage":"es-ES","potentialAction":[{"@type":"ReadAction","target":["https:\/\/fcou.uvigo.es\/es\/facultad\/plan-de-autoproteccion\/"]}]},{"@type":"BreadcrumbList","@id":"https:\/\/fcou.uvigo.es\/es\/facultad\/plan-de-autoproteccion\/#breadcrumb","itemListElement":[{"@type":"ListItem","position":1,"name":"Facultad","item":"https:\/\/www.fcou.uvigo.es\/es\/facultad\/"},{"@type":"ListItem","position":2,"name":"Prevenci\u00f3n de Riesgos Laborales"}]},{"@type":"WebSite","@id":"https:\/\/fcou.uvigo.es\/#website","url":"https:\/\/fcou.uvigo.es\/","name":"Facultade de Ciencias da Universidade de Vigo","description":"Sitio web da Facultade de Ciencias","publisher":{"@id":"https:\/\/fcou.uvigo.es\/#organization"},"potentialAction":[{"@type":"SearchAction","target":{"@type":"EntryPoint","urlTemplate":"https:\/\/fcou.uvigo.es\/?s={search_term_string}"},"query-input":{"@type":"PropertyValueSpecification","valueRequired":true,"valueName":"search_term_string"}}],"inLanguage":"es-ES"},{"@type":"Organization","@id":"https:\/\/fcou.uvigo.es\/#organization","name":"Facultade de Ciencias da Universidade de Vigo","url":"https:\/\/fcou.uvigo.es\/","logo":{"@type":"ImageObject","inLanguage":"es-ES","@id":"https:\/\/fcou.uvigo.es\/#\/schema\/logo\/image\/","url":"https:\/\/fcou.uvigo.es\/wp-content\/uploads\/2024\/04\/facultade-ciencias-ourense.png","contentUrl":"https:\/\/fcou.uvigo.es\/wp-content\/uploads\/2024\/04\/facultade-ciencias-ourense.png","width":717,"height":165,"caption":"Facultade de Ciencias da Universidade de Vigo"},"image":{"@id":"https:\/\/fcou.uvigo.es\/#\/schema\/logo\/image\/"}}]}},"_links":{"self":[{"href":"https:\/\/fcou.uvigo.es\/es\/wp-json\/wp\/v2\/pages\/2113"}],"collection":[{"href":"https:\/\/fcou.uvigo.es\/es\/wp-json\/wp\/v2\/pages"}],"about":[{"href":"https:\/\/fcou.uvigo.es\/es\/wp-json\/wp\/v2\/types\/page"}],"author":[{"embeddable":true,"href":"https:\/\/fcou.uvigo.es\/es\/wp-json\/wp\/v2\/users\/8"}],"replies":[{"embeddable":true,"href":"https:\/\/fcou.uvigo.es\/es\/wp-json\/wp\/v2\/comments?post=2113"}],"version-history":[{"count":9,"href":"https:\/\/fcou.uvigo.es\/es\/wp-json\/wp\/v2\/pages\/2113\/revisions"}],"predecessor-version":[{"id":266579,"href":"https:\/\/fcou.uvigo.es\/es\/wp-json\/wp\/v2\/pages\/2113\/revisions\/266579"}],"up":[{"embeddable":true,"href":"https:\/\/fcou.uvigo.es\/es\/wp-json\/wp\/v2\/pages\/2094"}],"wp:attachment":[{"href":"https:\/\/fcou.uvigo.es\/es\/wp-json\/wp\/v2\/media?parent=2113"}],"curies":[{"name":"wp","href":"https:\/\/api.w.org\/{rel}","templated":true}]}}