{"id":2133,"date":"2015-01-26T16:16:24","date_gmt":"2015-01-26T15:16:24","guid":{"rendered":"http:\/\/fcce.webs.uvigo.es\/estudos\/master-ctcpp\/"},"modified":"2024-06-14T21:56:38","modified_gmt":"2024-06-14T19:56:38","slug":"master-cytaa","status":"publish","type":"page","link":"https:\/\/fcou.uvigo.es\/es\/estudios\/master-cytaa\/","title":{"rendered":"M\u00e1ster en Ciencia y Tecnolog\u00eda Agroalimentaria y Ambiental"},"content":{"rendered":"<p>Este t\u00edtulo pretende proporcionar la base para la formaci\u00f3n de investigadores que desarrollen su actividad de I+D+i en los diversos eslabones de la cadena alimentaria, desde el correcto manejo y conservaci\u00f3n de los recursos naturales y el medio ambiente (fuente de las materias primas) a los \u00faltimos avances en procesado o biotecnolog\u00eda, pasando por la calidad y la seguridad alimentaria, garantizando una formaci\u00f3n integral y multidisciplinar que permita a las personas tituladas desarrollar e implementar nuevas tecnolog\u00edas en el sector agroalimentario, as\u00ed como el desarrollo de nuevos productos y\/o la valorizaci\u00f3n de los que actualmente existen en el mercado.<\/p>\n<p class=\"mb-2\"><a class=\"btn btn-outline-primary btn-icon\" style=\"text-transform: none;\" href=\"https:\/\/fcou.uvigo.es\/es\/estudios\/master-cytaa-2\/\" target=\"_blank\" rel=\"noopener noreferrer\">P\u00e1gina web del T\u00edtulo<\/a><\/p>\n<p>&nbsp;<\/p>\n<h2>Informaci\u00f3n de inter\u00e9s<\/h2>\n<div class=\"row\">\n<div class=\"col-sm-6\">\n<ul class=\"list-peak\">\n<li><strong>Plazas:<\/strong> 30 plazas<\/li>\n<li><strong>Tipo de ense\u00f1anza:<\/strong> semipresencial<\/li>\n<li><strong>Frecuencia de la oferta:<\/strong> anual<\/li>\n<li><strong>Duraci\u00f3n:<\/strong> 60 cr\u00e9ditos ECTS<\/li>\n<\/ul>\n<\/div>\n<div class=\"col-sm-6\">\n<ul class=\"list-peak\">\n<li><a href=\"\/es\/estudiantes\/matricula\/\">Matr\u00edcula<\/a><\/li>\n<li><i class=\"fa fa-globe\"><\/i> <a href=\"https:\/\/secretaria.uvigo.gal\/docnet-nuevo\/guia_docent\/?centre=101&amp;ensenyament=O01M142V01&amp;consulta=assignatures\" target=\"_blank\" rel=\"noopener noreferrer\">Gu\u00edas docentes<\/a><\/li>\n<li>Ficha del T\u00edtulo<\/li>\n<li><i class=\"fa fa-file-pdf-o\"><\/i> <a href=\"https:\/\/sede.educacion.gob.es\/cid\/consultaCID?cid=136221449644765634513961\" target=\"_blank\" rel=\"noopener noreferrer\">Memoria de la Titulaci\u00f3n<\/a><\/li>\n<\/ul>\n<\/div>\n<\/div>\n<p>&nbsp;<\/p>\n<div class=\"row\">\n<div class=\"col-sm-5\">\n<div class=\"custom-block graylight\">\n<h3>Coordinaci\u00f3n<\/h3>\n<p>Mar\u00eda Fern\u00e1ndez Gonz\u00e1lez<br \/>\n+34 988 387 076<br \/>\n<a href=\"mailto:mfgonzalez@uvigo.es\">mfgonzalez@uvigo.es<\/a><\/p>\n<\/div>\n<\/div>\n<div class=\"col-sm-7\">\n<div class=\"custom-block graylight\">\n<h3>Matr\u00edcula<\/h3>\n<p>\u00c1rea de Estudios de Posgrado<br \/>\n988 368 803 | 988 368 910 | 988 368 909<br \/>\n<a href=\"mailto:administracionposgrao.ourense@uvigo.es\">administracionposgrao.ourense@uvigo.es<\/a><\/p>\n<\/div>\n<\/div>\n<\/div>\n","protected":false},"excerpt":{"rendered":"<p>Este t\u00edtulo pretende proporcionar la base para la formaci\u00f3n de investigadores que desarrollen su actividad de I+D+i en los diversos eslabones de la cadena alimentaria, &hellip; <a class=\"excerpt_more\" href=\"https:\/\/fcou.uvigo.es\/es\/estudios\/master-cytaa\/\">Contin\u00faa<\/a><\/p>\n","protected":false},"author":8,"featured_media":0,"parent":2117,"menu_order":5,"comment_status":"closed","ping_status":"closed","template":"","meta":{"_acf_changed":false,"footnotes":""},"acf":[],"yoast_head":"<title>M\u00e1ster en Ciencia y Tecnolog\u00eda Agroalimentaria y Ambiental | Facultade de Ciencias<\/title>\n<meta name=\"robots\" content=\"index, follow, max-snippet:-1, max-image-preview:large, max-video-preview:-1\" \/>\n<link rel=\"canonical\" href=\"https:\/\/fcou.uvigo.es\/es\/estudios\/master-cytaa\/\" \/>\n<meta property=\"og:locale\" content=\"es_ES\" \/>\n<meta property=\"og:type\" content=\"article\" \/>\n<meta property=\"og:title\" content=\"M\u00e1ster en Ciencia y Tecnolog\u00eda Agroalimentaria y Ambiental | Facultade de Ciencias\" \/>\n<meta property=\"og:description\" content=\"Este t\u00edtulo pretende proporcionar la base para la formaci\u00f3n de investigadores que desarrollen su actividad de I+D+i en los diversos eslabones de la cadena alimentaria, &hellip; Contin\u00faa\" \/>\n<meta property=\"og:url\" content=\"https:\/\/fcou.uvigo.es\/es\/estudios\/master-cytaa\/\" \/>\n<meta property=\"og:site_name\" content=\"Facultade de Ciencias\" \/>\n<meta property=\"article:modified_time\" content=\"2024-06-14T19:56:38+00:00\" \/>\n<meta name=\"twitter:card\" content=\"summary_large_image\" \/>\n<meta name=\"twitter:label1\" content=\"Est. reading time\" \/>\n\t<meta name=\"twitter:data1\" content=\"1 minute\" \/>\n<script type=\"application\/ld+json\" class=\"yoast-schema-graph\">{\"@context\":\"https:\/\/schema.org\",\"@graph\":[{\"@type\":\"WebPage\",\"@id\":\"https:\/\/fcou.uvigo.es\/es\/estudios\/master-cytaa\/\",\"url\":\"https:\/\/fcou.uvigo.es\/es\/estudios\/master-cytaa\/\",\"name\":\"M\u00e1ster en Ciencia y Tecnolog\u00eda Agroalimentaria y Ambiental | Facultade de Ciencias\",\"isPartOf\":{\"@id\":\"https:\/\/fcou.uvigo.es\/#website\"},\"datePublished\":\"2015-01-26T15:16:24+00:00\",\"dateModified\":\"2024-06-14T19:56:38+00:00\",\"breadcrumb\":{\"@id\":\"https:\/\/fcou.uvigo.es\/es\/estudios\/master-cytaa\/#breadcrumb\"},\"inLanguage\":\"es-ES\",\"potentialAction\":[{\"@type\":\"ReadAction\",\"target\":[\"https:\/\/fcou.uvigo.es\/es\/estudios\/master-cytaa\/\"]}]},{\"@type\":\"BreadcrumbList\",\"@id\":\"https:\/\/fcou.uvigo.es\/es\/estudios\/master-cytaa\/#breadcrumb\",\"itemListElement\":[{\"@type\":\"ListItem\",\"position\":1,\"name\":\"Estudios\",\"item\":\"https:\/\/fcou.uvigo.es\/es\/estudios\/\"},{\"@type\":\"ListItem\",\"position\":2,\"name\":\"M\u00e1ster en Ciencia y Tecnolog\u00eda Agroalimentaria y Ambiental\"}]},{\"@type\":\"WebSite\",\"@id\":\"https:\/\/fcou.uvigo.es\/#website\",\"url\":\"https:\/\/fcou.uvigo.es\/\",\"name\":\"Facultade de Ciencias da Universidade de Vigo\",\"description\":\"Sitio web da Facultade de Ciencias\",\"publisher\":{\"@id\":\"https:\/\/fcou.uvigo.es\/#organization\"},\"potentialAction\":[{\"@type\":\"SearchAction\",\"target\":{\"@type\":\"EntryPoint\",\"urlTemplate\":\"https:\/\/fcou.uvigo.es\/?s={search_term_string}\"},\"query-input\":{\"@type\":\"PropertyValueSpecification\",\"valueRequired\":true,\"valueName\":\"search_term_string\"}}],\"inLanguage\":\"es-ES\"},{\"@type\":\"Organization\",\"@id\":\"https:\/\/fcou.uvigo.es\/#organization\",\"name\":\"Facultade de Ciencias da Universidade de Vigo\",\"url\":\"https:\/\/fcou.uvigo.es\/\",\"logo\":{\"@type\":\"ImageObject\",\"inLanguage\":\"es-ES\",\"@id\":\"https:\/\/fcou.uvigo.es\/#\/schema\/logo\/image\/\",\"url\":\"https:\/\/fcou.uvigo.es\/wp-content\/uploads\/2024\/04\/facultade-ciencias-ourense.png\",\"contentUrl\":\"https:\/\/fcou.uvigo.es\/wp-content\/uploads\/2024\/04\/facultade-ciencias-ourense.png\",\"width\":717,\"height\":165,\"caption\":\"Facultade de Ciencias da Universidade de Vigo\"},\"image\":{\"@id\":\"https:\/\/fcou.uvigo.es\/#\/schema\/logo\/image\/\"}}]}<\/script>","yoast_head_json":{"title":"M\u00e1ster en Ciencia y Tecnolog\u00eda Agroalimentaria y Ambiental | Facultade de Ciencias","robots":{"index":"index","follow":"follow","max-snippet":"max-snippet:-1","max-image-preview":"max-image-preview:large","max-video-preview":"max-video-preview:-1"},"canonical":"https:\/\/fcou.uvigo.es\/es\/estudios\/master-cytaa\/","og_locale":"es_ES","og_type":"article","og_title":"M\u00e1ster en Ciencia y Tecnolog\u00eda Agroalimentaria y Ambiental | Facultade de Ciencias","og_description":"Este t\u00edtulo pretende proporcionar la base para la formaci\u00f3n de investigadores que desarrollen su actividad de I+D+i en los diversos eslabones de la cadena alimentaria, &hellip; Contin\u00faa","og_url":"https:\/\/fcou.uvigo.es\/es\/estudios\/master-cytaa\/","og_site_name":"Facultade de Ciencias","article_modified_time":"2024-06-14T19:56:38+00:00","twitter_card":"summary_large_image","twitter_misc":{"Est. reading time":"1 minute"},"schema":{"@context":"https:\/\/schema.org","@graph":[{"@type":"WebPage","@id":"https:\/\/fcou.uvigo.es\/es\/estudios\/master-cytaa\/","url":"https:\/\/fcou.uvigo.es\/es\/estudios\/master-cytaa\/","name":"M\u00e1ster en Ciencia y Tecnolog\u00eda Agroalimentaria y Ambiental | Facultade de Ciencias","isPartOf":{"@id":"https:\/\/fcou.uvigo.es\/#website"},"datePublished":"2015-01-26T15:16:24+00:00","dateModified":"2024-06-14T19:56:38+00:00","breadcrumb":{"@id":"https:\/\/fcou.uvigo.es\/es\/estudios\/master-cytaa\/#breadcrumb"},"inLanguage":"es-ES","potentialAction":[{"@type":"ReadAction","target":["https:\/\/fcou.uvigo.es\/es\/estudios\/master-cytaa\/"]}]},{"@type":"BreadcrumbList","@id":"https:\/\/fcou.uvigo.es\/es\/estudios\/master-cytaa\/#breadcrumb","itemListElement":[{"@type":"ListItem","position":1,"name":"Estudios","item":"https:\/\/fcou.uvigo.es\/es\/estudios\/"},{"@type":"ListItem","position":2,"name":"M\u00e1ster en Ciencia y Tecnolog\u00eda Agroalimentaria y Ambiental"}]},{"@type":"WebSite","@id":"https:\/\/fcou.uvigo.es\/#website","url":"https:\/\/fcou.uvigo.es\/","name":"Facultade de Ciencias da Universidade de Vigo","description":"Sitio web da Facultade de Ciencias","publisher":{"@id":"https:\/\/fcou.uvigo.es\/#organization"},"potentialAction":[{"@type":"SearchAction","target":{"@type":"EntryPoint","urlTemplate":"https:\/\/fcou.uvigo.es\/?s={search_term_string}"},"query-input":{"@type":"PropertyValueSpecification","valueRequired":true,"valueName":"search_term_string"}}],"inLanguage":"es-ES"},{"@type":"Organization","@id":"https:\/\/fcou.uvigo.es\/#organization","name":"Facultade de Ciencias da Universidade de Vigo","url":"https:\/\/fcou.uvigo.es\/","logo":{"@type":"ImageObject","inLanguage":"es-ES","@id":"https:\/\/fcou.uvigo.es\/#\/schema\/logo\/image\/","url":"https:\/\/fcou.uvigo.es\/wp-content\/uploads\/2024\/04\/facultade-ciencias-ourense.png","contentUrl":"https:\/\/fcou.uvigo.es\/wp-content\/uploads\/2024\/04\/facultade-ciencias-ourense.png","width":717,"height":165,"caption":"Facultade de Ciencias da Universidade de Vigo"},"image":{"@id":"https:\/\/fcou.uvigo.es\/#\/schema\/logo\/image\/"}}]}},"_links":{"self":[{"href":"https:\/\/fcou.uvigo.es\/es\/wp-json\/wp\/v2\/pages\/2133"}],"collection":[{"href":"https:\/\/fcou.uvigo.es\/es\/wp-json\/wp\/v2\/pages"}],"about":[{"href":"https:\/\/fcou.uvigo.es\/es\/wp-json\/wp\/v2\/types\/page"}],"author":[{"embeddable":true,"href":"https:\/\/fcou.uvigo.es\/es\/wp-json\/wp\/v2\/users\/8"}],"replies":[{"embeddable":true,"href":"https:\/\/fcou.uvigo.es\/es\/wp-json\/wp\/v2\/comments?post=2133"}],"version-history":[{"count":12,"href":"https:\/\/fcou.uvigo.es\/es\/wp-json\/wp\/v2\/pages\/2133\/revisions"}],"predecessor-version":[{"id":268559,"href":"https:\/\/fcou.uvigo.es\/es\/wp-json\/wp\/v2\/pages\/2133\/revisions\/268559"}],"up":[{"embeddable":true,"href":"https:\/\/fcou.uvigo.es\/es\/wp-json\/wp\/v2\/pages\/2117"}],"wp:attachment":[{"href":"https:\/\/fcou.uvigo.es\/es\/wp-json\/wp\/v2\/media?parent=2133"}],"curies":[{"name":"wp","href":"https:\/\/api.w.org\/{rel}","templated":true}]}}