{"id":2174,"date":"2015-01-28T10:12:12","date_gmt":"2015-01-28T09:12:12","guid":{"rendered":"http:\/\/fcce.webs.uvigo.es\/estudos\/suplemento-europeo-ao-titulo\/"},"modified":"2024-05-23T17:36:26","modified_gmt":"2024-05-23T15:36:26","slug":"suplemento-europeo-al-titulo","status":"publish","type":"page","link":"https:\/\/fcou.uvigo.es\/es\/estudios\/suplemento-europeo-al-titulo\/","title":{"rendered":"Suplemento Europeo al T\u00edtulo"},"content":{"rendered":"<p>El suplemento europeo al t\u00edtulo, como instrumento para proporcionar m\u00e1s informaci\u00f3n al posible empleador del titular de un grado o posgrado, se emitir\u00e1 a solicitud de la persona interesada en la universidad correspondiente.<\/p>\n<h2>Contenido<\/h2>\n<p>Informaci\u00f3n unificada, personalizada para cada t\u00edtulo universitario, sobre los estudios cursados, los resultados obtenidos, las capacidades profesionales y personales adquiridas y el nivel de su titulaci\u00f3n en el sistema nacional de educaci\u00f3n superior.<\/p>\n<p>En concreto, seg\u00fan el modelo elaborado por la Comisi\u00f3n Europea, el Consejo de Europa y UNESCO\/CEPES (Centro Europeo para la Ense\u00f1anza Superior) debe contener la siguiente informaci\u00f3n:<\/p>\n<ul class=\"list-peak\" style=\"margin-top: 10px;\">\n<li>Datos del estudiante<\/li>\n<li>Informaci\u00f3n de la Titulaci\u00f3n<\/li>\n<li>Informaci\u00f3n sobre el nivel de la Titulaci\u00f3n<\/li>\n<li>Informaci\u00f3n sobre el contenido y resultados obtenidos<\/li>\n<li>Informaci\u00f3n sobre la funci\u00f3n de la Titulaci\u00f3n<\/li>\n<li>Informaci\u00f3n adicional<\/li>\n<li>Certificaci\u00f3n del suplemento<\/li>\n<li>Informaci\u00f3n sobre el sistema nacional de educaci\u00f3n superior<\/li>\n<\/ul>\n<h2>Normativa<\/h2>\n<p><a href=\"https:\/\/www.boe.es\/diario_boe\/txt.php?id=BOE-A-2015-1158\" target=\"_blank\" rel=\"noopener\">Real decreto 22\/2015, del 23 de enero, por el que se establecen los requisitos de expedici\u00f3n del suplemento europeo al t\u00edtulo<\/a><\/p>\n","protected":false},"excerpt":{"rendered":"<p>El suplemento europeo al t\u00edtulo es un documento que a\u00f1ade informaci\u00f3n al t\u00edtulo oficial obtenido con el objetivo de incrementar la transparencia de las diversas titulaciones oficiales impartidas en el espacio europeo de educaci\u00f3n superior (EEES) y facilitar as\u00ed su reconocimiento acad\u00e9mico y profesional<\/p>\n","protected":false},"author":8,"featured_media":0,"parent":2117,"menu_order":9,"comment_status":"closed","ping_status":"closed","template":"","meta":{"_acf_changed":false,"footnotes":""},"acf":[],"yoast_head":"<title>Suplemento Europeo al T\u00edtulo | Facultade de Ciencias<\/title>\n<meta name=\"robots\" content=\"index, follow, max-snippet:-1, max-image-preview:large, max-video-preview:-1\" \/>\n<link rel=\"canonical\" href=\"https:\/\/fcou.uvigo.es\/es\/estudios\/suplemento-europeo-al-titulo\/\" \/>\n<meta property=\"og:locale\" content=\"es_ES\" \/>\n<meta property=\"og:type\" content=\"article\" \/>\n<meta property=\"og:title\" content=\"Suplemento Europeo al T\u00edtulo | Facultade de Ciencias\" \/>\n<meta property=\"og:description\" content=\"El suplemento europeo al t\u00edtulo es un documento que a\u00f1ade informaci\u00f3n al t\u00edtulo oficial obtenido con el objetivo de incrementar la transparencia de las diversas titulaciones oficiales impartidas en el espacio europeo de educaci\u00f3n superior (EEES) y facilitar as\u00ed su reconocimiento acad\u00e9mico y profesional\" \/>\n<meta property=\"og:url\" content=\"https:\/\/fcou.uvigo.es\/es\/estudios\/suplemento-europeo-al-titulo\/\" \/>\n<meta property=\"og:site_name\" content=\"Facultade de Ciencias\" \/>\n<meta property=\"article:modified_time\" content=\"2024-05-23T15:36:26+00:00\" \/>\n<meta name=\"twitter:card\" content=\"summary_large_image\" \/>\n<meta name=\"twitter:label1\" content=\"Est. reading time\" \/>\n\t<meta name=\"twitter:data1\" content=\"1 minute\" \/>\n<script type=\"application\/ld+json\" class=\"yoast-schema-graph\">{\"@context\":\"https:\/\/schema.org\",\"@graph\":[{\"@type\":\"WebPage\",\"@id\":\"https:\/\/fcou.uvigo.es\/es\/estudios\/suplemento-europeo-al-titulo\/\",\"url\":\"https:\/\/fcou.uvigo.es\/es\/estudios\/suplemento-europeo-al-titulo\/\",\"name\":\"Suplemento Europeo al T\u00edtulo | Facultade de Ciencias\",\"isPartOf\":{\"@id\":\"https:\/\/fcou.uvigo.es\/#website\"},\"datePublished\":\"2015-01-28T09:12:12+00:00\",\"dateModified\":\"2024-05-23T15:36:26+00:00\",\"breadcrumb\":{\"@id\":\"https:\/\/fcou.uvigo.es\/es\/estudios\/suplemento-europeo-al-titulo\/#breadcrumb\"},\"inLanguage\":\"es-ES\",\"potentialAction\":[{\"@type\":\"ReadAction\",\"target\":[\"https:\/\/fcou.uvigo.es\/es\/estudios\/suplemento-europeo-al-titulo\/\"]}]},{\"@type\":\"BreadcrumbList\",\"@id\":\"https:\/\/fcou.uvigo.es\/es\/estudios\/suplemento-europeo-al-titulo\/#breadcrumb\",\"itemListElement\":[{\"@type\":\"ListItem\",\"position\":1,\"name\":\"Estudios\",\"item\":\"https:\/\/fcou.uvigo.es\/es\/estudios\/\"},{\"@type\":\"ListItem\",\"position\":2,\"name\":\"Suplemento Europeo al T\u00edtulo\"}]},{\"@type\":\"WebSite\",\"@id\":\"https:\/\/fcou.uvigo.es\/#website\",\"url\":\"https:\/\/fcou.uvigo.es\/\",\"name\":\"Facultade de Ciencias da Universidade de Vigo\",\"description\":\"Sitio web da Facultade de Ciencias\",\"publisher\":{\"@id\":\"https:\/\/fcou.uvigo.es\/#organization\"},\"potentialAction\":[{\"@type\":\"SearchAction\",\"target\":{\"@type\":\"EntryPoint\",\"urlTemplate\":\"https:\/\/fcou.uvigo.es\/?s={search_term_string}\"},\"query-input\":{\"@type\":\"PropertyValueSpecification\",\"valueRequired\":true,\"valueName\":\"search_term_string\"}}],\"inLanguage\":\"es-ES\"},{\"@type\":\"Organization\",\"@id\":\"https:\/\/fcou.uvigo.es\/#organization\",\"name\":\"Facultade de Ciencias da Universidade de Vigo\",\"url\":\"https:\/\/fcou.uvigo.es\/\",\"logo\":{\"@type\":\"ImageObject\",\"inLanguage\":\"es-ES\",\"@id\":\"https:\/\/fcou.uvigo.es\/#\/schema\/logo\/image\/\",\"url\":\"https:\/\/fcou.uvigo.es\/wp-content\/uploads\/2024\/04\/facultade-ciencias-ourense.png\",\"contentUrl\":\"https:\/\/fcou.uvigo.es\/wp-content\/uploads\/2024\/04\/facultade-ciencias-ourense.png\",\"width\":717,\"height\":165,\"caption\":\"Facultade de Ciencias da Universidade de Vigo\"},\"image\":{\"@id\":\"https:\/\/fcou.uvigo.es\/#\/schema\/logo\/image\/\"}}]}<\/script>","yoast_head_json":{"title":"Suplemento Europeo al T\u00edtulo | Facultade de Ciencias","robots":{"index":"index","follow":"follow","max-snippet":"max-snippet:-1","max-image-preview":"max-image-preview:large","max-video-preview":"max-video-preview:-1"},"canonical":"https:\/\/fcou.uvigo.es\/es\/estudios\/suplemento-europeo-al-titulo\/","og_locale":"es_ES","og_type":"article","og_title":"Suplemento Europeo al T\u00edtulo | Facultade de Ciencias","og_description":"El suplemento europeo al t\u00edtulo es un documento que a\u00f1ade informaci\u00f3n al t\u00edtulo oficial obtenido con el objetivo de incrementar la transparencia de las diversas titulaciones oficiales impartidas en el espacio europeo de educaci\u00f3n superior (EEES) y facilitar as\u00ed su reconocimiento acad\u00e9mico y profesional","og_url":"https:\/\/fcou.uvigo.es\/es\/estudios\/suplemento-europeo-al-titulo\/","og_site_name":"Facultade de Ciencias","article_modified_time":"2024-05-23T15:36:26+00:00","twitter_card":"summary_large_image","twitter_misc":{"Est. reading time":"1 minute"},"schema":{"@context":"https:\/\/schema.org","@graph":[{"@type":"WebPage","@id":"https:\/\/fcou.uvigo.es\/es\/estudios\/suplemento-europeo-al-titulo\/","url":"https:\/\/fcou.uvigo.es\/es\/estudios\/suplemento-europeo-al-titulo\/","name":"Suplemento Europeo al T\u00edtulo | Facultade de Ciencias","isPartOf":{"@id":"https:\/\/fcou.uvigo.es\/#website"},"datePublished":"2015-01-28T09:12:12+00:00","dateModified":"2024-05-23T15:36:26+00:00","breadcrumb":{"@id":"https:\/\/fcou.uvigo.es\/es\/estudios\/suplemento-europeo-al-titulo\/#breadcrumb"},"inLanguage":"es-ES","potentialAction":[{"@type":"ReadAction","target":["https:\/\/fcou.uvigo.es\/es\/estudios\/suplemento-europeo-al-titulo\/"]}]},{"@type":"BreadcrumbList","@id":"https:\/\/fcou.uvigo.es\/es\/estudios\/suplemento-europeo-al-titulo\/#breadcrumb","itemListElement":[{"@type":"ListItem","position":1,"name":"Estudios","item":"https:\/\/fcou.uvigo.es\/es\/estudios\/"},{"@type":"ListItem","position":2,"name":"Suplemento Europeo al T\u00edtulo"}]},{"@type":"WebSite","@id":"https:\/\/fcou.uvigo.es\/#website","url":"https:\/\/fcou.uvigo.es\/","name":"Facultade de Ciencias da Universidade de Vigo","description":"Sitio web da Facultade de Ciencias","publisher":{"@id":"https:\/\/fcou.uvigo.es\/#organization"},"potentialAction":[{"@type":"SearchAction","target":{"@type":"EntryPoint","urlTemplate":"https:\/\/fcou.uvigo.es\/?s={search_term_string}"},"query-input":{"@type":"PropertyValueSpecification","valueRequired":true,"valueName":"search_term_string"}}],"inLanguage":"es-ES"},{"@type":"Organization","@id":"https:\/\/fcou.uvigo.es\/#organization","name":"Facultade de Ciencias da Universidade de Vigo","url":"https:\/\/fcou.uvigo.es\/","logo":{"@type":"ImageObject","inLanguage":"es-ES","@id":"https:\/\/fcou.uvigo.es\/#\/schema\/logo\/image\/","url":"https:\/\/fcou.uvigo.es\/wp-content\/uploads\/2024\/04\/facultade-ciencias-ourense.png","contentUrl":"https:\/\/fcou.uvigo.es\/wp-content\/uploads\/2024\/04\/facultade-ciencias-ourense.png","width":717,"height":165,"caption":"Facultade de Ciencias da Universidade de Vigo"},"image":{"@id":"https:\/\/fcou.uvigo.es\/#\/schema\/logo\/image\/"}}]}},"_links":{"self":[{"href":"https:\/\/fcou.uvigo.es\/es\/wp-json\/wp\/v2\/pages\/2174"}],"collection":[{"href":"https:\/\/fcou.uvigo.es\/es\/wp-json\/wp\/v2\/pages"}],"about":[{"href":"https:\/\/fcou.uvigo.es\/es\/wp-json\/wp\/v2\/types\/page"}],"author":[{"embeddable":true,"href":"https:\/\/fcou.uvigo.es\/es\/wp-json\/wp\/v2\/users\/8"}],"replies":[{"embeddable":true,"href":"https:\/\/fcou.uvigo.es\/es\/wp-json\/wp\/v2\/comments?post=2174"}],"version-history":[{"count":10,"href":"https:\/\/fcou.uvigo.es\/es\/wp-json\/wp\/v2\/pages\/2174\/revisions"}],"predecessor-version":[{"id":267822,"href":"https:\/\/fcou.uvigo.es\/es\/wp-json\/wp\/v2\/pages\/2174\/revisions\/267822"}],"up":[{"embeddable":true,"href":"https:\/\/fcou.uvigo.es\/es\/wp-json\/wp\/v2\/pages\/2117"}],"wp:attachment":[{"href":"https:\/\/fcou.uvigo.es\/es\/wp-json\/wp\/v2\/media?parent=2174"}],"curies":[{"name":"wp","href":"https:\/\/api.w.org\/{rel}","templated":true}]}}