{"id":2182,"date":"2015-07-06T19:26:32","date_gmt":"2015-07-06T17:26:32","guid":{"rendered":"http:\/\/fcce.webs.uvigo.es\/docencia\/horarios\/"},"modified":"2026-05-08T13:34:49","modified_gmt":"2026-05-08T11:34:49","slug":"horarios","status":"publish","type":"page","link":"https:\/\/fcou.uvigo.es\/es\/docencia\/horarios\/","title":{"rendered":"Horarios"},"content":{"rendered":"<h2>Curso acad\u00e9mico 2025\/2026<\/h2>\n<h3>Horarios de las Titulaci\u00f3ns de Grado<\/h3>\n<div class=\"row\">\n<div class=\"col-sm-6 my-1\"><a class=\"btn btn-light\" style=\"min-width: 100%; text-transform: none;\" href=\"https:\/\/fcou.uvigo.es\/wp-content\/uploads\/2025\/05\/Horarios_GCETA_2025-26.pdf\" target=\"_blank\" rel=\"noopener noreferrer\">Grado en Ciencia y Tec. de los Alimentos<\/a><\/div>\n<div class=\"col-sm-6 my-1\"><a class=\"btn btn-light\" style=\"min-width: 100%; text-transform: none;\" href=\"https:\/\/fcou.uvigo.es\/wp-content\/uploads\/2025\/05\/Horarios_GCCAA_2025-26.pdf\" target=\"_blank\" rel=\"noopener noreferrer\">Grao en Ciencias Ambientales<\/a><\/div>\n<div class=\"col-sm-6 my-1\"><a class=\"btn btn-light\" style=\"min-width: 100%; text-transform: none;\" href=\"https:\/\/fcou.uvigo.es\/wp-content\/uploads\/2026\/01\/Horarios_GEA_2025-26_.pdf\" target=\"_blank\" rel=\"noopener noreferrer\">Grado en Ingenier\u00eda Agraria<\/a><\/div>\n<\/div>\n<p>&nbsp;<\/p>\n<h3>Horarios de las Titulaci\u00f3ns de Doble Grado<\/h3>\n<div class=\"row\">\n<div class=\"col-sm-6 my-1\"><a class=\"btn btn-light\" style=\"min-width: 100%; text-transform: none;\" href=\"https:\/\/fcou.uvigo.es\/wp-content\/uploads\/2025\/05\/Horarios_PCEO_EACETA_2025-26.pdf\" target=\"_blank\" rel=\"noopener noreferrer\">Doble Grado en Ingenier\u00eda Agraria y Ciencia e Tec. de los Alimentos<\/a><\/div>\n<div class=\"col-sm-6 my-1\"><a class=\"btn btn-light\" style=\"min-width: 100%; text-transform: none;\" href=\"https:\/\/fcou.uvigo.es\/wp-content\/uploads\/2025\/05\/Horarios_PCEO_EACCAA_2025-26.pdf\" target=\"_blank\" rel=\"noopener noreferrer\">Doble Grao en Ingeria\u00eda Agraria y Ciencias Ambientales<\/a><\/div>\n<\/div>\n<p>&nbsp;<\/p>\n<h3>Horarios de las Titulaci\u00f3ns de M\u00e1ster<\/h3>\n<div class=\"row\">\n<div class=\"col-sm-6 my-1\" style=\"width: 686.111px;\"><a class=\"btn btn-light\" style=\"min-width: 100%; text-transform: none;\" href=\"https:\/\/fcou.uvigo.es\/es\/estudios\/master-cytaa-2\/docencia\/horarios-e-examenes\/\" target=\"_blank\" rel=\"noopener noreferrer\">M\u00e1ster en Ciencia e Tecnolog\u00eda Agroalimentaria y Ambiental<\/a><\/div>\n<div class=\"col-sm-6 my-1\" style=\"width: 686.111px;\"><a class=\"btn btn-light\" style=\"min-width: 100%; text-transform: none;\" href=\"https:\/\/nutricion.webs.uvigo.es\/gl\/docencia\/horarios\" target=\"_blank\" rel=\"noopener noreferrer\">M\u00e1ster en Nutrici\u00f3n<\/a><\/div>\n<\/div>\n<div class=\"col-sm-6 my-1\" style=\"width: 666.111px;\"><\/div>\n<p>&nbsp;<\/p>\n<h3>Horarios de las Pr\u00e1cticas de Grado<\/h3>\n<div class=\"row\">\n<div class=\"col-sm-6 my-1\"><a class=\"btn btn-light\" style=\"min-width: 100%; text-transform: none;\" href=\"https:\/\/fcou.uvigo.es\/wp-content\/uploads\/2025\/06\/Horarios_practicas_FCOU_1curso_2025-26.pdf\" target=\"_blank\" rel=\"noopener noreferrer\">Pr\u00e1cticas de primeiro<\/a><\/div>\n<div class=\"col-sm-6 my-1\"><a class=\"btn btn-light\" style=\"min-width: 100%; text-transform: none;\" href=\"https:\/\/fcou.uvigo.es\/wp-content\/uploads\/2025\/06\/Horarios_practicas_FCOU_2curso_2025-26.pdf\" target=\"_blank\" rel=\"noopener noreferrer\">Pr\u00e1cticas de segundo<\/a><\/div>\n<div class=\"col-sm-6 my-1\"><a class=\"btn btn-light\" style=\"min-width: 100%; text-transform: none;\" href=\"https:\/\/fcou.uvigo.es\/wp-content\/uploads\/2025\/06\/Horarios_practicas_FCOU_3curso_2025-26.pdf\" target=\"_blank\" rel=\"noopener noreferrer\">Pr\u00e1cticas de tercero<\/a><\/div>\n<div class=\"col-sm-6 my-1\"><a class=\"btn btn-light\" style=\"min-width: 100%; text-transform: none;\" href=\"https:\/\/fcou.uvigo.es\/wp-content\/uploads\/2025\/06\/Horarios_practicas_FCOU_4curso_2025-26.pdf\" target=\"_blank\" rel=\"noopener noreferrer\">Pr\u00e1cticas de cuarto<\/a><\/div>\n<\/div>\n<div class=\"row\">\n<div class=\"col-sm-6 my-1\"><\/div>\n<\/div>\n<p>&nbsp;<\/p>\n<h2><span style=\"color: #ff0000;\">Curso acad\u00e9mico 2026\/2027<\/span><\/h2>\n<h3>Horarios de las Titulaci\u00f3ns de Grado<\/h3>\n<div class=\"row\">\n<div class=\"col-sm-6 my-1\"><a class=\"btn btn-light\" style=\"min-width: 100%; text-transform: none;\" href=\"https:\/\/fcou.uvigo.es\/wp-content\/uploads\/2026\/05\/Horarios_GCeTA_2026-27.pdf\" target=\"_blank\" rel=\"noopener noreferrer\">Grado en Ciencia y Tec. de los Alimentos<\/a><\/div>\n<div class=\"col-sm-6 my-1\"><a class=\"btn btn-light\" style=\"min-width: 100%; text-transform: none;\" href=\"https:\/\/fcou.uvigo.es\/wp-content\/uploads\/2026\/05\/Horarios_GCCAA_2026-27.pdf\" target=\"_blank\" rel=\"noopener noreferrer\">Grao en Ciencias Ambientales<\/a><\/div>\n<div class=\"col-sm-6 my-1\"><a class=\"btn btn-light\" style=\"min-width: 100%; text-transform: none;\" href=\"https:\/\/fcou.uvigo.es\/wp-content\/uploads\/2026\/05\/Horarios_GEA_2026-27.pdf\" target=\"_blank\" rel=\"noopener noreferrer\">Grado en Ingenier\u00eda Agraria<\/a><\/div>\n<\/div>\n<p>&nbsp;<\/p>\n<h3>Horarios de las Titulaci\u00f3ns de Doble Grado<\/h3>\n<div class=\"row\">\n<div class=\"col-sm-6 my-1\"><a class=\"btn btn-light\" style=\"min-width: 100%; text-transform: none;\" href=\"https:\/\/fcou.uvigo.es\/wp-content\/uploads\/2026\/05\/Horarios_PCEO_EACeTA_2026-27.pdf\" target=\"_blank\" rel=\"noopener noreferrer\">Doble Grado en Ingenier\u00eda Agraria y Ciencia e Tec. de los Alimentos<\/a><\/div>\n<div class=\"col-sm-6 my-1\"><a class=\"btn btn-light\" style=\"min-width: 100%; text-transform: none;\" href=\"https:\/\/fcou.uvigo.es\/wp-content\/uploads\/2026\/05\/Horarios_PCEO_EACCAA_2026-27.pdf\" target=\"_blank\" rel=\"noopener noreferrer\">Doble Grao en Ingeria\u00eda Agraria y Ciencias Ambientales<\/a><\/div>\n<\/div>\n<p>&nbsp;<\/p>\n<h3>Horarios de las Titulaci\u00f3ns de M\u00e1ster<\/h3>\n<div class=\"row\">\n<div class=\"col-sm-6 my-1\" style=\"width: 686.111px;\"><a class=\"btn btn-light\" style=\"min-width: 100%; text-transform: none;\" href=\"https:\/\/fcou.uvigo.es\/es\/estudios\/master-cytaa-2\/docencia\/horarios-e-examenes\/\" target=\"_blank\" rel=\"noopener noreferrer\">M\u00e1ster en Ciencia e Tecnolog\u00eda Agroalimentaria y Ambiental<\/a><\/div>\n<div class=\"col-sm-6 my-1\" style=\"width: 686.111px;\"><a class=\"btn btn-light\" style=\"min-width: 100%; text-transform: none;\" href=\"https:\/\/nutricion.webs.uvigo.es\/gl\/docencia\/horarios\" target=\"_blank\" rel=\"noopener noreferrer\">M\u00e1ster en Nutrici\u00f3n<\/a><\/div>\n<\/div>\n<div class=\"col-sm-6 my-1\" style=\"width: 666.111px;\"><\/div>\n<p>&nbsp;<\/p>\n<p>&nbsp;<\/p>\n<div class=\"custom-block graylight\">\n<h3>Cursos anteriores<\/h3>\n<p><strong>Horarios del Grado en Ciencia y Tecnolog\u00eda de los Alimentos<\/strong><br \/>\n<a href=\"https:\/\/fcou.uvigo.es\/wp-content\/uploads\/2024\/07\/Horarios_GCETA_2024-25.pdf\" target=\"_blank\" rel=\"noopener noreferrer\">2024\/2025<\/a><a href=\"\/images\/docs\/docencia\/horarios\/Horarios_GCETA_2023-24.pdf\" target=\"_blank\" rel=\"noopener noreferrer\"> | <\/a><a href=\"\/images\/docs\/docencia\/horarios\/Horarios_GCETA_2023-24.pdf\" target=\"_blank\" rel=\"noopener noreferrer\">2023\/2024<\/a> | <a href=\"\/images\/docs\/docencia\/horarios\/Horarios_GCyTA_2021-22.pdf\" target=\"_blank\" rel=\"noopener noreferrer\">2021\/2022<\/a> | <a href=\"\/images\/docs\/docencia\/horarios\/Horarios_GCyTA_2020-21.pdf\" target=\"_blank\" rel=\"noopener noreferrer\">2020\/2021<\/a> | <a href=\"\/images\/docs\/docencia\/horarios\/Horarios_GCyTA_2019-20.pdf\" target=\"_blank\" rel=\"noopener noreferrer\">2019\/2020<\/a> | <a href=\"\/images\/docs\/docencia\/horarios\/Horarios_GCyTA_2018-19.pdf\" target=\"_blank\" rel=\"noopener noreferrer\">2018\/2019<\/a> | <a href=\"\/images\/docs\/docencia\/horarios\/Horarios_GCyTA_2017-18.pdf\" target=\"_blank\" rel=\"noopener noreferrer\">2017\/2018<\/a> | <a href=\"\/images\/docs\/docencia\/horarios\/Horarios_GCyTA_2016-17.pdf\" target=\"_blank\" rel=\"noopener noreferrer\">2016\/2017<\/a><\/p>\n<p><strong>Horarios del Grado en Ciencias Ambientales<\/strong><br \/>\n<a href=\"https:\/\/fcou.uvigo.es\/wp-content\/uploads\/2024\/07\/Horarios_GCA_2024-25.pdf\" target=\"_blank\" rel=\"noopener noreferrer\">2024\/2025<\/a><a href=\"\/images\/docs\/docencia\/horarios\/Horarios_GCETA_2023-24.pdf\" target=\"_blank\" rel=\"noopener noreferrer\"> |<\/a><a href=\"\/images\/docs\/docencia\/horarios\/Horarios_GCA_2023-24.pdf\" target=\"_blank\" rel=\"noopener noreferrer\">2023\/2024<\/a> | <a href=\"\/images\/docs\/docencia\/horarios\/Horarios_GCA_2021-22.pdf\" target=\"_blank\" rel=\"noopener noreferrer\">2021\/2022<\/a> | <a href=\"\/images\/docs\/docencia\/horarios\/Horarios_GCA_2020-21.pdf\" target=\"_blank\" rel=\"noopener noreferrer\">2020\/2021<\/a> | <a href=\"\/images\/docs\/docencia\/horarios\/Horarios_GCA_2019-20.pdf\" target=\"_blank\" rel=\"noopener noreferrer\">2019\/2020<\/a> | <a href=\"\/images\/docs\/docencia\/horarios\/Horarios_GCA_2018-19.pdf\" target=\"_blank\" rel=\"noopener noreferrer\">2018\/2019<\/a> | <a href=\"\/images\/docs\/docencia\/horarios\/Horarios_GCA_2017-18.pdf\" target=\"_blank\" rel=\"noopener noreferrer\">2017\/2018<\/a> | <a href=\"\/images\/docs\/docencia\/horarios\/Horarios_GCA_2016-17.pdf\" target=\"_blank\" rel=\"noopener noreferrer\">2016\/2017<\/a><\/p>\n<p><strong>Horarios del Grado en Ingenier\u00eda Agraria<\/strong><br \/>\n<a href=\"https:\/\/fcou.uvigo.es\/wp-content\/uploads\/2024\/07\/Horarios_GEA_2024-25.pdf\" target=\"_blank\" rel=\"noopener noreferrer\">2024\/2025<\/a><a href=\"\/images\/docs\/docencia\/horarios\/Horarios_GCETA_2023-24.pdf\" target=\"_blank\" rel=\"noopener noreferrer\"> | <\/a><a href=\"\/images\/docs\/docencia\/horarios\/Horarios_GEA_2023-24.pdf\" target=\"_blank\" rel=\"noopener noreferrer\">2023\/2024<\/a> | <a href=\"\/images\/docs\/docencia\/horarios\/Horarios_GEA_2021-22.pdf\" target=\"_blank\" rel=\"noopener noreferrer\">2021\/2022<\/a> | <a href=\"\/images\/docs\/docencia\/horarios\/Horarios_GEA_2020-21.pdf\" target=\"_blank\" rel=\"noopener noreferrer\">2020\/2021<\/a> | <a href=\"\/images\/docs\/docencia\/horarios\/Horarios_GEA_2019-20.pdf\" target=\"_blank\" rel=\"noopener noreferrer\">2019\/2020<\/a> | <a href=\"\/images\/docs\/docencia\/horarios\/Horarios_GEA_2018-19.pdf\" target=\"_blank\" rel=\"noopener noreferrer\">2018\/2019<\/a> | <a href=\"\/images\/docs\/docencia\/horarios\/Horarios_GEA_2017-18.pdf\" target=\"_blank\" rel=\"noopener noreferrer\">2017\/2018<\/a> | <a href=\"\/images\/docs\/docencia\/horarios\/Horarios_GEA_2016-17.pdf\" target=\"_blank\" rel=\"noopener noreferrer\">2016\/2017<\/a><\/p>\n<\/div>\n","protected":false},"excerpt":{"rendered":"<p>Curso acad\u00e9mico 2025\/2026 Horarios de las Titulaci\u00f3ns de Grado Grado en Ciencia y Tec. de los Alimentos Grao en Ciencias Ambientales Grado en Ingenier\u00eda Agraria &hellip; <a class=\"excerpt_more\" href=\"https:\/\/fcou.uvigo.es\/es\/docencia\/horarios\/\">Contin\u00faa<\/a><\/p>\n","protected":false},"author":8,"featured_media":0,"parent":2176,"menu_order":2,"comment_status":"closed","ping_status":"closed","template":"","meta":{"_acf_changed":false,"footnotes":""},"acf":[],"yoast_head":"<title>Horarios | Facultade de Ciencias<\/title>\n<meta name=\"robots\" content=\"index, follow, max-snippet:-1, max-image-preview:large, max-video-preview:-1\" \/>\n<link rel=\"canonical\" href=\"https:\/\/cytaa.uvigo.es\/es\/docencia\/horarios\/\" \/>\n<meta property=\"og:locale\" content=\"es_ES\" \/>\n<meta property=\"og:type\" content=\"article\" \/>\n<meta property=\"og:title\" content=\"Horarios | Facultade de Ciencias\" \/>\n<meta property=\"og:description\" content=\"Curso acad\u00e9mico 2025\/2026 Horarios de las Titulaci\u00f3ns de Grado Grado en Ciencia y Tec. de los Alimentos Grao en Ciencias Ambientales Grado en Ingenier\u00eda Agraria &hellip; Contin\u00faa\" \/>\n<meta property=\"og:url\" content=\"https:\/\/cytaa.uvigo.es\/es\/docencia\/horarios\/\" \/>\n<meta property=\"og:site_name\" content=\"Facultade de Ciencias\" \/>\n<meta property=\"article:modified_time\" content=\"2026-05-08T11:34:49+00:00\" \/>\n<meta name=\"twitter:card\" content=\"summary_large_image\" \/>\n<meta name=\"twitter:label1\" content=\"Est. reading time\" \/>\n\t<meta name=\"twitter:data1\" content=\"2 minutes\" \/>\n<script type=\"application\/ld+json\" class=\"yoast-schema-graph\">{\"@context\":\"https:\/\/schema.org\",\"@graph\":[{\"@type\":\"WebPage\",\"@id\":\"https:\/\/cytaa.uvigo.es\/es\/docencia\/horarios\/\",\"url\":\"https:\/\/cytaa.uvigo.es\/es\/docencia\/horarios\/\",\"name\":\"Horarios | Facultade de Ciencias\",\"isPartOf\":{\"@id\":\"https:\/\/fcou.uvigo.es\/#website\"},\"datePublished\":\"2015-07-06T17:26:32+00:00\",\"dateModified\":\"2026-05-08T11:34:49+00:00\",\"breadcrumb\":{\"@id\":\"https:\/\/cytaa.uvigo.es\/es\/docencia\/horarios\/#breadcrumb\"},\"inLanguage\":\"es-ES\",\"potentialAction\":[{\"@type\":\"ReadAction\",\"target\":[\"https:\/\/cytaa.uvigo.es\/es\/docencia\/horarios\/\"]}]},{\"@type\":\"BreadcrumbList\",\"@id\":\"https:\/\/cytaa.uvigo.es\/es\/docencia\/horarios\/#breadcrumb\",\"itemListElement\":[{\"@type\":\"ListItem\",\"position\":1,\"name\":\"Docencia\",\"item\":\"https:\/\/fcou.uvigo.es\/es\/docencia\/\"},{\"@type\":\"ListItem\",\"position\":2,\"name\":\"Horarios\"}]},{\"@type\":\"WebSite\",\"@id\":\"https:\/\/fcou.uvigo.es\/#website\",\"url\":\"https:\/\/fcou.uvigo.es\/\",\"name\":\"Facultade de Ciencias da Universidade de Vigo\",\"description\":\"Sitio web da Facultade de Ciencias\",\"publisher\":{\"@id\":\"https:\/\/fcou.uvigo.es\/#organization\"},\"potentialAction\":[{\"@type\":\"SearchAction\",\"target\":{\"@type\":\"EntryPoint\",\"urlTemplate\":\"https:\/\/fcou.uvigo.es\/?s={search_term_string}\"},\"query-input\":{\"@type\":\"PropertyValueSpecification\",\"valueRequired\":true,\"valueName\":\"search_term_string\"}}],\"inLanguage\":\"es-ES\"},{\"@type\":\"Organization\",\"@id\":\"https:\/\/fcou.uvigo.es\/#organization\",\"name\":\"Facultade de Ciencias da Universidade de Vigo\",\"url\":\"https:\/\/fcou.uvigo.es\/\",\"logo\":{\"@type\":\"ImageObject\",\"inLanguage\":\"es-ES\",\"@id\":\"https:\/\/fcou.uvigo.es\/#\/schema\/logo\/image\/\",\"url\":\"https:\/\/fcou.uvigo.es\/wp-content\/uploads\/2024\/04\/facultade-ciencias-ourense.png\",\"contentUrl\":\"https:\/\/fcou.uvigo.es\/wp-content\/uploads\/2024\/04\/facultade-ciencias-ourense.png\",\"width\":717,\"height\":165,\"caption\":\"Facultade de Ciencias da Universidade de Vigo\"},\"image\":{\"@id\":\"https:\/\/fcou.uvigo.es\/#\/schema\/logo\/image\/\"}}]}<\/script>","yoast_head_json":{"title":"Horarios | Facultade de Ciencias","robots":{"index":"index","follow":"follow","max-snippet":"max-snippet:-1","max-image-preview":"max-image-preview:large","max-video-preview":"max-video-preview:-1"},"canonical":"https:\/\/cytaa.uvigo.es\/es\/docencia\/horarios\/","og_locale":"es_ES","og_type":"article","og_title":"Horarios | Facultade de Ciencias","og_description":"Curso acad\u00e9mico 2025\/2026 Horarios de las Titulaci\u00f3ns de Grado Grado en Ciencia y Tec. de los Alimentos Grao en Ciencias Ambientales Grado en Ingenier\u00eda Agraria &hellip; Contin\u00faa","og_url":"https:\/\/cytaa.uvigo.es\/es\/docencia\/horarios\/","og_site_name":"Facultade de Ciencias","article_modified_time":"2026-05-08T11:34:49+00:00","twitter_card":"summary_large_image","twitter_misc":{"Est. reading time":"2 minutes"},"schema":{"@context":"https:\/\/schema.org","@graph":[{"@type":"WebPage","@id":"https:\/\/cytaa.uvigo.es\/es\/docencia\/horarios\/","url":"https:\/\/cytaa.uvigo.es\/es\/docencia\/horarios\/","name":"Horarios | Facultade de Ciencias","isPartOf":{"@id":"https:\/\/fcou.uvigo.es\/#website"},"datePublished":"2015-07-06T17:26:32+00:00","dateModified":"2026-05-08T11:34:49+00:00","breadcrumb":{"@id":"https:\/\/cytaa.uvigo.es\/es\/docencia\/horarios\/#breadcrumb"},"inLanguage":"es-ES","potentialAction":[{"@type":"ReadAction","target":["https:\/\/cytaa.uvigo.es\/es\/docencia\/horarios\/"]}]},{"@type":"BreadcrumbList","@id":"https:\/\/cytaa.uvigo.es\/es\/docencia\/horarios\/#breadcrumb","itemListElement":[{"@type":"ListItem","position":1,"name":"Docencia","item":"https:\/\/fcou.uvigo.es\/es\/docencia\/"},{"@type":"ListItem","position":2,"name":"Horarios"}]},{"@type":"WebSite","@id":"https:\/\/fcou.uvigo.es\/#website","url":"https:\/\/fcou.uvigo.es\/","name":"Facultade de Ciencias da Universidade de Vigo","description":"Sitio web da Facultade de Ciencias","publisher":{"@id":"https:\/\/fcou.uvigo.es\/#organization"},"potentialAction":[{"@type":"SearchAction","target":{"@type":"EntryPoint","urlTemplate":"https:\/\/fcou.uvigo.es\/?s={search_term_string}"},"query-input":{"@type":"PropertyValueSpecification","valueRequired":true,"valueName":"search_term_string"}}],"inLanguage":"es-ES"},{"@type":"Organization","@id":"https:\/\/fcou.uvigo.es\/#organization","name":"Facultade de Ciencias da Universidade de Vigo","url":"https:\/\/fcou.uvigo.es\/","logo":{"@type":"ImageObject","inLanguage":"es-ES","@id":"https:\/\/fcou.uvigo.es\/#\/schema\/logo\/image\/","url":"https:\/\/fcou.uvigo.es\/wp-content\/uploads\/2024\/04\/facultade-ciencias-ourense.png","contentUrl":"https:\/\/fcou.uvigo.es\/wp-content\/uploads\/2024\/04\/facultade-ciencias-ourense.png","width":717,"height":165,"caption":"Facultade de Ciencias da Universidade de Vigo"},"image":{"@id":"https:\/\/fcou.uvigo.es\/#\/schema\/logo\/image\/"}}]}},"_links":{"self":[{"href":"https:\/\/fcou.uvigo.es\/es\/wp-json\/wp\/v2\/pages\/2182"}],"collection":[{"href":"https:\/\/fcou.uvigo.es\/es\/wp-json\/wp\/v2\/pages"}],"about":[{"href":"https:\/\/fcou.uvigo.es\/es\/wp-json\/wp\/v2\/types\/page"}],"author":[{"embeddable":true,"href":"https:\/\/fcou.uvigo.es\/es\/wp-json\/wp\/v2\/users\/8"}],"replies":[{"embeddable":true,"href":"https:\/\/fcou.uvigo.es\/es\/wp-json\/wp\/v2\/comments?post=2182"}],"version-history":[{"count":70,"href":"https:\/\/fcou.uvigo.es\/es\/wp-json\/wp\/v2\/pages\/2182\/revisions"}],"predecessor-version":[{"id":270422,"href":"https:\/\/fcou.uvigo.es\/es\/wp-json\/wp\/v2\/pages\/2182\/revisions\/270422"}],"up":[{"embeddable":true,"href":"https:\/\/fcou.uvigo.es\/es\/wp-json\/wp\/v2\/pages\/2176"}],"wp:attachment":[{"href":"https:\/\/fcou.uvigo.es\/es\/wp-json\/wp\/v2\/media?parent=2182"}],"curies":[{"name":"wp","href":"https:\/\/api.w.org\/{rel}","templated":true}]}}