{"id":2205,"date":"2015-01-28T16:15:03","date_gmt":"2015-01-28T15:15:03","guid":{"rendered":"http:\/\/fcce.webs.uvigo.es\/docencia\/practicas-externas\/"},"modified":"2024-11-29T14:20:24","modified_gmt":"2024-11-29T13:20:24","slug":"practicas-externas","status":"publish","type":"page","link":"https:\/\/fcou.uvigo.es\/es\/docencia\/practicas-externas\/","title":{"rendered":"Pr\u00e1cticas externas"},"content":{"rendered":"<p>Las pr\u00e1cticas externas constituyen una actividad de naturaleza formativa llevada a cabo por los estudiantes universitarios y supervisada por las universidades. Las pr\u00e1cticas externas ofrecen al estudiantado la posibilidad de completar su formaci\u00f3n acad\u00e9mica y adquirir experiencia profesional a trav\u00e9s de la realizaci\u00f3n de pr\u00e1cticas en entidades colaboradoras, tales como empresas, instituciones y entidades de car\u00e1cter p\u00fablico o privado, en el \u00e1mbito nacional o internacional, facilitando as\u00ed al estudiantado su primer contacto con lo que presumiblemente ser\u00e1 su futuro entorno laboral.<\/p>\n<h3>Objetivos<\/h3>\n<p>Los objetivos de las pr\u00e1cticas externas son, entre otros, permitir al estudiantado:<\/p>\n<ul class=\"list-peak\" style=\"margin-top: 10px;\">\n<li>Conocer la realidad laboral de las empresas, instituciones y\/o entidades.<\/li>\n<li>Aplicar en la pr\u00e1ctica real de una entidad colaboradora los conocimientos adquiridos durante sus estudios.<\/li>\n<li>Adquirir las capacidades t\u00e9cnicas (saber hacer), interpersonales (saber estar) y de pensamiento (saber ser), que le capacitan para enfrentarse al mundo laboral con mayores garant\u00edas de \u00e9xito.<\/li>\n<\/ul>\n<p>&nbsp;<\/p>\n<h3>Modalidades<\/h3>\n<p>Las pr\u00e1cticas externas pueden adoptar dos modalidades:<\/p>\n<p>PR\u00c1CTICAS EXTERNAS CURRICULARES<\/p>\n<p>Son aquellas que se configuran como actividades acad\u00e9micas integradas como asignaturas de un plan de estudios, tal es el caso de la asignatura Pr\u00e1cticas externas de las titulaciones de grado del centro, que se imparte en 4\u00ba curso. En esta asignatura el estudiantado, para alcanzar las competencias, debe realizar una estancia en una entidad externa. Para ello, se cuenta con una serie de centros conveniados para tal finalidad.<\/p>\n<p>PR\u00c1CTICAS EXTERNAS EXTRACURRICULARES<\/p>\n<p>Son aquellas que se realizan con car\u00e1cter voluntario durante el per\u00edodo de formaci\u00f3n y que, aun teniendo los mismos fines que las pr\u00e1cticas curriculares, no forman parte del correspondiente plan de estudios. A\u00fan as\u00ed, ser\u00e1n contempladas en el Suplemento Europeo al T\u00edtulo seg\u00fan lo determine la normativa vigente.<\/p>\n<p><i class=\"fa fa-file-pdf-o\"> <\/i> <a href=\"https:\/\/fcou.uvigo.es\/wp-content\/uploads\/2024\/11\/Presentacion-practicas-academicas-externas.pdf\" target=\"_blank\" rel=\"noopener\">Presentaci\u00f3n pr\u00e1cticas acad\u00e9micas externas<\/a><\/p>\n<p><i class=\"fa fa-file-pdf-o\"> <\/i> <a href=\"https:\/\/fcou.uvigo.es\/wp-content\/uploads\/2024\/11\/Presentacion-practicas-FUVI.pdf\" target=\"_blank\" rel=\"noopener\">Presentaci\u00f3n pr\u00e1cticas FUVI<\/a><\/p>\n<p>&nbsp;<\/p>\n<h3>Normativa<\/h3>\n<p>NORMATIVA GENERAL<\/p>\n<p><a href=\"https:\/\/www.boe.es\/buscar\/doc.php?id=BOE-A-2014-8138\" target=\"_blank\" rel=\"noopener noreferrer\">Real decreto 592\/2014<\/a>, del 11 de junio, por el que se regulan las pr\u00e1cticas acad\u00e9micas externas de los estudiantes universitarios.<\/p>\n<p>NORMATIVA DE LA UNIVERSIDADE DE VIGO<\/p>\n<p><a href=\"https:\/\/secretaria.uvigo.gal\/uv\/web\/normativa\/public\/show\/586\" target=\"_blank\" rel=\"noopener noreferrer\">Reglamento de pr\u00e1cticas acad\u00e9micas externas del alumnado de la Universidade de Vigo<\/a><\/p>\n<p><a href=\"https:\/\/secretaria.uvigo.gal\/uv\/web\/normativa\/public\/show\/642\" target=\"_blank\" rel=\"noopener\">Instrucciones para el desarrollo del procedimiento de gesti\u00f3n de las pr\u00e1cticas acad\u00e9micas externas en la Universidad de Vigo<\/a><\/p>\n<p><a href=\"https:\/\/secretaria.uvigo.gal\/uv\/web\/normativa\/public\/show\/650\" target=\"_blank\" rel=\"noopener\">Instrucci\u00f3n para el desarrollo del procedimiento de gesti\u00f3n de comprobaci\u00f3n de los requisitos para la realizaci\u00f3n de pr\u00e1cticas externas<\/a><\/p>\n<p>&nbsp;<\/p>\n<h3>Documentaci\u00f3n para la formalizaci\u00f3n de las pr\u00e1cticas<\/h3>\n<p>SOLICITUD<\/p>\n<p><i class=\"fa fa-file-pdf-o\"><\/i> <a href=\"https:\/\/fcou.uvigo.es\/wp-content\/uploads\/2024\/11\/Formulario-solicitud-practicas-externas.docx\" target=\"_blank\" rel=\"noopener noreferrer\">Formulario de solicitud de pr\u00e1cticas externas<\/a><\/p>\n<p>&nbsp;<\/p>\n<p>MEMORIA DE PR\u00c1CTICAS EXTERNAS<\/p>\n<p><i class=\"fa fa-file-word-o\"><\/i> <a href=\"\/images\/docs\/docencia\/practicas\/Memoria_practicas_externas_2020-21.docx\" target=\"_blank\" rel=\"noopener noreferrer\">Plantilla de la memoria de pr\u00e1cticas<\/a><\/p>\n<p>&nbsp;<\/p>\n<h3>Convenios vigentes<\/h3>\n<p><a href=\"https:\/\/fcou.uvigo.es\/wp-content\/uploads\/2024\/11\/Listado-Empresas-colaboradoras_.pdf\" target=\"_blank\" rel=\"noopener\">Listado de empresas colaboradoras<\/a><\/p>\n<p>&nbsp;<\/p>\n<div class=\"custom-block graylight\">\n<h3>Coordinaci\u00f3n de pr\u00e1cticas<\/h3>\n<p>Raquel Rial Otero<br \/>\n<i class=\"fa fa-phone\"><\/i> +34 988 368 897<br \/>\n<i class=\"fa fa-envelope-o\"><\/i> <a href=\"mailto:raquelrial@uvigo.gal\">raquelrial@uvigo.gal<\/a><\/p>\n<\/div>\n","protected":false},"excerpt":{"rendered":"<p>Las pr\u00e1cticas externas constituyen una actividad de naturaleza formativa llevada a cabo por los estudiantes universitarios y supervisada por las universidades. Las pr\u00e1cticas externas ofrecen &hellip; <a class=\"excerpt_more\" href=\"https:\/\/fcou.uvigo.es\/es\/docencia\/practicas-externas\/\">Contin\u00faa<\/a><\/p>\n","protected":false},"author":8,"featured_media":0,"parent":2176,"menu_order":8,"comment_status":"closed","ping_status":"closed","template":"","meta":{"_acf_changed":false,"footnotes":""},"acf":[],"yoast_head":"<title>Pr\u00e1cticas externas | Facultade de Ciencias<\/title>\n<meta name=\"robots\" content=\"index, follow, max-snippet:-1, max-image-preview:large, max-video-preview:-1\" \/>\n<link rel=\"canonical\" href=\"https:\/\/fcou.uvigo.es\/es\/docencia\/practicas-externas\/\" \/>\n<meta property=\"og:locale\" content=\"es_ES\" \/>\n<meta property=\"og:type\" content=\"article\" \/>\n<meta property=\"og:title\" content=\"Pr\u00e1cticas externas | Facultade de Ciencias\" \/>\n<meta property=\"og:description\" content=\"Las pr\u00e1cticas externas constituyen una actividad de naturaleza formativa llevada a cabo por los estudiantes universitarios y supervisada por las universidades. Las pr\u00e1cticas externas ofrecen &hellip; Contin\u00faa\" \/>\n<meta property=\"og:url\" content=\"https:\/\/fcou.uvigo.es\/es\/docencia\/practicas-externas\/\" \/>\n<meta property=\"og:site_name\" content=\"Facultade de Ciencias\" \/>\n<meta property=\"article:modified_time\" content=\"2024-11-29T13:20:24+00:00\" \/>\n<meta name=\"twitter:card\" content=\"summary_large_image\" \/>\n<meta name=\"twitter:label1\" content=\"Est. reading time\" \/>\n\t<meta name=\"twitter:data1\" content=\"3 minutes\" \/>\n<script type=\"application\/ld+json\" class=\"yoast-schema-graph\">{\"@context\":\"https:\/\/schema.org\",\"@graph\":[{\"@type\":\"WebPage\",\"@id\":\"https:\/\/fcou.uvigo.es\/es\/docencia\/practicas-externas\/\",\"url\":\"https:\/\/fcou.uvigo.es\/es\/docencia\/practicas-externas\/\",\"name\":\"Pr\u00e1cticas externas | Facultade de Ciencias\",\"isPartOf\":{\"@id\":\"https:\/\/fcou.uvigo.es\/#website\"},\"datePublished\":\"2015-01-28T15:15:03+00:00\",\"dateModified\":\"2024-11-29T13:20:24+00:00\",\"breadcrumb\":{\"@id\":\"https:\/\/fcou.uvigo.es\/es\/docencia\/practicas-externas\/#breadcrumb\"},\"inLanguage\":\"es-ES\",\"potentialAction\":[{\"@type\":\"ReadAction\",\"target\":[\"https:\/\/fcou.uvigo.es\/es\/docencia\/practicas-externas\/\"]}]},{\"@type\":\"BreadcrumbList\",\"@id\":\"https:\/\/fcou.uvigo.es\/es\/docencia\/practicas-externas\/#breadcrumb\",\"itemListElement\":[{\"@type\":\"ListItem\",\"position\":1,\"name\":\"Docencia\",\"item\":\"https:\/\/fcou.uvigo.es\/es\/docencia\/\"},{\"@type\":\"ListItem\",\"position\":2,\"name\":\"Pr\u00e1cticas externas\"}]},{\"@type\":\"WebSite\",\"@id\":\"https:\/\/fcou.uvigo.es\/#website\",\"url\":\"https:\/\/fcou.uvigo.es\/\",\"name\":\"Facultade de Ciencias da Universidade de Vigo\",\"description\":\"Sitio web da Facultade de Ciencias\",\"publisher\":{\"@id\":\"https:\/\/fcou.uvigo.es\/#organization\"},\"potentialAction\":[{\"@type\":\"SearchAction\",\"target\":{\"@type\":\"EntryPoint\",\"urlTemplate\":\"https:\/\/fcou.uvigo.es\/?s={search_term_string}\"},\"query-input\":{\"@type\":\"PropertyValueSpecification\",\"valueRequired\":true,\"valueName\":\"search_term_string\"}}],\"inLanguage\":\"es-ES\"},{\"@type\":\"Organization\",\"@id\":\"https:\/\/fcou.uvigo.es\/#organization\",\"name\":\"Facultade de Ciencias da Universidade de Vigo\",\"url\":\"https:\/\/fcou.uvigo.es\/\",\"logo\":{\"@type\":\"ImageObject\",\"inLanguage\":\"es-ES\",\"@id\":\"https:\/\/fcou.uvigo.es\/#\/schema\/logo\/image\/\",\"url\":\"https:\/\/fcou.uvigo.es\/wp-content\/uploads\/2024\/04\/facultade-ciencias-ourense.png\",\"contentUrl\":\"https:\/\/fcou.uvigo.es\/wp-content\/uploads\/2024\/04\/facultade-ciencias-ourense.png\",\"width\":717,\"height\":165,\"caption\":\"Facultade de Ciencias da Universidade de Vigo\"},\"image\":{\"@id\":\"https:\/\/fcou.uvigo.es\/#\/schema\/logo\/image\/\"}}]}<\/script>","yoast_head_json":{"title":"Pr\u00e1cticas externas | Facultade de Ciencias","robots":{"index":"index","follow":"follow","max-snippet":"max-snippet:-1","max-image-preview":"max-image-preview:large","max-video-preview":"max-video-preview:-1"},"canonical":"https:\/\/fcou.uvigo.es\/es\/docencia\/practicas-externas\/","og_locale":"es_ES","og_type":"article","og_title":"Pr\u00e1cticas externas | Facultade de Ciencias","og_description":"Las pr\u00e1cticas externas constituyen una actividad de naturaleza formativa llevada a cabo por los estudiantes universitarios y supervisada por las universidades. Las pr\u00e1cticas externas ofrecen &hellip; Contin\u00faa","og_url":"https:\/\/fcou.uvigo.es\/es\/docencia\/practicas-externas\/","og_site_name":"Facultade de Ciencias","article_modified_time":"2024-11-29T13:20:24+00:00","twitter_card":"summary_large_image","twitter_misc":{"Est. reading time":"3 minutes"},"schema":{"@context":"https:\/\/schema.org","@graph":[{"@type":"WebPage","@id":"https:\/\/fcou.uvigo.es\/es\/docencia\/practicas-externas\/","url":"https:\/\/fcou.uvigo.es\/es\/docencia\/practicas-externas\/","name":"Pr\u00e1cticas externas | Facultade de Ciencias","isPartOf":{"@id":"https:\/\/fcou.uvigo.es\/#website"},"datePublished":"2015-01-28T15:15:03+00:00","dateModified":"2024-11-29T13:20:24+00:00","breadcrumb":{"@id":"https:\/\/fcou.uvigo.es\/es\/docencia\/practicas-externas\/#breadcrumb"},"inLanguage":"es-ES","potentialAction":[{"@type":"ReadAction","target":["https:\/\/fcou.uvigo.es\/es\/docencia\/practicas-externas\/"]}]},{"@type":"BreadcrumbList","@id":"https:\/\/fcou.uvigo.es\/es\/docencia\/practicas-externas\/#breadcrumb","itemListElement":[{"@type":"ListItem","position":1,"name":"Docencia","item":"https:\/\/fcou.uvigo.es\/es\/docencia\/"},{"@type":"ListItem","position":2,"name":"Pr\u00e1cticas externas"}]},{"@type":"WebSite","@id":"https:\/\/fcou.uvigo.es\/#website","url":"https:\/\/fcou.uvigo.es\/","name":"Facultade de Ciencias da Universidade de Vigo","description":"Sitio web da Facultade de Ciencias","publisher":{"@id":"https:\/\/fcou.uvigo.es\/#organization"},"potentialAction":[{"@type":"SearchAction","target":{"@type":"EntryPoint","urlTemplate":"https:\/\/fcou.uvigo.es\/?s={search_term_string}"},"query-input":{"@type":"PropertyValueSpecification","valueRequired":true,"valueName":"search_term_string"}}],"inLanguage":"es-ES"},{"@type":"Organization","@id":"https:\/\/fcou.uvigo.es\/#organization","name":"Facultade de Ciencias da Universidade de Vigo","url":"https:\/\/fcou.uvigo.es\/","logo":{"@type":"ImageObject","inLanguage":"es-ES","@id":"https:\/\/fcou.uvigo.es\/#\/schema\/logo\/image\/","url":"https:\/\/fcou.uvigo.es\/wp-content\/uploads\/2024\/04\/facultade-ciencias-ourense.png","contentUrl":"https:\/\/fcou.uvigo.es\/wp-content\/uploads\/2024\/04\/facultade-ciencias-ourense.png","width":717,"height":165,"caption":"Facultade de Ciencias da Universidade de Vigo"},"image":{"@id":"https:\/\/fcou.uvigo.es\/#\/schema\/logo\/image\/"}}]}},"_links":{"self":[{"href":"https:\/\/fcou.uvigo.es\/es\/wp-json\/wp\/v2\/pages\/2205"}],"collection":[{"href":"https:\/\/fcou.uvigo.es\/es\/wp-json\/wp\/v2\/pages"}],"about":[{"href":"https:\/\/fcou.uvigo.es\/es\/wp-json\/wp\/v2\/types\/page"}],"author":[{"embeddable":true,"href":"https:\/\/fcou.uvigo.es\/es\/wp-json\/wp\/v2\/users\/8"}],"replies":[{"embeddable":true,"href":"https:\/\/fcou.uvigo.es\/es\/wp-json\/wp\/v2\/comments?post=2205"}],"version-history":[{"count":14,"href":"https:\/\/fcou.uvigo.es\/es\/wp-json\/wp\/v2\/pages\/2205\/revisions"}],"predecessor-version":[{"id":269080,"href":"https:\/\/fcou.uvigo.es\/es\/wp-json\/wp\/v2\/pages\/2205\/revisions\/269080"}],"up":[{"embeddable":true,"href":"https:\/\/fcou.uvigo.es\/es\/wp-json\/wp\/v2\/pages\/2176"}],"wp:attachment":[{"href":"https:\/\/fcou.uvigo.es\/es\/wp-json\/wp\/v2\/media?parent=2205"}],"curies":[{"name":"wp","href":"https:\/\/api.w.org\/{rel}","templated":true}]}}