{"id":2213,"date":"2015-01-28T16:15:03","date_gmt":"2015-01-28T15:15:03","guid":{"rendered":"http:\/\/fcce.webs.uvigo.es\/docencia\/traballo-fin-de-grao\/"},"modified":"2026-05-13T10:54:45","modified_gmt":"2026-05-13T08:54:45","slug":"trabajo-fin-de-grado","status":"publish","type":"page","link":"https:\/\/fcou.uvigo.es\/es\/docencia\/trabajo-fin-de-grado\/","title":{"rendered":"Trabajo Fin de Grado"},"content":{"rendered":"<p>Es un trabajo personal, que cada estudiante realizar\u00e1 de manera aut\u00f3noma bajo la tutorizaci\u00f3n del centro y debe permitirle mostrar de forma integrada la adquisici\u00f3n de las competencias y los contenidos formativos asociados al t\u00edtulo.<\/p>\n<p>En ning\u00fan caso puede ser un trabajo presentado con anterioridad por el estudiante en alguna asignatura de cualquier titulaci\u00f3n, aunque puede integrar o desarrollar l\u00edneas de trabajo ya iniciadas con anterioridad en el marco de los estudios de la titulaci\u00f3n. En el caso de que el trabajo reproduzca un texto publicado digitalmente o en formato tradicional, sin que el\/la autor\/a se haga eco de esta circunstancia y lo presente como propio y original, se considerar\u00e1 como plagio. El plagio constituir\u00e1 motivo de suspenso.<\/p>\n<p>El TFG se evaluar\u00e1 mediante una r\u00fabrica. La nota est\u00e1 dividida del siguiente modo:<\/p>\n<ol>\n<li>Informe del tutor\/a: 25% de la nota.<\/li>\n<li>Trabajo escrito: 40% de la nota.<\/li>\n<li>Exposici\u00f3n oral: 35% de la nota.<\/li>\n<\/ol>\n<p>El tutor emitir\u00e1 un informe, previo a la defensa del TFG, dando su puntuaci\u00f3n entre 0 \u2013 25%. Este <a href=\"\/images\/docs\/docencia\/tfg\/Informe_titor_TFG.pdf\" target=\"_blank\" rel=\"noopener noreferrer\">informe<\/a> <span class=\"icon_menu-square_alt2\" aria-hidden=\"true\">\u00a0\u00a0<\/span>ser\u00e1 conocido por el tribunal del TFG.<\/p>\n<p>El trabajo escrito se valorar\u00e1 seg\u00fan la tipolog\u00eda de TFG (<a href=\"https:\/\/fcou.uvigo.es\/wp-content\/uploads\/2026\/04\/Tipoloxia_enxenaril_TFG_2026.pdf\" target=\"_blank\" rel=\"noopener\">proyecto de ingenier\u00eda<\/a>, <a href=\"https:\/\/fcou.uvigo.es\/wp-content\/uploads\/2026\/04\/Tipoloxia_informe-estudio_tecnico_TFG_2026.pdf\" target=\"_blank\" rel=\"noopener\">informe\/estudio t\u00e9cnico<\/a>, <a href=\"https:\/\/fcou.uvigo.es\/wp-content\/uploads\/2026\/04\/Tipoloxia_investigacion_TFG_2026.pdf\" target=\"_blank\" rel=\"noopener\">investigaci\u00f3n<\/a> o <a href=\"https:\/\/fcou.uvigo.es\/wp-content\/uploads\/2026\/04\/Tipoloxia_bibliografico_TFG_2026.pdf\" target=\"_blank\" rel=\"noopener\">bibliogr\u00e1fico<\/a>) hasta un 40% y la exposici\u00f3n oral se valorar\u00e1 hasta un 35%, sumando un total del 75% de la nota del TFG.<\/p>\n<p>Cada miembro del TFG calificar\u00e1 por separado y se calcular\u00e1 la media.<\/p>\n<p>Las notas solo ser\u00e1n p\u00fablicas tras la defensa de todos los TFG de la convocatoria.<\/p>\n<p>&nbsp;<\/p>\n<div class=\"row\">\n<div class=\"col-lg-6\">\n<p class=\"header-list\">Normativas del TFG<\/p>\n<ul class=\"list-peak\" style=\"margin-top: 10px;\">\n<li><a href=\"https:\/\/secretaria.uvigo.gal\/uv\/web\/normativa\/public\/show\/550\" target=\"_blank\" rel=\"noopener noreferrer\">Normativa del TFG de UVigo<\/a><\/li>\n<li><a href=\"https:\/\/fcou.uvigo.es\/wp-content\/uploads\/2026\/04\/Regulamento_TFG_FCOU_2026.pdf\" target=\"_blank\" rel=\"noopener noreferrer\">Reglamento del TFG en la Facultad<\/a><\/li>\n<\/ul>\n<\/div>\n<div class=\"col-lg-6\">\n<p class=\"header-list\">Formularios do TFG<\/p>\n<ul class=\"list-peak\" style=\"margin-top: 10px;\">\n<li><a href=\"https:\/\/fcou.uvigo.es\/wp-content\/uploads\/2026\/02\/Solicitud-de-registro-del-TFG_.docx\" target=\"_blank\" rel=\"noopener noreferrer\">Solicitude de rexistro do TFG<\/a><\/li>\n<li><a href=\"https:\/\/fcou.uvigo.es\/wp-content\/uploads\/2024\/06\/Guia-Defensa-TFG_Estudantes.pdf\" target=\"_blank\" rel=\"noopener noreferrer\">Solicitud de defensa en la secretar\u00eda (estudiantado)<\/a><\/li>\n<li><a href=\"https:\/\/fcou.uvigo.es\/wp-content\/uploads\/2024\/06\/Guia-Defensa-TFG_Titor.pdf\" target=\"_blank\" rel=\"noopener noreferrer\">Solicitud de defensa en secretar\u00eda (tutor\/tutora)<\/a><\/li>\n<li><a href=\"https:\/\/fcou.uvigo.es\/wp-content\/uploads\/2026\/05\/Normas_Estilo_TFG_FCOu_2026.pdf\" target=\"_blank\" rel=\"noopener noreferrer\">Normas de estilo del TFG<\/a><\/li>\n<li><a href=\"https:\/\/fcou.uvigo.es\/wp-content\/uploads\/2026\/05\/Modelo-TFG-galego_.docx\" target=\"_blank\" rel=\"noopener noreferrer\">Modelo TFG gallego<\/a><\/li>\n<li><a href=\"https:\/\/fcou.uvigo.es\/wp-content\/uploads\/2026\/05\/Modelo-TFG-castelan_.docx\" target=\"_blank\" rel=\"noopener noreferrer\">Modelo TFG castellano<\/a><\/li>\n<\/ul>\n<\/div>\n<\/div>\n<p>&nbsp;<\/p>\n<h2>Trabajo Fin de Grado &#8211; Curso 2025\/2026<\/h2>\n<p>CALENDARIO DE DEFENSA DEL TFG<\/p>\n<p>(Pulsa en el nombre de la convocatoria para consultar el calendario detallado)<\/p>\n<table style=\"margin-left: 0px;\" cellspacing=\"0\" cellpadding=\"0\">\n<thead>\n<tr>\n<th scope=\"col\" width=\"36%\">Convocatoria<\/th>\n<th scope=\"col\" width=\"32%\">Solicitud *<\/th>\n<th scope=\"col\" width=\"32%\">Defensa<\/th>\n<\/tr>\n<\/thead>\n<tbody>\n<tr>\n<td><a href=\"https:\/\/fcou.uvigo.es\/wp-content\/uploads\/2025\/11\/Defensa_TFG_Fin_de_Carreira_2025-26.pdf\" target=\"_blank\" rel=\"noopener\">Fin de carrera<\/a><\/td>\n<td>20\/10\/2025 &#8211; 24\/10\/2025<\/td>\n<td>17\/11\/2025 &#8211; 21\/11\/2025<\/td>\n<\/tr>\n<tr>\n<td><a href=\"https:\/\/fcou.uvigo.es\/wp-content\/uploads\/2026\/04\/Defensa_TFG_1a_Convocatoria_2025-26.pdf\" target=\"_blank\" rel=\"noopener\">1\u00aa convocatoria<\/a><\/td>\n<td>02\/02\/2026 &#8211; 06\/02\/2026<\/td>\n<td>23\/02\/2026 &#8211; 27\/02\/2026<\/td>\n<\/tr>\n<tr>\n<td><!--<a href=\"\/images\/docs\/docencia\/tfg\/Defensa_TFG_2c_2023-24.pdf\" target=\"_blank\" rel=\"noopener noreferrer\">--><a href=\"https:\/\/fcou.uvigo.es\/wp-content\/uploads\/2026\/04\/Defensa_TFG_2a_Convocatoria_2025-26_.pdf\" target=\"_blank\" rel=\"noopener\">2\u00aa convocatoria<\/a><\/td>\n<td>06\/04\/2026 &#8211; 10\/04\/2026<\/td>\n<td>24\/04\/2026 &#8211; 30\/04\/2026<\/td>\n<\/tr>\n<tr>\n<td><!--<a href=\"\/images\/docs\/docencia\/tfg\/Defensa_TFG_3c_2023-24.pdf\" target=\"_blank\" rel=\"noopener noreferrer\">-->3\u00aa convocatoria<\/td>\n<td>01\/06\/2026 &#8211; 05\/06\/2026<\/td>\n<td>26\/06\/2026 &#8211; 03\/07\/2026<\/td>\n<\/tr>\n<tr>\n<td><!--<a href=\"\/images\/docs\/docencia\/tfg\/Defensa_TFG_xullo_1p_2023-24.pdf\" target=\"_blank\" rel=\"noopener noreferrer\">-->Julio<\/td>\n<td>22\/06\/2026 &#8211; 26\/06\/2026<\/td>\n<td>16\/07\/2026 &#8211; 29\/07\/2026<\/td>\n<\/tr>\n<\/tbody>\n<\/table>\n<p>* (hasta las 14.00 horas)<\/p>\n<p><i class=\"fa fa-file-pdf-o\"><\/i> <a href=\"https:\/\/fcou.uvigo.es\/wp-content\/uploads\/2025\/09\/Calendario-TFG-FCOu-2025-2026_.pdf\" target=\"_blank\" rel=\"noopener noreferrer\">Calendario delo TFG 2025\/2026<\/a><\/p>\n<p>&nbsp;<\/p>\n<div class=\"custom-block graylight\">\n<h3>Coordinaci\u00f3n del Trabajo Fin de Grado<\/h3>\n<div class=\"row\">\n<div class=\"col-sm-6\">\n<h4>Grado en Ciencias Ambientales<\/h4>\n<p><a href=\"\/es\/docencia\/profesorado\/gil-garrote-velasco\/\" target=\"_blank\" rel=\"noopener\">Gil Garrote Velasco<\/a><br \/>\n<a href=\"mailto:gil@uvigo.es\">gil@uvigo.es<\/a><\/p>\n<\/div>\n<div class=\"col-sm-6\">\n<h4>Grado en Ingenier\u00eda Agraria<\/h4>\n<p><a href=\"\/es\/docencia\/profesorado\/maria-carmen-seijo-coello\/\" target=\"_blank\" rel=\"noopener\">Mar\u00eda del Carmen Seijo Coello<\/a><br \/>\n<a href=\"mailto:mcoello@uvigo.gal\">mcoello@uvigo.es<\/a><br \/>\n<\/div>\n<\/div>\n<div class=\"row\">\n<div class=\"col-sm-6\">\n<h4>Grado en Ciencia y Tecnolog\u00eda de los Alimentos<\/h4>\n<p><a href=\"\/es\/docencia\/profesorado\/elena-martinez-carballo\/\" target=\"_blank\" rel=\"noopener\">Elena Mart\u00ednez Carballo<\/a><br \/>\n<a href=\"mailto:elena.martinez@uvigo.gal\">elena.martinez@uvigo.es<\/a><\/p>\n<\/div>\n<\/div>\n<\/div>\n","protected":false},"excerpt":{"rendered":"<p>El trabajo de fin de grado forma parte como m\u00f3dulo, asignatura o disciplina del plan de estudios de todo t\u00edtulo oficial de grado. En su dise\u00f1o debe establecerse que su elaboraci\u00f3n, evaluaci\u00f3n y calificaci\u00f3n tengan lugar dentro del per\u00edodo previsto para realizar los estudios<\/p>\n","protected":false},"author":8,"featured_media":0,"parent":2176,"menu_order":9,"comment_status":"closed","ping_status":"closed","template":"","meta":{"_acf_changed":false,"footnotes":""},"acf":[],"yoast_head":"<title>Trabajo Fin de Grado | Facultade de Ciencias<\/title>\n<meta name=\"robots\" content=\"index, follow, max-snippet:-1, max-image-preview:large, max-video-preview:-1\" \/>\n<link rel=\"canonical\" href=\"https:\/\/cytaa.uvigo.es\/es\/docencia\/trabajo-fin-de-grado\/\" \/>\n<meta property=\"og:locale\" content=\"es_ES\" \/>\n<meta property=\"og:type\" content=\"article\" \/>\n<meta property=\"og:title\" content=\"Trabajo Fin de Grado | Facultade de Ciencias\" \/>\n<meta property=\"og:description\" content=\"El trabajo de fin de grado forma parte como m\u00f3dulo, asignatura o disciplina del plan de estudios de todo t\u00edtulo oficial de grado. En su dise\u00f1o debe establecerse que su elaboraci\u00f3n, evaluaci\u00f3n y calificaci\u00f3n tengan lugar dentro del per\u00edodo previsto para realizar los estudios\" \/>\n<meta property=\"og:url\" content=\"https:\/\/cytaa.uvigo.es\/es\/docencia\/trabajo-fin-de-grado\/\" \/>\n<meta property=\"og:site_name\" content=\"Facultade de Ciencias\" \/>\n<meta property=\"article:modified_time\" content=\"2026-05-13T08:54:45+00:00\" \/>\n<meta name=\"twitter:card\" content=\"summary_large_image\" \/>\n<meta name=\"twitter:label1\" content=\"Est. reading time\" \/>\n\t<meta name=\"twitter:data1\" content=\"3 minutes\" \/>\n<script type=\"application\/ld+json\" class=\"yoast-schema-graph\">{\"@context\":\"https:\/\/schema.org\",\"@graph\":[{\"@type\":\"WebPage\",\"@id\":\"https:\/\/cytaa.uvigo.es\/es\/docencia\/trabajo-fin-de-grado\/\",\"url\":\"https:\/\/cytaa.uvigo.es\/es\/docencia\/trabajo-fin-de-grado\/\",\"name\":\"Trabajo Fin de Grado | Facultade de Ciencias\",\"isPartOf\":{\"@id\":\"https:\/\/fcou.uvigo.es\/#website\"},\"datePublished\":\"2015-01-28T15:15:03+00:00\",\"dateModified\":\"2026-05-13T08:54:45+00:00\",\"breadcrumb\":{\"@id\":\"https:\/\/cytaa.uvigo.es\/es\/docencia\/trabajo-fin-de-grado\/#breadcrumb\"},\"inLanguage\":\"es-ES\",\"potentialAction\":[{\"@type\":\"ReadAction\",\"target\":[\"https:\/\/cytaa.uvigo.es\/es\/docencia\/trabajo-fin-de-grado\/\"]}]},{\"@type\":\"BreadcrumbList\",\"@id\":\"https:\/\/cytaa.uvigo.es\/es\/docencia\/trabajo-fin-de-grado\/#breadcrumb\",\"itemListElement\":[{\"@type\":\"ListItem\",\"position\":1,\"name\":\"Docencia\",\"item\":\"https:\/\/fcou.uvigo.es\/es\/docencia\/\"},{\"@type\":\"ListItem\",\"position\":2,\"name\":\"Trabajo Fin de Grado\"}]},{\"@type\":\"WebSite\",\"@id\":\"https:\/\/fcou.uvigo.es\/#website\",\"url\":\"https:\/\/fcou.uvigo.es\/\",\"name\":\"Facultade de Ciencias da Universidade de Vigo\",\"description\":\"Sitio web da Facultade de Ciencias\",\"publisher\":{\"@id\":\"https:\/\/fcou.uvigo.es\/#organization\"},\"potentialAction\":[{\"@type\":\"SearchAction\",\"target\":{\"@type\":\"EntryPoint\",\"urlTemplate\":\"https:\/\/fcou.uvigo.es\/?s={search_term_string}\"},\"query-input\":{\"@type\":\"PropertyValueSpecification\",\"valueRequired\":true,\"valueName\":\"search_term_string\"}}],\"inLanguage\":\"es-ES\"},{\"@type\":\"Organization\",\"@id\":\"https:\/\/fcou.uvigo.es\/#organization\",\"name\":\"Facultade de Ciencias da Universidade de Vigo\",\"url\":\"https:\/\/fcou.uvigo.es\/\",\"logo\":{\"@type\":\"ImageObject\",\"inLanguage\":\"es-ES\",\"@id\":\"https:\/\/fcou.uvigo.es\/#\/schema\/logo\/image\/\",\"url\":\"https:\/\/fcou.uvigo.es\/wp-content\/uploads\/2024\/04\/facultade-ciencias-ourense.png\",\"contentUrl\":\"https:\/\/fcou.uvigo.es\/wp-content\/uploads\/2024\/04\/facultade-ciencias-ourense.png\",\"width\":717,\"height\":165,\"caption\":\"Facultade de Ciencias da Universidade de Vigo\"},\"image\":{\"@id\":\"https:\/\/fcou.uvigo.es\/#\/schema\/logo\/image\/\"}}]}<\/script>","yoast_head_json":{"title":"Trabajo Fin de Grado | Facultade de Ciencias","robots":{"index":"index","follow":"follow","max-snippet":"max-snippet:-1","max-image-preview":"max-image-preview:large","max-video-preview":"max-video-preview:-1"},"canonical":"https:\/\/cytaa.uvigo.es\/es\/docencia\/trabajo-fin-de-grado\/","og_locale":"es_ES","og_type":"article","og_title":"Trabajo Fin de Grado | Facultade de Ciencias","og_description":"El trabajo de fin de grado forma parte como m\u00f3dulo, asignatura o disciplina del plan de estudios de todo t\u00edtulo oficial de grado. En su dise\u00f1o debe establecerse que su elaboraci\u00f3n, evaluaci\u00f3n y calificaci\u00f3n tengan lugar dentro del per\u00edodo previsto para realizar los estudios","og_url":"https:\/\/cytaa.uvigo.es\/es\/docencia\/trabajo-fin-de-grado\/","og_site_name":"Facultade de Ciencias","article_modified_time":"2026-05-13T08:54:45+00:00","twitter_card":"summary_large_image","twitter_misc":{"Est. reading time":"3 minutes"},"schema":{"@context":"https:\/\/schema.org","@graph":[{"@type":"WebPage","@id":"https:\/\/cytaa.uvigo.es\/es\/docencia\/trabajo-fin-de-grado\/","url":"https:\/\/cytaa.uvigo.es\/es\/docencia\/trabajo-fin-de-grado\/","name":"Trabajo Fin de Grado | Facultade de Ciencias","isPartOf":{"@id":"https:\/\/fcou.uvigo.es\/#website"},"datePublished":"2015-01-28T15:15:03+00:00","dateModified":"2026-05-13T08:54:45+00:00","breadcrumb":{"@id":"https:\/\/cytaa.uvigo.es\/es\/docencia\/trabajo-fin-de-grado\/#breadcrumb"},"inLanguage":"es-ES","potentialAction":[{"@type":"ReadAction","target":["https:\/\/cytaa.uvigo.es\/es\/docencia\/trabajo-fin-de-grado\/"]}]},{"@type":"BreadcrumbList","@id":"https:\/\/cytaa.uvigo.es\/es\/docencia\/trabajo-fin-de-grado\/#breadcrumb","itemListElement":[{"@type":"ListItem","position":1,"name":"Docencia","item":"https:\/\/fcou.uvigo.es\/es\/docencia\/"},{"@type":"ListItem","position":2,"name":"Trabajo Fin de Grado"}]},{"@type":"WebSite","@id":"https:\/\/fcou.uvigo.es\/#website","url":"https:\/\/fcou.uvigo.es\/","name":"Facultade de Ciencias da Universidade de Vigo","description":"Sitio web da Facultade de Ciencias","publisher":{"@id":"https:\/\/fcou.uvigo.es\/#organization"},"potentialAction":[{"@type":"SearchAction","target":{"@type":"EntryPoint","urlTemplate":"https:\/\/fcou.uvigo.es\/?s={search_term_string}"},"query-input":{"@type":"PropertyValueSpecification","valueRequired":true,"valueName":"search_term_string"}}],"inLanguage":"es-ES"},{"@type":"Organization","@id":"https:\/\/fcou.uvigo.es\/#organization","name":"Facultade de Ciencias da Universidade de Vigo","url":"https:\/\/fcou.uvigo.es\/","logo":{"@type":"ImageObject","inLanguage":"es-ES","@id":"https:\/\/fcou.uvigo.es\/#\/schema\/logo\/image\/","url":"https:\/\/fcou.uvigo.es\/wp-content\/uploads\/2024\/04\/facultade-ciencias-ourense.png","contentUrl":"https:\/\/fcou.uvigo.es\/wp-content\/uploads\/2024\/04\/facultade-ciencias-ourense.png","width":717,"height":165,"caption":"Facultade de Ciencias da Universidade de Vigo"},"image":{"@id":"https:\/\/fcou.uvigo.es\/#\/schema\/logo\/image\/"}}]}},"_links":{"self":[{"href":"https:\/\/fcou.uvigo.es\/es\/wp-json\/wp\/v2\/pages\/2213"}],"collection":[{"href":"https:\/\/fcou.uvigo.es\/es\/wp-json\/wp\/v2\/pages"}],"about":[{"href":"https:\/\/fcou.uvigo.es\/es\/wp-json\/wp\/v2\/types\/page"}],"author":[{"embeddable":true,"href":"https:\/\/fcou.uvigo.es\/es\/wp-json\/wp\/v2\/users\/8"}],"replies":[{"embeddable":true,"href":"https:\/\/fcou.uvigo.es\/es\/wp-json\/wp\/v2\/comments?post=2213"}],"version-history":[{"count":135,"href":"https:\/\/fcou.uvigo.es\/es\/wp-json\/wp\/v2\/pages\/2213\/revisions"}],"predecessor-version":[{"id":270454,"href":"https:\/\/fcou.uvigo.es\/es\/wp-json\/wp\/v2\/pages\/2213\/revisions\/270454"}],"up":[{"embeddable":true,"href":"https:\/\/fcou.uvigo.es\/es\/wp-json\/wp\/v2\/pages\/2176"}],"wp:attachment":[{"href":"https:\/\/fcou.uvigo.es\/es\/wp-json\/wp\/v2\/media?parent=2213"}],"curies":[{"name":"wp","href":"https:\/\/api.w.org\/{rel}","templated":true}]}}