{"id":2228,"date":"2015-02-06T20:41:41","date_gmt":"2015-02-06T19:41:41","guid":{"rendered":"http:\/\/fcce.webs.uvigo.es\/alumnado\/benvida\/acto-de-benvida\/"},"modified":"2025-07-18T18:18:03","modified_gmt":"2025-07-18T16:18:03","slug":"acto-de-bienvenida","status":"publish","type":"page","link":"https:\/\/fcou.uvigo.es\/es\/estudiantes\/acto-de-bienvenida\/","title":{"rendered":"Acto de bienvenida"},"content":{"rendered":"<p>El lunes, <strong>8 de septiembre de 2025<\/strong>, a las 11:00 h, tendr\u00e1 lugar, en el Sal\u00f3n de Actos Marie Curie del Edificio Polit\u00e9cnico, un acto de acogida para el alumnado de Grado y Doble Grado del curso 2025\/2026.<\/p>\n<p>En el acto de bienvenida el decano recibe al estudiantado de nuevo ingreso presentando el centro y explicando la organizaci\u00f3n acad\u00e9mica del mismo y los recursos de los que disponen para alcanzar los objetivos formativos de los diferentes programas, la composici\u00f3n y labor de los \u00f3rganos colegiados y el PAT del centro. Se presentar\u00e1 a los miembros del equipo y coordinadores de curso. Una persona representante de la delegaci\u00f3n de estudiantado y\/o asociaciones intervendr\u00e1 informando de cuestiones de su inter\u00e9s; adem\u00e1s, el personal de la biblioteca informar\u00e1 sobre su funcionamiento y las posibilidades que este servicio ofrece.<\/p>\n<p>El personal del Servicio de Deportes, de la Oficina de Voluntariado y de la Oficina de Relaciones Internacionales presentes en el acto har\u00e1n una breve descripci\u00f3n de los servicios que ofrecen y los principales programas que gestionan. Tambi\u00e9n invitar\u00e1n al estudiantado a acercarse a sus instalaciones y ampliar la informaci\u00f3n que deseen.<\/p>\n","protected":false},"excerpt":{"rendered":"<p>El lunes, 8 de septiembre de 2025, a las 11:00 h, tendr\u00e1 lugar, en el Sal\u00f3n de Actos Marie Curie del Edificio Polit\u00e9cnico, un acto &hellip; <a class=\"excerpt_more\" href=\"https:\/\/fcou.uvigo.es\/es\/estudiantes\/acto-de-bienvenida\/\">Contin\u00faa<\/a><\/p>\n","protected":false},"author":8,"featured_media":0,"parent":2217,"menu_order":3,"comment_status":"closed","ping_status":"closed","template":"","meta":{"_acf_changed":false,"footnotes":""},"acf":[],"yoast_head":"<title>Acto de bienvenida | Facultade de Ciencias<\/title>\n<meta name=\"robots\" content=\"index, follow, max-snippet:-1, max-image-preview:large, max-video-preview:-1\" \/>\n<link rel=\"canonical\" href=\"https:\/\/fcou.uvigo.es\/es\/estudiantes\/acto-de-bienvenida\/\" \/>\n<meta property=\"og:locale\" content=\"es_ES\" \/>\n<meta property=\"og:type\" content=\"article\" \/>\n<meta property=\"og:title\" content=\"Acto de bienvenida | Facultade de Ciencias\" \/>\n<meta property=\"og:description\" content=\"El lunes, 8 de septiembre de 2025, a las 11:00 h, tendr\u00e1 lugar, en el Sal\u00f3n de Actos Marie Curie del Edificio Polit\u00e9cnico, un acto &hellip; Contin\u00faa\" \/>\n<meta property=\"og:url\" content=\"https:\/\/fcou.uvigo.es\/es\/estudiantes\/acto-de-bienvenida\/\" \/>\n<meta property=\"og:site_name\" content=\"Facultade de Ciencias\" \/>\n<meta property=\"article:modified_time\" content=\"2025-07-18T16:18:03+00:00\" \/>\n<meta name=\"twitter:card\" content=\"summary_large_image\" \/>\n<meta name=\"twitter:label1\" content=\"Est. reading time\" \/>\n\t<meta name=\"twitter:data1\" content=\"2 minutes\" \/>\n<script type=\"application\/ld+json\" class=\"yoast-schema-graph\">{\"@context\":\"https:\/\/schema.org\",\"@graph\":[{\"@type\":\"WebPage\",\"@id\":\"https:\/\/fcou.uvigo.es\/es\/estudiantes\/acto-de-bienvenida\/\",\"url\":\"https:\/\/fcou.uvigo.es\/es\/estudiantes\/acto-de-bienvenida\/\",\"name\":\"Acto de bienvenida | Facultade de Ciencias\",\"isPartOf\":{\"@id\":\"https:\/\/fcou.uvigo.es\/#website\"},\"datePublished\":\"2015-02-06T19:41:41+00:00\",\"dateModified\":\"2025-07-18T16:18:03+00:00\",\"breadcrumb\":{\"@id\":\"https:\/\/fcou.uvigo.es\/es\/estudiantes\/acto-de-bienvenida\/#breadcrumb\"},\"inLanguage\":\"es-ES\",\"potentialAction\":[{\"@type\":\"ReadAction\",\"target\":[\"https:\/\/fcou.uvigo.es\/es\/estudiantes\/acto-de-bienvenida\/\"]}]},{\"@type\":\"BreadcrumbList\",\"@id\":\"https:\/\/fcou.uvigo.es\/es\/estudiantes\/acto-de-bienvenida\/#breadcrumb\",\"itemListElement\":[{\"@type\":\"ListItem\",\"position\":1,\"name\":\"Estudiantes\",\"item\":\"https:\/\/www.fcou.uvigo.es\/es\/estudiantes\/\"},{\"@type\":\"ListItem\",\"position\":2,\"name\":\"Acto de bienvenida\"}]},{\"@type\":\"WebSite\",\"@id\":\"https:\/\/fcou.uvigo.es\/#website\",\"url\":\"https:\/\/fcou.uvigo.es\/\",\"name\":\"Facultade de Ciencias da Universidade de Vigo\",\"description\":\"Sitio web da Facultade de Ciencias\",\"publisher\":{\"@id\":\"https:\/\/fcou.uvigo.es\/#organization\"},\"potentialAction\":[{\"@type\":\"SearchAction\",\"target\":{\"@type\":\"EntryPoint\",\"urlTemplate\":\"https:\/\/fcou.uvigo.es\/?s={search_term_string}\"},\"query-input\":{\"@type\":\"PropertyValueSpecification\",\"valueRequired\":true,\"valueName\":\"search_term_string\"}}],\"inLanguage\":\"es-ES\"},{\"@type\":\"Organization\",\"@id\":\"https:\/\/fcou.uvigo.es\/#organization\",\"name\":\"Facultade de Ciencias da Universidade de Vigo\",\"url\":\"https:\/\/fcou.uvigo.es\/\",\"logo\":{\"@type\":\"ImageObject\",\"inLanguage\":\"es-ES\",\"@id\":\"https:\/\/fcou.uvigo.es\/#\/schema\/logo\/image\/\",\"url\":\"https:\/\/fcou.uvigo.es\/wp-content\/uploads\/2024\/04\/facultade-ciencias-ourense.png\",\"contentUrl\":\"https:\/\/fcou.uvigo.es\/wp-content\/uploads\/2024\/04\/facultade-ciencias-ourense.png\",\"width\":717,\"height\":165,\"caption\":\"Facultade de Ciencias da Universidade de Vigo\"},\"image\":{\"@id\":\"https:\/\/fcou.uvigo.es\/#\/schema\/logo\/image\/\"}}]}<\/script>","yoast_head_json":{"title":"Acto de bienvenida | Facultade de Ciencias","robots":{"index":"index","follow":"follow","max-snippet":"max-snippet:-1","max-image-preview":"max-image-preview:large","max-video-preview":"max-video-preview:-1"},"canonical":"https:\/\/fcou.uvigo.es\/es\/estudiantes\/acto-de-bienvenida\/","og_locale":"es_ES","og_type":"article","og_title":"Acto de bienvenida | Facultade de Ciencias","og_description":"El lunes, 8 de septiembre de 2025, a las 11:00 h, tendr\u00e1 lugar, en el Sal\u00f3n de Actos Marie Curie del Edificio Polit\u00e9cnico, un acto &hellip; Contin\u00faa","og_url":"https:\/\/fcou.uvigo.es\/es\/estudiantes\/acto-de-bienvenida\/","og_site_name":"Facultade de Ciencias","article_modified_time":"2025-07-18T16:18:03+00:00","twitter_card":"summary_large_image","twitter_misc":{"Est. reading time":"2 minutes"},"schema":{"@context":"https:\/\/schema.org","@graph":[{"@type":"WebPage","@id":"https:\/\/fcou.uvigo.es\/es\/estudiantes\/acto-de-bienvenida\/","url":"https:\/\/fcou.uvigo.es\/es\/estudiantes\/acto-de-bienvenida\/","name":"Acto de bienvenida | Facultade de Ciencias","isPartOf":{"@id":"https:\/\/fcou.uvigo.es\/#website"},"datePublished":"2015-02-06T19:41:41+00:00","dateModified":"2025-07-18T16:18:03+00:00","breadcrumb":{"@id":"https:\/\/fcou.uvigo.es\/es\/estudiantes\/acto-de-bienvenida\/#breadcrumb"},"inLanguage":"es-ES","potentialAction":[{"@type":"ReadAction","target":["https:\/\/fcou.uvigo.es\/es\/estudiantes\/acto-de-bienvenida\/"]}]},{"@type":"BreadcrumbList","@id":"https:\/\/fcou.uvigo.es\/es\/estudiantes\/acto-de-bienvenida\/#breadcrumb","itemListElement":[{"@type":"ListItem","position":1,"name":"Estudiantes","item":"https:\/\/www.fcou.uvigo.es\/es\/estudiantes\/"},{"@type":"ListItem","position":2,"name":"Acto de bienvenida"}]},{"@type":"WebSite","@id":"https:\/\/fcou.uvigo.es\/#website","url":"https:\/\/fcou.uvigo.es\/","name":"Facultade de Ciencias da Universidade de Vigo","description":"Sitio web da Facultade de Ciencias","publisher":{"@id":"https:\/\/fcou.uvigo.es\/#organization"},"potentialAction":[{"@type":"SearchAction","target":{"@type":"EntryPoint","urlTemplate":"https:\/\/fcou.uvigo.es\/?s={search_term_string}"},"query-input":{"@type":"PropertyValueSpecification","valueRequired":true,"valueName":"search_term_string"}}],"inLanguage":"es-ES"},{"@type":"Organization","@id":"https:\/\/fcou.uvigo.es\/#organization","name":"Facultade de Ciencias da Universidade de Vigo","url":"https:\/\/fcou.uvigo.es\/","logo":{"@type":"ImageObject","inLanguage":"es-ES","@id":"https:\/\/fcou.uvigo.es\/#\/schema\/logo\/image\/","url":"https:\/\/fcou.uvigo.es\/wp-content\/uploads\/2024\/04\/facultade-ciencias-ourense.png","contentUrl":"https:\/\/fcou.uvigo.es\/wp-content\/uploads\/2024\/04\/facultade-ciencias-ourense.png","width":717,"height":165,"caption":"Facultade de Ciencias da Universidade de Vigo"},"image":{"@id":"https:\/\/fcou.uvigo.es\/#\/schema\/logo\/image\/"}}]}},"_links":{"self":[{"href":"https:\/\/fcou.uvigo.es\/es\/wp-json\/wp\/v2\/pages\/2228"}],"collection":[{"href":"https:\/\/fcou.uvigo.es\/es\/wp-json\/wp\/v2\/pages"}],"about":[{"href":"https:\/\/fcou.uvigo.es\/es\/wp-json\/wp\/v2\/types\/page"}],"author":[{"embeddable":true,"href":"https:\/\/fcou.uvigo.es\/es\/wp-json\/wp\/v2\/users\/8"}],"replies":[{"embeddable":true,"href":"https:\/\/fcou.uvigo.es\/es\/wp-json\/wp\/v2\/comments?post=2228"}],"version-history":[{"count":17,"href":"https:\/\/fcou.uvigo.es\/es\/wp-json\/wp\/v2\/pages\/2228\/revisions"}],"predecessor-version":[{"id":269923,"href":"https:\/\/fcou.uvigo.es\/es\/wp-json\/wp\/v2\/pages\/2228\/revisions\/269923"}],"up":[{"embeddable":true,"href":"https:\/\/fcou.uvigo.es\/es\/wp-json\/wp\/v2\/pages\/2217"}],"wp:attachment":[{"href":"https:\/\/fcou.uvigo.es\/es\/wp-json\/wp\/v2\/media?parent=2228"}],"curies":[{"name":"wp","href":"https:\/\/api.w.org\/{rel}","templated":true}]}}