{"id":2231,"date":"2015-01-27T14:21:21","date_gmt":"2015-01-27T13:21:21","guid":{"rendered":"http:\/\/fcce.webs.uvigo.es\/alumnado\/matricula\/"},"modified":"2024-05-24T13:56:59","modified_gmt":"2024-05-24T11:56:59","slug":"matricula","status":"publish","type":"page","link":"https:\/\/fcou.uvigo.es\/es\/estudiantes\/matricula\/","title":{"rendered":"Matr\u00edcula"},"content":{"rendered":"<h2>Curso acad\u00e9mico 2023\/2024<\/h2>\n<h3>Estudios de grado<\/h3>\n<table style=\"margin-left: 0px;\" cellspacing=\"0\" cellpadding=\"0\">\n<thead>\n<tr>\n<th width=\"30%\">Titulaci\u00f3n<\/th>\n<th width=\"10%\">Plazas<\/th>\n<th width=\"30%\">Calendario<\/th>\n<th width=\"30%\">Matr\u00edcula<\/th>\n<\/tr>\n<\/thead>\n<tbody>\n<tr>\n<td>Grado en CyTA<\/td>\n<td>45<\/td>\n<td><a href=\"https:\/\/ciug.gal\/gal\/admision-sug\" target=\"_blank\" rel=\"noopener noreferrer\">Cal. preinscripci\u00f3n<\/a><br \/>\n<a href=\"https:\/\/www.uvigo.gal\/universidade\/informacion-institucional\/calendario\" target=\"_blank\" rel=\"noopener noreferrer\">Cal. acad\u00e9mico<\/a><\/td>\n<td><a href=\"https:\/\/matricula.uvigo.es\/matriculaprimeiro\/\" target=\"_blank\" rel=\"noopener noreferrer\">Automatr\u00edcula<\/a><br \/>\n<a href=\"https:\/\/secretaria.uvigo.gal\/uvigo.sv\/\" target=\"_blank\" rel=\"noopener noreferrer\">Continuaci\u00f3n<\/a><\/td>\n<\/tr>\n<tr>\n<td>Grado en CC Ambientales<\/td>\n<td>45<\/td>\n<td><a href=\"https:\/\/ciug.gal\/gal\/admision-sug\" target=\"_blank\" rel=\"noopener noreferrer\">Cal. preinscripci\u00f3n<\/a><br \/>\n<a href=\"https:\/\/www.uvigo.gal\/universidade\/informacion-institucional\/calendario\" target=\"_blank\" rel=\"noopener noreferrer\">Cal. acad\u00e9mico<\/a><\/td>\n<td><a href=\"https:\/\/matricula.uvigo.es\/matriculaprimeiro\/\" target=\"_blank\" rel=\"noopener noreferrer\">Automatr\u00edcula<\/a><br \/>\n<a href=\"https:\/\/secretaria.uvigo.gal\/uvigo.sv\/\" target=\"_blank\" rel=\"noopener noreferrer\">Continuaci\u00f3n<\/a><\/td>\n<\/tr>\n<tr>\n<td>Grado en Ing. Agraria<\/td>\n<td>45<\/td>\n<td><a href=\"https:\/\/ciug.gal\/gal\/admision-sug\" target=\"_blank\" rel=\"noopener noreferrer\">Cal. preinscripci\u00f3n<\/a><br \/>\n<a href=\"https:\/\/www.uvigo.gal\/universidade\/informacion-institucional\/calendario\" target=\"_blank\" rel=\"noopener noreferrer\">Cal. acad\u00e9mico<\/a><\/td>\n<td><a href=\"https:\/\/matricula.uvigo.es\/matriculaprimeiro\/\" target=\"_blank\" rel=\"noopener noreferrer\">Automatr\u00edcula<\/a><br \/>\n<a href=\"https:\/\/secretaria.uvigo.gal\/uvigo.sv\/\" target=\"_blank\" rel=\"noopener noreferrer\">Continuaci\u00f3n<\/a><\/td>\n<\/tr>\n<\/tbody>\n<\/table>\n<p><a href=\"https:\/\/secretaria.uvigo.gal\/uv\/web\/convocatoria\/public\/show\/1093\" target=\"_blank\" rel=\"noopener noreferrer\">Convocatoria de matr\u00edcula 2023\/2024 &#8211; estudios de grado <i class=\"fa fa-external-link\"><\/i><\/a><\/p>\n<p>&nbsp;<\/p>\n<h3>Estudios de m\u00e1ster<\/h3>\n<table style=\"margin-left: 0px;\" cellspacing=\"0\" cellpadding=\"0\">\n<thead>\n<tr>\n<th width=\"30%\">Titulaci\u00f3n<\/th>\n<th width=\"10%\">Plazas<\/th>\n<th width=\"30%\">Calendario<\/th>\n<th width=\"30%\">Matr\u00edcula<\/th>\n<\/tr>\n<\/thead>\n<tbody>\n<tr>\n<td>M\u00e1ster en CyTAA<\/td>\n<td>10<\/td>\n<td><a href=\"https:\/\/fcou.uvigo.es\/wp-content\/uploads\/2024\/05\/2024-25-calendario-mestrado.pdf\" target=\"_blank\" rel=\"noopener noreferrer\">Cal. preinscripci\u00f3n<\/a><br \/>\n<a href=\"https:\/\/www.uvigo.gal\/universidade\/informacion-institucional\/calendario\" target=\"_blank\" rel=\"noopener noreferrer\">Cal. acad\u00e9mico<\/a><\/td>\n<td><a href=\"https:\/\/matricula.uvigo.es\/matriculaprimeiro\/\" target=\"_blank\" rel=\"noopener noreferrer\">Automatr\u00edcula<\/a><\/td>\n<\/tr>\n<tr>\n<td>M\u00e1ster en Nutrici\u00f3n<\/td>\n<td>20<\/td>\n<td><a href=\"https:\/\/www.uvigo.gal\/sites\/uvigo.gal\/files\/docs\/estudar\/xestions\/matricula\/Calendario_matricula_mestrados_2023-24.pdf\" target=\"_blank\" rel=\"noopener noreferrer\">Cal. preinscripci\u00f3n<\/a><br \/>\n<a href=\"https:\/\/www.uvigo.gal\/universidade\/informacion-institucional\/calendario\" target=\"_blank\" rel=\"noopener noreferrer\">Cal. acad\u00e9mico<\/a><\/td>\n<td><a href=\"https:\/\/matricula.uvigo.es\/matriculaprimeiro\/\" target=\"_blank\" rel=\"noopener noreferrer\">Automatr\u00edcula<\/a><\/td>\n<\/tr>\n<\/tbody>\n<\/table>\n<p><a href=\"https:\/\/secretaria.uvigo.gal\/uv\/web\/convocatoria\/public\/show\/1350\" target=\"_blank\" rel=\"noopener noreferrer\">Convocatoria de matr\u00edcula 2023\/2024 &#8211; estudios de posgrado<\/a> <i class=\"fa fa-external-link\"><\/i><\/p>\n<p>&nbsp;<\/p>\n<h3>Estudios de doctorado<\/h3>\n<table style=\"margin-left: 0px;\" cellspacing=\"0\" cellpadding=\"0\">\n<thead>\n<tr>\n<th width=\"30%\">Titulaci\u00f3n<\/th>\n<th width=\"10%\">Plazas<\/th>\n<th width=\"30%\">Calendario<\/th>\n<th width=\"30%\">Matr\u00edcula<\/th>\n<\/tr>\n<\/thead>\n<tbody>\n<tr>\n<td>Doctorado CeTAA<\/td>\n<td>20<\/td>\n<td><a href=\"https:\/\/www.uvigo.gal\/sites\/uvigo.gal\/files\/docs\/estudar\/xestions\/matricula\/Calendario_matricula_doutoramentos_2023-24.pdf\" target=\"_blank\" rel=\"noopener noreferrer\">Preinscrici\u00f3n<\/a><\/td>\n<td><a href=\"https:\/\/matricula.uvigo.es\/matriculaprimeiro\/\" target=\"_blank\" rel=\"noopener noreferrer\">Automatr\u00edcula<\/a><\/td>\n<\/tr>\n<tr>\n<td>Doctorado ETUSIA<\/td>\n<td>10<\/td>\n<td><a href=\"https:\/\/www.uvigo.gal\/sites\/uvigo.gal\/files\/docs\/estudar\/xestions\/matricula\/Calendario_matricula_doutoramentos_2023-24.pdf\" target=\"_blank\" rel=\"noopener noreferrer\">Preinscrici\u00f3n<\/a><\/td>\n<td><a href=\"https:\/\/matricula.uvigo.es\/matriculaprimeiro\/\" target=\"_blank\" rel=\"noopener noreferrer\">Automatr\u00edcula<\/a><\/td>\n<\/tr>\n<\/tbody>\n<\/table>\n<p><a href=\"https:\/\/secretaria.uvigo.gal\/uv\/web\/convocatoria\/public\/show\/1131\" target=\"_blank\" rel=\"noopener noreferrer\">Convocatoria de matr\u00edcula 2023\/2024 &#8211; estudios de posgrado<\/a> <i class=\"fa fa-external-link\"><\/i><\/p>\n<p>&nbsp;<\/p>\n<h3>Precios y exenciones<\/h3>\n<p>Consulta la informaci\u00f3n econ\u00f3mica relacionada con la matr\u00edcula, el coste de los estudios, las modalidades de pago, los descuentos o las exenciones y las ayudas del programa propio de la UVigo para personas con dificultades econ\u00f3micas en el siguiente enlace: <a href=\"https:\/\/www.uvigo.gal\/estudar\/xestions-estudantes\/matriculate\/prezos-publicos\" target=\"_blank\" rel=\"noopener noreferrer\">Precios p\u00fablicos<\/a>.<\/p>\n<ul class=\"list-peak\">\n<li>30\/06\/2023 &#8211; <a href=\"https:\/\/www.xunta.gal\/dog\/Publicados\/2023\/20230630\/AnuncioG0655-230623-0001_es.html\" target=\"_blank\" rel=\"noopener noreferrer\">Decreto 98\/2023<\/a>, del 22 de junio, por el que se fijan los precios p\u00fablicos por la prestaci\u00f3n de servicios acad\u00e9micos y administrativos en las universidades del Sistema Universitario de Galicia para el curso acad\u00e9mico 2023\/2024<\/li>\n<li>10\/07\/2023 &#8211; <a href=\"https:\/\/secretaria.uvigo.gal\/uv\/web\/convocatoria\/public\/show\/1186\" target=\"_blank\" rel=\"noopener noreferrer\">Normas econ\u00f3micas derivadas de la gesti\u00f3n acad\u00e9mica en la UVigo 2023\/2024<\/a><\/li>\n<\/ul>\n<p>&nbsp;<\/p>\n<div class=\"custom-block graylight\">\n<h3>M\u00e1s informaci\u00f3n<\/h3>\n<p><a href=\"https:\/\/www.uvigo.gal\/es\/estudiar\/gestiones-estudiantes\/matriculate\" target=\"_blank\" rel=\"noopener noreferrer\">Matr\u00edculate en la Universidade de Vigo<\/a><\/p>\n<\/div>\n","protected":false},"excerpt":{"rendered":"<p>Curso acad\u00e9mico 2023\/2024 Estudios de grado Titulaci\u00f3n Plazas Calendario Matr\u00edcula Grado en CyTA 45 Cal. preinscripci\u00f3n Cal. acad\u00e9mico Automatr\u00edcula Continuaci\u00f3n Grado en CC Ambientales 45 &hellip; <a class=\"excerpt_more\" href=\"https:\/\/fcou.uvigo.es\/es\/estudiantes\/matricula\/\">Contin\u00faa<\/a><\/p>\n","protected":false},"author":8,"featured_media":0,"parent":2217,"menu_order":1,"comment_status":"closed","ping_status":"closed","template":"","meta":{"_acf_changed":false,"footnotes":""},"acf":[],"yoast_head":"<title>Matr\u00edcula | Facultade de Ciencias<\/title>\n<meta name=\"robots\" content=\"index, follow, max-snippet:-1, max-image-preview:large, max-video-preview:-1\" \/>\n<link rel=\"canonical\" href=\"https:\/\/fcou.uvigo.es\/es\/estudiantes\/matricula\/\" \/>\n<meta property=\"og:locale\" content=\"es_ES\" \/>\n<meta property=\"og:type\" content=\"article\" \/>\n<meta property=\"og:title\" content=\"Matr\u00edcula | Facultade de Ciencias\" \/>\n<meta property=\"og:description\" content=\"Curso acad\u00e9mico 2023\/2024 Estudios de grado Titulaci\u00f3n Plazas Calendario Matr\u00edcula Grado en CyTA 45 Cal. preinscripci\u00f3n Cal. acad\u00e9mico Automatr\u00edcula Continuaci\u00f3n Grado en CC Ambientales 45 &hellip; Contin\u00faa\" \/>\n<meta property=\"og:url\" content=\"https:\/\/fcou.uvigo.es\/es\/estudiantes\/matricula\/\" \/>\n<meta property=\"og:site_name\" content=\"Facultade de Ciencias\" \/>\n<meta property=\"article:modified_time\" content=\"2024-05-24T11:56:59+00:00\" \/>\n<meta name=\"twitter:card\" content=\"summary_large_image\" \/>\n<meta name=\"twitter:label1\" content=\"Est. reading time\" \/>\n\t<meta name=\"twitter:data1\" content=\"2 minutes\" \/>\n<script type=\"application\/ld+json\" class=\"yoast-schema-graph\">{\"@context\":\"https:\/\/schema.org\",\"@graph\":[{\"@type\":\"WebPage\",\"@id\":\"https:\/\/fcou.uvigo.es\/es\/estudiantes\/matricula\/\",\"url\":\"https:\/\/fcou.uvigo.es\/es\/estudiantes\/matricula\/\",\"name\":\"Matr\u00edcula | Facultade de Ciencias\",\"isPartOf\":{\"@id\":\"https:\/\/fcou.uvigo.es\/#website\"},\"datePublished\":\"2015-01-27T13:21:21+00:00\",\"dateModified\":\"2024-05-24T11:56:59+00:00\",\"breadcrumb\":{\"@id\":\"https:\/\/fcou.uvigo.es\/es\/estudiantes\/matricula\/#breadcrumb\"},\"inLanguage\":\"es-ES\",\"potentialAction\":[{\"@type\":\"ReadAction\",\"target\":[\"https:\/\/fcou.uvigo.es\/es\/estudiantes\/matricula\/\"]}]},{\"@type\":\"BreadcrumbList\",\"@id\":\"https:\/\/fcou.uvigo.es\/es\/estudiantes\/matricula\/#breadcrumb\",\"itemListElement\":[{\"@type\":\"ListItem\",\"position\":1,\"name\":\"Estudiantes\",\"item\":\"https:\/\/www.fcou.uvigo.es\/es\/estudiantes\/\"},{\"@type\":\"ListItem\",\"position\":2,\"name\":\"Matr\u00edcula\"}]},{\"@type\":\"WebSite\",\"@id\":\"https:\/\/fcou.uvigo.es\/#website\",\"url\":\"https:\/\/fcou.uvigo.es\/\",\"name\":\"Facultade de Ciencias da Universidade de Vigo\",\"description\":\"Sitio web da Facultade de Ciencias\",\"publisher\":{\"@id\":\"https:\/\/fcou.uvigo.es\/#organization\"},\"potentialAction\":[{\"@type\":\"SearchAction\",\"target\":{\"@type\":\"EntryPoint\",\"urlTemplate\":\"https:\/\/fcou.uvigo.es\/?s={search_term_string}\"},\"query-input\":{\"@type\":\"PropertyValueSpecification\",\"valueRequired\":true,\"valueName\":\"search_term_string\"}}],\"inLanguage\":\"es-ES\"},{\"@type\":\"Organization\",\"@id\":\"https:\/\/fcou.uvigo.es\/#organization\",\"name\":\"Facultade de Ciencias da Universidade de Vigo\",\"url\":\"https:\/\/fcou.uvigo.es\/\",\"logo\":{\"@type\":\"ImageObject\",\"inLanguage\":\"es-ES\",\"@id\":\"https:\/\/fcou.uvigo.es\/#\/schema\/logo\/image\/\",\"url\":\"https:\/\/fcou.uvigo.es\/wp-content\/uploads\/2024\/04\/facultade-ciencias-ourense.png\",\"contentUrl\":\"https:\/\/fcou.uvigo.es\/wp-content\/uploads\/2024\/04\/facultade-ciencias-ourense.png\",\"width\":717,\"height\":165,\"caption\":\"Facultade de Ciencias da Universidade de Vigo\"},\"image\":{\"@id\":\"https:\/\/fcou.uvigo.es\/#\/schema\/logo\/image\/\"}}]}<\/script>","yoast_head_json":{"title":"Matr\u00edcula | Facultade de Ciencias","robots":{"index":"index","follow":"follow","max-snippet":"max-snippet:-1","max-image-preview":"max-image-preview:large","max-video-preview":"max-video-preview:-1"},"canonical":"https:\/\/fcou.uvigo.es\/es\/estudiantes\/matricula\/","og_locale":"es_ES","og_type":"article","og_title":"Matr\u00edcula | Facultade de Ciencias","og_description":"Curso acad\u00e9mico 2023\/2024 Estudios de grado Titulaci\u00f3n Plazas Calendario Matr\u00edcula Grado en CyTA 45 Cal. preinscripci\u00f3n Cal. acad\u00e9mico Automatr\u00edcula Continuaci\u00f3n Grado en CC Ambientales 45 &hellip; Contin\u00faa","og_url":"https:\/\/fcou.uvigo.es\/es\/estudiantes\/matricula\/","og_site_name":"Facultade de Ciencias","article_modified_time":"2024-05-24T11:56:59+00:00","twitter_card":"summary_large_image","twitter_misc":{"Est. reading time":"2 minutes"},"schema":{"@context":"https:\/\/schema.org","@graph":[{"@type":"WebPage","@id":"https:\/\/fcou.uvigo.es\/es\/estudiantes\/matricula\/","url":"https:\/\/fcou.uvigo.es\/es\/estudiantes\/matricula\/","name":"Matr\u00edcula | Facultade de Ciencias","isPartOf":{"@id":"https:\/\/fcou.uvigo.es\/#website"},"datePublished":"2015-01-27T13:21:21+00:00","dateModified":"2024-05-24T11:56:59+00:00","breadcrumb":{"@id":"https:\/\/fcou.uvigo.es\/es\/estudiantes\/matricula\/#breadcrumb"},"inLanguage":"es-ES","potentialAction":[{"@type":"ReadAction","target":["https:\/\/fcou.uvigo.es\/es\/estudiantes\/matricula\/"]}]},{"@type":"BreadcrumbList","@id":"https:\/\/fcou.uvigo.es\/es\/estudiantes\/matricula\/#breadcrumb","itemListElement":[{"@type":"ListItem","position":1,"name":"Estudiantes","item":"https:\/\/www.fcou.uvigo.es\/es\/estudiantes\/"},{"@type":"ListItem","position":2,"name":"Matr\u00edcula"}]},{"@type":"WebSite","@id":"https:\/\/fcou.uvigo.es\/#website","url":"https:\/\/fcou.uvigo.es\/","name":"Facultade de Ciencias da Universidade de Vigo","description":"Sitio web da Facultade de Ciencias","publisher":{"@id":"https:\/\/fcou.uvigo.es\/#organization"},"potentialAction":[{"@type":"SearchAction","target":{"@type":"EntryPoint","urlTemplate":"https:\/\/fcou.uvigo.es\/?s={search_term_string}"},"query-input":{"@type":"PropertyValueSpecification","valueRequired":true,"valueName":"search_term_string"}}],"inLanguage":"es-ES"},{"@type":"Organization","@id":"https:\/\/fcou.uvigo.es\/#organization","name":"Facultade de Ciencias da Universidade de Vigo","url":"https:\/\/fcou.uvigo.es\/","logo":{"@type":"ImageObject","inLanguage":"es-ES","@id":"https:\/\/fcou.uvigo.es\/#\/schema\/logo\/image\/","url":"https:\/\/fcou.uvigo.es\/wp-content\/uploads\/2024\/04\/facultade-ciencias-ourense.png","contentUrl":"https:\/\/fcou.uvigo.es\/wp-content\/uploads\/2024\/04\/facultade-ciencias-ourense.png","width":717,"height":165,"caption":"Facultade de Ciencias da Universidade de Vigo"},"image":{"@id":"https:\/\/fcou.uvigo.es\/#\/schema\/logo\/image\/"}}]}},"_links":{"self":[{"href":"https:\/\/fcou.uvigo.es\/es\/wp-json\/wp\/v2\/pages\/2231"}],"collection":[{"href":"https:\/\/fcou.uvigo.es\/es\/wp-json\/wp\/v2\/pages"}],"about":[{"href":"https:\/\/fcou.uvigo.es\/es\/wp-json\/wp\/v2\/types\/page"}],"author":[{"embeddable":true,"href":"https:\/\/fcou.uvigo.es\/es\/wp-json\/wp\/v2\/users\/8"}],"replies":[{"embeddable":true,"href":"https:\/\/fcou.uvigo.es\/es\/wp-json\/wp\/v2\/comments?post=2231"}],"version-history":[{"count":21,"href":"https:\/\/fcou.uvigo.es\/es\/wp-json\/wp\/v2\/pages\/2231\/revisions"}],"predecessor-version":[{"id":268004,"href":"https:\/\/fcou.uvigo.es\/es\/wp-json\/wp\/v2\/pages\/2231\/revisions\/268004"}],"up":[{"embeddable":true,"href":"https:\/\/fcou.uvigo.es\/es\/wp-json\/wp\/v2\/pages\/2217"}],"wp:attachment":[{"href":"https:\/\/fcou.uvigo.es\/es\/wp-json\/wp\/v2\/media?parent=2231"}],"curies":[{"name":"wp","href":"https:\/\/api.w.org\/{rel}","templated":true}]}}