{"id":2245,"date":"2015-01-28T17:55:58","date_gmt":"2015-01-28T16:55:58","guid":{"rendered":"http:\/\/fcce.webs.uvigo.es\/alumnado\/delegacion-de-alumnos\/"},"modified":"2019-10-11T10:08:47","modified_gmt":"2019-10-11T08:08:47","slug":"asociacion-ecous","status":"publish","type":"page","link":"https:\/\/fcou.uvigo.es\/es\/estudiantes\/asociacion-ecous\/","title":{"rendered":"Asociaci\u00f3n Ecous"},"content":{"rendered":"<p><img decoding=\"async\" src=\"\/images\/alumnado\/ecous.jpg\" alt=\"Ecous\" \/><\/p>\n<p>&nbsp;<\/p>\n<p>La Asociaci\u00f3n de Estudiantes de Ciencias de Ourense (Ecous) es una asociaci\u00f3n estudiantil formada por estudiantes de las titulaciones de Grado en Ciencias Ambientales, Grado en Ciencia y Tecnolog\u00eda de los Alimentos y Grado en Ingenier\u00eda Agraria.<\/p>\n<p>Entre sus cometidos est\u00e1n la representaci\u00f3n de sus asociados y la organizaci\u00f3n de actividades divulgativas y de inter\u00e9s para el estudiantado que representa.<\/p>\n<p>&nbsp;<\/p>\n<p><i class=\"fa fa-envelope-o\"><\/i> <a href=\"mailto:ecous.uvigo@gmail.com\">ecous.uvigo@gmail.com<\/a> | <i class=\"fa fa-facebook\"><\/i> <a href=\"https:\/\/www.facebook.com\/ECOUSuvigo\/\" target=\"_blank\" rel=\"noopener\">Facebook<\/a> | <i class=\"fa fa-twitter\"><\/i> <a href=\"https:\/\/twitter.com\/ECOUS_Uvigo\" target=\"_blank\" rel=\"noopener\">Twitter<\/a><\/p>\n","protected":false},"excerpt":{"rendered":"<p>&nbsp; La Asociaci\u00f3n de Estudiantes de Ciencias de Ourense (Ecous) es una asociaci\u00f3n estudiantil formada por estudiantes de las titulaciones de Grado en Ciencias Ambientales, &hellip; <a class=\"excerpt_more\" href=\"https:\/\/fcou.uvigo.es\/es\/estudiantes\/asociacion-ecous\/\">Contin\u00faa<\/a><\/p>\n","protected":false},"author":8,"featured_media":0,"parent":2217,"menu_order":8,"comment_status":"closed","ping_status":"closed","template":"","meta":{"_acf_changed":false,"footnotes":""},"acf":[],"yoast_head":"<title>Asociaci\u00f3n Ecous | Facultade de Ciencias<\/title>\n<meta name=\"robots\" content=\"index, follow, max-snippet:-1, max-image-preview:large, max-video-preview:-1\" \/>\n<link rel=\"canonical\" href=\"https:\/\/fcou.uvigo.es\/es\/estudiantes\/asociacion-ecous\/\" \/>\n<meta property=\"og:locale\" content=\"es_ES\" \/>\n<meta property=\"og:type\" content=\"article\" \/>\n<meta property=\"og:title\" content=\"Asociaci\u00f3n Ecous | Facultade de Ciencias\" \/>\n<meta property=\"og:description\" content=\"&nbsp; La Asociaci\u00f3n de Estudiantes de Ciencias de Ourense (Ecous) es una asociaci\u00f3n estudiantil formada por estudiantes de las titulaciones de Grado en Ciencias Ambientales, &hellip; Contin\u00faa\" \/>\n<meta property=\"og:url\" content=\"https:\/\/fcou.uvigo.es\/es\/estudiantes\/asociacion-ecous\/\" \/>\n<meta property=\"og:site_name\" content=\"Facultade de Ciencias\" \/>\n<meta property=\"article:modified_time\" content=\"2019-10-11T08:08:47+00:00\" \/>\n<meta name=\"twitter:card\" content=\"summary_large_image\" \/>\n<script type=\"application\/ld+json\" class=\"yoast-schema-graph\">{\"@context\":\"https:\/\/schema.org\",\"@graph\":[{\"@type\":\"WebPage\",\"@id\":\"https:\/\/fcou.uvigo.es\/es\/estudiantes\/asociacion-ecous\/\",\"url\":\"https:\/\/fcou.uvigo.es\/es\/estudiantes\/asociacion-ecous\/\",\"name\":\"Asociaci\u00f3n Ecous | Facultade de Ciencias\",\"isPartOf\":{\"@id\":\"https:\/\/fcou.uvigo.es\/#website\"},\"datePublished\":\"2015-01-28T16:55:58+00:00\",\"dateModified\":\"2019-10-11T08:08:47+00:00\",\"breadcrumb\":{\"@id\":\"https:\/\/fcou.uvigo.es\/es\/estudiantes\/asociacion-ecous\/#breadcrumb\"},\"inLanguage\":\"es-ES\",\"potentialAction\":[{\"@type\":\"ReadAction\",\"target\":[\"https:\/\/fcou.uvigo.es\/es\/estudiantes\/asociacion-ecous\/\"]}]},{\"@type\":\"BreadcrumbList\",\"@id\":\"https:\/\/fcou.uvigo.es\/es\/estudiantes\/asociacion-ecous\/#breadcrumb\",\"itemListElement\":[{\"@type\":\"ListItem\",\"position\":1,\"name\":\"Estudiantes\",\"item\":\"https:\/\/www.fcou.uvigo.es\/es\/estudiantes\/\"},{\"@type\":\"ListItem\",\"position\":2,\"name\":\"Asociaci\u00f3n Ecous\"}]},{\"@type\":\"WebSite\",\"@id\":\"https:\/\/fcou.uvigo.es\/#website\",\"url\":\"https:\/\/fcou.uvigo.es\/\",\"name\":\"Facultade de Ciencias da Universidade de Vigo\",\"description\":\"Sitio web da Facultade de Ciencias\",\"publisher\":{\"@id\":\"https:\/\/fcou.uvigo.es\/#organization\"},\"potentialAction\":[{\"@type\":\"SearchAction\",\"target\":{\"@type\":\"EntryPoint\",\"urlTemplate\":\"https:\/\/fcou.uvigo.es\/?s={search_term_string}\"},\"query-input\":{\"@type\":\"PropertyValueSpecification\",\"valueRequired\":true,\"valueName\":\"search_term_string\"}}],\"inLanguage\":\"es-ES\"},{\"@type\":\"Organization\",\"@id\":\"https:\/\/fcou.uvigo.es\/#organization\",\"name\":\"Facultade de Ciencias da Universidade de Vigo\",\"url\":\"https:\/\/fcou.uvigo.es\/\",\"logo\":{\"@type\":\"ImageObject\",\"inLanguage\":\"es-ES\",\"@id\":\"https:\/\/fcou.uvigo.es\/#\/schema\/logo\/image\/\",\"url\":\"https:\/\/fcou.uvigo.es\/wp-content\/uploads\/2024\/04\/facultade-ciencias-ourense.png\",\"contentUrl\":\"https:\/\/fcou.uvigo.es\/wp-content\/uploads\/2024\/04\/facultade-ciencias-ourense.png\",\"width\":717,\"height\":165,\"caption\":\"Facultade de Ciencias da Universidade de Vigo\"},\"image\":{\"@id\":\"https:\/\/fcou.uvigo.es\/#\/schema\/logo\/image\/\"}}]}<\/script>","yoast_head_json":{"title":"Asociaci\u00f3n Ecous | Facultade de Ciencias","robots":{"index":"index","follow":"follow","max-snippet":"max-snippet:-1","max-image-preview":"max-image-preview:large","max-video-preview":"max-video-preview:-1"},"canonical":"https:\/\/fcou.uvigo.es\/es\/estudiantes\/asociacion-ecous\/","og_locale":"es_ES","og_type":"article","og_title":"Asociaci\u00f3n Ecous | Facultade de Ciencias","og_description":"&nbsp; La Asociaci\u00f3n de Estudiantes de Ciencias de Ourense (Ecous) es una asociaci\u00f3n estudiantil formada por estudiantes de las titulaciones de Grado en Ciencias Ambientales, &hellip; Contin\u00faa","og_url":"https:\/\/fcou.uvigo.es\/es\/estudiantes\/asociacion-ecous\/","og_site_name":"Facultade de Ciencias","article_modified_time":"2019-10-11T08:08:47+00:00","twitter_card":"summary_large_image","schema":{"@context":"https:\/\/schema.org","@graph":[{"@type":"WebPage","@id":"https:\/\/fcou.uvigo.es\/es\/estudiantes\/asociacion-ecous\/","url":"https:\/\/fcou.uvigo.es\/es\/estudiantes\/asociacion-ecous\/","name":"Asociaci\u00f3n Ecous | Facultade de Ciencias","isPartOf":{"@id":"https:\/\/fcou.uvigo.es\/#website"},"datePublished":"2015-01-28T16:55:58+00:00","dateModified":"2019-10-11T08:08:47+00:00","breadcrumb":{"@id":"https:\/\/fcou.uvigo.es\/es\/estudiantes\/asociacion-ecous\/#breadcrumb"},"inLanguage":"es-ES","potentialAction":[{"@type":"ReadAction","target":["https:\/\/fcou.uvigo.es\/es\/estudiantes\/asociacion-ecous\/"]}]},{"@type":"BreadcrumbList","@id":"https:\/\/fcou.uvigo.es\/es\/estudiantes\/asociacion-ecous\/#breadcrumb","itemListElement":[{"@type":"ListItem","position":1,"name":"Estudiantes","item":"https:\/\/www.fcou.uvigo.es\/es\/estudiantes\/"},{"@type":"ListItem","position":2,"name":"Asociaci\u00f3n Ecous"}]},{"@type":"WebSite","@id":"https:\/\/fcou.uvigo.es\/#website","url":"https:\/\/fcou.uvigo.es\/","name":"Facultade de Ciencias da Universidade de Vigo","description":"Sitio web da Facultade de Ciencias","publisher":{"@id":"https:\/\/fcou.uvigo.es\/#organization"},"potentialAction":[{"@type":"SearchAction","target":{"@type":"EntryPoint","urlTemplate":"https:\/\/fcou.uvigo.es\/?s={search_term_string}"},"query-input":{"@type":"PropertyValueSpecification","valueRequired":true,"valueName":"search_term_string"}}],"inLanguage":"es-ES"},{"@type":"Organization","@id":"https:\/\/fcou.uvigo.es\/#organization","name":"Facultade de Ciencias da Universidade de Vigo","url":"https:\/\/fcou.uvigo.es\/","logo":{"@type":"ImageObject","inLanguage":"es-ES","@id":"https:\/\/fcou.uvigo.es\/#\/schema\/logo\/image\/","url":"https:\/\/fcou.uvigo.es\/wp-content\/uploads\/2024\/04\/facultade-ciencias-ourense.png","contentUrl":"https:\/\/fcou.uvigo.es\/wp-content\/uploads\/2024\/04\/facultade-ciencias-ourense.png","width":717,"height":165,"caption":"Facultade de Ciencias da Universidade de Vigo"},"image":{"@id":"https:\/\/fcou.uvigo.es\/#\/schema\/logo\/image\/"}}]}},"_links":{"self":[{"href":"https:\/\/fcou.uvigo.es\/es\/wp-json\/wp\/v2\/pages\/2245"}],"collection":[{"href":"https:\/\/fcou.uvigo.es\/es\/wp-json\/wp\/v2\/pages"}],"about":[{"href":"https:\/\/fcou.uvigo.es\/es\/wp-json\/wp\/v2\/types\/page"}],"author":[{"embeddable":true,"href":"https:\/\/fcou.uvigo.es\/es\/wp-json\/wp\/v2\/users\/8"}],"replies":[{"embeddable":true,"href":"https:\/\/fcou.uvigo.es\/es\/wp-json\/wp\/v2\/comments?post=2245"}],"version-history":[{"count":4,"href":"https:\/\/fcou.uvigo.es\/es\/wp-json\/wp\/v2\/pages\/2245\/revisions"}],"predecessor-version":[{"id":16786,"href":"https:\/\/fcou.uvigo.es\/es\/wp-json\/wp\/v2\/pages\/2245\/revisions\/16786"}],"up":[{"embeddable":true,"href":"https:\/\/fcou.uvigo.es\/es\/wp-json\/wp\/v2\/pages\/2217"}],"wp:attachment":[{"href":"https:\/\/fcou.uvigo.es\/es\/wp-json\/wp\/v2\/media?parent=2245"}],"curies":[{"name":"wp","href":"https:\/\/api.w.org\/{rel}","templated":true}]}}