{"id":2248,"date":"2015-01-28T16:01:49","date_gmt":"2015-01-28T15:01:49","guid":{"rendered":"http:\/\/fcce.webs.uvigo.es\/mobilidade\/"},"modified":"2025-11-28T11:34:39","modified_gmt":"2025-11-28T10:34:39","slug":"movilidad","status":"publish","type":"page","link":"https:\/\/fcou.uvigo.es\/es\/estudiantes\/movilidad\/","title":{"rendered":"Movilidad"},"content":{"rendered":"<p>El estudiantado de la Universidade de Vigo puede cursar parte de sus titulaciones en el extranjero a trav\u00e9s de programas como el Erasmus, ISEP, as\u00ed como beneficiarse de las becas propias de esta universidad, quien tambi\u00e9n pone a disposici\u00f3n de su estudiantado un t\u00e1ndem de conversaci\u00f3n con la finalidad de fomentar el aprendizaje de idiomas y las relaciones interpersonales entre los participantes.<\/p>\n<p>La Oficina de Relaciones Internacionales es la encargada de coordinar, centralizar y gestionar las actividades internacionales que se desarrollan en la instituci\u00f3n, relacionadas con programas de intercambio de formaci\u00f3n de estudiantes.<\/p>\n<p class=\"header-list\">NORMATIVA<\/p>\n<ul class=\"list-peak\">\n<li><a href=\"https:\/\/fcou.uvigo.es\/wp-content\/uploads\/2025\/05\/Normativa_mobilidade_FCOu.pdf\" target=\"_blank\" rel=\"noopener noreferrer\">Normativa de movilidad<\/a><\/li>\n<\/ul>\n<p class=\"header-list\">OFERTA DE PLAZAS<\/p>\n<ul class=\"list-peak\">\n<li><a href=\"https:\/\/secretaria.uvigo.gal\/uv\/web\/convocatoria\/public\/show\/1286\" target=\"_blank\" rel=\"noopener noreferrer\">Oferta de plazas SICUE 2024\/2025<\/a><\/li>\n<li><a href=\"https:\/\/secretaria.uvigo.gal\/uv\/web\/convocatoria\/public\/show\/1700\" target=\"_blank\" rel=\"noopener noreferrer\">Oferta de plazas ERASMUS+ 2026\/2027<\/a><\/li>\n<\/ul>\n<p class=\"header-list\">LISTADOS DE SELECCIONADOS\/AS<\/p>\n<ul class=\"list-peak\">\n<li><a href=\"\/images\/docs\/alumnado\/LP_Erasmus_2024-25.pdf\" target=\"_blank\" rel=\"noopener noreferrer\">Listado provisional ERASMUS+ 2024\/2025<\/a><\/li>\n<li><a href=\"\/images\/docs\/alumnado\/LD_Erasmus_2024-25.pdf\" target=\"_blank\" rel=\"noopener noreferrer\">Listado definitivo ERASMUS+ 2024\/2025<\/a><\/li>\n<li>Listado provisional SICUE 2024\/2025<\/li>\n<li>Listado definitivo SICUE 2024\/2025<\/li>\n<\/ul>\n<p>&nbsp;<\/p>\n<div class=\"custom-block graylight\">\n<h3>Coordinaci\u00f3n de Relaciones Internacionales<\/h3>\n<p>Aloia Roman\u00ed P\u00e9rez<br \/>\n+34 988 368 892<br \/>\n<a href=\"mailto:studentmobility.fcou@uvigo.es\">studentmobility.fcou@uvigo.es <\/a><\/p>\n<\/div>\n","protected":false},"excerpt":{"rendered":"<p>La Facultad de Ciencias participa en los programas de movilidad institucionales apoyando la salida del estudiantado propio y acogiendo al estudiantado externo (nacional e internacional)<\/p>\n","protected":false},"author":8,"featured_media":0,"parent":2217,"menu_order":5,"comment_status":"closed","ping_status":"closed","template":"","meta":{"_acf_changed":false,"footnotes":""},"acf":[],"yoast_head":"<title>Movilidad | Facultade de Ciencias<\/title>\n<meta name=\"robots\" content=\"index, follow, max-snippet:-1, max-image-preview:large, max-video-preview:-1\" \/>\n<link rel=\"canonical\" href=\"https:\/\/fcou.uvigo.es\/es\/estudiantes\/movilidad\/\" \/>\n<meta property=\"og:locale\" content=\"es_ES\" \/>\n<meta property=\"og:type\" content=\"article\" \/>\n<meta property=\"og:title\" content=\"Movilidad | Facultade de Ciencias\" \/>\n<meta property=\"og:description\" content=\"La Facultad de Ciencias participa en los programas de movilidad institucionales apoyando la salida del estudiantado propio y acogiendo al estudiantado externo (nacional e internacional)\" \/>\n<meta property=\"og:url\" content=\"https:\/\/fcou.uvigo.es\/es\/estudiantes\/movilidad\/\" \/>\n<meta property=\"og:site_name\" content=\"Facultade de Ciencias\" \/>\n<meta property=\"article:modified_time\" content=\"2025-11-28T10:34:39+00:00\" \/>\n<meta name=\"twitter:card\" content=\"summary_large_image\" \/>\n<meta name=\"twitter:label1\" content=\"Est. reading time\" \/>\n\t<meta name=\"twitter:data1\" content=\"1 minute\" \/>\n<script type=\"application\/ld+json\" class=\"yoast-schema-graph\">{\"@context\":\"https:\/\/schema.org\",\"@graph\":[{\"@type\":\"WebPage\",\"@id\":\"https:\/\/fcou.uvigo.es\/es\/estudiantes\/movilidad\/\",\"url\":\"https:\/\/fcou.uvigo.es\/es\/estudiantes\/movilidad\/\",\"name\":\"Movilidad | Facultade de Ciencias\",\"isPartOf\":{\"@id\":\"https:\/\/fcou.uvigo.es\/#website\"},\"datePublished\":\"2015-01-28T15:01:49+00:00\",\"dateModified\":\"2025-11-28T10:34:39+00:00\",\"breadcrumb\":{\"@id\":\"https:\/\/fcou.uvigo.es\/es\/estudiantes\/movilidad\/#breadcrumb\"},\"inLanguage\":\"es-ES\",\"potentialAction\":[{\"@type\":\"ReadAction\",\"target\":[\"https:\/\/fcou.uvigo.es\/es\/estudiantes\/movilidad\/\"]}]},{\"@type\":\"BreadcrumbList\",\"@id\":\"https:\/\/fcou.uvigo.es\/es\/estudiantes\/movilidad\/#breadcrumb\",\"itemListElement\":[{\"@type\":\"ListItem\",\"position\":1,\"name\":\"Estudiantes\",\"item\":\"https:\/\/www.fcou.uvigo.es\/es\/estudiantes\/\"},{\"@type\":\"ListItem\",\"position\":2,\"name\":\"Movilidad\"}]},{\"@type\":\"WebSite\",\"@id\":\"https:\/\/fcou.uvigo.es\/#website\",\"url\":\"https:\/\/fcou.uvigo.es\/\",\"name\":\"Facultade de Ciencias da Universidade de Vigo\",\"description\":\"Sitio web da Facultade de Ciencias\",\"publisher\":{\"@id\":\"https:\/\/fcou.uvigo.es\/#organization\"},\"potentialAction\":[{\"@type\":\"SearchAction\",\"target\":{\"@type\":\"EntryPoint\",\"urlTemplate\":\"https:\/\/fcou.uvigo.es\/?s={search_term_string}\"},\"query-input\":{\"@type\":\"PropertyValueSpecification\",\"valueRequired\":true,\"valueName\":\"search_term_string\"}}],\"inLanguage\":\"es-ES\"},{\"@type\":\"Organization\",\"@id\":\"https:\/\/fcou.uvigo.es\/#organization\",\"name\":\"Facultade de Ciencias da Universidade de Vigo\",\"url\":\"https:\/\/fcou.uvigo.es\/\",\"logo\":{\"@type\":\"ImageObject\",\"inLanguage\":\"es-ES\",\"@id\":\"https:\/\/fcou.uvigo.es\/#\/schema\/logo\/image\/\",\"url\":\"https:\/\/fcou.uvigo.es\/wp-content\/uploads\/2024\/04\/facultade-ciencias-ourense.png\",\"contentUrl\":\"https:\/\/fcou.uvigo.es\/wp-content\/uploads\/2024\/04\/facultade-ciencias-ourense.png\",\"width\":717,\"height\":165,\"caption\":\"Facultade de Ciencias da Universidade de Vigo\"},\"image\":{\"@id\":\"https:\/\/fcou.uvigo.es\/#\/schema\/logo\/image\/\"}}]}<\/script>","yoast_head_json":{"title":"Movilidad | Facultade de Ciencias","robots":{"index":"index","follow":"follow","max-snippet":"max-snippet:-1","max-image-preview":"max-image-preview:large","max-video-preview":"max-video-preview:-1"},"canonical":"https:\/\/fcou.uvigo.es\/es\/estudiantes\/movilidad\/","og_locale":"es_ES","og_type":"article","og_title":"Movilidad | Facultade de Ciencias","og_description":"La Facultad de Ciencias participa en los programas de movilidad institucionales apoyando la salida del estudiantado propio y acogiendo al estudiantado externo (nacional e internacional)","og_url":"https:\/\/fcou.uvigo.es\/es\/estudiantes\/movilidad\/","og_site_name":"Facultade de Ciencias","article_modified_time":"2025-11-28T10:34:39+00:00","twitter_card":"summary_large_image","twitter_misc":{"Est. reading time":"1 minute"},"schema":{"@context":"https:\/\/schema.org","@graph":[{"@type":"WebPage","@id":"https:\/\/fcou.uvigo.es\/es\/estudiantes\/movilidad\/","url":"https:\/\/fcou.uvigo.es\/es\/estudiantes\/movilidad\/","name":"Movilidad | Facultade de Ciencias","isPartOf":{"@id":"https:\/\/fcou.uvigo.es\/#website"},"datePublished":"2015-01-28T15:01:49+00:00","dateModified":"2025-11-28T10:34:39+00:00","breadcrumb":{"@id":"https:\/\/fcou.uvigo.es\/es\/estudiantes\/movilidad\/#breadcrumb"},"inLanguage":"es-ES","potentialAction":[{"@type":"ReadAction","target":["https:\/\/fcou.uvigo.es\/es\/estudiantes\/movilidad\/"]}]},{"@type":"BreadcrumbList","@id":"https:\/\/fcou.uvigo.es\/es\/estudiantes\/movilidad\/#breadcrumb","itemListElement":[{"@type":"ListItem","position":1,"name":"Estudiantes","item":"https:\/\/www.fcou.uvigo.es\/es\/estudiantes\/"},{"@type":"ListItem","position":2,"name":"Movilidad"}]},{"@type":"WebSite","@id":"https:\/\/fcou.uvigo.es\/#website","url":"https:\/\/fcou.uvigo.es\/","name":"Facultade de Ciencias da Universidade de Vigo","description":"Sitio web da Facultade de Ciencias","publisher":{"@id":"https:\/\/fcou.uvigo.es\/#organization"},"potentialAction":[{"@type":"SearchAction","target":{"@type":"EntryPoint","urlTemplate":"https:\/\/fcou.uvigo.es\/?s={search_term_string}"},"query-input":{"@type":"PropertyValueSpecification","valueRequired":true,"valueName":"search_term_string"}}],"inLanguage":"es-ES"},{"@type":"Organization","@id":"https:\/\/fcou.uvigo.es\/#organization","name":"Facultade de Ciencias da Universidade de Vigo","url":"https:\/\/fcou.uvigo.es\/","logo":{"@type":"ImageObject","inLanguage":"es-ES","@id":"https:\/\/fcou.uvigo.es\/#\/schema\/logo\/image\/","url":"https:\/\/fcou.uvigo.es\/wp-content\/uploads\/2024\/04\/facultade-ciencias-ourense.png","contentUrl":"https:\/\/fcou.uvigo.es\/wp-content\/uploads\/2024\/04\/facultade-ciencias-ourense.png","width":717,"height":165,"caption":"Facultade de Ciencias da Universidade de Vigo"},"image":{"@id":"https:\/\/fcou.uvigo.es\/#\/schema\/logo\/image\/"}}]}},"_links":{"self":[{"href":"https:\/\/fcou.uvigo.es\/es\/wp-json\/wp\/v2\/pages\/2248"}],"collection":[{"href":"https:\/\/fcou.uvigo.es\/es\/wp-json\/wp\/v2\/pages"}],"about":[{"href":"https:\/\/fcou.uvigo.es\/es\/wp-json\/wp\/v2\/types\/page"}],"author":[{"embeddable":true,"href":"https:\/\/fcou.uvigo.es\/es\/wp-json\/wp\/v2\/users\/8"}],"replies":[{"embeddable":true,"href":"https:\/\/fcou.uvigo.es\/es\/wp-json\/wp\/v2\/comments?post=2248"}],"version-history":[{"count":14,"href":"https:\/\/fcou.uvigo.es\/es\/wp-json\/wp\/v2\/pages\/2248\/revisions"}],"predecessor-version":[{"id":270252,"href":"https:\/\/fcou.uvigo.es\/es\/wp-json\/wp\/v2\/pages\/2248\/revisions\/270252"}],"up":[{"embeddable":true,"href":"https:\/\/fcou.uvigo.es\/es\/wp-json\/wp\/v2\/pages\/2217"}],"wp:attachment":[{"href":"https:\/\/fcou.uvigo.es\/es\/wp-json\/wp\/v2\/media?parent=2248"}],"curies":[{"name":"wp","href":"https:\/\/api.w.org\/{rel}","templated":true}]}}