{"id":2259,"date":"2015-01-29T00:36:16","date_gmt":"2015-01-28T23:36:16","guid":{"rendered":"http:\/\/fcce.webs.uvigo.es\/calidade\/"},"modified":"2024-05-30T13:02:16","modified_gmt":"2024-05-30T11:02:16","slug":"calidad","status":"publish","type":"page","link":"https:\/\/fcou.uvigo.es\/es\/facultad\/calidad\/","title":{"rendered":"Calidad"},"content":{"rendered":"<h3>Para nuestro centro \u00e9s fundamental consolidar una cultura de calidad en el \u00e1mbito universitario, cuesti\u00f3n que consideramos estrat\u00e9gica para que las competencias, habilidades y aptitudes de las egresadas y egresados sean reconocidas en los \u00e1mbitos acad\u00e9micos, profesionales y sociales en los que se integran.<\/h3>\n<p>Este Decanato dirige sus esfuerzos hacia la plena consecuci\u00f3n de la satisfacci\u00f3n de las necesidades y expectativas razonables, de todos sus clientes y usuarios, tanto internos como externos. Se compromete a usar todos los recursos t\u00e9cnicos, econ\u00f3micos y humanos a su disposici\u00f3n; siempre dentro del estricto cumplimiento de los requisitos legales aplicables, tanto a nivel auton\u00f3mico como estatal y europeo.<\/p>\n<p>El Decanato de la Facultad establece las siguientes directrices generales para la consecuci\u00f3n de los Objetivos de Calidad y que constituyen nuestra Pol\u00edtica de Calidad:<\/p>\n<ul class=\"list-peak\" style=\"margin-top: 10px;\">\n<li>Mantener una oferta formativa ajustada a las demandas, necesidades y expectativas de la sociedad, para consolidar altos niveles de calidad en sus titulaciones, sin renunciar a los fundamentos acad\u00e9micos de la universidad basados en el desarrollo del conocimiento del esp\u00edritu cr\u00edtico, de la capacidad de an\u00e1lisis y de reflexi\u00f3n.<\/li>\n<li>Lograr el reconocimiento a nivel nacional y internacional de la calidad docente a trav\u00e9s de la consecuci\u00f3n de las metas asociadas a indicadores acad\u00e9micos con especiales relevancias a aquellas que se relacionan con la satisfacci\u00f3n de los grupos de inter\u00e9s.<\/li>\n<li>Proporcionar la formaci\u00f3n continua adecuada a todos nuestros empleados, segundo sus respectivas actividades, y facilitar los conocimientos necesarios para que puedan desarrollar su actividad enfocada a la satisfacci\u00f3n de las necesidades de nuestros usuarios.<\/li>\n<li>Asegurar la implantaci\u00f3n, desarrollo y seguimiento tanto del Sistema de Garant\u00eda de Calidad (SGC) como de todos los procesos vinculados con calidad que afectan al centro y a sus titulaciones.<\/li>\n<li>Asegurar una docencia, investigaci\u00f3n, gesti\u00f3n y transferencia del conocimiento con perspectiva de g\u00e9nero para remover los obst\u00e1culos que impiden una igualdad real entre las mujeres y los hombres.<\/li>\n<li>Garantizar la igualdad de oportunidades de nuestro alumnado y dem\u00e1s miembros de la comunidad universitaria con diversidad funcional y\/o vulnerables, en relaci\u00f3n a la docencia y el aprendizaje, la investigaci\u00f3n, gesti\u00f3n y transferencia de conocimiento, eliminando cualquier forma de discriminaci\u00f3n y estableciendo medidas de acci\u00f3n positiva tendentes a asegurar su inclusi\u00f3n y participaci\u00f3n plena y efectiva en nuestro centro\u201d.<\/li>\n<li>Facilitar la extensi\u00f3n de la cultura de la calidad y la formaci\u00f3n continua en materia de calidad del personal docente y investigador, personal de administraci\u00f3n y servicios y del estudiantado, fomentando la eficacia y continuidad de los sistemas y procesos vinculados.<\/li>\n<\/ul>\n<p>&nbsp;<\/p>\n<a href=\"http:\/\/ouciencias.webs5.uvigo.es\/images\/docs\/calidade\/manual\/Anexo_04.pdf#page=2\" target=\"_blank\" rel=\"noopener noreferrer\" class=\"btn btn-primary btn-icon\">Objetivos de calidad<\/a>\n","protected":false},"excerpt":{"rendered":"<p>Para nuestro centro \u00e9s fundamental consolidar una cultura de calidad en el \u00e1mbito universitario, cuesti\u00f3n que consideramos estrat\u00e9gica para que las competencias, habilidades y aptitudes &hellip; <a class=\"excerpt_more\" href=\"https:\/\/fcou.uvigo.es\/es\/facultad\/calidad\/\">Contin\u00faa<\/a><\/p>\n","protected":false},"author":8,"featured_media":0,"parent":2094,"menu_order":8,"comment_status":"closed","ping_status":"closed","template":"","meta":{"_acf_changed":false,"footnotes":""},"acf":[],"yoast_head":"<title>Calidad | Facultade de Ciencias<\/title>\n<meta name=\"robots\" content=\"index, follow, max-snippet:-1, max-image-preview:large, max-video-preview:-1\" \/>\n<link rel=\"canonical\" href=\"https:\/\/www.fcou.uvigo.es\/es\/facultad\/calidad\/\" \/>\n<meta property=\"og:locale\" content=\"es_ES\" \/>\n<meta property=\"og:type\" content=\"article\" \/>\n<meta property=\"og:title\" content=\"Calidad | Facultade de Ciencias\" \/>\n<meta property=\"og:description\" content=\"Para nuestro centro \u00e9s fundamental consolidar una cultura de calidad en el \u00e1mbito universitario, cuesti\u00f3n que consideramos estrat\u00e9gica para que las competencias, habilidades y aptitudes &hellip; Contin\u00faa\" \/>\n<meta property=\"og:url\" content=\"https:\/\/www.fcou.uvigo.es\/es\/facultad\/calidad\/\" \/>\n<meta property=\"og:site_name\" content=\"Facultade de Ciencias\" \/>\n<meta property=\"article:modified_time\" content=\"2024-05-30T11:02:16+00:00\" \/>\n<meta name=\"twitter:card\" content=\"summary_large_image\" \/>\n<meta name=\"twitter:label1\" content=\"Est. reading time\" \/>\n\t<meta name=\"twitter:data1\" content=\"3 minutes\" \/>\n<script type=\"application\/ld+json\" class=\"yoast-schema-graph\">{\"@context\":\"https:\/\/schema.org\",\"@graph\":[{\"@type\":\"WebPage\",\"@id\":\"https:\/\/www.fcou.uvigo.es\/es\/facultad\/calidad\/\",\"url\":\"https:\/\/www.fcou.uvigo.es\/es\/facultad\/calidad\/\",\"name\":\"Calidad | Facultade de Ciencias\",\"isPartOf\":{\"@id\":\"https:\/\/fcou.uvigo.es\/#website\"},\"datePublished\":\"2015-01-28T23:36:16+00:00\",\"dateModified\":\"2024-05-30T11:02:16+00:00\",\"breadcrumb\":{\"@id\":\"https:\/\/www.fcou.uvigo.es\/es\/facultad\/calidad\/#breadcrumb\"},\"inLanguage\":\"es-ES\",\"potentialAction\":[{\"@type\":\"ReadAction\",\"target\":[\"https:\/\/www.fcou.uvigo.es\/es\/facultad\/calidad\/\"]}]},{\"@type\":\"BreadcrumbList\",\"@id\":\"https:\/\/www.fcou.uvigo.es\/es\/facultad\/calidad\/#breadcrumb\",\"itemListElement\":[{\"@type\":\"ListItem\",\"position\":1,\"name\":\"Facultad\",\"item\":\"https:\/\/www.fcou.uvigo.es\/es\/facultad\/\"},{\"@type\":\"ListItem\",\"position\":2,\"name\":\"Calidad\"}]},{\"@type\":\"WebSite\",\"@id\":\"https:\/\/fcou.uvigo.es\/#website\",\"url\":\"https:\/\/fcou.uvigo.es\/\",\"name\":\"Facultade de Ciencias da Universidade de Vigo\",\"description\":\"Sitio web da Facultade de Ciencias\",\"publisher\":{\"@id\":\"https:\/\/fcou.uvigo.es\/#organization\"},\"potentialAction\":[{\"@type\":\"SearchAction\",\"target\":{\"@type\":\"EntryPoint\",\"urlTemplate\":\"https:\/\/fcou.uvigo.es\/?s={search_term_string}\"},\"query-input\":{\"@type\":\"PropertyValueSpecification\",\"valueRequired\":true,\"valueName\":\"search_term_string\"}}],\"inLanguage\":\"es-ES\"},{\"@type\":\"Organization\",\"@id\":\"https:\/\/fcou.uvigo.es\/#organization\",\"name\":\"Facultade de Ciencias da Universidade de Vigo\",\"url\":\"https:\/\/fcou.uvigo.es\/\",\"logo\":{\"@type\":\"ImageObject\",\"inLanguage\":\"es-ES\",\"@id\":\"https:\/\/fcou.uvigo.es\/#\/schema\/logo\/image\/\",\"url\":\"https:\/\/fcou.uvigo.es\/wp-content\/uploads\/2024\/04\/facultade-ciencias-ourense.png\",\"contentUrl\":\"https:\/\/fcou.uvigo.es\/wp-content\/uploads\/2024\/04\/facultade-ciencias-ourense.png\",\"width\":717,\"height\":165,\"caption\":\"Facultade de Ciencias da Universidade de Vigo\"},\"image\":{\"@id\":\"https:\/\/fcou.uvigo.es\/#\/schema\/logo\/image\/\"}}]}<\/script>","yoast_head_json":{"title":"Calidad | Facultade de Ciencias","robots":{"index":"index","follow":"follow","max-snippet":"max-snippet:-1","max-image-preview":"max-image-preview:large","max-video-preview":"max-video-preview:-1"},"canonical":"https:\/\/www.fcou.uvigo.es\/es\/facultad\/calidad\/","og_locale":"es_ES","og_type":"article","og_title":"Calidad | Facultade de Ciencias","og_description":"Para nuestro centro \u00e9s fundamental consolidar una cultura de calidad en el \u00e1mbito universitario, cuesti\u00f3n que consideramos estrat\u00e9gica para que las competencias, habilidades y aptitudes &hellip; Contin\u00faa","og_url":"https:\/\/www.fcou.uvigo.es\/es\/facultad\/calidad\/","og_site_name":"Facultade de Ciencias","article_modified_time":"2024-05-30T11:02:16+00:00","twitter_card":"summary_large_image","twitter_misc":{"Est. reading time":"3 minutes"},"schema":{"@context":"https:\/\/schema.org","@graph":[{"@type":"WebPage","@id":"https:\/\/www.fcou.uvigo.es\/es\/facultad\/calidad\/","url":"https:\/\/www.fcou.uvigo.es\/es\/facultad\/calidad\/","name":"Calidad | Facultade de Ciencias","isPartOf":{"@id":"https:\/\/fcou.uvigo.es\/#website"},"datePublished":"2015-01-28T23:36:16+00:00","dateModified":"2024-05-30T11:02:16+00:00","breadcrumb":{"@id":"https:\/\/www.fcou.uvigo.es\/es\/facultad\/calidad\/#breadcrumb"},"inLanguage":"es-ES","potentialAction":[{"@type":"ReadAction","target":["https:\/\/www.fcou.uvigo.es\/es\/facultad\/calidad\/"]}]},{"@type":"BreadcrumbList","@id":"https:\/\/www.fcou.uvigo.es\/es\/facultad\/calidad\/#breadcrumb","itemListElement":[{"@type":"ListItem","position":1,"name":"Facultad","item":"https:\/\/www.fcou.uvigo.es\/es\/facultad\/"},{"@type":"ListItem","position":2,"name":"Calidad"}]},{"@type":"WebSite","@id":"https:\/\/fcou.uvigo.es\/#website","url":"https:\/\/fcou.uvigo.es\/","name":"Facultade de Ciencias da Universidade de Vigo","description":"Sitio web da Facultade de Ciencias","publisher":{"@id":"https:\/\/fcou.uvigo.es\/#organization"},"potentialAction":[{"@type":"SearchAction","target":{"@type":"EntryPoint","urlTemplate":"https:\/\/fcou.uvigo.es\/?s={search_term_string}"},"query-input":{"@type":"PropertyValueSpecification","valueRequired":true,"valueName":"search_term_string"}}],"inLanguage":"es-ES"},{"@type":"Organization","@id":"https:\/\/fcou.uvigo.es\/#organization","name":"Facultade de Ciencias da Universidade de Vigo","url":"https:\/\/fcou.uvigo.es\/","logo":{"@type":"ImageObject","inLanguage":"es-ES","@id":"https:\/\/fcou.uvigo.es\/#\/schema\/logo\/image\/","url":"https:\/\/fcou.uvigo.es\/wp-content\/uploads\/2024\/04\/facultade-ciencias-ourense.png","contentUrl":"https:\/\/fcou.uvigo.es\/wp-content\/uploads\/2024\/04\/facultade-ciencias-ourense.png","width":717,"height":165,"caption":"Facultade de Ciencias da Universidade de Vigo"},"image":{"@id":"https:\/\/fcou.uvigo.es\/#\/schema\/logo\/image\/"}}]}},"_links":{"self":[{"href":"https:\/\/fcou.uvigo.es\/es\/wp-json\/wp\/v2\/pages\/2259"}],"collection":[{"href":"https:\/\/fcou.uvigo.es\/es\/wp-json\/wp\/v2\/pages"}],"about":[{"href":"https:\/\/fcou.uvigo.es\/es\/wp-json\/wp\/v2\/types\/page"}],"author":[{"embeddable":true,"href":"https:\/\/fcou.uvigo.es\/es\/wp-json\/wp\/v2\/users\/8"}],"replies":[{"embeddable":true,"href":"https:\/\/fcou.uvigo.es\/es\/wp-json\/wp\/v2\/comments?post=2259"}],"version-history":[{"count":4,"href":"https:\/\/fcou.uvigo.es\/es\/wp-json\/wp\/v2\/pages\/2259\/revisions"}],"predecessor-version":[{"id":267194,"href":"https:\/\/fcou.uvigo.es\/es\/wp-json\/wp\/v2\/pages\/2259\/revisions\/267194"}],"up":[{"embeddable":true,"href":"https:\/\/fcou.uvigo.es\/es\/wp-json\/wp\/v2\/pages\/2094"}],"wp:attachment":[{"href":"https:\/\/fcou.uvigo.es\/es\/wp-json\/wp\/v2\/media?parent=2259"}],"curies":[{"name":"wp","href":"https:\/\/api.w.org\/{rel}","templated":true}]}}