{"id":2263,"date":"2015-01-30T15:33:55","date_gmt":"2015-01-30T14:33:55","guid":{"rendered":"http:\/\/fcce.webs.uvigo.es\/calidade\/sgic\/procedementos\/"},"modified":"2024-05-24T10:10:15","modified_gmt":"2024-05-24T08:10:15","slug":"procedimientos","status":"publish","type":"page","link":"https:\/\/fcou.uvigo.es\/es\/facultad\/calidad\/sgc\/procedimientos\/","title":{"rendered":"Procedimientos"},"content":{"rendered":"<h2>Procesos Estrat\u00e9gicos<\/h2>\n<h3>Direcci\u00f3n estrat\u00e9gica (DE)<\/h3>\n<table style=\"margin-left: 0px;\" cellspacing=\"0\" cellpadding=\"0\">\n<thead>\n<tr>\n<th style=\"width: 20%;\" scope=\"col\">C\u00f3digo<\/th>\n<th style=\"width: 60%;\" scope=\"col\">Procedimiento<\/th>\n<th style=\"width: 20%;\" scope=\"col\">Aprobaci\u00f3n<\/th>\n<\/tr>\n<\/thead>\n<tbody>\n<tr>\n<td>DE-01 P1<\/td>\n<td><a href=\"\/wp-content\/uploads\/2024\/05\/DE-01_P1.pdf\">Programaci\u00f3n y desarrollo estrat\u00e9gico<\/a><\/td>\n<td>18\/03\/2022<\/td>\n<\/tr>\n<tr>\n<td>DE-02 P1<\/td>\n<td><a href=\"\/wp-content\/uploads\/2024\/05\/DE-02_05.pdf\">Seguimiento y medici\u00f3n<\/a><br \/>\n<small><a href=\"\/images\/docs\/calidade\/procedementos\/DE-02_P1_Anexo_1.pdf\" target=\"_blank\" rel=\"noopener noreferrer\">Anexo 1: Ficha indicador<\/a><br \/>\n<a href=\"\/images\/docs\/calidade\/procedementos\/DE-02_P1_Anexo_2.pdf\" target=\"_blank\" rel=\"noopener noreferrer\">Anexo 2: Petici\u00f3n del indicador<\/a><br \/>\n<a href=\"\/images\/docs\/calidade\/procedementos\/DE-02_P1_Anexo_3.pdf\" target=\"_blank\" rel=\"noopener noreferrer\">Anexo 3: Panel de indicadores<\/a><\/small><\/td>\n<td>04\/12\/2023<\/td>\n<\/tr>\n<tr>\n<td>DE-03 P1<\/td>\n<td><a href=\"\/wp-content\/uploads\/2024\/05\/DE-03-P1-Revision-del-sistema-por-Direccion.pdf\">Revisi\u00f3n del sistema por la direcci\u00f3n<\/a><br \/>\n<a href=\"\/wp-content\/uploads\/2024\/05\/Anexo-1-Protocolo-de-elaboracion-do-informe.pdf\"><small>Anexo: Protocolo de elaboraci\u00f3n<\/small><\/a><\/td>\n<td>14\/10\/2015<\/td>\n<\/tr>\n<\/tbody>\n<\/table>\n<p>&nbsp;<\/p>\n<h3>Gesti\u00f3n de la calidad y mejora continua (MC)<\/h3>\n<table style=\"margin-left: 0px;\" cellspacing=\"0\" cellpadding=\"0\">\n<thead>\n<tr>\n<th style=\"width: 20%;\" scope=\"col\">C\u00f3digo<\/th>\n<th style=\"width: 60%;\" scope=\"col\">Procedimiento<\/th>\n<th style=\"width: 20%;\" scope=\"col\">Aprobaci\u00f3n<\/th>\n<\/tr>\n<\/thead>\n<tbody>\n<tr>\n<td>MC-02 P1<\/td>\n<td><a href=\"\/images\/docs\/calidade\/procedementos\/MC-02_P1.pdf\" target=\"_blank\" rel=\"noopener noreferrer\">Gesti\u00f3n de las quejas, sugerencias y felicitaciones.<\/a><br \/>\n<small><a href=\"\/images\/docs\/calidade\/procedementos\/MC-02_P1_Anexo_1.pdf\" target=\"_blank\" rel=\"noopener noreferrer\">Anexo 1: Formulario electr\u00f3nico de quejas, sugerencias y felicitaciones<\/a><br \/>\n<a href=\"\/images\/docs\/calidade\/procedementos\/MC-02_P1_Anexo_2.pdf\" target=\"_blank\" rel=\"noopener noreferrer\">Anexo 2: Formato de respuestas a las quejas, sugerencias y felicitaciones<\/a><\/small><\/td>\n<td>14\/10\/2015<\/td>\n<\/tr>\n<tr>\n<td>MC-05 P1<\/td>\n<td><a href=\"\/images\/docs\/calidade\/procedementos\/MC-05_P1.pdf\" target=\"_blank\" rel=\"noopener noreferrer\">Satisfacci\u00f3n de las usuarias y usuarios<\/a><br \/>\n<small><a href=\"\/images\/docs\/calidade\/procedementos\/MC-05_P1_Anexo_1.pdf\" target=\"_blank\" rel=\"noopener noreferrer\">Anexo 1: Plan Anual de Evaluaci\u00f3n de la satisfacci\u00f3n de las usuarias\/usuarios<\/a><br \/>\n<a href=\"\/images\/docs\/calidade\/procedementos\/MC-05_P1_Anexo_2.pdf\" target=\"_blank\" rel=\"noopener noreferrer\">Anexo 2: Ficha T\u00e9cnica<\/a><\/small><\/td>\n<td>18\/03\/2022<\/td>\n<\/tr>\n<\/tbody>\n<\/table>\n<p>&nbsp;<\/p>\n<h2>Procesos Clave<\/h2>\n<h3>Gesti\u00f3n acad\u00e9mica (AC)<\/h3>\n<table style=\"margin-left: 0px;\" cellspacing=\"0\" cellpadding=\"0\">\n<thead>\n<tr>\n<th style=\"width: 20%;\" scope=\"col\">C\u00f3digo<\/th>\n<th style=\"width: 60%;\" scope=\"col\">Procedimiento<\/th>\n<th style=\"width: 20%;\" scope=\"col\">Aprobaci\u00f3n<\/th>\n<\/tr>\n<\/thead>\n<tbody>\n<tr>\n<td>AC-0104 P1<\/td>\n<td><a href=\"\/images\/docs\/calidade\/procedementos\/AC-0104_P1.pdf\" target=\"_blank\" rel=\"noopener noreferrer\">Accesos y admisi\u00f3n<\/a><\/td>\n<td>10\/06\/2016<\/td>\n<\/tr>\n<tr>\n<td>AC-0201 P1<\/td>\n<td><a href=\"\/images\/docs\/calidade\/procedementos\/AC-0201_P1.pdf\" target=\"_blank\" rel=\"noopener noreferrer\">Matr\u00edcula<\/a><\/td>\n<td>10\/06\/2016<\/td>\n<\/tr>\n<tr>\n<td>AC-0401 P1<\/td>\n<td><a href=\"\/images\/docs\/calidade\/procedementos\/AC-0401_P1.pdf\" target=\"_blank\" rel=\"noopener noreferrer\">Expedici\u00f3n de t\u00edtulos<\/a><\/td>\n<td>10\/06\/2016<\/td>\n<\/tr>\n<\/tbody>\n<\/table>\n<p>&nbsp;<\/p>\n<h3>Docencia (DO)<\/h3>\n<table style=\"margin-left: 0px;\" cellspacing=\"0\" cellpadding=\"0\">\n<thead>\n<tr>\n<th style=\"width: 20%;\" scope=\"col\">C\u00f3digo<\/th>\n<th style=\"width: 60%;\" scope=\"col\">Procedimiento<\/th>\n<th style=\"width: 20%;\" scope=\"col\">Aprobaci\u00f3n<\/th>\n<\/tr>\n<\/thead>\n<tbody>\n<tr>\n<td>DO-0101 P1<\/td>\n<td><a href=\"\/wp-content\/uploads\/2024\/05\/DO-0101_06.pdf\" target=\"_blank\" rel=\"noopener noreferrer\">Dise\u00f1o, verificaci\u00f3n, modificaci\u00f3n y acreditaci\u00f3n de las titulaciones oficiales<\/a><\/td>\n<td>04\/12\/2023<\/td>\n<\/tr>\n<tr>\n<td>DO-0102 P1<\/td>\n<td><a href=\"\/wp-content\/uploads\/2024\/05\/DO-0102_05.pdf\" target=\"_blank\" rel=\"noopener noreferrer\">Seguimiento y mejora de las titulaciones<\/a><\/td>\n<td>04\/12\/2023<\/td>\n<\/tr>\n<tr>\n<td>DO-0103 P1<\/td>\n<td><a href=\"\/images\/docs\/calidade\/procedementos\/DO-0103_P1.pdf\" target=\"_blank\" rel=\"noopener noreferrer\">Suspensi\u00f3n y extinci\u00f3n de una titulaci\u00f3n<\/a><\/td>\n<td>02\/10\/2013<\/td>\n<\/tr>\n<tr>\n<td>DO-0201 P1<\/td>\n<td><a href=\"\/images\/docs\/calidade\/procedementos\/DO-0201_P1.pdf\" target=\"_blank\" rel=\"noopener noreferrer\">Planificaci\u00f3n y desarrollo de la ense\u00f1anza<\/a><\/td>\n<td>20\/12\/2017<\/td>\n<\/tr>\n<tr>\n<td>DO-0202 P1<\/td>\n<td><a href=\"https:\/\/fcou.uvigo.es\/wp-content\/uploads\/2024\/05\/DO-0202-P1-Promocion-das-titulacions.pdf\">Promoci\u00f3n de las titulaciones<\/a><a href=\"\/wp-content\/uploads\/2024\/05\/DO-0202_P1_Anexo1_es.pdf\"><small>Anexo 1: Protocolo para la elaboraci\u00f3n del Plan de promoci\u00f3n del centro<\/small><\/a><\/td>\n<td>02\/10\/2013<\/td>\n<\/tr>\n<tr>\n<td>DO-0203 P1<\/td>\n<td><a href=\"\/images\/docs\/calidade\/procedementos\/DO-0203_P1.pdf\" target=\"_blank\" rel=\"noopener noreferrer\">Orientaci\u00f3n al alumnado y atenci\u00f3n a las necesidades espec\u00edficas de apoyo educativo<\/a><br \/>\n<small><a href=\"\/images\/docs\/calidade\/procedementos\/DO-0203_P1_Anexo_1.pdf\" target=\"_blank\" rel=\"noopener noreferrer\">Anexo 1: Plan de Acci\u00f3n Tutorial y Atenci\u00f3n a las Necesidades Espec\u00edficas de Apoyo Educativo de la Facultad de Ciencias (Gu\u00eda de elaboraci\u00f3n)<\/a><\/small><\/td>\n<td>07\/04\/2021<\/td>\n<\/tr>\n<tr>\n<td>DO-0204 P1<\/td>\n<td><a href=\"\/images\/docs\/calidade\/procedementos\/DO-0204_P1.pdf\" target=\"_blank\" rel=\"noopener noreferrer\">Gesti\u00f3n de las pr\u00e1cticas acad\u00e9micas externas<\/a><\/td>\n<td>02\/10\/2013<\/td>\n<\/tr>\n<tr>\n<td>DO-0205 P1<\/td>\n<td><a href=\"\/images\/docs\/calidade\/procedementos\/DO-0205_P1.pdf\" target=\"_blank\" rel=\"noopener noreferrer\">Gesti\u00f3n de la movilidad<\/a><\/td>\n<td>02\/10\/2013<\/td>\n<\/tr>\n<tr>\n<td>DO-0301 P1<\/td>\n<td><a href=\"\/images\/docs\/calidade\/procedementos\/DO-0301_P1.pdf\" target=\"_blank\" rel=\"noopener noreferrer\">Informaci\u00f3n p\u00fablica y rendimiento de cuentas<\/a><\/td>\n<td>18\/03\/2022<\/td>\n<\/tr>\n<\/tbody>\n<\/table>\n<p>&nbsp;<\/p>\n<h2>Procesos Soporte<\/h2>\n<h3>Gesti\u00f3n del personal (PE)<\/h3>\n<table style=\"margin-left: 0px;\" cellspacing=\"0\" cellpadding=\"0\">\n<thead>\n<tr>\n<th style=\"width: 20%;\" scope=\"col\">C\u00f3digo<\/th>\n<th style=\"width: 60%;\" scope=\"col\">Procedimiento<\/th>\n<th style=\"width: 20%;\" scope=\"col\">Aprobaci\u00f3n<\/th>\n<\/tr>\n<\/thead>\n<tbody>\n<tr>\n<td>PE-01 P1<\/td>\n<td><a href=\"\/images\/docs\/calidade\/procedementos\/PE-01_P1.pdf\" target=\"_blank\" rel=\"noopener noreferrer\">Gesti\u00f3n del PAS<\/a><\/td>\n<td>20\/12\/2017<\/td>\n<\/tr>\n<tr>\n<td>PE-02 P1<\/td>\n<td><a href=\"\/wp-content\/uploads\/2024\/05\/PE-02_05.pdf\" target=\"_blank\" rel=\"noopener noreferrer\">Gesti\u00f3n del PDI<\/a><\/td>\n<td>04\/12\/2023<\/td>\n<\/tr>\n<\/tbody>\n<\/table>\n<p>&nbsp;<\/p>\n<h3>Gesti\u00f3n documental (GD)<\/h3>\n<table style=\"margin-left: 0px;\" cellspacing=\"0\" cellpadding=\"0\">\n<thead>\n<tr>\n<th style=\"width: 20%;\" scope=\"col\">C\u00f3digo<\/th>\n<th style=\"width: 60%;\" scope=\"col\">Procedimiento<\/th>\n<th style=\"width: 20%;\" scope=\"col\">Aprobaci\u00f3n<\/th>\n<\/tr>\n<\/thead>\n<tbody>\n<tr>\n<td>XD-01<\/td>\n<td><a href=\"\/images\/docs\/calidade\/procedementos\/XD-01_P1.pdf\" target=\"_blank\" rel=\"noopener noreferrer\">Control de documentos<\/a><\/td>\n<td>15\/07\/2013<\/td>\n<\/tr>\n<tr>\n<td>XD-02<\/td>\n<td><a href=\"\/images\/docs\/calidade\/procedementos\/XD-02_P1.pdf\" target=\"_blank\" rel=\"noopener noreferrer\">Control de los registros<\/a><\/td>\n<td>15\/07\/2013<\/td>\n<\/tr>\n<\/tbody>\n<\/table>\n<p>&nbsp;<\/p>\n<h3>Gesti\u00f3n de infraestructura y ambiente de trabajo (IA)<\/h3>\n<table style=\"margin-left: 0px;\" cellspacing=\"0\" cellpadding=\"0\">\n<thead>\n<tr>\n<th style=\"width: 20%;\" scope=\"col\">C\u00f3digo<\/th>\n<th style=\"width: 60%;\" scope=\"col\">Procedimiento<\/th>\n<th style=\"width: 20%;\" scope=\"col\">Aprobaci\u00f3n<\/th>\n<\/tr>\n<\/thead>\n<tbody>\n<tr>\n<td>IA-012<\/td>\n<td><a href=\"\/wp-content\/uploads\/2024\/05\/IA01-Recursos-e-Servizos_ga25102019-env-Centros_asdo.pdf\">Gesti\u00f3n de los recursos materiales y de los servicios<\/a><\/td>\n<td>18\/03\/2022<\/td>\n<\/tr>\n<\/tbody>\n<\/table>\n","protected":false},"excerpt":{"rendered":"<p>Procesos Estrat\u00e9gicos Direcci\u00f3n estrat\u00e9gica (DE) C\u00f3digo Procedimiento Aprobaci\u00f3n DE-01 P1 Programaci\u00f3n y desarrollo estrat\u00e9gico 18\/03\/2022 DE-02 P1 Seguimiento y medici\u00f3n Anexo 1: Ficha indicador Anexo &hellip; <a class=\"excerpt_more\" href=\"https:\/\/fcou.uvigo.es\/es\/facultad\/calidad\/sgc\/procedimientos\/\">Contin\u00faa<\/a><\/p>\n","protected":false},"author":8,"featured_media":0,"parent":2260,"menu_order":3,"comment_status":"closed","ping_status":"closed","template":"","meta":{"_acf_changed":false,"footnotes":""},"acf":[],"yoast_head":"<title>Procedimientos | Facultade de Ciencias<\/title>\n<meta name=\"robots\" content=\"index, follow, max-snippet:-1, max-image-preview:large, max-video-preview:-1\" \/>\n<link rel=\"canonical\" href=\"https:\/\/fcou.uvigo.es\/es\/facultad\/calidad\/sgc\/procedimientos\/\" \/>\n<meta property=\"og:locale\" content=\"es_ES\" \/>\n<meta property=\"og:type\" content=\"article\" \/>\n<meta property=\"og:title\" content=\"Procedimientos | Facultade de Ciencias\" \/>\n<meta property=\"og:description\" content=\"Procesos Estrat\u00e9gicos Direcci\u00f3n estrat\u00e9gica (DE) C\u00f3digo Procedimiento Aprobaci\u00f3n DE-01 P1 Programaci\u00f3n y desarrollo estrat\u00e9gico 18\/03\/2022 DE-02 P1 Seguimiento y medici\u00f3n Anexo 1: Ficha indicador Anexo &hellip; Contin\u00faa\" \/>\n<meta property=\"og:url\" content=\"https:\/\/fcou.uvigo.es\/es\/facultad\/calidad\/sgc\/procedimientos\/\" \/>\n<meta property=\"og:site_name\" content=\"Facultade de Ciencias\" \/>\n<meta property=\"article:modified_time\" content=\"2024-05-24T08:10:15+00:00\" \/>\n<meta name=\"twitter:card\" content=\"summary_large_image\" \/>\n<meta name=\"twitter:label1\" content=\"Est. reading time\" \/>\n\t<meta name=\"twitter:data1\" content=\"2 minutes\" \/>\n<script type=\"application\/ld+json\" class=\"yoast-schema-graph\">{\"@context\":\"https:\/\/schema.org\",\"@graph\":[{\"@type\":\"WebPage\",\"@id\":\"https:\/\/fcou.uvigo.es\/es\/facultad\/calidad\/sgc\/procedimientos\/\",\"url\":\"https:\/\/fcou.uvigo.es\/es\/facultad\/calidad\/sgc\/procedimientos\/\",\"name\":\"Procedimientos | Facultade de Ciencias\",\"isPartOf\":{\"@id\":\"https:\/\/fcou.uvigo.es\/#website\"},\"datePublished\":\"2015-01-30T14:33:55+00:00\",\"dateModified\":\"2024-05-24T08:10:15+00:00\",\"breadcrumb\":{\"@id\":\"https:\/\/fcou.uvigo.es\/es\/facultad\/calidad\/sgc\/procedimientos\/#breadcrumb\"},\"inLanguage\":\"es-ES\",\"potentialAction\":[{\"@type\":\"ReadAction\",\"target\":[\"https:\/\/fcou.uvigo.es\/es\/facultad\/calidad\/sgc\/procedimientos\/\"]}]},{\"@type\":\"BreadcrumbList\",\"@id\":\"https:\/\/fcou.uvigo.es\/es\/facultad\/calidad\/sgc\/procedimientos\/#breadcrumb\",\"itemListElement\":[{\"@type\":\"ListItem\",\"position\":1,\"name\":\"Facultad\",\"item\":\"https:\/\/www.fcou.uvigo.es\/es\/facultad\/\"},{\"@type\":\"ListItem\",\"position\":2,\"name\":\"Calidad\",\"item\":\"https:\/\/www.fcou.uvigo.es\/es\/facultad\/calidad\/\"},{\"@type\":\"ListItem\",\"position\":3,\"name\":\"Sistema de Garant\u00eda de Calidad\",\"item\":\"https:\/\/www.fcou.uvigo.es\/es\/facultad\/calidad\/sgc\/\"},{\"@type\":\"ListItem\",\"position\":4,\"name\":\"Procedimientos\"}]},{\"@type\":\"WebSite\",\"@id\":\"https:\/\/fcou.uvigo.es\/#website\",\"url\":\"https:\/\/fcou.uvigo.es\/\",\"name\":\"Facultade de Ciencias da Universidade de Vigo\",\"description\":\"Sitio web da Facultade de Ciencias\",\"publisher\":{\"@id\":\"https:\/\/fcou.uvigo.es\/#organization\"},\"potentialAction\":[{\"@type\":\"SearchAction\",\"target\":{\"@type\":\"EntryPoint\",\"urlTemplate\":\"https:\/\/fcou.uvigo.es\/?s={search_term_string}\"},\"query-input\":{\"@type\":\"PropertyValueSpecification\",\"valueRequired\":true,\"valueName\":\"search_term_string\"}}],\"inLanguage\":\"es-ES\"},{\"@type\":\"Organization\",\"@id\":\"https:\/\/fcou.uvigo.es\/#organization\",\"name\":\"Facultade de Ciencias da Universidade de Vigo\",\"url\":\"https:\/\/fcou.uvigo.es\/\",\"logo\":{\"@type\":\"ImageObject\",\"inLanguage\":\"es-ES\",\"@id\":\"https:\/\/fcou.uvigo.es\/#\/schema\/logo\/image\/\",\"url\":\"https:\/\/fcou.uvigo.es\/wp-content\/uploads\/2024\/04\/facultade-ciencias-ourense.png\",\"contentUrl\":\"https:\/\/fcou.uvigo.es\/wp-content\/uploads\/2024\/04\/facultade-ciencias-ourense.png\",\"width\":717,\"height\":165,\"caption\":\"Facultade de Ciencias da Universidade de Vigo\"},\"image\":{\"@id\":\"https:\/\/fcou.uvigo.es\/#\/schema\/logo\/image\/\"}}]}<\/script>","yoast_head_json":{"title":"Procedimientos | Facultade de Ciencias","robots":{"index":"index","follow":"follow","max-snippet":"max-snippet:-1","max-image-preview":"max-image-preview:large","max-video-preview":"max-video-preview:-1"},"canonical":"https:\/\/fcou.uvigo.es\/es\/facultad\/calidad\/sgc\/procedimientos\/","og_locale":"es_ES","og_type":"article","og_title":"Procedimientos | Facultade de Ciencias","og_description":"Procesos Estrat\u00e9gicos Direcci\u00f3n estrat\u00e9gica (DE) C\u00f3digo Procedimiento Aprobaci\u00f3n DE-01 P1 Programaci\u00f3n y desarrollo estrat\u00e9gico 18\/03\/2022 DE-02 P1 Seguimiento y medici\u00f3n Anexo 1: Ficha indicador Anexo &hellip; Contin\u00faa","og_url":"https:\/\/fcou.uvigo.es\/es\/facultad\/calidad\/sgc\/procedimientos\/","og_site_name":"Facultade de Ciencias","article_modified_time":"2024-05-24T08:10:15+00:00","twitter_card":"summary_large_image","twitter_misc":{"Est. reading time":"2 minutes"},"schema":{"@context":"https:\/\/schema.org","@graph":[{"@type":"WebPage","@id":"https:\/\/fcou.uvigo.es\/es\/facultad\/calidad\/sgc\/procedimientos\/","url":"https:\/\/fcou.uvigo.es\/es\/facultad\/calidad\/sgc\/procedimientos\/","name":"Procedimientos | Facultade de Ciencias","isPartOf":{"@id":"https:\/\/fcou.uvigo.es\/#website"},"datePublished":"2015-01-30T14:33:55+00:00","dateModified":"2024-05-24T08:10:15+00:00","breadcrumb":{"@id":"https:\/\/fcou.uvigo.es\/es\/facultad\/calidad\/sgc\/procedimientos\/#breadcrumb"},"inLanguage":"es-ES","potentialAction":[{"@type":"ReadAction","target":["https:\/\/fcou.uvigo.es\/es\/facultad\/calidad\/sgc\/procedimientos\/"]}]},{"@type":"BreadcrumbList","@id":"https:\/\/fcou.uvigo.es\/es\/facultad\/calidad\/sgc\/procedimientos\/#breadcrumb","itemListElement":[{"@type":"ListItem","position":1,"name":"Facultad","item":"https:\/\/www.fcou.uvigo.es\/es\/facultad\/"},{"@type":"ListItem","position":2,"name":"Calidad","item":"https:\/\/www.fcou.uvigo.es\/es\/facultad\/calidad\/"},{"@type":"ListItem","position":3,"name":"Sistema de Garant\u00eda de Calidad","item":"https:\/\/www.fcou.uvigo.es\/es\/facultad\/calidad\/sgc\/"},{"@type":"ListItem","position":4,"name":"Procedimientos"}]},{"@type":"WebSite","@id":"https:\/\/fcou.uvigo.es\/#website","url":"https:\/\/fcou.uvigo.es\/","name":"Facultade de Ciencias da Universidade de Vigo","description":"Sitio web da Facultade de Ciencias","publisher":{"@id":"https:\/\/fcou.uvigo.es\/#organization"},"potentialAction":[{"@type":"SearchAction","target":{"@type":"EntryPoint","urlTemplate":"https:\/\/fcou.uvigo.es\/?s={search_term_string}"},"query-input":{"@type":"PropertyValueSpecification","valueRequired":true,"valueName":"search_term_string"}}],"inLanguage":"es-ES"},{"@type":"Organization","@id":"https:\/\/fcou.uvigo.es\/#organization","name":"Facultade de Ciencias da Universidade de Vigo","url":"https:\/\/fcou.uvigo.es\/","logo":{"@type":"ImageObject","inLanguage":"es-ES","@id":"https:\/\/fcou.uvigo.es\/#\/schema\/logo\/image\/","url":"https:\/\/fcou.uvigo.es\/wp-content\/uploads\/2024\/04\/facultade-ciencias-ourense.png","contentUrl":"https:\/\/fcou.uvigo.es\/wp-content\/uploads\/2024\/04\/facultade-ciencias-ourense.png","width":717,"height":165,"caption":"Facultade de Ciencias da Universidade de Vigo"},"image":{"@id":"https:\/\/fcou.uvigo.es\/#\/schema\/logo\/image\/"}}]}},"_links":{"self":[{"href":"https:\/\/fcou.uvigo.es\/es\/wp-json\/wp\/v2\/pages\/2263"}],"collection":[{"href":"https:\/\/fcou.uvigo.es\/es\/wp-json\/wp\/v2\/pages"}],"about":[{"href":"https:\/\/fcou.uvigo.es\/es\/wp-json\/wp\/v2\/types\/page"}],"author":[{"embeddable":true,"href":"https:\/\/fcou.uvigo.es\/es\/wp-json\/wp\/v2\/users\/8"}],"replies":[{"embeddable":true,"href":"https:\/\/fcou.uvigo.es\/es\/wp-json\/wp\/v2\/comments?post=2263"}],"version-history":[{"count":47,"href":"https:\/\/fcou.uvigo.es\/es\/wp-json\/wp\/v2\/pages\/2263\/revisions"}],"predecessor-version":[{"id":267879,"href":"https:\/\/fcou.uvigo.es\/es\/wp-json\/wp\/v2\/pages\/2263\/revisions\/267879"}],"up":[{"embeddable":true,"href":"https:\/\/fcou.uvigo.es\/es\/wp-json\/wp\/v2\/pages\/2260"}],"wp:attachment":[{"href":"https:\/\/fcou.uvigo.es\/es\/wp-json\/wp\/v2\/media?parent=2263"}],"curies":[{"name":"wp","href":"https:\/\/api.w.org\/{rel}","templated":true}]}}