{"id":2265,"date":"2015-01-30T11:57:01","date_gmt":"2015-01-30T10:57:01","guid":{"rendered":"http:\/\/fcce.webs.uvigo.es\/calidade\/sgic\/resultados-de-medicion\/"},"modified":"2023-06-07T21:01:40","modified_gmt":"2023-06-07T19:01:40","slug":"resultados-de-medicion","status":"publish","type":"page","link":"https:\/\/fcou.uvigo.es\/es\/facultad\/calidad\/sgc\/resultados-de-medicion\/","title":{"rendered":"Resultados de medici\u00f3n"},"content":{"rendered":"<h2>Resultados acad\u00e9micos<\/h2>\n<h3>Informe de Revisi\u00f3n por la Direcci\u00f3n<\/h3>\n<p><a href=\"\/images\/docs\/calidade\/rexistros\/R1_DE-03_P1_2021-22.pdf\" target=\"_blank\" rel=\"noopener noreferrer\">2021\/2022<\/a> | <a href=\"\/images\/docs\/calidade\/rexistros\/R1_DE-03_P1_2020-21.pdf\" target=\"_blank\" rel=\"noopener noreferrer\">2020\/2021<\/a> | <a href=\"\/images\/docs\/calidade\/rexistros\/R1_DE-03_P1_2019-20.pdf\" target=\"_blank\" rel=\"noopener noreferrer\">2019\/2020<\/a> | <a href=\"\/images\/docs\/calidade\/rexistros\/R1_DE-03_P1_2018-19.pdf\" target=\"_blank\" rel=\"noopener noreferrer\">2018\/2019<\/a> | <a href=\"\/images\/docs\/calidade\/rexistros\/R1_DE-03_P1_2017-18.pdf\" target=\"_blank\" rel=\"noopener noreferrer\">2017\/2018<\/a> | <a href=\"\/images\/docs\/calidade\/rexistros\/R1_DE-03_P1_2016-17.pdf\" target=\"_blank\" rel=\"noopener noreferrer\">2016\/2017<\/a> | <a href=\"\/images\/docs\/calidade\/rexistros\/R1_DE-03_P1_2015-16.pdf\" target=\"_blank\" rel=\"noopener noreferrer\">2015\/2016<\/a> | <a href=\"\/images\/docs\/calidade\/rexistros\/R1_DE-03_P1_2014-15.pdf\" target=\"_blank\" rel=\"noopener noreferrer\">2014\/2015<\/a><\/p>\n<p>&nbsp;<\/p>\n<h3>Tasas Acad\u00e9micas<\/h3>\n<p>Consulta los siguientes informes en el Portal de transparencia de la Universidade de Vigo:<\/p>\n<ul class=\"list-peak\" style=\"margin-top:10px\">\n<li><a href=\"https:\/\/secretaria.uvigo.gal\/uv\/web\/transparencia\/informe\/show\/5\/51\/3\" target=\"_blank\" rel=\"noopener noreferrer\">PRE.GRA. Admisi\u00f3n de grado<\/a><\/li>\n<li><a href=\"https:\/\/secretaria.uvigo.gal\/uv\/web\/transparencia\/informe\/show\/5\/51\/6\" target=\"_blank\" rel=\"noopener noreferrer\">PRE.M\u00c1S. Admisi\u00f3n de m\u00e1ster<\/a><\/li>\n<li><a href=\"https:\/\/secretaria.uvigo.gal\/uv\/web\/transparencia\/informe\/show\/5\/51\/63\" target=\"_blank\" rel=\"noopener noreferrer\">ACC. Acceso y matriculaci\u00f3n inicial<\/a><\/li>\n<li><a href=\"https:\/\/secretaria.uvigo.gal\/uv\/web\/transparencia\/informe\/show\/5\/51\/61\" target=\"_blank\" rel=\"noopener noreferrer\">MAT. Matr\u00edcula<\/a><\/li>\n<li><a href=\"https:\/\/secretaria.uvigo.gal\/uv\/web\/transparencia\/informe\/show\/5\/51\/64\" target=\"_blank\" rel=\"noopener noreferrer\">REN. Rendimiento<\/a><\/li>\n<li><a href=\"https:\/\/secretaria.uvigo.gal\/uv\/web\/transparencia\/informe\/show\/5\/51\/65\" target=\"_blank\" rel=\"noopener noreferrer\">ABA. Abandono<\/a><\/li>\n<li><a href=\"https:\/\/secretaria.uvigo.gal\/uv\/web\/transparencia\/informe\/show\/5\/51\/66\" target=\"_blank\" rel=\"noopener noreferrer\">GRA. Graduaci\u00f3n<\/a><\/li>\n<li><a href=\"https:\/\/secretaria.uvigo.gal\/uv\/web\/transparencia\/informe\/show\/5\/51\/57\" target=\"_blank\" rel=\"noopener noreferrer\">Cat\u00e1logo de indicadores de centros y titulaciones<\/a><\/li>\n<\/ul>\n<p>Los indicadores relativos a la movilidad, pr\u00e1cticas y profesorado puedes encontrarlos en los apartados correspondientes de este Portal de Transparencia, que se pueden localizar en los siguientes enlaces: <a href=\"https:\/\/secretaria.uvigo.gal\/uv\/web\/transparencia\/informe\/show\/5\/4\/19\" target=\"_blank\" rel=\"noopener noreferrer\">movilidad<\/a>, <a href=\"https:\/\/secretaria.uvigo.gal\/uv\/web\/transparencia\/grupo\/show\/5\/5\" target=\"_blank\" rel=\"noopener noreferrer\">pr\u00e1cticas<\/a> y <a href=\"https:\/\/secretaria.uvigo.gal\/uv\/web\/transparencia\/grupo\/show\/5\/34\" target=\"_blank\" rel=\"noopener noreferrer\">profesorado<\/a>.<\/p>\n<p><!--\n[tabs type=\"tabs\"]\n\n[tab title=\"2020\/21\" active fade]\n\n\n<table class=\"table-hover\">\n\n<caption>REND.: Rendimiento | ABAN.: Abandono | EFIC.: Eficiencia | GRAD.: Graduaci\u00f3n | (Valores porcentuales)<\/caption>\n\n\n\n\n<thead>\n\n\n<tr>\n\n\n<th>Titulaci\u00f3n<\/th>\n\n\n\n\n<th>Rend.<\/th>\n\n\n\n\n<th>\u00c9xito<\/th>\n\n\n\n\n<th>Grad.<\/th>\n\n\n\n\n<th>Aban.<\/th>\n\n\n\n\n<th>Efic.<\/th>\n\n\n<\/tr>\n\n\n<\/thead>\n\n\n\n\n<tbody>\n\n\n<tr>\n\n\n<td>Grado CyTA<\/td>\n\n\n\n\n<td>68,00<\/td>\n\n\n\n\n<td>76,00<\/td>\n\n\n\n\n<td>38,64<\/td>\n\n\n\n\n<td>16,00<\/td>\n\n\n\n\n<td>89,00<\/td>\n\n\n<\/tr>\n\n\n\n\n<tr>\n\n\n<td>Grado en CA<\/td>\n\n\n\n\n<td>72,00<\/td>\n\n\n\n\n<td>80,00<\/td>\n\n\n\n\n<td>32,00<\/td>\n\n\n\n\n<td>17,07<\/td>\n\n\n\n\n<td>87,00<\/td>\n\n\n<\/tr>\n\n\n\n\n<tr>\n\n\n<td>Grado en IA<\/td>\n\n\n\n\n<td>62,00<\/td>\n\n\n\n\n<td>77,00<\/td>\n\n\n\n\n<td>40,00<\/td>\n\n\n\n\n<td>30,00<\/td>\n\n\n\n\n<td>90,00<\/td>\n\n\n<\/tr>\n\n\n\n\n<tr>\n\n\n<td>M\u00e1ster CyTAA<\/td>\n\n\n\n\n<td>93,00<\/td>\n\n\n\n\n<td>100,00<\/td>\n\n\n\n\n<td>94,44<\/td>\n\n\n\n\n<td>25,00<\/td>\n\n\n\n\n<td>100,00<\/td>\n\n\n<\/tr>\n\n\n\n\n<tr>\n\n\n<td>M\u00e1ster Nutrici\u00f3n<\/td>\n\n\n\n\n<td>80,00<\/td>\n\n\n\n\n<td>97,00<\/td>\n\n\n\n\n<td>82,35<\/td>\n\n\n\n\n<td>18,18<\/td>\n\n\n\n\n<td>96,00<\/td>\n\n\n<\/tr>\n\n\n<\/tbody>\n\n\n<\/table>\n\n\n[\/tab]\n\n[tab title=\"2019\/20\"]\n\n\n<table class=\"table-hover\">\n\n<caption>REND.: Rendimiento | ABAN.: Abandono | EFIC.: Eficiencia | GRAD.: Graduaci\u00f3n | (Valores porcentuales)<\/caption>\n\n\n\n\n<thead>\n\n\n<tr>\n\n\n<th>Titulaci\u00f3n<\/th>\n\n\n\n\n<th>Rend.<\/th>\n\n\n\n\n<th>\u00c9xito<\/th>\n\n\n\n\n<th>Grad.<\/th>\n\n\n\n\n<th>Aban.<\/th>\n\n\n\n\n<th>Efic.<\/th>\n\n\n<\/tr>\n\n\n<\/thead>\n\n\n\n\n<tbody>\n\n\n<tr>\n\n\n<td>Grado CyTA<\/td>\n\n\n\n\n<td>79,00<\/td>\n\n\n\n\n<td>87,00<\/td>\n\n\n\n\n<td>30,03<\/td>\n\n\n\n\n<td>29,03<\/td>\n\n\n\n\n<td>93,00<\/td>\n\n\n<\/tr>\n\n\n\n\n<tr>\n\n\n<td>Grado en CA<\/td>\n\n\n\n\n<td>83,00<\/td>\n\n\n\n\n<td>90,00<\/td>\n\n\n\n\n<td>45,10<\/td>\n\n\n\n\n<td>17,78<\/td>\n\n\n\n\n<td>90,00<\/td>\n\n\n<\/tr>\n\n\n\n\n<tr>\n\n\n<td>Grado en IA<\/td>\n\n\n\n\n<td>73,00<\/td>\n\n\n\n\n<td>86,00<\/td>\n\n\n\n\n<td>20,00<\/td>\n\n\n\n\n<td>17,65<\/td>\n\n\n\n\n<td>87,00<\/td>\n\n\n<\/tr>\n\n\n\n\n<tr>\n\n\n<td>M\u00e1ster CyTAA<\/td>\n\n\n\n\n<td>99,00<\/td>\n\n\n\n\n<td>100,00<\/td>\n\n\n\n\n<td>75,00<\/td>\n\n\n\n\n<td>4,55<\/td>\n\n\n\n\n<td>98,00<\/td>\n\n\n<\/tr>\n\n\n\n\n<tr>\n\n\n<td>M\u00e1ster Nutrici\u00f3n<\/td>\n\n\n\n\n<td>85,00<\/td>\n\n\n\n\n<td>99,00<\/td>\n\n\n\n\n<td>54,55<\/td>\n\n\n\n\n<td>-<\/td>\n\n\n\n\n<td>90,00<\/td>\n\n\n<\/tr>\n\n\n<\/tbody>\n\n\n<\/table>\n\n\n[\/tab]\n[tab title=\"2018\/19\"]\n\n\n<table class=\"table-hover\">\n\n<caption>REND.: Rendimiento | ABAN.: Abandono | EFIC.: Eficiencia | GRAD.: Graduaci\u00f3n | (Valores porcentuales)<\/caption>\n\n\n\n\n<thead>\n\n\n<tr>\n\n\n<th>Titulaci\u00f3n<\/th>\n\n\n\n\n<th>Rend.<\/th>\n\n\n\n\n<th>\u00c9xito<\/th>\n\n\n\n\n<th>Grad.<\/th>\n\n\n\n\n<th>Aban.<\/th>\n\n\n\n\n<th>Efic.<\/th>\n\n\n<\/tr>\n\n\n<\/thead>\n\n\n\n\n<tbody>\n\n\n<tr>\n\n\n<td>Grado CyTA<\/td>\n\n\n\n\n<td>71,00<\/td>\n\n\n\n\n<td>80,00<\/td>\n\n\n\n\n<td>16,67<\/td>\n\n\n\n\n<td>17,78<\/td>\n\n\n\n\n<td>87,00<\/td>\n\n\n<\/tr>\n\n\n\n\n<tr>\n\n\n<td>Grado en CA<\/td>\n\n\n\n\n<td>73,00<\/td>\n\n\n\n\n<td>80,00<\/td>\n\n\n\n\n<td>30,61<\/td>\n\n\n\n\n<td>17,78<\/td>\n\n\n\n\n<td>95,00<\/td>\n\n\n<\/tr>\n\n\n\n\n<tr>\n\n\n<td>Grado en IA<\/td>\n\n\n\n\n<td>67,00<\/td>\n\n\n\n\n<td>79,00<\/td>\n\n\n\n\n<td>27,78<\/td>\n\n\n\n\n<td>17,65<\/td>\n\n\n\n\n<td>81,00<\/td>\n\n\n<\/tr>\n\n\n\n\n<tr>\n\n\n<td>M\u00e1ster CyTAA<\/td>\n\n\n\n\n<td>91,00<\/td>\n\n\n\n\n<td>100,00<\/td>\n\n\n\n\n<td>90,91<\/td>\n\n\n\n\n<td>-<\/td>\n\n\n\n\n<td>96,00<\/td>\n\n\n<\/tr>\n\n\n\n\n<tr>\n\n\n<td>M\u00e1ster Nutrici\u00f3n<\/td>\n\n\n\n\n<td>73,00<\/td>\n\n\n\n\n<td>89,00<\/td>\n\n\n\n\n<td>76,19<\/td>\n\n\n\n\n<td>-<\/td>\n\n\n\n\n<td>100,00<\/td>\n\n\n<\/tr>\n\n\n<\/tbody>\n\n\n<\/table>\n\n\n[\/tab]\n\n[tab title=\"2017\/18\"]\n\n\n<table class=\"table-hover\">\n\n<caption>REND.: Rendimiento | ABAN.: Abandono | EFIC.: Eficiencia | GRAD.: Graduaci\u00f3n | (Valores porcentuales)<\/caption>\n\n\n\n\n<thead>\n\n\n<tr>\n\n\n<th>Titulaci\u00f3n<\/th>\n\n\n\n\n<th>Rend.<\/th>\n\n\n\n\n<th>\u00c9xito<\/th>\n\n\n\n\n<th>Grad.<\/th>\n\n\n\n\n<th>Aban.<\/th>\n\n\n\n\n<th>Efic.<\/th>\n\n\n<\/tr>\n\n\n<\/thead>\n\n\n\n\n<tbody>\n\n\n<tr>\n\n\n<td>Grado CyTA<\/td>\n\n\n\n\n<td>61,00<\/td>\n\n\n\n\n<td>70,00<\/td>\n\n\n\n\n<td>30,43<\/td>\n\n\n\n\n<td>35,26<\/td>\n\n\n\n\n<td>81,00<\/td>\n\n\n<\/tr>\n\n\n\n\n<tr>\n\n\n<td>Grado en CA<\/td>\n\n\n\n\n<td>71,00<\/td>\n\n\n\n\n<td>80,00<\/td>\n\n\n\n\n<td>60,98<\/td>\n\n\n\n\n<td>27,45<\/td>\n\n\n\n\n<td>92,00<\/td>\n\n\n<\/tr>\n\n\n\n\n<tr>\n\n\n<td>Grado en IA<\/td>\n\n\n\n\n<td>67,00<\/td>\n\n\n\n\n<td>81,00<\/td>\n\n\n\n\n<td>33,33<\/td>\n\n\n\n\n<td>20,00<\/td>\n\n\n\n\n<td>82,00<\/td>\n\n\n<\/tr>\n\n\n\n\n<tr>\n\n\n<td>M\u00e1ster CyTAA<\/td>\n\n\n\n\n<td>92,00<\/td>\n\n\n\n\n<td>100,00<\/td>\n\n\n\n\n<td>87,50<\/td>\n\n\n\n\n<td>0,00<\/td>\n\n\n\n\n<td>98,00<\/td>\n\n\n<\/tr>\n\n\n\n\n<tr>\n\n\n<td>M\u00e1ster Nutrici\u00f3n<\/td>\n\n\n\n\n<td>88,00<\/td>\n\n\n\n\n<td>99,00<\/td>\n\n\n\n\n<td>94,12<\/td>\n\n\n\n\n<td>0,00<\/td>\n\n\n\n\n<td>87,00<\/td>\n\n\n<\/tr>\n\n\n<\/tbody>\n\n\n<\/table>\n\n\n[\/tab]\n\n[tab title=\"2016\/17\"]\n\n\n<table class=\"table-hover\">\n\n<caption>REND.: Rendimiento | ABAN.: Abandono | EFIC.: Eficiencia | GRAD.: Graduaci\u00f3n | (Valores porcentuales)<\/caption>\n\n\n\n\n<thead>\n\n\n<tr>\n\n\n<th>Titulaci\u00f3n<\/th>\n\n\n\n\n<th>Rend.<\/th>\n\n\n\n\n<th>\u00c9xito<\/th>\n\n\n\n\n<th>Grad.<\/th>\n\n\n\n\n<th>Aban.<\/th>\n\n\n\n\n<th>Efic.<\/th>\n\n\n<\/tr>\n\n\n<\/thead>\n\n\n\n\n<tbody>\n\n\n<tr>\n\n\n<td>Grado CyTA<\/td>\n\n\n\n\n<td>62,00<\/td>\n\n\n\n\n<td>74,00<\/td>\n\n\n\n\n<td>33,33<\/td>\n\n\n\n\n<td>27,78<\/td>\n\n\n\n\n<td>89,00<\/td>\n\n\n<\/tr>\n\n\n\n\n<tr>\n\n\n<td>Grado en CA<\/td>\n\n\n\n\n<td>71,00<\/td>\n\n\n\n\n<td>80,00<\/td>\n\n\n\n\n<td>65,12<\/td>\n\n\n\n\n<td>30,61<\/td>\n\n\n\n\n<td>90,00<\/td>\n\n\n<\/tr>\n\n\n\n\n<tr>\n\n\n<td>Grado en IA<\/td>\n\n\n\n\n<td>65,00<\/td>\n\n\n\n\n<td>82,00<\/td>\n\n\n\n\n<td>38,89<\/td>\n\n\n\n\n<td>55,56<\/td>\n\n\n\n\n<td>89,00<\/td>\n\n\n<\/tr>\n\n\n\n\n<tr>\n\n\n<td>M\u00e1ster CyTAA<\/td>\n\n\n\n\n<td>92,00<\/td>\n\n\n\n\n<td>100,00<\/td>\n\n\n\n\n<td>96,88<\/td>\n\n\n\n\n<td>0,00<\/td>\n\n\n\n\n<td>100,00<\/td>\n\n\n<\/tr>\n\n\n\n\n<tr>\n\n\n<td>M\u00e1ster Nutrici\u00f3n<\/td>\n\n\n\n\n<td>88,00<\/td>\n\n\n\n\n<td>98,00<\/td>\n\n\n\n\n<td>91,67<\/td>\n\n\n\n\n<td>5,56<\/td>\n\n\n\n\n<td>91,00<\/td>\n\n\n<\/tr>\n\n\n<\/tbody>\n\n\n<\/table>\n\n\n[\/tab]\n\n[tab title=\"2015\/16\"]\n\n\n<table class=\"table-hover\">\n\n<caption>REND.: Rendimiento | ABAN.: Abandono | EFIC.: Eficiencia | GRAD.: Graduaci\u00f3n | (Valores porcentuales)<\/caption>\n\n\n\n\n<thead>\n\n\n<tr>\n\n\n<th>Titulaci\u00f3n<\/th>\n\n\n\n\n<th>Rend.<\/th>\n\n\n\n\n<th>\u00c9xito<\/th>\n\n\n\n\n<th>Grad.<\/th>\n\n\n\n\n<th>Aban.<\/th>\n\n\n\n\n<th>Efic.<\/th>\n\n\n<\/tr>\n\n\n<\/thead>\n\n\n\n\n<tbody>\n\n\n<tr>\n\n\n<td>Grado CyTA<\/td>\n\n\n\n\n<td>57,00<\/td>\n\n\n\n\n<td>68,00<\/td>\n\n\n\n\n<td>26,09<\/td>\n\n\n\n\n<td>0,00<\/td>\n\n\n\n\n<td>82,00<\/td>\n\n\n<\/tr>\n\n\n\n\n<tr>\n\n\n<td>Grado en CA<\/td>\n\n\n\n\n<td>73,00<\/td>\n\n\n\n\n<td>83,00<\/td>\n\n\n\n\n<td>70,27<\/td>\n\n\n\n\n<td>0,00<\/td>\n\n\n\n\n<td>89,00<\/td>\n\n\n<\/tr>\n\n\n\n\n<tr>\n\n\n<td>Grado en IA<\/td>\n\n\n\n\n<td>70,00<\/td>\n\n\n\n\n<td>84,00<\/td>\n\n\n\n\n<td>25,00<\/td>\n\n\n\n\n<td>0,00<\/td>\n\n\n\n\n<td>81,00<\/td>\n\n\n<\/tr>\n\n\n\n\n<tr>\n\n\n<td>M\u00e1ster CyTAA<\/td>\n\n\n\n\n<td>100,00<\/td>\n\n\n\n\n<td>100,00<\/td>\n\n\n\n\n<td>95,24<\/td>\n\n\n\n\n<td>0,00<\/td>\n\n\n\n\n<td>99,00<\/td>\n\n\n<\/tr>\n\n\n\n\n<tr>\n\n\n<td>M\u00e1ster Nutrici\u00f3n<\/td>\n\n\n\n\n<td>90,00<\/td>\n\n\n\n\n<td>98,00<\/td>\n\n\n\n\n<td>76,47<\/td>\n\n\n\n\n<td>4,35<\/td>\n\n\n\n\n<td>94,00<\/td>\n\n\n<\/tr>\n\n\n<\/tbody>\n\n\n<\/table>\n\n\n[\/tab]\n\n[\/tabs]\n--><br \/>\n&nbsp;<\/p>\n<h3>Resultados de las encuestas de satisfacci\u00f3n<\/h3>\n<p>Consulta la informaci\u00f3n disponible en el <a href=\"https:\/\/secretaria.uvigo.gal\/uv\/web\/transparencia\/grupo\/show\/5\/28\" target=\"_blank\" rel=\"noopener noreferrer\">Portal de Transparencia<\/a><\/p>\n","protected":false},"excerpt":{"rendered":"<p>Resultados acad\u00e9micos Informe de Revisi\u00f3n por la Direcci\u00f3n 2021\/2022 | 2020\/2021 | 2019\/2020 | 2018\/2019 | 2017\/2018 | 2016\/2017 | 2015\/2016 | 2014\/2015 &nbsp; Tasas &hellip; <a class=\"excerpt_more\" href=\"https:\/\/fcou.uvigo.es\/es\/facultad\/calidad\/sgc\/resultados-de-medicion\/\">Contin\u00faa<\/a><\/p>\n","protected":false},"author":8,"featured_media":0,"parent":2260,"menu_order":5,"comment_status":"closed","ping_status":"closed","template":"","meta":{"_acf_changed":false,"footnotes":""},"acf":[],"yoast_head":"<title>Resultados de medici\u00f3n | Facultade de Ciencias<\/title>\n<meta name=\"robots\" content=\"index, follow, max-snippet:-1, max-image-preview:large, max-video-preview:-1\" \/>\n<link rel=\"canonical\" href=\"https:\/\/fcou.uvigo.es\/es\/facultad\/calidad\/sgc\/resultados-de-medicion\/\" \/>\n<meta property=\"og:locale\" content=\"es_ES\" \/>\n<meta property=\"og:type\" content=\"article\" \/>\n<meta property=\"og:title\" content=\"Resultados de medici\u00f3n | Facultade de Ciencias\" \/>\n<meta property=\"og:description\" content=\"Resultados acad\u00e9micos Informe de Revisi\u00f3n por la Direcci\u00f3n 2021\/2022 | 2020\/2021 | 2019\/2020 | 2018\/2019 | 2017\/2018 | 2016\/2017 | 2015\/2016 | 2014\/2015 &nbsp; Tasas &hellip; Contin\u00faa\" \/>\n<meta property=\"og:url\" content=\"https:\/\/fcou.uvigo.es\/es\/facultad\/calidad\/sgc\/resultados-de-medicion\/\" \/>\n<meta property=\"og:site_name\" content=\"Facultade de Ciencias\" \/>\n<meta property=\"article:modified_time\" content=\"2023-06-07T19:01:40+00:00\" \/>\n<meta name=\"twitter:card\" content=\"summary_large_image\" \/>\n<meta name=\"twitter:label1\" content=\"Est. reading time\" \/>\n\t<meta name=\"twitter:data1\" content=\"1 minute\" \/>\n<script type=\"application\/ld+json\" class=\"yoast-schema-graph\">{\"@context\":\"https:\/\/schema.org\",\"@graph\":[{\"@type\":\"WebPage\",\"@id\":\"https:\/\/fcou.uvigo.es\/es\/facultad\/calidad\/sgc\/resultados-de-medicion\/\",\"url\":\"https:\/\/fcou.uvigo.es\/es\/facultad\/calidad\/sgc\/resultados-de-medicion\/\",\"name\":\"Resultados de medici\u00f3n | Facultade de Ciencias\",\"isPartOf\":{\"@id\":\"https:\/\/fcou.uvigo.es\/#website\"},\"datePublished\":\"2015-01-30T10:57:01+00:00\",\"dateModified\":\"2023-06-07T19:01:40+00:00\",\"breadcrumb\":{\"@id\":\"https:\/\/fcou.uvigo.es\/es\/facultad\/calidad\/sgc\/resultados-de-medicion\/#breadcrumb\"},\"inLanguage\":\"es-ES\",\"potentialAction\":[{\"@type\":\"ReadAction\",\"target\":[\"https:\/\/fcou.uvigo.es\/es\/facultad\/calidad\/sgc\/resultados-de-medicion\/\"]}]},{\"@type\":\"BreadcrumbList\",\"@id\":\"https:\/\/fcou.uvigo.es\/es\/facultad\/calidad\/sgc\/resultados-de-medicion\/#breadcrumb\",\"itemListElement\":[{\"@type\":\"ListItem\",\"position\":1,\"name\":\"Facultad\",\"item\":\"https:\/\/www.fcou.uvigo.es\/es\/facultad\/\"},{\"@type\":\"ListItem\",\"position\":2,\"name\":\"Calidad\",\"item\":\"https:\/\/www.fcou.uvigo.es\/es\/facultad\/calidad\/\"},{\"@type\":\"ListItem\",\"position\":3,\"name\":\"Sistema de Garant\u00eda de Calidad\",\"item\":\"https:\/\/www.fcou.uvigo.es\/es\/facultad\/calidad\/sgc\/\"},{\"@type\":\"ListItem\",\"position\":4,\"name\":\"Resultados de medici\u00f3n\"}]},{\"@type\":\"WebSite\",\"@id\":\"https:\/\/fcou.uvigo.es\/#website\",\"url\":\"https:\/\/fcou.uvigo.es\/\",\"name\":\"Facultade de Ciencias da Universidade de Vigo\",\"description\":\"Sitio web da Facultade de Ciencias\",\"publisher\":{\"@id\":\"https:\/\/fcou.uvigo.es\/#organization\"},\"potentialAction\":[{\"@type\":\"SearchAction\",\"target\":{\"@type\":\"EntryPoint\",\"urlTemplate\":\"https:\/\/fcou.uvigo.es\/?s={search_term_string}\"},\"query-input\":{\"@type\":\"PropertyValueSpecification\",\"valueRequired\":true,\"valueName\":\"search_term_string\"}}],\"inLanguage\":\"es-ES\"},{\"@type\":\"Organization\",\"@id\":\"https:\/\/fcou.uvigo.es\/#organization\",\"name\":\"Facultade de Ciencias da Universidade de Vigo\",\"url\":\"https:\/\/fcou.uvigo.es\/\",\"logo\":{\"@type\":\"ImageObject\",\"inLanguage\":\"es-ES\",\"@id\":\"https:\/\/fcou.uvigo.es\/#\/schema\/logo\/image\/\",\"url\":\"https:\/\/fcou.uvigo.es\/wp-content\/uploads\/2024\/04\/facultade-ciencias-ourense.png\",\"contentUrl\":\"https:\/\/fcou.uvigo.es\/wp-content\/uploads\/2024\/04\/facultade-ciencias-ourense.png\",\"width\":717,\"height\":165,\"caption\":\"Facultade de Ciencias da Universidade de Vigo\"},\"image\":{\"@id\":\"https:\/\/fcou.uvigo.es\/#\/schema\/logo\/image\/\"}}]}<\/script>","yoast_head_json":{"title":"Resultados de medici\u00f3n | Facultade de Ciencias","robots":{"index":"index","follow":"follow","max-snippet":"max-snippet:-1","max-image-preview":"max-image-preview:large","max-video-preview":"max-video-preview:-1"},"canonical":"https:\/\/fcou.uvigo.es\/es\/facultad\/calidad\/sgc\/resultados-de-medicion\/","og_locale":"es_ES","og_type":"article","og_title":"Resultados de medici\u00f3n | Facultade de Ciencias","og_description":"Resultados acad\u00e9micos Informe de Revisi\u00f3n por la Direcci\u00f3n 2021\/2022 | 2020\/2021 | 2019\/2020 | 2018\/2019 | 2017\/2018 | 2016\/2017 | 2015\/2016 | 2014\/2015 &nbsp; Tasas &hellip; Contin\u00faa","og_url":"https:\/\/fcou.uvigo.es\/es\/facultad\/calidad\/sgc\/resultados-de-medicion\/","og_site_name":"Facultade de Ciencias","article_modified_time":"2023-06-07T19:01:40+00:00","twitter_card":"summary_large_image","twitter_misc":{"Est. reading time":"1 minute"},"schema":{"@context":"https:\/\/schema.org","@graph":[{"@type":"WebPage","@id":"https:\/\/fcou.uvigo.es\/es\/facultad\/calidad\/sgc\/resultados-de-medicion\/","url":"https:\/\/fcou.uvigo.es\/es\/facultad\/calidad\/sgc\/resultados-de-medicion\/","name":"Resultados de medici\u00f3n | Facultade de Ciencias","isPartOf":{"@id":"https:\/\/fcou.uvigo.es\/#website"},"datePublished":"2015-01-30T10:57:01+00:00","dateModified":"2023-06-07T19:01:40+00:00","breadcrumb":{"@id":"https:\/\/fcou.uvigo.es\/es\/facultad\/calidad\/sgc\/resultados-de-medicion\/#breadcrumb"},"inLanguage":"es-ES","potentialAction":[{"@type":"ReadAction","target":["https:\/\/fcou.uvigo.es\/es\/facultad\/calidad\/sgc\/resultados-de-medicion\/"]}]},{"@type":"BreadcrumbList","@id":"https:\/\/fcou.uvigo.es\/es\/facultad\/calidad\/sgc\/resultados-de-medicion\/#breadcrumb","itemListElement":[{"@type":"ListItem","position":1,"name":"Facultad","item":"https:\/\/www.fcou.uvigo.es\/es\/facultad\/"},{"@type":"ListItem","position":2,"name":"Calidad","item":"https:\/\/www.fcou.uvigo.es\/es\/facultad\/calidad\/"},{"@type":"ListItem","position":3,"name":"Sistema de Garant\u00eda de Calidad","item":"https:\/\/www.fcou.uvigo.es\/es\/facultad\/calidad\/sgc\/"},{"@type":"ListItem","position":4,"name":"Resultados de medici\u00f3n"}]},{"@type":"WebSite","@id":"https:\/\/fcou.uvigo.es\/#website","url":"https:\/\/fcou.uvigo.es\/","name":"Facultade de Ciencias da Universidade de Vigo","description":"Sitio web da Facultade de Ciencias","publisher":{"@id":"https:\/\/fcou.uvigo.es\/#organization"},"potentialAction":[{"@type":"SearchAction","target":{"@type":"EntryPoint","urlTemplate":"https:\/\/fcou.uvigo.es\/?s={search_term_string}"},"query-input":{"@type":"PropertyValueSpecification","valueRequired":true,"valueName":"search_term_string"}}],"inLanguage":"es-ES"},{"@type":"Organization","@id":"https:\/\/fcou.uvigo.es\/#organization","name":"Facultade de Ciencias da Universidade de Vigo","url":"https:\/\/fcou.uvigo.es\/","logo":{"@type":"ImageObject","inLanguage":"es-ES","@id":"https:\/\/fcou.uvigo.es\/#\/schema\/logo\/image\/","url":"https:\/\/fcou.uvigo.es\/wp-content\/uploads\/2024\/04\/facultade-ciencias-ourense.png","contentUrl":"https:\/\/fcou.uvigo.es\/wp-content\/uploads\/2024\/04\/facultade-ciencias-ourense.png","width":717,"height":165,"caption":"Facultade de Ciencias da Universidade de Vigo"},"image":{"@id":"https:\/\/fcou.uvigo.es\/#\/schema\/logo\/image\/"}}]}},"_links":{"self":[{"href":"https:\/\/fcou.uvigo.es\/es\/wp-json\/wp\/v2\/pages\/2265"}],"collection":[{"href":"https:\/\/fcou.uvigo.es\/es\/wp-json\/wp\/v2\/pages"}],"about":[{"href":"https:\/\/fcou.uvigo.es\/es\/wp-json\/wp\/v2\/types\/page"}],"author":[{"embeddable":true,"href":"https:\/\/fcou.uvigo.es\/es\/wp-json\/wp\/v2\/users\/8"}],"replies":[{"embeddable":true,"href":"https:\/\/fcou.uvigo.es\/es\/wp-json\/wp\/v2\/comments?post=2265"}],"version-history":[{"count":40,"href":"https:\/\/fcou.uvigo.es\/es\/wp-json\/wp\/v2\/pages\/2265\/revisions"}],"predecessor-version":[{"id":262884,"href":"https:\/\/fcou.uvigo.es\/es\/wp-json\/wp\/v2\/pages\/2265\/revisions\/262884"}],"up":[{"embeddable":true,"href":"https:\/\/fcou.uvigo.es\/es\/wp-json\/wp\/v2\/pages\/2260"}],"wp:attachment":[{"href":"https:\/\/fcou.uvigo.es\/es\/wp-json\/wp\/v2\/media?parent=2265"}],"curies":[{"name":"wp","href":"https:\/\/api.w.org\/{rel}","templated":true}]}}