{"id":2269,"date":"2015-01-30T11:12:43","date_gmt":"2015-01-30T10:12:43","guid":{"rendered":"http:\/\/fcce.webs.uvigo.es\/calidade\/seguimento-de-titulos\/master-ctcpp\/"},"modified":"2024-05-24T12:15:57","modified_gmt":"2024-05-24T10:15:57","slug":"grado-en-ca","status":"publish","type":"page","link":"https:\/\/fcou.uvigo.es\/es\/facultad\/calidad\/seguimiento-de-titulos\/grado-en-ca\/","title":{"rendered":"Grado en Ciencias Ambientales"},"content":{"rendered":"<p><i class=\"fa fa-file-pdf-o\"><\/i> <a href=\"https:\/\/sede.educacion.gob.es\/cid\/consultaCID?cid=174813372321011885893375\" target=\"_blank\" rel=\"noopener noreferrer\">Memoria vigente del T\u00edtulo<\/a><br \/>\n<i class=\"fa fa-file-pdf-o\"><\/i> <a href=\"https:\/\/sede.educacion.gob.es\/cid\/consultaCID?cid=217312689729768230945360\" target=\"_blank\" rel=\"noopener noreferrer\">Resoluci\u00f3n de renovaci\u00f3n de la acreditaci\u00f3n (09\/06\/2016)<\/a><\/p>\n<p>&nbsp;<\/p>\n<h3>Seguimiento del t\u00edtulo<\/h3>\n<p><b>Curso 2022\/23<\/b><\/p>\n<ul class=\"list-peak\">\n<li><a href=\"https:\/\/fcou.uvigo.es\/wp-content\/uploads\/2024\/05\/IF-CC_-Ambientales.pdf\" target=\"_blank\" rel=\"noopener noreferrer\">Informe final de renovaci\u00f3n de la acreditaci\u00f3n (ACSUG)<\/a><\/li>\n<\/ul>\n<p><b>Curso 2021\/22<\/b><\/p>\n<ul class=\"list-peak\">\n<li><a href=\"https:\/\/fcou.uvigo.es\/images\/docs\/calidade\/rexistros\/R1_DE-03_P1_2021-22.pdf\" target=\"_blank\" rel=\"noopener noreferrer\">Informe de Revisi\u00f3n por la Direcci\u00f3n<\/a><\/li>\n<\/ul>\n<p><b>Curso 2020\/21<\/b><\/p>\n<ul class=\"list-peak\">\n<li><a href=\"https:\/\/fcou.uvigo.es\/images\/docs\/calidade\/rexistros\/R1_DE-03_P1_2020-21.pdf\" target=\"_blank\" rel=\"noopener noreferrer\">Informe de Revisi\u00f3n por la Direcci\u00f3n<\/a><\/li>\n<\/ul>\n<p><b>Curso 2019\/20<\/b><\/p>\n<ul class=\"list-peak\">\n<li><a href=\"\/images\/docs\/calidade\/rexistros\/R1_DE-03_P1_2019-20.pdf\" target=\"_blank\" rel=\"noopener noreferrer\">Informe de Revisi\u00f3n por la Direcci\u00f3n<\/a><\/li>\n<\/ul>\n<p><b>Curso 2018\/2019<\/b><\/p>\n<ul class=\"list-peak\">\n<li><a href=\"\/images\/docs\/calidade\/rexistros\/R1_DE-03_P1_2018-19.pdf\" target=\"_blank\" rel=\"noopener noreferrer\">Informe de Revisi\u00f3n por la Direcci\u00f3n<\/a><\/li>\n<li><a href=\"\/images\/docs\/calidade\/seguimento\/R3_DO-0102_P1_2018-19.pdf\" target=\"_blank\" rel=\"noopener noreferrer\">Informe final de seguimiento (UVIGO)<\/a><\/li>\n<\/ul>\n<p><b>Curso 2017\/2018<\/b><\/p>\n<ul class=\"list-peak\" style=\"margin-top: 10px;\">\n<li><a href=\"\/images\/docs\/calidade\/seguimento\/R1_DO-0102_P1_GCA_2017-18.pdf\" target=\"_blank\" rel=\"noopener noreferrer\">Autoinforme de seguimiento<\/a><\/li>\n<li><!--<a href=\"\/images\/docs\/calidade\/seguimento\/RX_DO-0102_P1_GCA_2017-18.pdf\" target=\"_blank\" rel=\"noopener noreferrer\">-->Informe final de seguimiento<!--(UVIGO)<\/a>--><\/li>\n<li><a href=\"https:\/\/secretaria.uvigo.gal\/uv\/web\/transparencia\/grupo\/show\/5\/51\" target=\"_blank\" rel=\"noopener noreferrer\">Tasas acad\u00e9micas<\/a><\/li>\n<li><a href=\"https:\/\/secretaria.uvigo.gal\/uv\/web\/transparencia\/grupo\/show\/5\/28\" target=\"_blank\" rel=\"noopener noreferrer\">Resultados de satisfacci\u00f3n<\/a><\/li>\n<\/ul>\n<p><b>Curso 2016\/2017<\/b><\/p>\n<ul class=\"list-peak\" style=\"margin-top: 10px;\">\n<li><a href=\"\/images\/docs\/calidade\/rexistros\/R1_DE-03_P1_2016-17.pdf\" target=\"_blank\" rel=\"noopener noreferrer\">Informe de Revisi\u00f3n por la Direcci\u00f3n<\/a><\/li>\n<li><a href=\"\/images\/docs\/calidade\/seguimento\/R3_DO-0102_P1_2016-17.pdf\" target=\"_blank\" rel=\"noopener noreferrer\">Informe final de seguimiento (UVIGO)<\/a><\/li>\n<li><a href=\"https:\/\/secretaria.uvigo.gal\/uv\/web\/transparencia\/grupo\/show\/5\/51\" target=\"_blank\" rel=\"noopener noreferrer\">Tasas acad\u00e9micas<\/a><\/li>\n<li><a href=\"https:\/\/secretaria.uvigo.gal\/uv\/web\/transparencia\/grupo\/show\/5\/28\" target=\"_blank\" rel=\"noopener noreferrer\">Resultados de satisfacci\u00f3n<\/a><\/li>\n<\/ul>\n<p><b>Curso 2015\/2016<\/b><\/p>\n<ul class=\"list-peak\" style=\"margin-top: 10px;\">\n<li><a href=\"\/images\/docs\/calidade\/seguimento\/R1_DO-0102_P1_GCA_2015-16.pdf\" target=\"_blank\" rel=\"noopener noreferrer\">Autoinforme de seguimiento<\/a><\/li>\n<li><a href=\"\/images\/docs\/calidade\/seguimento\/R3_DO-0102_P1_GCA_2015-16.pdf\" target=\"_blank\" rel=\"noopener noreferrer\">Informe final de seguimiento (UVIGO)<\/a><\/li>\n<li><a href=\"https:\/\/secretaria.uvigo.gal\/uv\/web\/transparencia\/grupo\/show\/5\/51\" target=\"_blank\" rel=\"noopener noreferrer\">Tasas acad\u00e9micas<\/a><\/li>\n<li><a href=\"https:\/\/secretaria.uvigo.gal\/uv\/web\/transparencia\/grupo\/show\/5\/28\" target=\"_blank\" rel=\"noopener noreferrer\">Resultados de satisfacci\u00f3n<\/a><\/li>\n<\/ul>\n<p><b>Curso 2014\/2015<\/b><\/p>\n<ul class=\"list-peak\" style=\"margin-top: 10px;\">\n<li><a href=\"\/images\/docs\/calidade\/acreditacion\/IARA_GCA_2016.pdf\" target=\"_blank\" rel=\"noopener noreferrer\">Autoinforme de renovaci\u00f3n de la acreditaci\u00f3n<\/a><\/li>\n<li><a href=\"\/images\/docs\/calidade\/acreditacion\/IFARA_GCA_2016.pdf\" target=\"_blank\" rel=\"noopener noreferrer\">Informe final de renovaci\u00f3n de la acreditaci\u00f3n (ACSUG)<\/a><\/li>\n<li><a href=\"https:\/\/secretaria.uvigo.gal\/uv\/web\/transparencia\/grupo\/show\/5\/51\" target=\"_blank\" rel=\"noopener noreferrer\">Tasas acad\u00e9micas<\/a><\/li>\n<li><a href=\"https:\/\/secretaria.uvigo.gal\/uv\/web\/transparencia\/grupo\/show\/5\/28\" target=\"_blank\" rel=\"noopener noreferrer\">Resultados de satisfacci\u00f3n<\/a><\/li>\n<\/ul>\n<p><b>Curso 2013\/2014<\/b><\/p>\n<ul class=\"list-peak\" style=\"margin-top: 10px;\">\n<li><a href=\"\/images\/docs\/calidade\/seguimento\/R1_DO-0102_P1_GCA_2013-14.pdf\" target=\"_blank\" rel=\"noopener noreferrer\">Autoinforme de seguimiento<\/a><\/li>\n<li><a href=\"\/images\/docs\/calidade\/seguimento\/R3_DO-0102_P1_GCA_2013-14.pdf\" target=\"_blank\" rel=\"noopener noreferrer\">Informe final de seguimiento (UVIGO)<\/a><\/li>\n<li><a href=\"https:\/\/secretaria.uvigo.gal\/uv\/web\/transparencia\/grupo\/show\/5\/51\" target=\"_blank\" rel=\"noopener noreferrer\">Tasas acad\u00e9micas<\/a><\/li>\n<li><a href=\"https:\/\/secretaria.uvigo.gal\/uv\/web\/transparencia\/grupo\/show\/5\/28\" target=\"_blank\" rel=\"noopener noreferrer\">Resultados de satisfacci\u00f3n<\/a><\/li>\n<\/ul>\n<p><b>Curso 2012\/2013<\/b><\/p>\n<ul class=\"list-peak\" style=\"margin-top: 10px;\">\n<li><a href=\"\/images\/docs\/calidade\/seguimento\/R1_DO-0102_P1_GCA_2012-13.pdf\" target=\"_blank\" rel=\"noopener noreferrer\">Autoinforme de seguimiento<\/a><\/li>\n<li><a href=\"\/images\/docs\/calidade\/seguimento\/R2_DO-0102_P1_GCA_2012-13.pdf\" target=\"_blank\" rel=\"noopener noreferrer\">Informe final de seguimiento (ACSUG)<\/a><\/li>\n<li><a href=\"https:\/\/secretaria.uvigo.gal\/uv\/web\/transparencia\/grupo\/show\/5\/51\" target=\"_blank\" rel=\"noopener noreferrer\">Tasas acad\u00e9micas<\/a><\/li>\n<li><a href=\"https:\/\/secretaria.uvigo.gal\/uv\/web\/transparencia\/grupo\/show\/5\/28\" target=\"_blank\" rel=\"noopener noreferrer\">Resultados de satisfacci\u00f3n<\/a><\/li>\n<\/ul>\n<p><b>Curso 2011\/2012<\/b><\/p>\n<ul class=\"list-peak\" style=\"margin-top: 10px;\">\n<li><a href=\"\/images\/docs\/calidade\/seguimento\/R1_DO-0102_P1_GCA_2011-12.pdf\" target=\"_blank\" rel=\"noopener noreferrer\">Autoinforme de seguimiento<\/a><\/li>\n<li><a href=\"\/images\/docs\/calidade\/seguimento\/R3_DO-0102_P1_GCA_2011-12.pdf\" target=\"_blank\" rel=\"noopener noreferrer\">Informe final de seguimiento (UVIGO)<\/a><\/li>\n<li><a href=\"https:\/\/secretaria.uvigo.gal\/uv\/web\/transparencia\/grupo\/show\/5\/51\" target=\"_blank\" rel=\"noopener noreferrer\">Tasas acad\u00e9micas<\/a><\/li>\n<li><a href=\"https:\/\/secretaria.uvigo.gal\/uv\/web\/transparencia\/grupo\/show\/5\/28\" target=\"_blank\" rel=\"noopener noreferrer\">Resultados de satisfacci\u00f3n<\/a><\/li>\n<\/ul>\n","protected":false},"excerpt":{"rendered":"<p>Memoria vigente del T\u00edtulo Resoluci\u00f3n de renovaci\u00f3n de la acreditaci\u00f3n (09\/06\/2016) &nbsp; Seguimiento del t\u00edtulo Curso 2022\/23 Informe final de renovaci\u00f3n de la acreditaci\u00f3n (ACSUG) &hellip; <a class=\"excerpt_more\" href=\"https:\/\/fcou.uvigo.es\/es\/facultad\/calidad\/seguimiento-de-titulos\/grado-en-ca\/\">Contin\u00faa<\/a><\/p>\n","protected":false},"author":8,"featured_media":0,"parent":2267,"menu_order":2,"comment_status":"closed","ping_status":"closed","template":"","meta":{"_acf_changed":false,"footnotes":""},"acf":[],"yoast_head":"<title>Grado en Ciencias Ambientales | Facultade de Ciencias<\/title>\n<meta name=\"robots\" content=\"index, follow, max-snippet:-1, max-image-preview:large, max-video-preview:-1\" \/>\n<link rel=\"canonical\" href=\"https:\/\/fcou.uvigo.es\/es\/facultad\/calidad\/seguimiento-de-titulos\/grado-en-ca\/\" \/>\n<meta property=\"og:locale\" content=\"es_ES\" \/>\n<meta property=\"og:type\" content=\"article\" \/>\n<meta property=\"og:title\" content=\"Grado en Ciencias Ambientales | Facultade de Ciencias\" \/>\n<meta property=\"og:description\" content=\"Memoria vigente del T\u00edtulo Resoluci\u00f3n de renovaci\u00f3n de la acreditaci\u00f3n (09\/06\/2016) &nbsp; Seguimiento del t\u00edtulo Curso 2022\/23 Informe final de renovaci\u00f3n de la acreditaci\u00f3n (ACSUG) &hellip; Contin\u00faa\" \/>\n<meta property=\"og:url\" content=\"https:\/\/fcou.uvigo.es\/es\/facultad\/calidad\/seguimiento-de-titulos\/grado-en-ca\/\" \/>\n<meta property=\"og:site_name\" content=\"Facultade de Ciencias\" \/>\n<meta property=\"article:modified_time\" content=\"2024-05-24T10:15:57+00:00\" \/>\n<meta name=\"twitter:card\" content=\"summary_large_image\" \/>\n<meta name=\"twitter:label1\" content=\"Est. reading time\" \/>\n\t<meta name=\"twitter:data1\" content=\"1 minute\" \/>\n<script type=\"application\/ld+json\" class=\"yoast-schema-graph\">{\"@context\":\"https:\/\/schema.org\",\"@graph\":[{\"@type\":\"WebPage\",\"@id\":\"https:\/\/fcou.uvigo.es\/es\/facultad\/calidad\/seguimiento-de-titulos\/grado-en-ca\/\",\"url\":\"https:\/\/fcou.uvigo.es\/es\/facultad\/calidad\/seguimiento-de-titulos\/grado-en-ca\/\",\"name\":\"Grado en Ciencias Ambientales | Facultade de Ciencias\",\"isPartOf\":{\"@id\":\"https:\/\/fcou.uvigo.es\/#website\"},\"datePublished\":\"2015-01-30T10:12:43+00:00\",\"dateModified\":\"2024-05-24T10:15:57+00:00\",\"breadcrumb\":{\"@id\":\"https:\/\/fcou.uvigo.es\/es\/facultad\/calidad\/seguimiento-de-titulos\/grado-en-ca\/#breadcrumb\"},\"inLanguage\":\"es-ES\",\"potentialAction\":[{\"@type\":\"ReadAction\",\"target\":[\"https:\/\/fcou.uvigo.es\/es\/facultad\/calidad\/seguimiento-de-titulos\/grado-en-ca\/\"]}]},{\"@type\":\"BreadcrumbList\",\"@id\":\"https:\/\/fcou.uvigo.es\/es\/facultad\/calidad\/seguimiento-de-titulos\/grado-en-ca\/#breadcrumb\",\"itemListElement\":[{\"@type\":\"ListItem\",\"position\":1,\"name\":\"Facultad\",\"item\":\"https:\/\/www.fcou.uvigo.es\/es\/facultad\/\"},{\"@type\":\"ListItem\",\"position\":2,\"name\":\"Calidad\",\"item\":\"https:\/\/www.fcou.uvigo.es\/es\/facultad\/calidad\/\"},{\"@type\":\"ListItem\",\"position\":3,\"name\":\"Seguimiento de T\u00edtulos\",\"item\":\"https:\/\/www.fcou.uvigo.es\/es\/facultad\/calidad\/seguimiento-de-titulos\/\"},{\"@type\":\"ListItem\",\"position\":4,\"name\":\"Grado en Ciencias Ambientales\"}]},{\"@type\":\"WebSite\",\"@id\":\"https:\/\/fcou.uvigo.es\/#website\",\"url\":\"https:\/\/fcou.uvigo.es\/\",\"name\":\"Facultade de Ciencias da Universidade de Vigo\",\"description\":\"Sitio web da Facultade de Ciencias\",\"publisher\":{\"@id\":\"https:\/\/fcou.uvigo.es\/#organization\"},\"potentialAction\":[{\"@type\":\"SearchAction\",\"target\":{\"@type\":\"EntryPoint\",\"urlTemplate\":\"https:\/\/fcou.uvigo.es\/?s={search_term_string}\"},\"query-input\":{\"@type\":\"PropertyValueSpecification\",\"valueRequired\":true,\"valueName\":\"search_term_string\"}}],\"inLanguage\":\"es-ES\"},{\"@type\":\"Organization\",\"@id\":\"https:\/\/fcou.uvigo.es\/#organization\",\"name\":\"Facultade de Ciencias da Universidade de Vigo\",\"url\":\"https:\/\/fcou.uvigo.es\/\",\"logo\":{\"@type\":\"ImageObject\",\"inLanguage\":\"es-ES\",\"@id\":\"https:\/\/fcou.uvigo.es\/#\/schema\/logo\/image\/\",\"url\":\"https:\/\/fcou.uvigo.es\/wp-content\/uploads\/2024\/04\/facultade-ciencias-ourense.png\",\"contentUrl\":\"https:\/\/fcou.uvigo.es\/wp-content\/uploads\/2024\/04\/facultade-ciencias-ourense.png\",\"width\":717,\"height\":165,\"caption\":\"Facultade de Ciencias da Universidade de Vigo\"},\"image\":{\"@id\":\"https:\/\/fcou.uvigo.es\/#\/schema\/logo\/image\/\"}}]}<\/script>","yoast_head_json":{"title":"Grado en Ciencias Ambientales | Facultade de Ciencias","robots":{"index":"index","follow":"follow","max-snippet":"max-snippet:-1","max-image-preview":"max-image-preview:large","max-video-preview":"max-video-preview:-1"},"canonical":"https:\/\/fcou.uvigo.es\/es\/facultad\/calidad\/seguimiento-de-titulos\/grado-en-ca\/","og_locale":"es_ES","og_type":"article","og_title":"Grado en Ciencias Ambientales | Facultade de Ciencias","og_description":"Memoria vigente del T\u00edtulo Resoluci\u00f3n de renovaci\u00f3n de la acreditaci\u00f3n (09\/06\/2016) &nbsp; Seguimiento del t\u00edtulo Curso 2022\/23 Informe final de renovaci\u00f3n de la acreditaci\u00f3n (ACSUG) &hellip; Contin\u00faa","og_url":"https:\/\/fcou.uvigo.es\/es\/facultad\/calidad\/seguimiento-de-titulos\/grado-en-ca\/","og_site_name":"Facultade de Ciencias","article_modified_time":"2024-05-24T10:15:57+00:00","twitter_card":"summary_large_image","twitter_misc":{"Est. reading time":"1 minute"},"schema":{"@context":"https:\/\/schema.org","@graph":[{"@type":"WebPage","@id":"https:\/\/fcou.uvigo.es\/es\/facultad\/calidad\/seguimiento-de-titulos\/grado-en-ca\/","url":"https:\/\/fcou.uvigo.es\/es\/facultad\/calidad\/seguimiento-de-titulos\/grado-en-ca\/","name":"Grado en Ciencias Ambientales | Facultade de Ciencias","isPartOf":{"@id":"https:\/\/fcou.uvigo.es\/#website"},"datePublished":"2015-01-30T10:12:43+00:00","dateModified":"2024-05-24T10:15:57+00:00","breadcrumb":{"@id":"https:\/\/fcou.uvigo.es\/es\/facultad\/calidad\/seguimiento-de-titulos\/grado-en-ca\/#breadcrumb"},"inLanguage":"es-ES","potentialAction":[{"@type":"ReadAction","target":["https:\/\/fcou.uvigo.es\/es\/facultad\/calidad\/seguimiento-de-titulos\/grado-en-ca\/"]}]},{"@type":"BreadcrumbList","@id":"https:\/\/fcou.uvigo.es\/es\/facultad\/calidad\/seguimiento-de-titulos\/grado-en-ca\/#breadcrumb","itemListElement":[{"@type":"ListItem","position":1,"name":"Facultad","item":"https:\/\/www.fcou.uvigo.es\/es\/facultad\/"},{"@type":"ListItem","position":2,"name":"Calidad","item":"https:\/\/www.fcou.uvigo.es\/es\/facultad\/calidad\/"},{"@type":"ListItem","position":3,"name":"Seguimiento de T\u00edtulos","item":"https:\/\/www.fcou.uvigo.es\/es\/facultad\/calidad\/seguimiento-de-titulos\/"},{"@type":"ListItem","position":4,"name":"Grado en Ciencias Ambientales"}]},{"@type":"WebSite","@id":"https:\/\/fcou.uvigo.es\/#website","url":"https:\/\/fcou.uvigo.es\/","name":"Facultade de Ciencias da Universidade de Vigo","description":"Sitio web da Facultade de Ciencias","publisher":{"@id":"https:\/\/fcou.uvigo.es\/#organization"},"potentialAction":[{"@type":"SearchAction","target":{"@type":"EntryPoint","urlTemplate":"https:\/\/fcou.uvigo.es\/?s={search_term_string}"},"query-input":{"@type":"PropertyValueSpecification","valueRequired":true,"valueName":"search_term_string"}}],"inLanguage":"es-ES"},{"@type":"Organization","@id":"https:\/\/fcou.uvigo.es\/#organization","name":"Facultade de Ciencias da Universidade de Vigo","url":"https:\/\/fcou.uvigo.es\/","logo":{"@type":"ImageObject","inLanguage":"es-ES","@id":"https:\/\/fcou.uvigo.es\/#\/schema\/logo\/image\/","url":"https:\/\/fcou.uvigo.es\/wp-content\/uploads\/2024\/04\/facultade-ciencias-ourense.png","contentUrl":"https:\/\/fcou.uvigo.es\/wp-content\/uploads\/2024\/04\/facultade-ciencias-ourense.png","width":717,"height":165,"caption":"Facultade de Ciencias da Universidade de Vigo"},"image":{"@id":"https:\/\/fcou.uvigo.es\/#\/schema\/logo\/image\/"}}]}},"_links":{"self":[{"href":"https:\/\/fcou.uvigo.es\/es\/wp-json\/wp\/v2\/pages\/2269"}],"collection":[{"href":"https:\/\/fcou.uvigo.es\/es\/wp-json\/wp\/v2\/pages"}],"about":[{"href":"https:\/\/fcou.uvigo.es\/es\/wp-json\/wp\/v2\/types\/page"}],"author":[{"embeddable":true,"href":"https:\/\/fcou.uvigo.es\/es\/wp-json\/wp\/v2\/users\/8"}],"replies":[{"embeddable":true,"href":"https:\/\/fcou.uvigo.es\/es\/wp-json\/wp\/v2\/comments?post=2269"}],"version-history":[{"count":20,"href":"https:\/\/fcou.uvigo.es\/es\/wp-json\/wp\/v2\/pages\/2269\/revisions"}],"predecessor-version":[{"id":267955,"href":"https:\/\/fcou.uvigo.es\/es\/wp-json\/wp\/v2\/pages\/2269\/revisions\/267955"}],"up":[{"embeddable":true,"href":"https:\/\/fcou.uvigo.es\/es\/wp-json\/wp\/v2\/pages\/2267"}],"wp:attachment":[{"href":"https:\/\/fcou.uvigo.es\/es\/wp-json\/wp\/v2\/media?parent=2269"}],"curies":[{"name":"wp","href":"https:\/\/api.w.org\/{rel}","templated":true}]}}