{"id":2270,"date":"2015-01-30T16:16:52","date_gmt":"2015-01-30T15:16:52","guid":{"rendered":"http:\/\/fcce.webs.uvigo.es\/calidade\/acreditacion-de-titulos\/"},"modified":"2025-03-31T15:57:42","modified_gmt":"2025-03-31T13:57:42","slug":"acreditacion-de-titulos","status":"publish","type":"page","link":"https:\/\/fcou.uvigo.es\/es\/facultad\/calidad\/acreditacion-de-titulos\/","title":{"rendered":"Acreditaci\u00f3n de t\u00edtulos"},"content":{"rendered":"<p>El <a href=\"https:\/\/www.boe.es\/buscar\/act.php?id=BOE-A-2007-18770\" target=\"_blank\" rel=\"noopener\">Real Decreto 1393\/2007<\/a>, del 29 de octubre, por el que se establece la ordenaci\u00f3n de las ense\u00f1anzas universitarias oficiales, modificado por el <a href=\"https:\/\/www.boe.es\/buscar\/doc.php?id=BOE-A-2010-10542\" target=\"_blank\" rel=\"noopener\">Real Decreto 861\/2010<\/a>, del 2 de junio, recoge en su art\u00edculo 24.2 que: \u201cAntes del transcurso de seis a\u00f1os a contar desde la fecha de su verificaci\u00f3n inicial o desde su \u00faltima acreditaci\u00f3n, los t\u00edtulos universitarios oficiales de grado y doctorado, deber\u00e1n haber renovado su acreditaci\u00f3n de acuerdo con el procedimiento y plazos que las Comunidades Aut\u00f3nomas establezcan en relaci\u00f3n con las universidades en su \u00e1mbito competencial. Asimismo, los t\u00edtulos de m\u00e1ster deber\u00e1n someterse al indicado procedimiento antes del transcurso de cuatro a\u00f1os\u201d. En el art\u00edculo 27 bis se establece que la acreditaci\u00f3n inicial de los t\u00edtulos oficiales debe ser renovada peri\u00f3dicamente a partir de la fecha de su verificaci\u00f3n por parte del \u201cConsejo de Universidades\u201d o desde la fecha de su acreditaci\u00f3n final.<\/p>\n<p>De acuerdo con la mencionada legislaci\u00f3n, el proceso de evaluaci\u00f3n para la renovaci\u00f3n de la acreditaci\u00f3n incluir\u00e1, en todo caso, una visita de expertos externos a la universidad siendo la \u201cAgencia para la Calidad del Sistema Universitario de Galicia\u201d (<a href=\"http:\/\/www.acsug.es\" target=\"_blank\" rel=\"noopener\">ACSUG<\/a>), en el \u00e1mbito de la Comunidad Aut\u00f3noma de Galicia, la encargada de realizar la valoraci\u00f3n para la renovaci\u00f3n de la acreditaci\u00f3n, de acuerdo con los protocolos de evaluaci\u00f3n que se establecieron conjuntamente entre las agencias de evaluaci\u00f3n que cumplan con los Criterios y Est\u00e1ndares de Calidad Europeos.<\/p>\n<p>Puedes consultar m\u00e1s informaci\u00f3n en:<\/p>\n<ul class=\"list-peak\" style=\"margin-top: 10px;\">\n<li><a href=\"http:\/\/www.acsug.es\/gl\/titulos\/acreditacion\" target=\"_blank\" rel=\"noopener\">Informaci\u00f3n sobre la acreditaci\u00f3n de los t\u00edtulos<\/a> \u2013 ACSUG<\/li>\n<li><a href=\"http:\/\/www.acsug.es\/sites\/default\/files\/guia_seg.-acred_grado_y_master_v2_2018.pdf\" target=\"_blank\" rel=\"noopener\">Gu\u00eda seguimiento y acreditaci\u00f3n grado y m\u00e1ster 2018<\/a> \u2013 ACSUG<\/li>\n<\/ul>\n<p>&nbsp;<\/p>\n<h3>Titulaciones que renovaron la acreditaci\u00f3n<\/h3>\n<p><b>M\u00e1ster en Ciencia y Tecnolog\u00eda Agroalimentaria y Ambiental<\/b><\/p>\n<ul class=\"list-peak\" style=\"margin-top: 10px;\">\n<li>20\/07\/2018 &#8211; <a href=\"\/images\/docs\/calidade\/acreditacion\/IFARA_MCyTAA_2018.pdf\" target=\"_blank\" rel=\"noopener\">Informe Final de Evaluaci\u00f3n para la renovaci\u00f3n de la acreditaci\u00f3n<\/a><\/li>\n<li>30\/10\/2018 &#8211; <a href=\"https:\/\/sede.educacion.gob.es\/cid\/consultaCID?cid=314378308894811276568158\" target=\"_blank\" rel=\"noopener\">Resoluci\u00f3n de renovaci\u00f3n de la acreditaci\u00f3n<\/a><\/li>\n<\/ul>\n<p><b>Grado en Ciencia y Tecnolog\u00eda de los Alimentos<\/b><\/p>\n<ul class=\"list-peak\" style=\"margin-top: 10px;\">\n<li>24\/05\/2016 &#8211; <a href=\"\/images\/docs\/calidade\/acreditacion\/IFARA_GCyTA_2016.pdf\" target=\"_blank\" rel=\"noopener\">Informe Final de Evaluaci\u00f3n para la renovaci\u00f3n de la acreditaci\u00f3n<\/a><\/li>\n<li>09\/06\/2016 &#8211; <a href=\"https:\/\/sede.educacion.gob.es\/cid\/consultaCID?cid=217311478437534147246228\" target=\"_blank\" rel=\"noopener\">Resoluci\u00f3n de renovaci\u00f3n de la acreditaci\u00f3n<\/a><\/li>\n<\/ul>\n<p><b>Grado en Ciencias Ambientales<\/b><\/p>\n<ul class=\"list-peak\" style=\"margin-top: 10px;\">\n<li>24\/05\/2016 &#8211; <a href=\"\/images\/docs\/calidade\/acreditacion\/IFARA_GCA_2016.pdf\" target=\"_blank\" rel=\"noopener\">Informe Final de Evaluaci\u00f3n para la renovaci\u00f3n de la acreditaci\u00f3n<\/a><\/li>\n<li>09\/06\/2016 &#8211; <a href=\"https:\/\/sede.educacion.gob.es\/cid\/consultaCID?cid=217312689729768230945360\" target=\"_blank\" rel=\"noopener\">Resoluci\u00f3n de renovaci\u00f3n de la acreditaci\u00f3n<\/a><\/li>\n<\/ul>\n<p><b>Grado en Ingenier\u00eda Agraria<\/b><\/p>\n<ul class=\"list-peak\" style=\"margin-top: 10px;\">\n<li>24\/05\/2016 &#8211; <a href=\"\/images\/docs\/calidade\/acreditacion\/IFARA_GEA_2016.pdf\" target=\"_blank\" rel=\"noopener\">Informe Final de Evaluaci\u00f3n para la renovaci\u00f3n de la acreditaci\u00f3n<\/a><\/li>\n<li>09\/06\/2016 &#8211; <a href=\"https:\/\/sede.educacion.gob.es\/cid\/consultaCID?cid=217312696559690610010177\" target=\"_blank\" rel=\"noopener\">Resoluci\u00f3n de renovaci\u00f3n de la acreditaci\u00f3n<\/a><\/li>\n<\/ul>\n<p><b>M\u00e1ster en Nutrici\u00f3n<\/b><\/p>\n<ul class=\"list-peak\" style=\"margin-top: 10px;\">\n<li>20\/06\/2019 &#8211; <a href=\"https:\/\/fcou.uvigo.es\/wp-content\/uploads\/2025\/03\/IF-M-Nutricion.pdf\" target=\"_blank\" rel=\"noopener\">Informe Final de Evaluaci\u00f3n para la renovaci\u00f3n de la acreditaci\u00f3n<\/a><\/li>\n<li>19\/07\/2019 &#8211; <a href=\"https:\/\/sede.educacion.gob.es\/cid\/consultaCID?cid=341144377883171997226591\" target=\"_blank\" rel=\"noopener\">Resoluci\u00f3n de renovaci\u00f3n de la acreditaci\u00f3n<\/a><\/li>\n<\/ul>\n","protected":false},"excerpt":{"rendered":"<p>El Real Decreto 1393\/2007, del 29 de octubre, por el que se establece la ordenaci\u00f3n de las ense\u00f1anzas universitarias oficiales, modificado por el Real Decreto &hellip; <a class=\"excerpt_more\" href=\"https:\/\/fcou.uvigo.es\/es\/facultad\/calidad\/acreditacion-de-titulos\/\">Contin\u00faa<\/a><\/p>\n","protected":false},"author":8,"featured_media":0,"parent":2259,"menu_order":4,"comment_status":"closed","ping_status":"closed","template":"","meta":{"_acf_changed":false,"footnotes":""},"acf":[],"yoast_head":"<title>Acreditaci\u00f3n de t\u00edtulos | Facultade de Ciencias<\/title>\n<meta name=\"robots\" content=\"index, follow, max-snippet:-1, max-image-preview:large, max-video-preview:-1\" \/>\n<link rel=\"canonical\" href=\"https:\/\/fcou.uvigo.es\/es\/facultad\/calidad\/acreditacion-de-titulos\/\" \/>\n<meta property=\"og:locale\" content=\"es_ES\" \/>\n<meta property=\"og:type\" content=\"article\" \/>\n<meta property=\"og:title\" content=\"Acreditaci\u00f3n de t\u00edtulos | Facultade de Ciencias\" \/>\n<meta property=\"og:description\" content=\"El Real Decreto 1393\/2007, del 29 de octubre, por el que se establece la ordenaci\u00f3n de las ense\u00f1anzas universitarias oficiales, modificado por el Real Decreto &hellip; Contin\u00faa\" \/>\n<meta property=\"og:url\" content=\"https:\/\/fcou.uvigo.es\/es\/facultad\/calidad\/acreditacion-de-titulos\/\" \/>\n<meta property=\"og:site_name\" content=\"Facultade de Ciencias\" \/>\n<meta property=\"article:modified_time\" content=\"2025-03-31T13:57:42+00:00\" \/>\n<meta name=\"twitter:card\" content=\"summary_large_image\" \/>\n<meta name=\"twitter:label1\" content=\"Est. reading time\" \/>\n\t<meta name=\"twitter:data1\" content=\"3 minutes\" \/>\n<script type=\"application\/ld+json\" class=\"yoast-schema-graph\">{\"@context\":\"https:\/\/schema.org\",\"@graph\":[{\"@type\":\"WebPage\",\"@id\":\"https:\/\/fcou.uvigo.es\/es\/facultad\/calidad\/acreditacion-de-titulos\/\",\"url\":\"https:\/\/fcou.uvigo.es\/es\/facultad\/calidad\/acreditacion-de-titulos\/\",\"name\":\"Acreditaci\u00f3n de t\u00edtulos | Facultade de Ciencias\",\"isPartOf\":{\"@id\":\"https:\/\/fcou.uvigo.es\/#website\"},\"datePublished\":\"2015-01-30T15:16:52+00:00\",\"dateModified\":\"2025-03-31T13:57:42+00:00\",\"breadcrumb\":{\"@id\":\"https:\/\/fcou.uvigo.es\/es\/facultad\/calidad\/acreditacion-de-titulos\/#breadcrumb\"},\"inLanguage\":\"es-ES\",\"potentialAction\":[{\"@type\":\"ReadAction\",\"target\":[\"https:\/\/fcou.uvigo.es\/es\/facultad\/calidad\/acreditacion-de-titulos\/\"]}]},{\"@type\":\"BreadcrumbList\",\"@id\":\"https:\/\/fcou.uvigo.es\/es\/facultad\/calidad\/acreditacion-de-titulos\/#breadcrumb\",\"itemListElement\":[{\"@type\":\"ListItem\",\"position\":1,\"name\":\"Facultad\",\"item\":\"https:\/\/www.fcou.uvigo.es\/es\/facultad\/\"},{\"@type\":\"ListItem\",\"position\":2,\"name\":\"Calidad\",\"item\":\"https:\/\/www.fcou.uvigo.es\/es\/facultad\/calidad\/\"},{\"@type\":\"ListItem\",\"position\":3,\"name\":\"Acreditaci\u00f3n de t\u00edtulos\"}]},{\"@type\":\"WebSite\",\"@id\":\"https:\/\/fcou.uvigo.es\/#website\",\"url\":\"https:\/\/fcou.uvigo.es\/\",\"name\":\"Facultade de Ciencias da Universidade de Vigo\",\"description\":\"Sitio web da Facultade de Ciencias\",\"publisher\":{\"@id\":\"https:\/\/fcou.uvigo.es\/#organization\"},\"potentialAction\":[{\"@type\":\"SearchAction\",\"target\":{\"@type\":\"EntryPoint\",\"urlTemplate\":\"https:\/\/fcou.uvigo.es\/?s={search_term_string}\"},\"query-input\":{\"@type\":\"PropertyValueSpecification\",\"valueRequired\":true,\"valueName\":\"search_term_string\"}}],\"inLanguage\":\"es-ES\"},{\"@type\":\"Organization\",\"@id\":\"https:\/\/fcou.uvigo.es\/#organization\",\"name\":\"Facultade de Ciencias da Universidade de Vigo\",\"url\":\"https:\/\/fcou.uvigo.es\/\",\"logo\":{\"@type\":\"ImageObject\",\"inLanguage\":\"es-ES\",\"@id\":\"https:\/\/fcou.uvigo.es\/#\/schema\/logo\/image\/\",\"url\":\"https:\/\/fcou.uvigo.es\/wp-content\/uploads\/2024\/04\/facultade-ciencias-ourense.png\",\"contentUrl\":\"https:\/\/fcou.uvigo.es\/wp-content\/uploads\/2024\/04\/facultade-ciencias-ourense.png\",\"width\":717,\"height\":165,\"caption\":\"Facultade de Ciencias da Universidade de Vigo\"},\"image\":{\"@id\":\"https:\/\/fcou.uvigo.es\/#\/schema\/logo\/image\/\"}}]}<\/script>","yoast_head_json":{"title":"Acreditaci\u00f3n de t\u00edtulos | Facultade de Ciencias","robots":{"index":"index","follow":"follow","max-snippet":"max-snippet:-1","max-image-preview":"max-image-preview:large","max-video-preview":"max-video-preview:-1"},"canonical":"https:\/\/fcou.uvigo.es\/es\/facultad\/calidad\/acreditacion-de-titulos\/","og_locale":"es_ES","og_type":"article","og_title":"Acreditaci\u00f3n de t\u00edtulos | Facultade de Ciencias","og_description":"El Real Decreto 1393\/2007, del 29 de octubre, por el que se establece la ordenaci\u00f3n de las ense\u00f1anzas universitarias oficiales, modificado por el Real Decreto &hellip; Contin\u00faa","og_url":"https:\/\/fcou.uvigo.es\/es\/facultad\/calidad\/acreditacion-de-titulos\/","og_site_name":"Facultade de Ciencias","article_modified_time":"2025-03-31T13:57:42+00:00","twitter_card":"summary_large_image","twitter_misc":{"Est. reading time":"3 minutes"},"schema":{"@context":"https:\/\/schema.org","@graph":[{"@type":"WebPage","@id":"https:\/\/fcou.uvigo.es\/es\/facultad\/calidad\/acreditacion-de-titulos\/","url":"https:\/\/fcou.uvigo.es\/es\/facultad\/calidad\/acreditacion-de-titulos\/","name":"Acreditaci\u00f3n de t\u00edtulos | Facultade de Ciencias","isPartOf":{"@id":"https:\/\/fcou.uvigo.es\/#website"},"datePublished":"2015-01-30T15:16:52+00:00","dateModified":"2025-03-31T13:57:42+00:00","breadcrumb":{"@id":"https:\/\/fcou.uvigo.es\/es\/facultad\/calidad\/acreditacion-de-titulos\/#breadcrumb"},"inLanguage":"es-ES","potentialAction":[{"@type":"ReadAction","target":["https:\/\/fcou.uvigo.es\/es\/facultad\/calidad\/acreditacion-de-titulos\/"]}]},{"@type":"BreadcrumbList","@id":"https:\/\/fcou.uvigo.es\/es\/facultad\/calidad\/acreditacion-de-titulos\/#breadcrumb","itemListElement":[{"@type":"ListItem","position":1,"name":"Facultad","item":"https:\/\/www.fcou.uvigo.es\/es\/facultad\/"},{"@type":"ListItem","position":2,"name":"Calidad","item":"https:\/\/www.fcou.uvigo.es\/es\/facultad\/calidad\/"},{"@type":"ListItem","position":3,"name":"Acreditaci\u00f3n de t\u00edtulos"}]},{"@type":"WebSite","@id":"https:\/\/fcou.uvigo.es\/#website","url":"https:\/\/fcou.uvigo.es\/","name":"Facultade de Ciencias da Universidade de Vigo","description":"Sitio web da Facultade de Ciencias","publisher":{"@id":"https:\/\/fcou.uvigo.es\/#organization"},"potentialAction":[{"@type":"SearchAction","target":{"@type":"EntryPoint","urlTemplate":"https:\/\/fcou.uvigo.es\/?s={search_term_string}"},"query-input":{"@type":"PropertyValueSpecification","valueRequired":true,"valueName":"search_term_string"}}],"inLanguage":"es-ES"},{"@type":"Organization","@id":"https:\/\/fcou.uvigo.es\/#organization","name":"Facultade de Ciencias da Universidade de Vigo","url":"https:\/\/fcou.uvigo.es\/","logo":{"@type":"ImageObject","inLanguage":"es-ES","@id":"https:\/\/fcou.uvigo.es\/#\/schema\/logo\/image\/","url":"https:\/\/fcou.uvigo.es\/wp-content\/uploads\/2024\/04\/facultade-ciencias-ourense.png","contentUrl":"https:\/\/fcou.uvigo.es\/wp-content\/uploads\/2024\/04\/facultade-ciencias-ourense.png","width":717,"height":165,"caption":"Facultade de Ciencias da Universidade de Vigo"},"image":{"@id":"https:\/\/fcou.uvigo.es\/#\/schema\/logo\/image\/"}}]}},"_links":{"self":[{"href":"https:\/\/fcou.uvigo.es\/es\/wp-json\/wp\/v2\/pages\/2270"}],"collection":[{"href":"https:\/\/fcou.uvigo.es\/es\/wp-json\/wp\/v2\/pages"}],"about":[{"href":"https:\/\/fcou.uvigo.es\/es\/wp-json\/wp\/v2\/types\/page"}],"author":[{"embeddable":true,"href":"https:\/\/fcou.uvigo.es\/es\/wp-json\/wp\/v2\/users\/8"}],"replies":[{"embeddable":true,"href":"https:\/\/fcou.uvigo.es\/es\/wp-json\/wp\/v2\/comments?post=2270"}],"version-history":[{"count":14,"href":"https:\/\/fcou.uvigo.es\/es\/wp-json\/wp\/v2\/pages\/2270\/revisions"}],"predecessor-version":[{"id":269253,"href":"https:\/\/fcou.uvigo.es\/es\/wp-json\/wp\/v2\/pages\/2270\/revisions\/269253"}],"up":[{"embeddable":true,"href":"https:\/\/fcou.uvigo.es\/es\/wp-json\/wp\/v2\/pages\/2259"}],"wp:attachment":[{"href":"https:\/\/fcou.uvigo.es\/es\/wp-json\/wp\/v2\/media?parent=2270"}],"curies":[{"name":"wp","href":"https:\/\/api.w.org\/{rel}","templated":true}]}}