{"id":267549,"date":"2024-05-21T10:16:18","date_gmt":"2024-05-21T08:16:18","guid":{"rendered":"https:\/\/fcou.uvigo.es\/facultad\/calidad\/sgc\/plan-estratexico-da-facultade-de-ciencias\/"},"modified":"2024-05-24T09:51:17","modified_gmt":"2024-05-24T07:51:17","slug":"plan-estrategico-de-la-facultad-de-ciencias","status":"publish","type":"page","link":"https:\/\/fcou.uvigo.es\/es\/facultad\/calidad\/sgc\/plan-estrategico-de-la-facultad-de-ciencias\/","title":{"rendered":"Plan estrat\u00e9gico de la Facultad de Ciencias"},"content":{"rendered":"<p>El Equipo Decanal de la Facultad de Ciencias es consciente de la importancia que tiene consolidar una cultura de calidad en el \u00e1mbito universitario, de su consideraci\u00f3n como un factor determinante para conseguir la satisfacci\u00f3n de las expectativas formativas de sus estudiantes, as\u00ed como su reconocimiento en los \u00e1mbitos acad\u00e9micos, profesionales y sociales en los que se integran.<\/p>\n<p>En este marco de actuaci\u00f3n y con el fin de conseguir situar esta Facultad en un Centro de referencia dentro de la Universidad de Vigo, se dise\u00f1\u00f3 el primer Programa de Desarrollo Estrat\u00e9gico de la Facultad de Ciencias.<\/p>\n<p>Este Programa que pretende guiar las acciones de este Centro para el per\u00edodo 2023-2026, tiene como punto de partida el Plan Estrat\u00e9gico de la Universidad de Vigo (2021-2026) y se organiza alrededor de cinco ejes estrat\u00e9gicos de suma importancia nacidos del esp\u00edritu de servicio y de mejora que debe caracterizar una instituci\u00f3n generadora y transmisora de conocimiento que, en \u00faltima instancia, est\u00e1 al servicio de la ciudadan\u00eda.<\/p>\n<p>La formaci\u00f3n impartida, la relaci\u00f3n de la universidad con la sociedad, la investigaci\u00f3n y la transferencia; la organizaci\u00f3n de los recursos propios y las personas que la componen son los cinco canales por las que fluye su esencia vital y que representan el que le puede ofertar a la sociedad en su conjunto.<\/p>\n<p>&nbsp;<\/p>\n<a href=\"https:\/\/fcou.uvigo.es\/wp-content\/uploads\/2024\/05\/Programa_de_Desenvolvemento_Estratexico-FCOU_20-07-23.pdf\" target=\"_blank\" rel=\"noopener\" class=\"btn btn-primary\">DESCARGAR PLAN ESTRAT\u00c9GICO DE LA FACULTAD DE CIENCIAS<\/a>\n","protected":false},"excerpt":{"rendered":"<p>El Equipo Decanal de la Facultad de Ciencias es consciente de la importancia que tiene consolidar una cultura de calidad en el \u00e1mbito universitario, de &hellip; <a class=\"excerpt_more\" href=\"https:\/\/fcou.uvigo.es\/es\/facultad\/calidad\/sgc\/plan-estrategico-de-la-facultad-de-ciencias\/\">Contin\u00faa<\/a><\/p>\n","protected":false},"author":9,"featured_media":0,"parent":2260,"menu_order":0,"comment_status":"closed","ping_status":"closed","template":"","meta":{"_acf_changed":false,"footnotes":""},"acf":[],"yoast_head":"<title>Plan estrat\u00e9gico de la Facultad de Ciencias | Facultade de Ciencias<\/title>\n<meta name=\"robots\" content=\"index, follow, max-snippet:-1, max-image-preview:large, max-video-preview:-1\" \/>\n<link rel=\"canonical\" href=\"https:\/\/cytaa.uvigo.es\/es\/facultad\/calidad\/sgc\/plan-estrategico-de-la-facultad-de-ciencias\/\" \/>\n<meta property=\"og:locale\" content=\"es_ES\" \/>\n<meta property=\"og:type\" content=\"article\" \/>\n<meta property=\"og:title\" content=\"Plan estrat\u00e9gico de la Facultad de Ciencias | Facultade de Ciencias\" \/>\n<meta property=\"og:description\" content=\"El Equipo Decanal de la Facultad de Ciencias es consciente de la importancia que tiene consolidar una cultura de calidad en el \u00e1mbito universitario, de &hellip; Contin\u00faa\" \/>\n<meta property=\"og:url\" content=\"https:\/\/cytaa.uvigo.es\/es\/facultad\/calidad\/sgc\/plan-estrategico-de-la-facultad-de-ciencias\/\" \/>\n<meta property=\"og:site_name\" content=\"Facultade de Ciencias\" \/>\n<meta property=\"article:modified_time\" content=\"2024-05-24T07:51:17+00:00\" \/>\n<meta name=\"twitter:card\" content=\"summary_large_image\" \/>\n<meta name=\"twitter:label1\" content=\"Est. reading time\" \/>\n\t<meta name=\"twitter:data1\" content=\"2 minutes\" \/>\n<script type=\"application\/ld+json\" class=\"yoast-schema-graph\">{\"@context\":\"https:\/\/schema.org\",\"@graph\":[{\"@type\":\"WebPage\",\"@id\":\"https:\/\/cytaa.uvigo.es\/es\/facultad\/calidad\/sgc\/plan-estrategico-de-la-facultad-de-ciencias\/\",\"url\":\"https:\/\/cytaa.uvigo.es\/es\/facultad\/calidad\/sgc\/plan-estrategico-de-la-facultad-de-ciencias\/\",\"name\":\"Plan estrat\u00e9gico de la Facultad de Ciencias | Facultade de Ciencias\",\"isPartOf\":{\"@id\":\"https:\/\/fcou.uvigo.es\/#website\"},\"datePublished\":\"2024-05-21T08:16:18+00:00\",\"dateModified\":\"2024-05-24T07:51:17+00:00\",\"breadcrumb\":{\"@id\":\"https:\/\/cytaa.uvigo.es\/es\/facultad\/calidad\/sgc\/plan-estrategico-de-la-facultad-de-ciencias\/#breadcrumb\"},\"inLanguage\":\"es-ES\",\"potentialAction\":[{\"@type\":\"ReadAction\",\"target\":[\"https:\/\/cytaa.uvigo.es\/es\/facultad\/calidad\/sgc\/plan-estrategico-de-la-facultad-de-ciencias\/\"]}]},{\"@type\":\"BreadcrumbList\",\"@id\":\"https:\/\/cytaa.uvigo.es\/es\/facultad\/calidad\/sgc\/plan-estrategico-de-la-facultad-de-ciencias\/#breadcrumb\",\"itemListElement\":[{\"@type\":\"ListItem\",\"position\":1,\"name\":\"Facultad\",\"item\":\"https:\/\/www.fcou.uvigo.es\/es\/facultad\/\"},{\"@type\":\"ListItem\",\"position\":2,\"name\":\"Calidad\",\"item\":\"https:\/\/www.fcou.uvigo.es\/es\/facultad\/calidad\/\"},{\"@type\":\"ListItem\",\"position\":3,\"name\":\"Sistema de Garant\u00eda de Calidad\",\"item\":\"https:\/\/www.fcou.uvigo.es\/es\/facultad\/calidad\/sgc\/\"},{\"@type\":\"ListItem\",\"position\":4,\"name\":\"Plan estrat\u00e9gico de la Facultad de Ciencias\"}]},{\"@type\":\"WebSite\",\"@id\":\"https:\/\/fcou.uvigo.es\/#website\",\"url\":\"https:\/\/fcou.uvigo.es\/\",\"name\":\"Facultade de Ciencias da Universidade de Vigo\",\"description\":\"Sitio web da Facultade de Ciencias\",\"publisher\":{\"@id\":\"https:\/\/fcou.uvigo.es\/#organization\"},\"potentialAction\":[{\"@type\":\"SearchAction\",\"target\":{\"@type\":\"EntryPoint\",\"urlTemplate\":\"https:\/\/fcou.uvigo.es\/?s={search_term_string}\"},\"query-input\":{\"@type\":\"PropertyValueSpecification\",\"valueRequired\":true,\"valueName\":\"search_term_string\"}}],\"inLanguage\":\"es-ES\"},{\"@type\":\"Organization\",\"@id\":\"https:\/\/fcou.uvigo.es\/#organization\",\"name\":\"Facultade de Ciencias da Universidade de Vigo\",\"url\":\"https:\/\/fcou.uvigo.es\/\",\"logo\":{\"@type\":\"ImageObject\",\"inLanguage\":\"es-ES\",\"@id\":\"https:\/\/fcou.uvigo.es\/#\/schema\/logo\/image\/\",\"url\":\"https:\/\/fcou.uvigo.es\/wp-content\/uploads\/2024\/04\/facultade-ciencias-ourense.png\",\"contentUrl\":\"https:\/\/fcou.uvigo.es\/wp-content\/uploads\/2024\/04\/facultade-ciencias-ourense.png\",\"width\":717,\"height\":165,\"caption\":\"Facultade de Ciencias da Universidade de Vigo\"},\"image\":{\"@id\":\"https:\/\/fcou.uvigo.es\/#\/schema\/logo\/image\/\"}}]}<\/script>","yoast_head_json":{"title":"Plan estrat\u00e9gico de la Facultad de Ciencias | Facultade de Ciencias","robots":{"index":"index","follow":"follow","max-snippet":"max-snippet:-1","max-image-preview":"max-image-preview:large","max-video-preview":"max-video-preview:-1"},"canonical":"https:\/\/cytaa.uvigo.es\/es\/facultad\/calidad\/sgc\/plan-estrategico-de-la-facultad-de-ciencias\/","og_locale":"es_ES","og_type":"article","og_title":"Plan estrat\u00e9gico de la Facultad de Ciencias | Facultade de Ciencias","og_description":"El Equipo Decanal de la Facultad de Ciencias es consciente de la importancia que tiene consolidar una cultura de calidad en el \u00e1mbito universitario, de &hellip; Contin\u00faa","og_url":"https:\/\/cytaa.uvigo.es\/es\/facultad\/calidad\/sgc\/plan-estrategico-de-la-facultad-de-ciencias\/","og_site_name":"Facultade de Ciencias","article_modified_time":"2024-05-24T07:51:17+00:00","twitter_card":"summary_large_image","twitter_misc":{"Est. reading time":"2 minutes"},"schema":{"@context":"https:\/\/schema.org","@graph":[{"@type":"WebPage","@id":"https:\/\/cytaa.uvigo.es\/es\/facultad\/calidad\/sgc\/plan-estrategico-de-la-facultad-de-ciencias\/","url":"https:\/\/cytaa.uvigo.es\/es\/facultad\/calidad\/sgc\/plan-estrategico-de-la-facultad-de-ciencias\/","name":"Plan estrat\u00e9gico de la Facultad de Ciencias | Facultade de Ciencias","isPartOf":{"@id":"https:\/\/fcou.uvigo.es\/#website"},"datePublished":"2024-05-21T08:16:18+00:00","dateModified":"2024-05-24T07:51:17+00:00","breadcrumb":{"@id":"https:\/\/cytaa.uvigo.es\/es\/facultad\/calidad\/sgc\/plan-estrategico-de-la-facultad-de-ciencias\/#breadcrumb"},"inLanguage":"es-ES","potentialAction":[{"@type":"ReadAction","target":["https:\/\/cytaa.uvigo.es\/es\/facultad\/calidad\/sgc\/plan-estrategico-de-la-facultad-de-ciencias\/"]}]},{"@type":"BreadcrumbList","@id":"https:\/\/cytaa.uvigo.es\/es\/facultad\/calidad\/sgc\/plan-estrategico-de-la-facultad-de-ciencias\/#breadcrumb","itemListElement":[{"@type":"ListItem","position":1,"name":"Facultad","item":"https:\/\/www.fcou.uvigo.es\/es\/facultad\/"},{"@type":"ListItem","position":2,"name":"Calidad","item":"https:\/\/www.fcou.uvigo.es\/es\/facultad\/calidad\/"},{"@type":"ListItem","position":3,"name":"Sistema de Garant\u00eda de Calidad","item":"https:\/\/www.fcou.uvigo.es\/es\/facultad\/calidad\/sgc\/"},{"@type":"ListItem","position":4,"name":"Plan estrat\u00e9gico de la Facultad de Ciencias"}]},{"@type":"WebSite","@id":"https:\/\/fcou.uvigo.es\/#website","url":"https:\/\/fcou.uvigo.es\/","name":"Facultade de Ciencias da Universidade de Vigo","description":"Sitio web da Facultade de Ciencias","publisher":{"@id":"https:\/\/fcou.uvigo.es\/#organization"},"potentialAction":[{"@type":"SearchAction","target":{"@type":"EntryPoint","urlTemplate":"https:\/\/fcou.uvigo.es\/?s={search_term_string}"},"query-input":{"@type":"PropertyValueSpecification","valueRequired":true,"valueName":"search_term_string"}}],"inLanguage":"es-ES"},{"@type":"Organization","@id":"https:\/\/fcou.uvigo.es\/#organization","name":"Facultade de Ciencias da Universidade de Vigo","url":"https:\/\/fcou.uvigo.es\/","logo":{"@type":"ImageObject","inLanguage":"es-ES","@id":"https:\/\/fcou.uvigo.es\/#\/schema\/logo\/image\/","url":"https:\/\/fcou.uvigo.es\/wp-content\/uploads\/2024\/04\/facultade-ciencias-ourense.png","contentUrl":"https:\/\/fcou.uvigo.es\/wp-content\/uploads\/2024\/04\/facultade-ciencias-ourense.png","width":717,"height":165,"caption":"Facultade de Ciencias da Universidade de Vigo"},"image":{"@id":"https:\/\/fcou.uvigo.es\/#\/schema\/logo\/image\/"}}]}},"_links":{"self":[{"href":"https:\/\/fcou.uvigo.es\/es\/wp-json\/wp\/v2\/pages\/267549"}],"collection":[{"href":"https:\/\/fcou.uvigo.es\/es\/wp-json\/wp\/v2\/pages"}],"about":[{"href":"https:\/\/fcou.uvigo.es\/es\/wp-json\/wp\/v2\/types\/page"}],"author":[{"embeddable":true,"href":"https:\/\/fcou.uvigo.es\/es\/wp-json\/wp\/v2\/users\/9"}],"replies":[{"embeddable":true,"href":"https:\/\/fcou.uvigo.es\/es\/wp-json\/wp\/v2\/comments?post=267549"}],"version-history":[{"count":6,"href":"https:\/\/fcou.uvigo.es\/es\/wp-json\/wp\/v2\/pages\/267549\/revisions"}],"predecessor-version":[{"id":267874,"href":"https:\/\/fcou.uvigo.es\/es\/wp-json\/wp\/v2\/pages\/267549\/revisions\/267874"}],"up":[{"embeddable":true,"href":"https:\/\/fcou.uvigo.es\/es\/wp-json\/wp\/v2\/pages\/2260"}],"wp:attachment":[{"href":"https:\/\/fcou.uvigo.es\/es\/wp-json\/wp\/v2\/media?parent=267549"}],"curies":[{"name":"wp","href":"https:\/\/api.w.org\/{rel}","templated":true}]}}