{"id":268285,"date":"2024-05-28T10:14:58","date_gmt":"2024-05-28T08:14:58","guid":{"rendered":"https:\/\/fcou.uvigo.es\/estudios\/master-cytaa-2\/"},"modified":"2024-06-04T09:24:39","modified_gmt":"2024-06-04T07:24:39","slug":"master-cytaa-2","status":"publish","type":"page","link":"https:\/\/fcou.uvigo.es\/es\/estudios\/master-cytaa-2\/","title":{"rendered":"M\u00e1ster en Ciencia y Tecnolog\u00eda Agroalimentaria y Ambiental"},"content":{"rendered":"<h2><span style=\"font-family: inherit; font-size: 1.875rem; letter-spacing: 1px;\">Descripci\u00f3n del T\u00edtulo<\/span><\/h2>\n<div class=\"page-content\">\n<table class=\"active-headers\">\n<tbody>\n<tr>\n<td>Denominaci\u00f3n del T\u00edtulo<\/td>\n<td>M\u00e1ster Universitario en Ciencia y Tecnolog\u00eda Agroalimentaria y Ambiental por la Universidade de Vigo<\/td>\n<\/tr>\n<tr>\n<td>Nivel acad\u00e9mico<\/td>\n<td>M\u00e1ster \u2013 <a href=\"https:\/\/www.boe.es\/buscar\/act.php?id=BOE-A-2007-18770\" target=\"_blank\" rel=\"noopener noreferrer\">RD 1393\/2007<\/a>, de 29 de octubre<\/td>\n<\/tr>\n<tr>\n<td>C\u00f3digo RUCT del T\u00edtulo<\/td>\n<td><a href=\"https:\/\/www.educacion.gob.es\/ruct\/estudio.action?codigoCiclo=SC&amp;codigoTipo=M&amp;CodigoEstudio=4315071&amp;actual=estudios\" target=\"_blank\" rel=\"noopener noreferrer\">4315071<\/a><\/td>\n<\/tr>\n<tr>\n<td>Rama de conocimiento<\/td>\n<td>Ciencias<\/td>\n<\/tr>\n<tr>\n<td>Profesi\u00f3n regulada vinculada<\/td>\n<td>No habilita para profesi\u00f3n regulada<\/td>\n<\/tr>\n<tr>\n<td>Tipo de ense\u00f1anza<\/td>\n<td>Oficial (adaptado al EEES)<\/td>\n<\/tr>\n<tr>\n<td>Modalidad de ense\u00f1anza<\/td>\n<td>Semipresencial<\/td>\n<\/tr>\n<tr>\n<td>N\u00famero de plazas ofertadas<\/td>\n<td>30 plazas<\/td>\n<\/tr>\n<tr>\n<td>Lengua de impartici\u00f3n<\/td>\n<td>Castellano y Gallego<\/td>\n<\/tr>\n<tr>\n<td>Curso acad\u00e9mico de implantaci\u00f3n<\/td>\n<td>2014\/2015<\/td>\n<\/tr>\n<tr>\n<td>Duraci\u00f3n del programa<\/td>\n<td>60 cr\u00e9ditos ECTS, 1 a\u00f1o<\/td>\n<\/tr>\n<tr>\n<td>Fecha de verificaci\u00f3n<\/td>\n<td>07\/10\/2014 \u2013 Verificaci\u00f3n (SXU 01\/10\/2009)<\/td>\n<\/tr>\n<tr>\n<td>Fecha de Autorizaci\u00f3n en la C.A. de Galicia<\/td>\n<td>24\/10\/2014 \u2013 Autorizaci\u00f3n (<a href=\"https:\/\/www.xunta.gal\/dog\/Publicados\/2014\/20141106\/AnuncioG0164-291014-0001_gl.html\" target=\"_blank\" rel=\"noopener noreferrer\">DOG 06\/11\/2014<\/a>)<\/td>\n<\/tr>\n<tr>\n<td>Aprobaci\u00f3n por el Consejo de Ministros<\/td>\n<td>26\/12\/2014 \u2013 (<a href=\"https:\/\/www.boe.es\/buscar\/doc.php?id=BOE-A-2015-740\" target=\"_blank\" rel=\"noopener noreferrer\">BOE 29\/01\/2015<\/a>)<\/td>\n<\/tr>\n<tr>\n<td>Publicaci\u00f3n del Plan de Estudios<\/td>\n<td>13\/02\/2014 \u2013 (<a href=\"https:\/\/www.boe.es\/buscar\/doc.php?id=BOE-A-2014-2987\" target=\"_blank\" rel=\"noopener noreferrer\">BOE 20\/03\/2014<\/a>)<\/td>\n<\/tr>\n<tr>\n<td>Centros en los que se imparte<\/td>\n<td>Campus de Ourense: <a href=\"http:\/\/fcou.uvigo.es\/es\/\" target=\"_blank\" rel=\"noopener noreferrer\">Facultad de Ciencias<\/a><\/td>\n<\/tr>\n<tr>\n<td>Coordinador del T\u00edtulo<\/td>\n<td><a href=\"https:\/\/fcou.uvigo.es\/docencia\/profesorado\/maria-fernandez-gonzalez\/\">Mar\u00eda Fern\u00e1ndez Gonz\u00e1lez<\/a><\/td>\n<\/tr>\n<tr>\n<td>Memoria del T\u00edtulo<\/td>\n<td><a href=\"https:\/\/fcou.uvigo.es\/wp-content\/uploads\/2024\/05\/PDF-0-Memoria-vixente.pdf\" target=\"_blank\" rel=\"noopener noreferrer\">Memoria vigente<\/a><\/td>\n<\/tr>\n<\/tbody>\n<\/table>\n<\/div>\n<h2><\/h2>\n<h2><span style=\"font-family: inherit; font-size: 1.875rem;\">Justificaci\u00f3n<\/span><\/h2>\n<h3>Inter\u00e9s acad\u00e9mico, cient\u00edfico y profesional<\/h3>\n<p>El m\u00e1ster pretende proporcionar la base para la formaci\u00f3n de investigadores que desarrollan su actividad de I+D+i en los diversos eslabones de la cadena alimentaria, desde el correcto manejo y conservaci\u00f3n de los recursos naturales y el medio ambiente (fuente de las materias primas) a los \u00faltimos avances en procesado o biotecnolog\u00eda, pasando por la calidad y la seguridad alimentaria, garantizando una formaci\u00f3n integral y multidisciplinar que permita a los egresados desarrollar e implementar nuevas tecnolog\u00edas en el sector agroalimentario, as\u00ed como el desarrollo de nuevos productos y\/o la valorizaci\u00f3n de los que actualmente existen en el mercado.<\/p>\n<p>La necesidad social de investigadores en los \u00e1mbitos ambiental y agroalimentario se hace evidente cuando se analiza la forma de vida de la sociedad actual. En efecto, por un lado, se demandan alimentos variados, c\u00f3modos y de larga vida \u00fatil, sin descuidar su aspecto placentero y las tradiciones culturales.<\/p>\n<p>&nbsp;<\/p>\n<h3>Referentes externos a la universidad<\/h3>\n<p>Consultas externas: se realizaron fundamentalmente a trav\u00e9s de la OFOE (oficina de orientaci\u00f3n al empleo) de la Universidade de Vigo. Este servicio act\u00faa como v\u00ednculo de contacto entre los centros y los licenciados de las distintas Titulaciones. Adem\u00e1s, proporciona una conexi\u00f3n entre las empresas y los centros que permiti\u00f3 conocer las necesidades y demandas concretas a nivel local y regional del sector en el que el estudiante va desarrollar su actividad profesional, a fin de adaptar en lo posible los planes de estudio a las necesidades sanitarias, sociales y empresariales de su entorno.<\/p>\n","protected":false},"excerpt":{"rendered":"<p>Descripci\u00f3n del T\u00edtulo Denominaci\u00f3n del T\u00edtulo M\u00e1ster Universitario en Ciencia y Tecnolog\u00eda Agroalimentaria y Ambiental por la Universidade de Vigo Nivel acad\u00e9mico M\u00e1ster \u2013 RD &hellip; <a class=\"excerpt_more\" href=\"https:\/\/fcou.uvigo.es\/es\/estudios\/master-cytaa-2\/\">Contin\u00faa<\/a><\/p>\n","protected":false},"author":8,"featured_media":0,"parent":2117,"menu_order":10,"comment_status":"closed","ping_status":"closed","template":"","meta":{"_acf_changed":false,"footnotes":""},"acf":[],"yoast_head":"<title>M\u00e1ster en Ciencia y Tecnolog\u00eda Agroalimentaria y Ambiental | Facultade de Ciencias<\/title>\n<meta name=\"robots\" content=\"index, follow, max-snippet:-1, max-image-preview:large, max-video-preview:-1\" \/>\n<link rel=\"canonical\" href=\"https:\/\/www.fcou.uvigo.es\/es\/estudios\/master-cytaa-2\/\" \/>\n<meta property=\"og:locale\" content=\"es_ES\" \/>\n<meta property=\"og:type\" content=\"article\" \/>\n<meta property=\"og:title\" content=\"M\u00e1ster en Ciencia y Tecnolog\u00eda Agroalimentaria y Ambiental | Facultade de Ciencias\" \/>\n<meta property=\"og:description\" content=\"Descripci\u00f3n del T\u00edtulo Denominaci\u00f3n del T\u00edtulo M\u00e1ster Universitario en Ciencia y Tecnolog\u00eda Agroalimentaria y Ambiental por la Universidade de Vigo Nivel acad\u00e9mico M\u00e1ster \u2013 RD &hellip; Contin\u00faa\" \/>\n<meta property=\"og:url\" content=\"https:\/\/www.fcou.uvigo.es\/es\/estudios\/master-cytaa-2\/\" \/>\n<meta property=\"og:site_name\" content=\"Facultade de Ciencias\" \/>\n<meta property=\"article:modified_time\" content=\"2024-06-04T07:24:39+00:00\" \/>\n<meta name=\"twitter:card\" content=\"summary_large_image\" \/>\n<meta name=\"twitter:label1\" content=\"Est. reading time\" \/>\n\t<meta name=\"twitter:data1\" content=\"3 minutes\" \/>\n<script type=\"application\/ld+json\" class=\"yoast-schema-graph\">{\"@context\":\"https:\/\/schema.org\",\"@graph\":[{\"@type\":\"WebPage\",\"@id\":\"https:\/\/www.fcou.uvigo.es\/es\/estudios\/master-cytaa-2\/\",\"url\":\"https:\/\/www.fcou.uvigo.es\/es\/estudios\/master-cytaa-2\/\",\"name\":\"M\u00e1ster en Ciencia y Tecnolog\u00eda Agroalimentaria y Ambiental | Facultade de Ciencias\",\"isPartOf\":{\"@id\":\"https:\/\/fcou.uvigo.es\/#website\"},\"datePublished\":\"2024-05-28T08:14:58+00:00\",\"dateModified\":\"2024-06-04T07:24:39+00:00\",\"breadcrumb\":{\"@id\":\"https:\/\/www.fcou.uvigo.es\/es\/estudios\/master-cytaa-2\/#breadcrumb\"},\"inLanguage\":\"es-ES\",\"potentialAction\":[{\"@type\":\"ReadAction\",\"target\":[\"https:\/\/www.fcou.uvigo.es\/es\/estudios\/master-cytaa-2\/\"]}]},{\"@type\":\"BreadcrumbList\",\"@id\":\"https:\/\/www.fcou.uvigo.es\/es\/estudios\/master-cytaa-2\/#breadcrumb\",\"itemListElement\":[{\"@type\":\"ListItem\",\"position\":1,\"name\":\"Estudios\",\"item\":\"https:\/\/fcou.uvigo.es\/es\/estudios\/\"},{\"@type\":\"ListItem\",\"position\":2,\"name\":\"M\u00e1ster en Ciencia y Tecnolog\u00eda Agroalimentaria y Ambiental\"}]},{\"@type\":\"WebSite\",\"@id\":\"https:\/\/fcou.uvigo.es\/#website\",\"url\":\"https:\/\/fcou.uvigo.es\/\",\"name\":\"Facultade de Ciencias da Universidade de Vigo\",\"description\":\"Sitio web da Facultade de Ciencias\",\"publisher\":{\"@id\":\"https:\/\/fcou.uvigo.es\/#organization\"},\"potentialAction\":[{\"@type\":\"SearchAction\",\"target\":{\"@type\":\"EntryPoint\",\"urlTemplate\":\"https:\/\/fcou.uvigo.es\/?s={search_term_string}\"},\"query-input\":{\"@type\":\"PropertyValueSpecification\",\"valueRequired\":true,\"valueName\":\"search_term_string\"}}],\"inLanguage\":\"es-ES\"},{\"@type\":\"Organization\",\"@id\":\"https:\/\/fcou.uvigo.es\/#organization\",\"name\":\"Facultade de Ciencias da Universidade de Vigo\",\"url\":\"https:\/\/fcou.uvigo.es\/\",\"logo\":{\"@type\":\"ImageObject\",\"inLanguage\":\"es-ES\",\"@id\":\"https:\/\/fcou.uvigo.es\/#\/schema\/logo\/image\/\",\"url\":\"https:\/\/fcou.uvigo.es\/wp-content\/uploads\/2024\/04\/facultade-ciencias-ourense.png\",\"contentUrl\":\"https:\/\/fcou.uvigo.es\/wp-content\/uploads\/2024\/04\/facultade-ciencias-ourense.png\",\"width\":717,\"height\":165,\"caption\":\"Facultade de Ciencias da Universidade de Vigo\"},\"image\":{\"@id\":\"https:\/\/fcou.uvigo.es\/#\/schema\/logo\/image\/\"}}]}<\/script>","yoast_head_json":{"title":"M\u00e1ster en Ciencia y Tecnolog\u00eda Agroalimentaria y Ambiental | Facultade de Ciencias","robots":{"index":"index","follow":"follow","max-snippet":"max-snippet:-1","max-image-preview":"max-image-preview:large","max-video-preview":"max-video-preview:-1"},"canonical":"https:\/\/www.fcou.uvigo.es\/es\/estudios\/master-cytaa-2\/","og_locale":"es_ES","og_type":"article","og_title":"M\u00e1ster en Ciencia y Tecnolog\u00eda Agroalimentaria y Ambiental | Facultade de Ciencias","og_description":"Descripci\u00f3n del T\u00edtulo Denominaci\u00f3n del T\u00edtulo M\u00e1ster Universitario en Ciencia y Tecnolog\u00eda Agroalimentaria y Ambiental por la Universidade de Vigo Nivel acad\u00e9mico M\u00e1ster \u2013 RD &hellip; Contin\u00faa","og_url":"https:\/\/www.fcou.uvigo.es\/es\/estudios\/master-cytaa-2\/","og_site_name":"Facultade de Ciencias","article_modified_time":"2024-06-04T07:24:39+00:00","twitter_card":"summary_large_image","twitter_misc":{"Est. reading time":"3 minutes"},"schema":{"@context":"https:\/\/schema.org","@graph":[{"@type":"WebPage","@id":"https:\/\/www.fcou.uvigo.es\/es\/estudios\/master-cytaa-2\/","url":"https:\/\/www.fcou.uvigo.es\/es\/estudios\/master-cytaa-2\/","name":"M\u00e1ster en Ciencia y Tecnolog\u00eda Agroalimentaria y Ambiental | Facultade de Ciencias","isPartOf":{"@id":"https:\/\/fcou.uvigo.es\/#website"},"datePublished":"2024-05-28T08:14:58+00:00","dateModified":"2024-06-04T07:24:39+00:00","breadcrumb":{"@id":"https:\/\/www.fcou.uvigo.es\/es\/estudios\/master-cytaa-2\/#breadcrumb"},"inLanguage":"es-ES","potentialAction":[{"@type":"ReadAction","target":["https:\/\/www.fcou.uvigo.es\/es\/estudios\/master-cytaa-2\/"]}]},{"@type":"BreadcrumbList","@id":"https:\/\/www.fcou.uvigo.es\/es\/estudios\/master-cytaa-2\/#breadcrumb","itemListElement":[{"@type":"ListItem","position":1,"name":"Estudios","item":"https:\/\/fcou.uvigo.es\/es\/estudios\/"},{"@type":"ListItem","position":2,"name":"M\u00e1ster en Ciencia y Tecnolog\u00eda Agroalimentaria y Ambiental"}]},{"@type":"WebSite","@id":"https:\/\/fcou.uvigo.es\/#website","url":"https:\/\/fcou.uvigo.es\/","name":"Facultade de Ciencias da Universidade de Vigo","description":"Sitio web da Facultade de Ciencias","publisher":{"@id":"https:\/\/fcou.uvigo.es\/#organization"},"potentialAction":[{"@type":"SearchAction","target":{"@type":"EntryPoint","urlTemplate":"https:\/\/fcou.uvigo.es\/?s={search_term_string}"},"query-input":{"@type":"PropertyValueSpecification","valueRequired":true,"valueName":"search_term_string"}}],"inLanguage":"es-ES"},{"@type":"Organization","@id":"https:\/\/fcou.uvigo.es\/#organization","name":"Facultade de Ciencias da Universidade de Vigo","url":"https:\/\/fcou.uvigo.es\/","logo":{"@type":"ImageObject","inLanguage":"es-ES","@id":"https:\/\/fcou.uvigo.es\/#\/schema\/logo\/image\/","url":"https:\/\/fcou.uvigo.es\/wp-content\/uploads\/2024\/04\/facultade-ciencias-ourense.png","contentUrl":"https:\/\/fcou.uvigo.es\/wp-content\/uploads\/2024\/04\/facultade-ciencias-ourense.png","width":717,"height":165,"caption":"Facultade de Ciencias da Universidade de Vigo"},"image":{"@id":"https:\/\/fcou.uvigo.es\/#\/schema\/logo\/image\/"}}]}},"_links":{"self":[{"href":"https:\/\/fcou.uvigo.es\/es\/wp-json\/wp\/v2\/pages\/268285"}],"collection":[{"href":"https:\/\/fcou.uvigo.es\/es\/wp-json\/wp\/v2\/pages"}],"about":[{"href":"https:\/\/fcou.uvigo.es\/es\/wp-json\/wp\/v2\/types\/page"}],"author":[{"embeddable":true,"href":"https:\/\/fcou.uvigo.es\/es\/wp-json\/wp\/v2\/users\/8"}],"replies":[{"embeddable":true,"href":"https:\/\/fcou.uvigo.es\/es\/wp-json\/wp\/v2\/comments?post=268285"}],"version-history":[{"count":7,"href":"https:\/\/fcou.uvigo.es\/es\/wp-json\/wp\/v2\/pages\/268285\/revisions"}],"predecessor-version":[{"id":268431,"href":"https:\/\/fcou.uvigo.es\/es\/wp-json\/wp\/v2\/pages\/268285\/revisions\/268431"}],"up":[{"embeddable":true,"href":"https:\/\/fcou.uvigo.es\/es\/wp-json\/wp\/v2\/pages\/2117"}],"wp:attachment":[{"href":"https:\/\/fcou.uvigo.es\/es\/wp-json\/wp\/v2\/media?parent=268285"}],"curies":[{"name":"wp","href":"https:\/\/api.w.org\/{rel}","templated":true}]}}