{"id":268288,"date":"2024-05-28T10:15:59","date_gmt":"2024-05-28T08:15:59","guid":{"rendered":"https:\/\/fcou.uvigo.es\/estudios\/master-cytaa\/coordinacion\/"},"modified":"2024-06-03T12:59:10","modified_gmt":"2024-06-03T10:59:10","slug":"coordinacion","status":"publish","type":"page","link":"https:\/\/fcou.uvigo.es\/es\/estudios\/master-cytaa-2\/coordinacion\/","title":{"rendered":"Coordinaci\u00f3n"},"content":{"rendered":"<h2>Comisi\u00f3n Acad\u00e9mica<\/h2>\n<p>Est\u00e1 compuesta por:<\/p>\n<ul class=\"list-peak\">\n<li>Presidenta y coordinadora del m\u00e1ster: Mar\u00eda Fern\u00e1ndez Gonz\u00e1lez<\/li>\n<li>Secretario: Juan Carlos Mejuto Fern\u00e1ndez<\/li>\n<li>Sidonia Mart\u00ednez Su\u00e1rez<\/li>\n<li>Herminia Dom\u00ednguez Gonz\u00e1lez<\/li>\n<li>Mar\u00eda Jos\u00e9 P\u00e9rez \u00c1lvarez<\/li>\n<li>Jes\u00fas Simal G\u00e1ndara<\/li>\n<li>Manuel Arias Est\u00e9vez<\/li>\n<\/ul>\n<h3>Funciones de la Comisi\u00f3n Acad\u00e9mica:<\/h3>\n<ul>\n<li>Establecer los canales adecuados para promover y facilitar la participaci\u00f3n en los procesos de todos los miembros de la Facultad<\/li>\n<li>Emitir documentos de trabajo referidos a la totalidad o a una parte del nuevo plan para su evaluaci\u00f3n por la comunidad de la Facultad<\/li>\n<li>Coordinar los procesos de docencia del M\u00e1ster<\/li>\n<li>Evaluar convalidaciones tanto de materias como de estudios<\/li>\n<\/ul>\n<h2>Mecanismos de coordinaci\u00f3n docente<\/h2>\n<p>Las labores de coordinaci\u00f3n son realizadas por la persona que coordine el M\u00e1ster, por la Comisi\u00f3n Acad\u00e9mica del M\u00e1ster y por los coordinadores de cada materia (estas figuras son nombradas anualmente por la Comisi\u00f3n Acad\u00e9mica).<\/p>\n<p>La persona coordinadora del M\u00e1ster y la Comisi\u00f3n Acad\u00e9mica se encargan de que no haya solapamientos entre materias. El coordinador de materia se encarga de la organizaci\u00f3n secuencial del contenido de la materia y de organizar las actividades docentes en conexi\u00f3n con todos los profesores que participan en ella. Para ello se re\u00fane con los profesores de cada materia para decidir c\u00f3mo se va a impartir, solicitar el material necesario, recopilar los trabajos a realizar durante la evaluaci\u00f3n continua y las preguntas para el examen final. Una vez finalizada la materia, el coordinador informa al coordinador del M\u00e1ster y le comunica los posibles incidentes que hayan tenido lugar.<\/p>\n<p>Al finalizar cada curso, la Comisi\u00f3n Acad\u00e9mica del M\u00e1ster se reunir\u00e1 con los coordinadores de materia para analizar el transcurso del curso. Se analizar\u00e1n los m\u00e9todos empleados y los resultados conseguidos, se valorar\u00e1 la necesidad de realizar modificaciones en la organizaci\u00f3n acad\u00e9mica, los sistemas de evaluaci\u00f3n empleados, el profesorado del m\u00e1ster, etc. En base a esta informaci\u00f3n se fijar\u00e1n los objetivos para la siguiente edici\u00f3n del m\u00e1ster y las actividades a realizar que conformar\u00e1n el plan de mejora.<\/p>\n","protected":false},"excerpt":{"rendered":"<p>Comisi\u00f3n Acad\u00e9mica Est\u00e1 compuesta por: Presidenta y coordinadora del m\u00e1ster: Mar\u00eda Fern\u00e1ndez Gonz\u00e1lez Secretario: Juan Carlos Mejuto Fern\u00e1ndez Sidonia Mart\u00ednez Su\u00e1rez Herminia Dom\u00ednguez Gonz\u00e1lez Mar\u00eda &hellip; <a class=\"excerpt_more\" href=\"https:\/\/fcou.uvigo.es\/es\/estudios\/master-cytaa-2\/coordinacion\/\">Contin\u00faa<\/a><\/p>\n","protected":false},"author":8,"featured_media":0,"parent":268285,"menu_order":4,"comment_status":"closed","ping_status":"closed","template":"","meta":{"_acf_changed":false,"footnotes":""},"acf":[],"yoast_head":"<title>Coordinaci\u00f3n | Facultade de Ciencias<\/title>\n<meta name=\"robots\" content=\"index, follow, max-snippet:-1, max-image-preview:large, max-video-preview:-1\" \/>\n<link rel=\"canonical\" href=\"https:\/\/www.fcou.uvigo.es\/es\/estudios\/master-cytaa-2\/coordinacion\/\" \/>\n<meta property=\"og:locale\" content=\"es_ES\" \/>\n<meta property=\"og:type\" content=\"article\" \/>\n<meta property=\"og:title\" content=\"Coordinaci\u00f3n | Facultade de Ciencias\" \/>\n<meta property=\"og:description\" content=\"Comisi\u00f3n Acad\u00e9mica Est\u00e1 compuesta por: Presidenta y coordinadora del m\u00e1ster: Mar\u00eda Fern\u00e1ndez Gonz\u00e1lez Secretario: Juan Carlos Mejuto Fern\u00e1ndez Sidonia Mart\u00ednez Su\u00e1rez Herminia Dom\u00ednguez Gonz\u00e1lez Mar\u00eda &hellip; Contin\u00faa\" \/>\n<meta property=\"og:url\" content=\"https:\/\/www.fcou.uvigo.es\/es\/estudios\/master-cytaa-2\/coordinacion\/\" \/>\n<meta property=\"og:site_name\" content=\"Facultade de Ciencias\" \/>\n<meta property=\"article:modified_time\" content=\"2024-06-03T10:59:10+00:00\" \/>\n<meta name=\"twitter:card\" content=\"summary_large_image\" \/>\n<meta name=\"twitter:label1\" content=\"Est. reading time\" \/>\n\t<meta name=\"twitter:data1\" content=\"2 minutes\" \/>\n<script type=\"application\/ld+json\" class=\"yoast-schema-graph\">{\"@context\":\"https:\/\/schema.org\",\"@graph\":[{\"@type\":\"WebPage\",\"@id\":\"https:\/\/www.fcou.uvigo.es\/es\/estudios\/master-cytaa-2\/coordinacion\/\",\"url\":\"https:\/\/www.fcou.uvigo.es\/es\/estudios\/master-cytaa-2\/coordinacion\/\",\"name\":\"Coordinaci\u00f3n | Facultade de Ciencias\",\"isPartOf\":{\"@id\":\"https:\/\/fcou.uvigo.es\/#website\"},\"datePublished\":\"2024-05-28T08:15:59+00:00\",\"dateModified\":\"2024-06-03T10:59:10+00:00\",\"breadcrumb\":{\"@id\":\"https:\/\/www.fcou.uvigo.es\/es\/estudios\/master-cytaa-2\/coordinacion\/#breadcrumb\"},\"inLanguage\":\"es-ES\",\"potentialAction\":[{\"@type\":\"ReadAction\",\"target\":[\"https:\/\/www.fcou.uvigo.es\/es\/estudios\/master-cytaa-2\/coordinacion\/\"]}]},{\"@type\":\"BreadcrumbList\",\"@id\":\"https:\/\/www.fcou.uvigo.es\/es\/estudios\/master-cytaa-2\/coordinacion\/#breadcrumb\",\"itemListElement\":[{\"@type\":\"ListItem\",\"position\":1,\"name\":\"Estudios\",\"item\":\"https:\/\/fcou.uvigo.es\/es\/estudios\/\"},{\"@type\":\"ListItem\",\"position\":2,\"name\":\"M\u00e1ster en Ciencia y Tecnolog\u00eda Agroalimentaria y Ambiental\",\"item\":\"https:\/\/www.fcou.uvigo.es\/es\/estudios\/master-cytaa-2\/\"},{\"@type\":\"ListItem\",\"position\":3,\"name\":\"Coordinaci\u00f3n\"}]},{\"@type\":\"WebSite\",\"@id\":\"https:\/\/fcou.uvigo.es\/#website\",\"url\":\"https:\/\/fcou.uvigo.es\/\",\"name\":\"Facultade de Ciencias da Universidade de Vigo\",\"description\":\"Sitio web da Facultade de Ciencias\",\"publisher\":{\"@id\":\"https:\/\/fcou.uvigo.es\/#organization\"},\"potentialAction\":[{\"@type\":\"SearchAction\",\"target\":{\"@type\":\"EntryPoint\",\"urlTemplate\":\"https:\/\/fcou.uvigo.es\/?s={search_term_string}\"},\"query-input\":{\"@type\":\"PropertyValueSpecification\",\"valueRequired\":true,\"valueName\":\"search_term_string\"}}],\"inLanguage\":\"es-ES\"},{\"@type\":\"Organization\",\"@id\":\"https:\/\/fcou.uvigo.es\/#organization\",\"name\":\"Facultade de Ciencias da Universidade de Vigo\",\"url\":\"https:\/\/fcou.uvigo.es\/\",\"logo\":{\"@type\":\"ImageObject\",\"inLanguage\":\"es-ES\",\"@id\":\"https:\/\/fcou.uvigo.es\/#\/schema\/logo\/image\/\",\"url\":\"https:\/\/fcou.uvigo.es\/wp-content\/uploads\/2024\/04\/facultade-ciencias-ourense.png\",\"contentUrl\":\"https:\/\/fcou.uvigo.es\/wp-content\/uploads\/2024\/04\/facultade-ciencias-ourense.png\",\"width\":717,\"height\":165,\"caption\":\"Facultade de Ciencias da Universidade de Vigo\"},\"image\":{\"@id\":\"https:\/\/fcou.uvigo.es\/#\/schema\/logo\/image\/\"}}]}<\/script>","yoast_head_json":{"title":"Coordinaci\u00f3n | Facultade de Ciencias","robots":{"index":"index","follow":"follow","max-snippet":"max-snippet:-1","max-image-preview":"max-image-preview:large","max-video-preview":"max-video-preview:-1"},"canonical":"https:\/\/www.fcou.uvigo.es\/es\/estudios\/master-cytaa-2\/coordinacion\/","og_locale":"es_ES","og_type":"article","og_title":"Coordinaci\u00f3n | Facultade de Ciencias","og_description":"Comisi\u00f3n Acad\u00e9mica Est\u00e1 compuesta por: Presidenta y coordinadora del m\u00e1ster: Mar\u00eda Fern\u00e1ndez Gonz\u00e1lez Secretario: Juan Carlos Mejuto Fern\u00e1ndez Sidonia Mart\u00ednez Su\u00e1rez Herminia Dom\u00ednguez Gonz\u00e1lez Mar\u00eda &hellip; Contin\u00faa","og_url":"https:\/\/www.fcou.uvigo.es\/es\/estudios\/master-cytaa-2\/coordinacion\/","og_site_name":"Facultade de Ciencias","article_modified_time":"2024-06-03T10:59:10+00:00","twitter_card":"summary_large_image","twitter_misc":{"Est. reading time":"2 minutes"},"schema":{"@context":"https:\/\/schema.org","@graph":[{"@type":"WebPage","@id":"https:\/\/www.fcou.uvigo.es\/es\/estudios\/master-cytaa-2\/coordinacion\/","url":"https:\/\/www.fcou.uvigo.es\/es\/estudios\/master-cytaa-2\/coordinacion\/","name":"Coordinaci\u00f3n | Facultade de Ciencias","isPartOf":{"@id":"https:\/\/fcou.uvigo.es\/#website"},"datePublished":"2024-05-28T08:15:59+00:00","dateModified":"2024-06-03T10:59:10+00:00","breadcrumb":{"@id":"https:\/\/www.fcou.uvigo.es\/es\/estudios\/master-cytaa-2\/coordinacion\/#breadcrumb"},"inLanguage":"es-ES","potentialAction":[{"@type":"ReadAction","target":["https:\/\/www.fcou.uvigo.es\/es\/estudios\/master-cytaa-2\/coordinacion\/"]}]},{"@type":"BreadcrumbList","@id":"https:\/\/www.fcou.uvigo.es\/es\/estudios\/master-cytaa-2\/coordinacion\/#breadcrumb","itemListElement":[{"@type":"ListItem","position":1,"name":"Estudios","item":"https:\/\/fcou.uvigo.es\/es\/estudios\/"},{"@type":"ListItem","position":2,"name":"M\u00e1ster en Ciencia y Tecnolog\u00eda Agroalimentaria y Ambiental","item":"https:\/\/www.fcou.uvigo.es\/es\/estudios\/master-cytaa-2\/"},{"@type":"ListItem","position":3,"name":"Coordinaci\u00f3n"}]},{"@type":"WebSite","@id":"https:\/\/fcou.uvigo.es\/#website","url":"https:\/\/fcou.uvigo.es\/","name":"Facultade de Ciencias da Universidade de Vigo","description":"Sitio web da Facultade de Ciencias","publisher":{"@id":"https:\/\/fcou.uvigo.es\/#organization"},"potentialAction":[{"@type":"SearchAction","target":{"@type":"EntryPoint","urlTemplate":"https:\/\/fcou.uvigo.es\/?s={search_term_string}"},"query-input":{"@type":"PropertyValueSpecification","valueRequired":true,"valueName":"search_term_string"}}],"inLanguage":"es-ES"},{"@type":"Organization","@id":"https:\/\/fcou.uvigo.es\/#organization","name":"Facultade de Ciencias da Universidade de Vigo","url":"https:\/\/fcou.uvigo.es\/","logo":{"@type":"ImageObject","inLanguage":"es-ES","@id":"https:\/\/fcou.uvigo.es\/#\/schema\/logo\/image\/","url":"https:\/\/fcou.uvigo.es\/wp-content\/uploads\/2024\/04\/facultade-ciencias-ourense.png","contentUrl":"https:\/\/fcou.uvigo.es\/wp-content\/uploads\/2024\/04\/facultade-ciencias-ourense.png","width":717,"height":165,"caption":"Facultade de Ciencias da Universidade de Vigo"},"image":{"@id":"https:\/\/fcou.uvigo.es\/#\/schema\/logo\/image\/"}}]}},"_links":{"self":[{"href":"https:\/\/fcou.uvigo.es\/es\/wp-json\/wp\/v2\/pages\/268288"}],"collection":[{"href":"https:\/\/fcou.uvigo.es\/es\/wp-json\/wp\/v2\/pages"}],"about":[{"href":"https:\/\/fcou.uvigo.es\/es\/wp-json\/wp\/v2\/types\/page"}],"author":[{"embeddable":true,"href":"https:\/\/fcou.uvigo.es\/es\/wp-json\/wp\/v2\/users\/8"}],"replies":[{"embeddable":true,"href":"https:\/\/fcou.uvigo.es\/es\/wp-json\/wp\/v2\/comments?post=268288"}],"version-history":[{"count":2,"href":"https:\/\/fcou.uvigo.es\/es\/wp-json\/wp\/v2\/pages\/268288\/revisions"}],"predecessor-version":[{"id":268380,"href":"https:\/\/fcou.uvigo.es\/es\/wp-json\/wp\/v2\/pages\/268288\/revisions\/268380"}],"up":[{"embeddable":true,"href":"https:\/\/fcou.uvigo.es\/es\/wp-json\/wp\/v2\/pages\/268285"}],"wp:attachment":[{"href":"https:\/\/fcou.uvigo.es\/es\/wp-json\/wp\/v2\/media?parent=268288"}],"curies":[{"name":"wp","href":"https:\/\/api.w.org\/{rel}","templated":true}]}}