{"id":268289,"date":"2024-05-28T10:31:03","date_gmt":"2024-05-28T08:31:03","guid":{"rendered":"https:\/\/fcou.uvigo.es\/estudios\/master-cytaa\/coordinacion\/normativa\/"},"modified":"2024-06-04T09:30:22","modified_gmt":"2024-06-04T07:30:22","slug":"normativa","status":"publish","type":"page","link":"https:\/\/fcou.uvigo.es\/es\/estudios\/master-cytaa-2\/coordinacion\/normativa\/","title":{"rendered":"Normativa, recursos materiales y servicios"},"content":{"rendered":"<h2>Normativa<\/h2>\n<p><b>Normativa de la Universidade de Vigo<\/b><\/p>\n<ul class=\"list-peak\">\n<li><a href=\"https:\/\/secretaria.uvigo.gal\/uv\/web\/normativa\/public\/show\/344\" target=\"_blank\" rel=\"noopener noreferrer\">Reglamento de los estudios de postgrado<\/a><\/li>\n<li><a href=\"https:\/\/secretaria.uvigo.gal\/uv\/web\/normativa\/public\/show\/275\" target=\"_blank\" rel=\"noopener noreferrer\">Normativa de permanencia en la Universidade de Vigo<\/a><\/li>\n<li><a href=\"https:\/\/secretaria.uvigo.gal\/uv\/web\/normativa\/public\/show\/340\" target=\"_blank\" rel=\"noopener noreferrer\">Normativa de suspensi\u00f3n y extinci\u00f3n de estudios oficiales de m\u00e1ster<\/a><\/li>\n<li><a href=\"https:\/\/secretaria.uvigo.gal\/uv\/web\/normativa\/public\/show\/34\" target=\"_blank\" rel=\"noopener noreferrer\">Orden de la homologaci\u00f3n de t\u00edtulos estranjeros a t\u00edtulos y gragos acad\u00e9micos de postgrado<\/a><\/li>\n<li><a href=\"https:\/\/secretaria.uvigo.gal\/uv\/web\/normativa\/public\/show\/254\" target=\"_blank\" rel=\"noopener noreferrer\">Normativa de transferencia e reco\u00f1ecemento de cr\u00e9ditos<\/a><\/li>\n<\/ul>\n<h3>Formularios<\/h3>\n<ul class=\"list-peak\">\n<li><a href=\"https:\/\/secretaria.uvigo.gal\/uv\/web\/qsp\/qsp\/formulario_inicio\">Formulario de incidencias, reclamaciones y sugerencias<\/a><\/li>\n<li>Formularios para el Trabajo de Fin de M\u00e1ster:\n<ul class=\"list-peak\">\n<li>Anexo I. <a href=\"https:\/\/fcou.uvigo.es\/wp-content\/uploads\/2024\/05\/Calificacion_TFM_MCyTAA_2023-24.pdf\" target=\"_blank\" rel=\"noopener noreferrer\">Calificaci\u00f3n del TFM<\/a><\/li>\n<\/ul>\n<\/li>\n<\/ul>\n<h2 style=\"text-align: left;\">Recursos materiales y servicios<\/h2>\n<p class=\"mb-2\"><a class=\"btn btn-outline-primary btn-icon\" style=\"text-transform: none;\" href=\"https:\/\/fcou.uvigo.es\/es\/facultad\/recursos-materiales-y-servicios\/\" target=\"_blank\" rel=\"noopener noreferrer\">IR A LA P\u00c1GINA<\/a><\/p>\n","protected":false},"excerpt":{"rendered":"<p>Normativa Normativa de la Universidade de Vigo Reglamento de los estudios de postgrado Normativa de permanencia en la Universidade de Vigo Normativa de suspensi\u00f3n y &hellip; <a class=\"excerpt_more\" href=\"https:\/\/fcou.uvigo.es\/es\/estudios\/master-cytaa-2\/coordinacion\/normativa\/\">Contin\u00faa<\/a><\/p>\n","protected":false},"author":8,"featured_media":0,"parent":268288,"menu_order":0,"comment_status":"closed","ping_status":"closed","template":"","meta":{"_acf_changed":false,"footnotes":""},"acf":[],"yoast_head":"<title>Normativa, recursos materiales y servicios | Facultade de Ciencias<\/title>\n<meta name=\"robots\" content=\"index, follow, max-snippet:-1, max-image-preview:large, max-video-preview:-1\" \/>\n<link rel=\"canonical\" href=\"https:\/\/www.fcou.uvigo.es\/es\/estudios\/master-cytaa-2\/coordinacion\/normativa\/\" \/>\n<meta property=\"og:locale\" content=\"es_ES\" \/>\n<meta property=\"og:type\" content=\"article\" \/>\n<meta property=\"og:title\" content=\"Normativa, recursos materiales y servicios | Facultade de Ciencias\" \/>\n<meta property=\"og:description\" content=\"Normativa Normativa de la Universidade de Vigo Reglamento de los estudios de postgrado Normativa de permanencia en la Universidade de Vigo Normativa de suspensi\u00f3n y &hellip; Contin\u00faa\" \/>\n<meta property=\"og:url\" content=\"https:\/\/www.fcou.uvigo.es\/es\/estudios\/master-cytaa-2\/coordinacion\/normativa\/\" \/>\n<meta property=\"og:site_name\" content=\"Facultade de Ciencias\" \/>\n<meta property=\"article:modified_time\" content=\"2024-06-04T07:30:22+00:00\" \/>\n<meta name=\"twitter:card\" content=\"summary_large_image\" \/>\n<meta name=\"twitter:label1\" content=\"Est. reading time\" \/>\n\t<meta name=\"twitter:data1\" content=\"1 minute\" \/>\n<script type=\"application\/ld+json\" class=\"yoast-schema-graph\">{\"@context\":\"https:\/\/schema.org\",\"@graph\":[{\"@type\":\"WebPage\",\"@id\":\"https:\/\/www.fcou.uvigo.es\/es\/estudios\/master-cytaa-2\/coordinacion\/normativa\/\",\"url\":\"https:\/\/www.fcou.uvigo.es\/es\/estudios\/master-cytaa-2\/coordinacion\/normativa\/\",\"name\":\"Normativa, recursos materiales y servicios | Facultade de Ciencias\",\"isPartOf\":{\"@id\":\"https:\/\/fcou.uvigo.es\/#website\"},\"datePublished\":\"2024-05-28T08:31:03+00:00\",\"dateModified\":\"2024-06-04T07:30:22+00:00\",\"breadcrumb\":{\"@id\":\"https:\/\/www.fcou.uvigo.es\/es\/estudios\/master-cytaa-2\/coordinacion\/normativa\/#breadcrumb\"},\"inLanguage\":\"es-ES\",\"potentialAction\":[{\"@type\":\"ReadAction\",\"target\":[\"https:\/\/www.fcou.uvigo.es\/es\/estudios\/master-cytaa-2\/coordinacion\/normativa\/\"]}]},{\"@type\":\"BreadcrumbList\",\"@id\":\"https:\/\/www.fcou.uvigo.es\/es\/estudios\/master-cytaa-2\/coordinacion\/normativa\/#breadcrumb\",\"itemListElement\":[{\"@type\":\"ListItem\",\"position\":1,\"name\":\"Estudios\",\"item\":\"https:\/\/fcou.uvigo.es\/es\/estudios\/\"},{\"@type\":\"ListItem\",\"position\":2,\"name\":\"M\u00e1ster en Ciencia y Tecnolog\u00eda Agroalimentaria y Ambiental\",\"item\":\"https:\/\/www.fcou.uvigo.es\/es\/estudios\/master-cytaa-2\/\"},{\"@type\":\"ListItem\",\"position\":3,\"name\":\"Coordinaci\u00f3n\",\"item\":\"https:\/\/www.fcou.uvigo.es\/es\/estudios\/master-cytaa-2\/coordinacion\/\"},{\"@type\":\"ListItem\",\"position\":4,\"name\":\"Normativa, recursos materiales y servicios\"}]},{\"@type\":\"WebSite\",\"@id\":\"https:\/\/fcou.uvigo.es\/#website\",\"url\":\"https:\/\/fcou.uvigo.es\/\",\"name\":\"Facultade de Ciencias da Universidade de Vigo\",\"description\":\"Sitio web da Facultade de Ciencias\",\"publisher\":{\"@id\":\"https:\/\/fcou.uvigo.es\/#organization\"},\"potentialAction\":[{\"@type\":\"SearchAction\",\"target\":{\"@type\":\"EntryPoint\",\"urlTemplate\":\"https:\/\/fcou.uvigo.es\/?s={search_term_string}\"},\"query-input\":{\"@type\":\"PropertyValueSpecification\",\"valueRequired\":true,\"valueName\":\"search_term_string\"}}],\"inLanguage\":\"es-ES\"},{\"@type\":\"Organization\",\"@id\":\"https:\/\/fcou.uvigo.es\/#organization\",\"name\":\"Facultade de Ciencias da Universidade de Vigo\",\"url\":\"https:\/\/fcou.uvigo.es\/\",\"logo\":{\"@type\":\"ImageObject\",\"inLanguage\":\"es-ES\",\"@id\":\"https:\/\/fcou.uvigo.es\/#\/schema\/logo\/image\/\",\"url\":\"https:\/\/fcou.uvigo.es\/wp-content\/uploads\/2024\/04\/facultade-ciencias-ourense.png\",\"contentUrl\":\"https:\/\/fcou.uvigo.es\/wp-content\/uploads\/2024\/04\/facultade-ciencias-ourense.png\",\"width\":717,\"height\":165,\"caption\":\"Facultade de Ciencias da Universidade de Vigo\"},\"image\":{\"@id\":\"https:\/\/fcou.uvigo.es\/#\/schema\/logo\/image\/\"}}]}<\/script>","yoast_head_json":{"title":"Normativa, recursos materiales y servicios | Facultade de Ciencias","robots":{"index":"index","follow":"follow","max-snippet":"max-snippet:-1","max-image-preview":"max-image-preview:large","max-video-preview":"max-video-preview:-1"},"canonical":"https:\/\/www.fcou.uvigo.es\/es\/estudios\/master-cytaa-2\/coordinacion\/normativa\/","og_locale":"es_ES","og_type":"article","og_title":"Normativa, recursos materiales y servicios | Facultade de Ciencias","og_description":"Normativa Normativa de la Universidade de Vigo Reglamento de los estudios de postgrado Normativa de permanencia en la Universidade de Vigo Normativa de suspensi\u00f3n y &hellip; Contin\u00faa","og_url":"https:\/\/www.fcou.uvigo.es\/es\/estudios\/master-cytaa-2\/coordinacion\/normativa\/","og_site_name":"Facultade de Ciencias","article_modified_time":"2024-06-04T07:30:22+00:00","twitter_card":"summary_large_image","twitter_misc":{"Est. reading time":"1 minute"},"schema":{"@context":"https:\/\/schema.org","@graph":[{"@type":"WebPage","@id":"https:\/\/www.fcou.uvigo.es\/es\/estudios\/master-cytaa-2\/coordinacion\/normativa\/","url":"https:\/\/www.fcou.uvigo.es\/es\/estudios\/master-cytaa-2\/coordinacion\/normativa\/","name":"Normativa, recursos materiales y servicios | Facultade de Ciencias","isPartOf":{"@id":"https:\/\/fcou.uvigo.es\/#website"},"datePublished":"2024-05-28T08:31:03+00:00","dateModified":"2024-06-04T07:30:22+00:00","breadcrumb":{"@id":"https:\/\/www.fcou.uvigo.es\/es\/estudios\/master-cytaa-2\/coordinacion\/normativa\/#breadcrumb"},"inLanguage":"es-ES","potentialAction":[{"@type":"ReadAction","target":["https:\/\/www.fcou.uvigo.es\/es\/estudios\/master-cytaa-2\/coordinacion\/normativa\/"]}]},{"@type":"BreadcrumbList","@id":"https:\/\/www.fcou.uvigo.es\/es\/estudios\/master-cytaa-2\/coordinacion\/normativa\/#breadcrumb","itemListElement":[{"@type":"ListItem","position":1,"name":"Estudios","item":"https:\/\/fcou.uvigo.es\/es\/estudios\/"},{"@type":"ListItem","position":2,"name":"M\u00e1ster en Ciencia y Tecnolog\u00eda Agroalimentaria y Ambiental","item":"https:\/\/www.fcou.uvigo.es\/es\/estudios\/master-cytaa-2\/"},{"@type":"ListItem","position":3,"name":"Coordinaci\u00f3n","item":"https:\/\/www.fcou.uvigo.es\/es\/estudios\/master-cytaa-2\/coordinacion\/"},{"@type":"ListItem","position":4,"name":"Normativa, recursos materiales y servicios"}]},{"@type":"WebSite","@id":"https:\/\/fcou.uvigo.es\/#website","url":"https:\/\/fcou.uvigo.es\/","name":"Facultade de Ciencias da Universidade de Vigo","description":"Sitio web da Facultade de Ciencias","publisher":{"@id":"https:\/\/fcou.uvigo.es\/#organization"},"potentialAction":[{"@type":"SearchAction","target":{"@type":"EntryPoint","urlTemplate":"https:\/\/fcou.uvigo.es\/?s={search_term_string}"},"query-input":{"@type":"PropertyValueSpecification","valueRequired":true,"valueName":"search_term_string"}}],"inLanguage":"es-ES"},{"@type":"Organization","@id":"https:\/\/fcou.uvigo.es\/#organization","name":"Facultade de Ciencias da Universidade de Vigo","url":"https:\/\/fcou.uvigo.es\/","logo":{"@type":"ImageObject","inLanguage":"es-ES","@id":"https:\/\/fcou.uvigo.es\/#\/schema\/logo\/image\/","url":"https:\/\/fcou.uvigo.es\/wp-content\/uploads\/2024\/04\/facultade-ciencias-ourense.png","contentUrl":"https:\/\/fcou.uvigo.es\/wp-content\/uploads\/2024\/04\/facultade-ciencias-ourense.png","width":717,"height":165,"caption":"Facultade de Ciencias da Universidade de Vigo"},"image":{"@id":"https:\/\/fcou.uvigo.es\/#\/schema\/logo\/image\/"}}]}},"_links":{"self":[{"href":"https:\/\/fcou.uvigo.es\/es\/wp-json\/wp\/v2\/pages\/268289"}],"collection":[{"href":"https:\/\/fcou.uvigo.es\/es\/wp-json\/wp\/v2\/pages"}],"about":[{"href":"https:\/\/fcou.uvigo.es\/es\/wp-json\/wp\/v2\/types\/page"}],"author":[{"embeddable":true,"href":"https:\/\/fcou.uvigo.es\/es\/wp-json\/wp\/v2\/users\/8"}],"replies":[{"embeddable":true,"href":"https:\/\/fcou.uvigo.es\/es\/wp-json\/wp\/v2\/comments?post=268289"}],"version-history":[{"count":7,"href":"https:\/\/fcou.uvigo.es\/es\/wp-json\/wp\/v2\/pages\/268289\/revisions"}],"predecessor-version":[{"id":268436,"href":"https:\/\/fcou.uvigo.es\/es\/wp-json\/wp\/v2\/pages\/268289\/revisions\/268436"}],"up":[{"embeddable":true,"href":"https:\/\/fcou.uvigo.es\/es\/wp-json\/wp\/v2\/pages\/268288"}],"wp:attachment":[{"href":"https:\/\/fcou.uvigo.es\/es\/wp-json\/wp\/v2\/media?parent=268289"}],"curies":[{"name":"wp","href":"https:\/\/api.w.org\/{rel}","templated":true}]}}