{"id":268290,"date":"2024-05-28T10:16:00","date_gmt":"2024-05-28T08:16:00","guid":{"rendered":"https:\/\/fcou.uvigo.es\/estudios\/master-cytaa\/acceso\/"},"modified":"2024-06-04T09:32:01","modified_gmt":"2024-06-04T07:32:01","slug":"acceso","status":"publish","type":"page","link":"https:\/\/fcou.uvigo.es\/es\/estudios\/master-cytaa-2\/acceso\/","title":{"rendered":"Acceso"},"content":{"rendered":"<div class=\"page-header\">\n<h2>Requisitos de acceso<\/h2>\n<\/div>\n<div class=\"page-content\">\n<p>Seg\u00fan el <a href=\"https:\/\/www.boe.es\/buscar\/act.php?id=BOE-A-2007-18770\" target=\"_blank\" rel=\"noopener noreferrer\">RD 1393\/2007<\/a>, por el que se establece el ordenamiento de las ense\u00f1anzas universitarias oficiales, tendr\u00e1n acceso al m\u00e1ster quienes re\u00fanan alguno de los siguientes requisitos:<\/p>\n<ul>\n<li>Para acceder a las ense\u00f1anzas oficiales de m\u00e1ster ser\u00e1 necesario estar en posesi\u00f3n de un T\u00edtulo universitario oficial espa\u00f1ol u otro expedido por una instituci\u00f3n de educaci\u00f3n superior del Espacio Europeo de Educaci\u00f3n Superior que facultan en el pa\u00eds expedidor del T\u00edtulo para el acceso a ense\u00f1anzas de m\u00e1ster.<\/li>\n<li>As\u00ed mismo, podr\u00e1n acceder las personas tituladas conforme a sistemas educativos ajenos al Espacio Europeo de Educaci\u00f3n Superior sin necesidad de la homologaci\u00f3n de sus T\u00edtulos, previa comprobaci\u00f3n por la universidad de que aquellos acreditan un nivel de formaci\u00f3n equivalente a los correspondientes T\u00edtulos universitarios oficiales espa\u00f1oles y que facultan en el pa\u00eds expedidor del T\u00edtulo para el acceso a ense\u00f1anzas de postgrado. El acceso por esta v\u00eda no implicar\u00e1, en ning\u00fan caso, la homologaci\u00f3n del T\u00edtulo previo del que est\u00e9 en posesi\u00f3n la persona interesada, ni su reconocimiento a otros efectos que el de cursar las ense\u00f1anzas de master.<\/li>\n<\/ul>\n<p>&nbsp;<\/p>\n<h2>Perfil de ingreso<\/h2>\n<p>Se priorizar\u00e1n adem\u00e1s de la prelaci\u00f3n anterior, las siguientes Titulaciones o circunstancias:<\/p>\n<ul>\n<li>Titulados en Ciencias: Ciencia y Tecnolog\u00eda de los Alimentos, Qu\u00edmica, Biolog\u00eda, CC del Mar y CC Ambientales.<\/li>\n<li>Titulados en Tecnolog\u00edas: Ingenier\u00eda Agr\u00edcola, Qu\u00edmica e Industrial.<\/li>\n<li>Titulados en Ciencias de la Salud: Nutrici\u00f3n Humana y Diet\u00e9tica, Farmacia, Veterinaria y Medicina.<\/li>\n<li>Otros titulados que la CAM considere que puedan tener acceso a esta formaci\u00f3n a partir de la evaluaci\u00f3n de su expediente acad\u00e9mico.<\/li>\n<\/ul>\n<\/div>\n","protected":false},"excerpt":{"rendered":"<p>Requisitos de acceso Seg\u00fan el RD 1393\/2007, por el que se establece el ordenamiento de las ense\u00f1anzas universitarias oficiales, tendr\u00e1n acceso al m\u00e1ster quienes re\u00fanan &hellip; <a class=\"excerpt_more\" href=\"https:\/\/fcou.uvigo.es\/es\/estudios\/master-cytaa-2\/acceso\/\">Contin\u00faa<\/a><\/p>\n","protected":false},"author":8,"featured_media":0,"parent":268285,"menu_order":5,"comment_status":"closed","ping_status":"closed","template":"","meta":{"_acf_changed":false,"footnotes":""},"acf":[],"yoast_head":"<title>Acceso | Facultade de Ciencias<\/title>\n<meta name=\"robots\" content=\"index, follow, max-snippet:-1, max-image-preview:large, max-video-preview:-1\" \/>\n<link rel=\"canonical\" href=\"https:\/\/www.fcou.uvigo.es\/es\/estudios\/master-cytaa-2\/acceso\/\" \/>\n<meta property=\"og:locale\" content=\"es_ES\" \/>\n<meta property=\"og:type\" content=\"article\" \/>\n<meta property=\"og:title\" content=\"Acceso | Facultade de Ciencias\" \/>\n<meta property=\"og:description\" content=\"Requisitos de acceso Seg\u00fan el RD 1393\/2007, por el que se establece el ordenamiento de las ense\u00f1anzas universitarias oficiales, tendr\u00e1n acceso al m\u00e1ster quienes re\u00fanan &hellip; Contin\u00faa\" \/>\n<meta property=\"og:url\" content=\"https:\/\/www.fcou.uvigo.es\/es\/estudios\/master-cytaa-2\/acceso\/\" \/>\n<meta property=\"og:site_name\" content=\"Facultade de Ciencias\" \/>\n<meta property=\"article:modified_time\" content=\"2024-06-04T07:32:01+00:00\" \/>\n<meta name=\"twitter:card\" content=\"summary_large_image\" \/>\n<meta name=\"twitter:label1\" content=\"Est. reading time\" \/>\n\t<meta name=\"twitter:data1\" content=\"2 minutes\" \/>\n<script type=\"application\/ld+json\" class=\"yoast-schema-graph\">{\"@context\":\"https:\/\/schema.org\",\"@graph\":[{\"@type\":\"WebPage\",\"@id\":\"https:\/\/www.fcou.uvigo.es\/es\/estudios\/master-cytaa-2\/acceso\/\",\"url\":\"https:\/\/www.fcou.uvigo.es\/es\/estudios\/master-cytaa-2\/acceso\/\",\"name\":\"Acceso | Facultade de Ciencias\",\"isPartOf\":{\"@id\":\"https:\/\/fcou.uvigo.es\/#website\"},\"datePublished\":\"2024-05-28T08:16:00+00:00\",\"dateModified\":\"2024-06-04T07:32:01+00:00\",\"breadcrumb\":{\"@id\":\"https:\/\/www.fcou.uvigo.es\/es\/estudios\/master-cytaa-2\/acceso\/#breadcrumb\"},\"inLanguage\":\"es-ES\",\"potentialAction\":[{\"@type\":\"ReadAction\",\"target\":[\"https:\/\/www.fcou.uvigo.es\/es\/estudios\/master-cytaa-2\/acceso\/\"]}]},{\"@type\":\"BreadcrumbList\",\"@id\":\"https:\/\/www.fcou.uvigo.es\/es\/estudios\/master-cytaa-2\/acceso\/#breadcrumb\",\"itemListElement\":[{\"@type\":\"ListItem\",\"position\":1,\"name\":\"Estudios\",\"item\":\"https:\/\/fcou.uvigo.es\/es\/estudios\/\"},{\"@type\":\"ListItem\",\"position\":2,\"name\":\"M\u00e1ster en Ciencia y Tecnolog\u00eda Agroalimentaria y Ambiental\",\"item\":\"https:\/\/www.fcou.uvigo.es\/es\/estudios\/master-cytaa-2\/\"},{\"@type\":\"ListItem\",\"position\":3,\"name\":\"Acceso\"}]},{\"@type\":\"WebSite\",\"@id\":\"https:\/\/fcou.uvigo.es\/#website\",\"url\":\"https:\/\/fcou.uvigo.es\/\",\"name\":\"Facultade de Ciencias da Universidade de Vigo\",\"description\":\"Sitio web da Facultade de Ciencias\",\"publisher\":{\"@id\":\"https:\/\/fcou.uvigo.es\/#organization\"},\"potentialAction\":[{\"@type\":\"SearchAction\",\"target\":{\"@type\":\"EntryPoint\",\"urlTemplate\":\"https:\/\/fcou.uvigo.es\/?s={search_term_string}\"},\"query-input\":{\"@type\":\"PropertyValueSpecification\",\"valueRequired\":true,\"valueName\":\"search_term_string\"}}],\"inLanguage\":\"es-ES\"},{\"@type\":\"Organization\",\"@id\":\"https:\/\/fcou.uvigo.es\/#organization\",\"name\":\"Facultade de Ciencias da Universidade de Vigo\",\"url\":\"https:\/\/fcou.uvigo.es\/\",\"logo\":{\"@type\":\"ImageObject\",\"inLanguage\":\"es-ES\",\"@id\":\"https:\/\/fcou.uvigo.es\/#\/schema\/logo\/image\/\",\"url\":\"https:\/\/fcou.uvigo.es\/wp-content\/uploads\/2024\/04\/facultade-ciencias-ourense.png\",\"contentUrl\":\"https:\/\/fcou.uvigo.es\/wp-content\/uploads\/2024\/04\/facultade-ciencias-ourense.png\",\"width\":717,\"height\":165,\"caption\":\"Facultade de Ciencias da Universidade de Vigo\"},\"image\":{\"@id\":\"https:\/\/fcou.uvigo.es\/#\/schema\/logo\/image\/\"}}]}<\/script>","yoast_head_json":{"title":"Acceso | Facultade de Ciencias","robots":{"index":"index","follow":"follow","max-snippet":"max-snippet:-1","max-image-preview":"max-image-preview:large","max-video-preview":"max-video-preview:-1"},"canonical":"https:\/\/www.fcou.uvigo.es\/es\/estudios\/master-cytaa-2\/acceso\/","og_locale":"es_ES","og_type":"article","og_title":"Acceso | Facultade de Ciencias","og_description":"Requisitos de acceso Seg\u00fan el RD 1393\/2007, por el que se establece el ordenamiento de las ense\u00f1anzas universitarias oficiales, tendr\u00e1n acceso al m\u00e1ster quienes re\u00fanan &hellip; Contin\u00faa","og_url":"https:\/\/www.fcou.uvigo.es\/es\/estudios\/master-cytaa-2\/acceso\/","og_site_name":"Facultade de Ciencias","article_modified_time":"2024-06-04T07:32:01+00:00","twitter_card":"summary_large_image","twitter_misc":{"Est. reading time":"2 minutes"},"schema":{"@context":"https:\/\/schema.org","@graph":[{"@type":"WebPage","@id":"https:\/\/www.fcou.uvigo.es\/es\/estudios\/master-cytaa-2\/acceso\/","url":"https:\/\/www.fcou.uvigo.es\/es\/estudios\/master-cytaa-2\/acceso\/","name":"Acceso | Facultade de Ciencias","isPartOf":{"@id":"https:\/\/fcou.uvigo.es\/#website"},"datePublished":"2024-05-28T08:16:00+00:00","dateModified":"2024-06-04T07:32:01+00:00","breadcrumb":{"@id":"https:\/\/www.fcou.uvigo.es\/es\/estudios\/master-cytaa-2\/acceso\/#breadcrumb"},"inLanguage":"es-ES","potentialAction":[{"@type":"ReadAction","target":["https:\/\/www.fcou.uvigo.es\/es\/estudios\/master-cytaa-2\/acceso\/"]}]},{"@type":"BreadcrumbList","@id":"https:\/\/www.fcou.uvigo.es\/es\/estudios\/master-cytaa-2\/acceso\/#breadcrumb","itemListElement":[{"@type":"ListItem","position":1,"name":"Estudios","item":"https:\/\/fcou.uvigo.es\/es\/estudios\/"},{"@type":"ListItem","position":2,"name":"M\u00e1ster en Ciencia y Tecnolog\u00eda Agroalimentaria y Ambiental","item":"https:\/\/www.fcou.uvigo.es\/es\/estudios\/master-cytaa-2\/"},{"@type":"ListItem","position":3,"name":"Acceso"}]},{"@type":"WebSite","@id":"https:\/\/fcou.uvigo.es\/#website","url":"https:\/\/fcou.uvigo.es\/","name":"Facultade de Ciencias da Universidade de Vigo","description":"Sitio web da Facultade de Ciencias","publisher":{"@id":"https:\/\/fcou.uvigo.es\/#organization"},"potentialAction":[{"@type":"SearchAction","target":{"@type":"EntryPoint","urlTemplate":"https:\/\/fcou.uvigo.es\/?s={search_term_string}"},"query-input":{"@type":"PropertyValueSpecification","valueRequired":true,"valueName":"search_term_string"}}],"inLanguage":"es-ES"},{"@type":"Organization","@id":"https:\/\/fcou.uvigo.es\/#organization","name":"Facultade de Ciencias da Universidade de Vigo","url":"https:\/\/fcou.uvigo.es\/","logo":{"@type":"ImageObject","inLanguage":"es-ES","@id":"https:\/\/fcou.uvigo.es\/#\/schema\/logo\/image\/","url":"https:\/\/fcou.uvigo.es\/wp-content\/uploads\/2024\/04\/facultade-ciencias-ourense.png","contentUrl":"https:\/\/fcou.uvigo.es\/wp-content\/uploads\/2024\/04\/facultade-ciencias-ourense.png","width":717,"height":165,"caption":"Facultade de Ciencias da Universidade de Vigo"},"image":{"@id":"https:\/\/fcou.uvigo.es\/#\/schema\/logo\/image\/"}}]}},"_links":{"self":[{"href":"https:\/\/fcou.uvigo.es\/es\/wp-json\/wp\/v2\/pages\/268290"}],"collection":[{"href":"https:\/\/fcou.uvigo.es\/es\/wp-json\/wp\/v2\/pages"}],"about":[{"href":"https:\/\/fcou.uvigo.es\/es\/wp-json\/wp\/v2\/types\/page"}],"author":[{"embeddable":true,"href":"https:\/\/fcou.uvigo.es\/es\/wp-json\/wp\/v2\/users\/8"}],"replies":[{"embeddable":true,"href":"https:\/\/fcou.uvigo.es\/es\/wp-json\/wp\/v2\/comments?post=268290"}],"version-history":[{"count":4,"href":"https:\/\/fcou.uvigo.es\/es\/wp-json\/wp\/v2\/pages\/268290\/revisions"}],"predecessor-version":[{"id":268440,"href":"https:\/\/fcou.uvigo.es\/es\/wp-json\/wp\/v2\/pages\/268290\/revisions\/268440"}],"up":[{"embeddable":true,"href":"https:\/\/fcou.uvigo.es\/es\/wp-json\/wp\/v2\/pages\/268285"}],"wp:attachment":[{"href":"https:\/\/fcou.uvigo.es\/es\/wp-json\/wp\/v2\/media?parent=268290"}],"curies":[{"name":"wp","href":"https:\/\/api.w.org\/{rel}","templated":true}]}}