{"id":268293,"date":"2024-05-28T10:38:52","date_gmt":"2024-05-28T08:38:52","guid":{"rendered":"https:\/\/fcou.uvigo.es\/estudios\/master-cytaa\/acceso\/matricula\/"},"modified":"2024-06-04T09:44:02","modified_gmt":"2024-06-04T07:44:02","slug":"matricula","status":"publish","type":"page","link":"https:\/\/fcou.uvigo.es\/es\/estudios\/master-cytaa-2\/acceso\/matricula\/","title":{"rendered":"Matr\u00edcula"},"content":{"rendered":"<div class=\"row\">\n<div class=\"col-sm-5\">\n<p><strong>PRAZAS OFERTADAS<\/strong><br \/>\n30 plazas<\/p>\n<p><strong>PREINSCRICI\u00d3N Y MATR\u00cdCULA<\/strong><br \/>\n<a href=\"\/wp-content\/uploads\/2024\/05\/PDF-1_2024-25-calendario-mestrado.pdf\">Calendario de matr\u00edcula<\/a><\/p>\n<\/div>\n<div class=\"col-sm-7\">\n<div class=\"card\">\n<div class=\"card-body\">\n<p>M\u00e1s informaci\u00f3n<\/p>\n<hr \/>\n<p class=\"card-text\">\u00c1rea de Estudos de Posgrao<br \/>\n<i class=\"fa fa-phone\"><\/i> +34 988 368 803 | 988 368 910 | 988 368 909<br \/>\n<i class=\"fa fa-envelope-o\"><\/i> <a class=\"card-link\" href=\"mailto:administracionposgrao.ourense@uvigo.es\">administracionposgrao.ourense@uvigo.es<\/a><\/p>\n<\/div>\n<\/div>\n<\/div>\n<\/div>\n<p>&nbsp;<\/p>\n<h2>Matr\u00edcula<\/h2>\n<ul class=\"list-peak\">\n<li><a href=\"https:\/\/secretaria.uvigo.gal\/uv\/web\/convocatoria\/public\/show\/1350\" target=\"_blank\" rel=\"noopener noreferrer\">Convocatoria de matr\u00edcula<\/a><\/li>\n<\/ul>\n<p class=\"mb-2\"><a class=\"btn btn-outline-primary btn-icon\" style=\"text-transform: none;\" href=\"https:\/\/secretaria.uvigo.gal\/uvigo.sv\/index.php?modulo=portalAcademico\" target=\"_blank\" rel=\"noopener noreferrer\">Preinscrici\u00f3n<\/a><\/p>\n<p class=\"mb-2\"><a class=\"btn btn-outline-primary btn-icon\" style=\"text-transform: none;\" href=\"https:\/\/matricula.uvigo.es\/loginX\/login.asp\" target=\"_blank\" rel=\"noopener noreferrer\">Automatr\u00edcula<\/a><\/p>\n<p>&nbsp;<\/p>\n<h2>Precios y exenciones<\/h2>\n<p>Consulta la informaci\u00f3n econ\u00f3mica relacionada con la matr\u00edcula, el coste de los estudios, las modalidades de abonamiento, los descuentos o las exenciones y las ayudas del programa propio de la UVigo para personas con dificultades econ\u00f3micas en los siguientes enlaces:<\/p>\n<ul class=\"list-peak\">\n<li><a href=\"https:\/\/www.uvigo.gal\/es\/estudiar\/gestiones-estudiantes\/matriculate\/precios-publicos\" target=\"_blank\" rel=\"noopener\">Precios p\u00fablicos<\/a><\/li>\n<li><a href=\"https:\/\/secretaria.uvigo.gal\/uv\/web\/convocatoria\/public\/show\/1186?_locale=es\" target=\"_blank\" rel=\"noopener noreferrer\">Normas econ\u00f3micas derivadas de la gesti\u00f3n acad\u00e9mica en la UVigo 2023\/2024<\/a><\/li>\n<li><strong><a href=\"https:\/\/www.xunta.gal\/dog\/Publicados\/2023\/20230630\/AnuncioG0655-230623-0001_gl.html\" target=\"_blank\" rel=\"noopener noreferrer\">Decreto 98\/2023<\/a><\/strong>, del 22 de junio, por el cual se fijan los precios p\u00fablicos por la prestaci\u00f3n de servicios acad\u00e9micos y administrativos en las universidades doel Sistema Universitario de Galicia para el curso acad\u00e9mico 2023\/2024<\/li>\n<\/ul>\n<p>&nbsp;<\/p>\n","protected":false},"excerpt":{"rendered":"<p>PRAZAS OFERTADAS 30 plazas PREINSCRICI\u00d3N Y MATR\u00cdCULA Calendario de matr\u00edcula M\u00e1s informaci\u00f3n \u00c1rea de Estudos de Posgrao +34 988 368 803 | 988 368 910 &hellip; <a class=\"excerpt_more\" href=\"https:\/\/fcou.uvigo.es\/es\/estudios\/master-cytaa-2\/acceso\/matricula\/\">Contin\u00faa<\/a><\/p>\n","protected":false},"author":8,"featured_media":0,"parent":268290,"menu_order":3,"comment_status":"closed","ping_status":"closed","template":"","meta":{"_acf_changed":false,"footnotes":""},"acf":[],"yoast_head":"<title>Matr\u00edcula | Facultade de Ciencias<\/title>\n<meta name=\"robots\" content=\"index, follow, max-snippet:-1, max-image-preview:large, max-video-preview:-1\" \/>\n<link rel=\"canonical\" href=\"https:\/\/cytaa.uvigo.es\/es\/estudios\/master-cytaa-2\/acceso\/matricula\/\" \/>\n<meta property=\"og:locale\" content=\"es_ES\" \/>\n<meta property=\"og:type\" content=\"article\" \/>\n<meta property=\"og:title\" content=\"Matr\u00edcula | Facultade de Ciencias\" \/>\n<meta property=\"og:description\" content=\"PRAZAS OFERTADAS 30 plazas PREINSCRICI\u00d3N Y MATR\u00cdCULA Calendario de matr\u00edcula M\u00e1s informaci\u00f3n \u00c1rea de Estudos de Posgrao +34 988 368 803 | 988 368 910 &hellip; Contin\u00faa\" \/>\n<meta property=\"og:url\" content=\"https:\/\/cytaa.uvigo.es\/es\/estudios\/master-cytaa-2\/acceso\/matricula\/\" \/>\n<meta property=\"og:site_name\" content=\"Facultade de Ciencias\" \/>\n<meta property=\"article:modified_time\" content=\"2024-06-04T07:44:02+00:00\" \/>\n<meta name=\"twitter:card\" content=\"summary_large_image\" \/>\n<meta name=\"twitter:label1\" content=\"Est. reading time\" \/>\n\t<meta name=\"twitter:data1\" content=\"1 minute\" \/>\n<script type=\"application\/ld+json\" class=\"yoast-schema-graph\">{\"@context\":\"https:\/\/schema.org\",\"@graph\":[{\"@type\":\"WebPage\",\"@id\":\"https:\/\/cytaa.uvigo.es\/es\/estudios\/master-cytaa-2\/acceso\/matricula\/\",\"url\":\"https:\/\/cytaa.uvigo.es\/es\/estudios\/master-cytaa-2\/acceso\/matricula\/\",\"name\":\"Matr\u00edcula | Facultade de Ciencias\",\"isPartOf\":{\"@id\":\"https:\/\/fcou.uvigo.es\/#website\"},\"datePublished\":\"2024-05-28T08:38:52+00:00\",\"dateModified\":\"2024-06-04T07:44:02+00:00\",\"breadcrumb\":{\"@id\":\"https:\/\/cytaa.uvigo.es\/es\/estudios\/master-cytaa-2\/acceso\/matricula\/#breadcrumb\"},\"inLanguage\":\"es-ES\",\"potentialAction\":[{\"@type\":\"ReadAction\",\"target\":[\"https:\/\/cytaa.uvigo.es\/es\/estudios\/master-cytaa-2\/acceso\/matricula\/\"]}]},{\"@type\":\"BreadcrumbList\",\"@id\":\"https:\/\/cytaa.uvigo.es\/es\/estudios\/master-cytaa-2\/acceso\/matricula\/#breadcrumb\",\"itemListElement\":[{\"@type\":\"ListItem\",\"position\":1,\"name\":\"Estudios\",\"item\":\"https:\/\/fcou.uvigo.es\/es\/estudios\/\"},{\"@type\":\"ListItem\",\"position\":2,\"name\":\"M\u00e1ster en Ciencia y Tecnolog\u00eda Agroalimentaria y Ambiental\",\"item\":\"https:\/\/www.fcou.uvigo.es\/es\/estudios\/master-cytaa-2\/\"},{\"@type\":\"ListItem\",\"position\":3,\"name\":\"Acceso\",\"item\":\"https:\/\/www.fcou.uvigo.es\/es\/estudios\/master-cytaa-2\/acceso\/\"},{\"@type\":\"ListItem\",\"position\":4,\"name\":\"Matr\u00edcula\"}]},{\"@type\":\"WebSite\",\"@id\":\"https:\/\/fcou.uvigo.es\/#website\",\"url\":\"https:\/\/fcou.uvigo.es\/\",\"name\":\"Facultade de Ciencias da Universidade de Vigo\",\"description\":\"Sitio web da Facultade de Ciencias\",\"publisher\":{\"@id\":\"https:\/\/fcou.uvigo.es\/#organization\"},\"potentialAction\":[{\"@type\":\"SearchAction\",\"target\":{\"@type\":\"EntryPoint\",\"urlTemplate\":\"https:\/\/fcou.uvigo.es\/?s={search_term_string}\"},\"query-input\":{\"@type\":\"PropertyValueSpecification\",\"valueRequired\":true,\"valueName\":\"search_term_string\"}}],\"inLanguage\":\"es-ES\"},{\"@type\":\"Organization\",\"@id\":\"https:\/\/fcou.uvigo.es\/#organization\",\"name\":\"Facultade de Ciencias da Universidade de Vigo\",\"url\":\"https:\/\/fcou.uvigo.es\/\",\"logo\":{\"@type\":\"ImageObject\",\"inLanguage\":\"es-ES\",\"@id\":\"https:\/\/fcou.uvigo.es\/#\/schema\/logo\/image\/\",\"url\":\"https:\/\/fcou.uvigo.es\/wp-content\/uploads\/2024\/04\/facultade-ciencias-ourense.png\",\"contentUrl\":\"https:\/\/fcou.uvigo.es\/wp-content\/uploads\/2024\/04\/facultade-ciencias-ourense.png\",\"width\":717,\"height\":165,\"caption\":\"Facultade de Ciencias da Universidade de Vigo\"},\"image\":{\"@id\":\"https:\/\/fcou.uvigo.es\/#\/schema\/logo\/image\/\"}}]}<\/script>","yoast_head_json":{"title":"Matr\u00edcula | Facultade de Ciencias","robots":{"index":"index","follow":"follow","max-snippet":"max-snippet:-1","max-image-preview":"max-image-preview:large","max-video-preview":"max-video-preview:-1"},"canonical":"https:\/\/cytaa.uvigo.es\/es\/estudios\/master-cytaa-2\/acceso\/matricula\/","og_locale":"es_ES","og_type":"article","og_title":"Matr\u00edcula | Facultade de Ciencias","og_description":"PRAZAS OFERTADAS 30 plazas PREINSCRICI\u00d3N Y MATR\u00cdCULA Calendario de matr\u00edcula M\u00e1s informaci\u00f3n \u00c1rea de Estudos de Posgrao +34 988 368 803 | 988 368 910 &hellip; Contin\u00faa","og_url":"https:\/\/cytaa.uvigo.es\/es\/estudios\/master-cytaa-2\/acceso\/matricula\/","og_site_name":"Facultade de Ciencias","article_modified_time":"2024-06-04T07:44:02+00:00","twitter_card":"summary_large_image","twitter_misc":{"Est. reading time":"1 minute"},"schema":{"@context":"https:\/\/schema.org","@graph":[{"@type":"WebPage","@id":"https:\/\/cytaa.uvigo.es\/es\/estudios\/master-cytaa-2\/acceso\/matricula\/","url":"https:\/\/cytaa.uvigo.es\/es\/estudios\/master-cytaa-2\/acceso\/matricula\/","name":"Matr\u00edcula | Facultade de Ciencias","isPartOf":{"@id":"https:\/\/fcou.uvigo.es\/#website"},"datePublished":"2024-05-28T08:38:52+00:00","dateModified":"2024-06-04T07:44:02+00:00","breadcrumb":{"@id":"https:\/\/cytaa.uvigo.es\/es\/estudios\/master-cytaa-2\/acceso\/matricula\/#breadcrumb"},"inLanguage":"es-ES","potentialAction":[{"@type":"ReadAction","target":["https:\/\/cytaa.uvigo.es\/es\/estudios\/master-cytaa-2\/acceso\/matricula\/"]}]},{"@type":"BreadcrumbList","@id":"https:\/\/cytaa.uvigo.es\/es\/estudios\/master-cytaa-2\/acceso\/matricula\/#breadcrumb","itemListElement":[{"@type":"ListItem","position":1,"name":"Estudios","item":"https:\/\/fcou.uvigo.es\/es\/estudios\/"},{"@type":"ListItem","position":2,"name":"M\u00e1ster en Ciencia y Tecnolog\u00eda Agroalimentaria y Ambiental","item":"https:\/\/www.fcou.uvigo.es\/es\/estudios\/master-cytaa-2\/"},{"@type":"ListItem","position":3,"name":"Acceso","item":"https:\/\/www.fcou.uvigo.es\/es\/estudios\/master-cytaa-2\/acceso\/"},{"@type":"ListItem","position":4,"name":"Matr\u00edcula"}]},{"@type":"WebSite","@id":"https:\/\/fcou.uvigo.es\/#website","url":"https:\/\/fcou.uvigo.es\/","name":"Facultade de Ciencias da Universidade de Vigo","description":"Sitio web da Facultade de Ciencias","publisher":{"@id":"https:\/\/fcou.uvigo.es\/#organization"},"potentialAction":[{"@type":"SearchAction","target":{"@type":"EntryPoint","urlTemplate":"https:\/\/fcou.uvigo.es\/?s={search_term_string}"},"query-input":{"@type":"PropertyValueSpecification","valueRequired":true,"valueName":"search_term_string"}}],"inLanguage":"es-ES"},{"@type":"Organization","@id":"https:\/\/fcou.uvigo.es\/#organization","name":"Facultade de Ciencias da Universidade de Vigo","url":"https:\/\/fcou.uvigo.es\/","logo":{"@type":"ImageObject","inLanguage":"es-ES","@id":"https:\/\/fcou.uvigo.es\/#\/schema\/logo\/image\/","url":"https:\/\/fcou.uvigo.es\/wp-content\/uploads\/2024\/04\/facultade-ciencias-ourense.png","contentUrl":"https:\/\/fcou.uvigo.es\/wp-content\/uploads\/2024\/04\/facultade-ciencias-ourense.png","width":717,"height":165,"caption":"Facultade de Ciencias da Universidade de Vigo"},"image":{"@id":"https:\/\/fcou.uvigo.es\/#\/schema\/logo\/image\/"}}]}},"_links":{"self":[{"href":"https:\/\/fcou.uvigo.es\/es\/wp-json\/wp\/v2\/pages\/268293"}],"collection":[{"href":"https:\/\/fcou.uvigo.es\/es\/wp-json\/wp\/v2\/pages"}],"about":[{"href":"https:\/\/fcou.uvigo.es\/es\/wp-json\/wp\/v2\/types\/page"}],"author":[{"embeddable":true,"href":"https:\/\/fcou.uvigo.es\/es\/wp-json\/wp\/v2\/users\/8"}],"replies":[{"embeddable":true,"href":"https:\/\/fcou.uvigo.es\/es\/wp-json\/wp\/v2\/comments?post=268293"}],"version-history":[{"count":8,"href":"https:\/\/fcou.uvigo.es\/es\/wp-json\/wp\/v2\/pages\/268293\/revisions"}],"predecessor-version":[{"id":268450,"href":"https:\/\/fcou.uvigo.es\/es\/wp-json\/wp\/v2\/pages\/268293\/revisions\/268450"}],"up":[{"embeddable":true,"href":"https:\/\/fcou.uvigo.es\/es\/wp-json\/wp\/v2\/pages\/268290"}],"wp:attachment":[{"href":"https:\/\/fcou.uvigo.es\/es\/wp-json\/wp\/v2\/media?parent=268293"}],"curies":[{"name":"wp","href":"https:\/\/api.w.org\/{rel}","templated":true}]}}