{"id":268296,"date":"2024-05-28T10:46:39","date_gmt":"2024-05-28T08:46:39","guid":{"rendered":"https:\/\/fcou.uvigo.es\/estudios\/master-cytaa\/docencia\/calendario-academico\/"},"modified":"2025-08-28T10:23:19","modified_gmt":"2025-08-28T08:23:19","slug":"calendario-academico","status":"publish","type":"page","link":"https:\/\/fcou.uvigo.es\/es\/estudios\/master-cytaa-2\/docencia\/calendario-academico\/","title":{"rendered":"Calendario acad\u00e9mico"},"content":{"rendered":"<p>El M\u00e1ster \u00a0en Ciencia y Tecnolog\u00eda Agroalimentaria y Ambiental de la Facultade de Ciencias de la Universidade de Vigo ofrece una formaci\u00f3n integral y multidisciplinaria, combinando teor\u00eda y pr\u00e1ctica. El plan de estudios abarca tres especialidades bien diferenciadas, Ciencias Agrarias y Alimentarias, Procesos en la Industria Agroalimentaria y Ciencias Ambientales. El estudiantado participa en proyectos de investigaci\u00f3n y colabora con empresas e instituciones l\u00edderes en el sector Agroalimentaria en Ambiental de la Comunidad Aut\u00f3noma. La Facultade dispone de unas instalaciones modernas y equipaci\u00f3n de \u00faltima generaci\u00f3n, asegurando un entorno de aprendizaje excelente.<\/p>\n<h2>Curso acad\u00e9mico 2025\/2026<\/h2>\n<h3>Actividades docentes<\/h3>\n<table style=\"margin-left: 0px;\" cellspacing=\"0\" cellpadding=\"0\">\n<thead>\n<tr>\n<th>PER\u00cdODO<\/th>\n<th>INICIO<\/th>\n<th>FINALIZACI\u00d3N<\/th>\n<\/tr>\n<\/thead>\n<tbody>\n<tr>\n<td>Bimestre 1<\/td>\n<td>15\/09\/2025<\/td>\n<td>31\/10\/2025<\/td>\n<\/tr>\n<tr>\n<td>Bimestre 2<\/td>\n<td>03\/11\/2025<\/td>\n<td>16\/01\/2026<\/td>\n<\/tr>\n<tr>\n<td>Bimestre 3<\/td>\n<td>19\/01\/2026<\/td>\n<td>13\/03\/2026<\/td>\n<\/tr>\n<tr>\n<td>Bimestre 4<\/td>\n<td>16\/03\/2026<\/td>\n<td>08\/05\/2026<\/td>\n<\/tr>\n<\/tbody>\n<\/table>\n<h3 class=\"pt-5\">Actividades de avaliaci\u00f3n<\/h3>\n<table style=\"margin-left: 0px;\" cellspacing=\"0\" cellpadding=\"0\">\n<thead>\n<tr>\n<th>Per\u00edodo<\/th>\n<th>FECHA<\/th>\n<\/tr>\n<\/thead>\n<tbody>\n<tr>\n<td>Bimestre 1<\/td>\n<td>del 27 al 31 de octubre de 2025<\/td>\n<\/tr>\n<tr>\n<td>Bimestre 2<\/td>\n<td>del 12 al 16 de enero de 2026<\/td>\n<\/tr>\n<tr>\n<td>Bimestre 3<\/td>\n<td>del 19 al 13 de marzo de 2026<\/td>\n<\/tr>\n<tr>\n<td>Bimestre 4<\/td>\n<td>del 4 al 8 de mayo de 2026<\/td>\n<\/tr>\n<\/tbody>\n<\/table>\n<h3 class=\"pt-5\"><\/h3>\n","protected":false},"excerpt":{"rendered":"<p>El M\u00e1ster \u00a0en Ciencia y Tecnolog\u00eda Agroalimentaria y Ambiental de la Facultade de Ciencias de la Universidade de Vigo ofrece una formaci\u00f3n integral y multidisciplinaria, &hellip; <a class=\"excerpt_more\" href=\"https:\/\/fcou.uvigo.es\/es\/estudios\/master-cytaa-2\/docencia\/calendario-academico\/\">Contin\u00faa<\/a><\/p>\n","protected":false},"author":8,"featured_media":0,"parent":268295,"menu_order":1,"comment_status":"closed","ping_status":"closed","template":"","meta":{"_acf_changed":false,"footnotes":""},"acf":[],"yoast_head":"<title>Calendario acad\u00e9mico | Facultade de Ciencias<\/title>\n<meta name=\"robots\" content=\"index, follow, max-snippet:-1, max-image-preview:large, max-video-preview:-1\" \/>\n<link rel=\"canonical\" href=\"https:\/\/fcou.uvigo.es\/es\/estudios\/master-cytaa-2\/docencia\/calendario-academico\/\" \/>\n<meta property=\"og:locale\" content=\"es_ES\" \/>\n<meta property=\"og:type\" content=\"article\" \/>\n<meta property=\"og:title\" content=\"Calendario acad\u00e9mico | Facultade de Ciencias\" \/>\n<meta property=\"og:description\" content=\"El M\u00e1ster \u00a0en Ciencia y Tecnolog\u00eda Agroalimentaria y Ambiental de la Facultade de Ciencias de la Universidade de Vigo ofrece una formaci\u00f3n integral y multidisciplinaria, &hellip; Contin\u00faa\" \/>\n<meta property=\"og:url\" content=\"https:\/\/fcou.uvigo.es\/es\/estudios\/master-cytaa-2\/docencia\/calendario-academico\/\" \/>\n<meta property=\"og:site_name\" content=\"Facultade de Ciencias\" \/>\n<meta property=\"article:modified_time\" content=\"2025-08-28T08:23:19+00:00\" \/>\n<meta name=\"twitter:card\" content=\"summary_large_image\" \/>\n<meta name=\"twitter:label1\" content=\"Est. reading time\" \/>\n\t<meta name=\"twitter:data1\" content=\"1 minute\" \/>\n<script type=\"application\/ld+json\" class=\"yoast-schema-graph\">{\"@context\":\"https:\/\/schema.org\",\"@graph\":[{\"@type\":\"WebPage\",\"@id\":\"https:\/\/fcou.uvigo.es\/es\/estudios\/master-cytaa-2\/docencia\/calendario-academico\/\",\"url\":\"https:\/\/fcou.uvigo.es\/es\/estudios\/master-cytaa-2\/docencia\/calendario-academico\/\",\"name\":\"Calendario acad\u00e9mico | Facultade de Ciencias\",\"isPartOf\":{\"@id\":\"https:\/\/fcou.uvigo.es\/#website\"},\"datePublished\":\"2024-05-28T08:46:39+00:00\",\"dateModified\":\"2025-08-28T08:23:19+00:00\",\"breadcrumb\":{\"@id\":\"https:\/\/fcou.uvigo.es\/es\/estudios\/master-cytaa-2\/docencia\/calendario-academico\/#breadcrumb\"},\"inLanguage\":\"es-ES\",\"potentialAction\":[{\"@type\":\"ReadAction\",\"target\":[\"https:\/\/fcou.uvigo.es\/es\/estudios\/master-cytaa-2\/docencia\/calendario-academico\/\"]}]},{\"@type\":\"BreadcrumbList\",\"@id\":\"https:\/\/fcou.uvigo.es\/es\/estudios\/master-cytaa-2\/docencia\/calendario-academico\/#breadcrumb\",\"itemListElement\":[{\"@type\":\"ListItem\",\"position\":1,\"name\":\"Estudios\",\"item\":\"https:\/\/fcou.uvigo.es\/es\/estudios\/\"},{\"@type\":\"ListItem\",\"position\":2,\"name\":\"M\u00e1ster en Ciencia y Tecnolog\u00eda Agroalimentaria y Ambiental\",\"item\":\"https:\/\/www.fcou.uvigo.es\/es\/estudios\/master-cytaa-2\/\"},{\"@type\":\"ListItem\",\"position\":3,\"name\":\"Docencia\",\"item\":\"https:\/\/fcou.uvigo.es\/es\/estudios\/master-cytaa-2\/docencia\/\"},{\"@type\":\"ListItem\",\"position\":4,\"name\":\"Calendario acad\u00e9mico\"}]},{\"@type\":\"WebSite\",\"@id\":\"https:\/\/fcou.uvigo.es\/#website\",\"url\":\"https:\/\/fcou.uvigo.es\/\",\"name\":\"Facultade de Ciencias da Universidade de Vigo\",\"description\":\"Sitio web da Facultade de Ciencias\",\"publisher\":{\"@id\":\"https:\/\/fcou.uvigo.es\/#organization\"},\"potentialAction\":[{\"@type\":\"SearchAction\",\"target\":{\"@type\":\"EntryPoint\",\"urlTemplate\":\"https:\/\/fcou.uvigo.es\/?s={search_term_string}\"},\"query-input\":{\"@type\":\"PropertyValueSpecification\",\"valueRequired\":true,\"valueName\":\"search_term_string\"}}],\"inLanguage\":\"es-ES\"},{\"@type\":\"Organization\",\"@id\":\"https:\/\/fcou.uvigo.es\/#organization\",\"name\":\"Facultade de Ciencias da Universidade de Vigo\",\"url\":\"https:\/\/fcou.uvigo.es\/\",\"logo\":{\"@type\":\"ImageObject\",\"inLanguage\":\"es-ES\",\"@id\":\"https:\/\/fcou.uvigo.es\/#\/schema\/logo\/image\/\",\"url\":\"https:\/\/fcou.uvigo.es\/wp-content\/uploads\/2024\/04\/facultade-ciencias-ourense.png\",\"contentUrl\":\"https:\/\/fcou.uvigo.es\/wp-content\/uploads\/2024\/04\/facultade-ciencias-ourense.png\",\"width\":717,\"height\":165,\"caption\":\"Facultade de Ciencias da Universidade de Vigo\"},\"image\":{\"@id\":\"https:\/\/fcou.uvigo.es\/#\/schema\/logo\/image\/\"}}]}<\/script>","yoast_head_json":{"title":"Calendario acad\u00e9mico | Facultade de Ciencias","robots":{"index":"index","follow":"follow","max-snippet":"max-snippet:-1","max-image-preview":"max-image-preview:large","max-video-preview":"max-video-preview:-1"},"canonical":"https:\/\/fcou.uvigo.es\/es\/estudios\/master-cytaa-2\/docencia\/calendario-academico\/","og_locale":"es_ES","og_type":"article","og_title":"Calendario acad\u00e9mico | Facultade de Ciencias","og_description":"El M\u00e1ster \u00a0en Ciencia y Tecnolog\u00eda Agroalimentaria y Ambiental de la Facultade de Ciencias de la Universidade de Vigo ofrece una formaci\u00f3n integral y multidisciplinaria, &hellip; Contin\u00faa","og_url":"https:\/\/fcou.uvigo.es\/es\/estudios\/master-cytaa-2\/docencia\/calendario-academico\/","og_site_name":"Facultade de Ciencias","article_modified_time":"2025-08-28T08:23:19+00:00","twitter_card":"summary_large_image","twitter_misc":{"Est. reading time":"1 minute"},"schema":{"@context":"https:\/\/schema.org","@graph":[{"@type":"WebPage","@id":"https:\/\/fcou.uvigo.es\/es\/estudios\/master-cytaa-2\/docencia\/calendario-academico\/","url":"https:\/\/fcou.uvigo.es\/es\/estudios\/master-cytaa-2\/docencia\/calendario-academico\/","name":"Calendario acad\u00e9mico | Facultade de Ciencias","isPartOf":{"@id":"https:\/\/fcou.uvigo.es\/#website"},"datePublished":"2024-05-28T08:46:39+00:00","dateModified":"2025-08-28T08:23:19+00:00","breadcrumb":{"@id":"https:\/\/fcou.uvigo.es\/es\/estudios\/master-cytaa-2\/docencia\/calendario-academico\/#breadcrumb"},"inLanguage":"es-ES","potentialAction":[{"@type":"ReadAction","target":["https:\/\/fcou.uvigo.es\/es\/estudios\/master-cytaa-2\/docencia\/calendario-academico\/"]}]},{"@type":"BreadcrumbList","@id":"https:\/\/fcou.uvigo.es\/es\/estudios\/master-cytaa-2\/docencia\/calendario-academico\/#breadcrumb","itemListElement":[{"@type":"ListItem","position":1,"name":"Estudios","item":"https:\/\/fcou.uvigo.es\/es\/estudios\/"},{"@type":"ListItem","position":2,"name":"M\u00e1ster en Ciencia y Tecnolog\u00eda Agroalimentaria y Ambiental","item":"https:\/\/www.fcou.uvigo.es\/es\/estudios\/master-cytaa-2\/"},{"@type":"ListItem","position":3,"name":"Docencia","item":"https:\/\/fcou.uvigo.es\/es\/estudios\/master-cytaa-2\/docencia\/"},{"@type":"ListItem","position":4,"name":"Calendario acad\u00e9mico"}]},{"@type":"WebSite","@id":"https:\/\/fcou.uvigo.es\/#website","url":"https:\/\/fcou.uvigo.es\/","name":"Facultade de Ciencias da Universidade de Vigo","description":"Sitio web da Facultade de Ciencias","publisher":{"@id":"https:\/\/fcou.uvigo.es\/#organization"},"potentialAction":[{"@type":"SearchAction","target":{"@type":"EntryPoint","urlTemplate":"https:\/\/fcou.uvigo.es\/?s={search_term_string}"},"query-input":{"@type":"PropertyValueSpecification","valueRequired":true,"valueName":"search_term_string"}}],"inLanguage":"es-ES"},{"@type":"Organization","@id":"https:\/\/fcou.uvigo.es\/#organization","name":"Facultade de Ciencias da Universidade de Vigo","url":"https:\/\/fcou.uvigo.es\/","logo":{"@type":"ImageObject","inLanguage":"es-ES","@id":"https:\/\/fcou.uvigo.es\/#\/schema\/logo\/image\/","url":"https:\/\/fcou.uvigo.es\/wp-content\/uploads\/2024\/04\/facultade-ciencias-ourense.png","contentUrl":"https:\/\/fcou.uvigo.es\/wp-content\/uploads\/2024\/04\/facultade-ciencias-ourense.png","width":717,"height":165,"caption":"Facultade de Ciencias da Universidade de Vigo"},"image":{"@id":"https:\/\/fcou.uvigo.es\/#\/schema\/logo\/image\/"}}]}},"_links":{"self":[{"href":"https:\/\/fcou.uvigo.es\/es\/wp-json\/wp\/v2\/pages\/268296"}],"collection":[{"href":"https:\/\/fcou.uvigo.es\/es\/wp-json\/wp\/v2\/pages"}],"about":[{"href":"https:\/\/fcou.uvigo.es\/es\/wp-json\/wp\/v2\/types\/page"}],"author":[{"embeddable":true,"href":"https:\/\/fcou.uvigo.es\/es\/wp-json\/wp\/v2\/users\/8"}],"replies":[{"embeddable":true,"href":"https:\/\/fcou.uvigo.es\/es\/wp-json\/wp\/v2\/comments?post=268296"}],"version-history":[{"count":6,"href":"https:\/\/fcou.uvigo.es\/es\/wp-json\/wp\/v2\/pages\/268296\/revisions"}],"predecessor-version":[{"id":269951,"href":"https:\/\/fcou.uvigo.es\/es\/wp-json\/wp\/v2\/pages\/268296\/revisions\/269951"}],"up":[{"embeddable":true,"href":"https:\/\/fcou.uvigo.es\/es\/wp-json\/wp\/v2\/pages\/268295"}],"wp:attachment":[{"href":"https:\/\/fcou.uvigo.es\/es\/wp-json\/wp\/v2\/media?parent=268296"}],"curies":[{"name":"wp","href":"https:\/\/api.w.org\/{rel}","templated":true}]}}