{"id":268298,"date":"2024-05-28T10:50:30","date_gmt":"2024-05-28T08:50:30","guid":{"rendered":"https:\/\/fcou.uvigo.es\/estudios\/master-cytaa\/docencia\/plan-de-estudios-e-guias-docentes\/"},"modified":"2024-06-03T16:55:04","modified_gmt":"2024-06-03T14:55:04","slug":"plan-de-estudios-e-guias-docentes","status":"publish","type":"page","link":"https:\/\/fcou.uvigo.es\/es\/estudios\/master-cytaa-2\/docencia\/plan-de-estudios-e-guias-docentes\/","title":{"rendered":"Plan de estudios y gu\u00edas docentes"},"content":{"rendered":"<div id=\"accordion\" class=\"accordion\" role=\"tablist\" aria-multiselectable=\"true\">\n<div class=\"card\">\n<div class=\"card-header\"><a class=\"collapse h3 in\" href=\"#modulo1\" data-toggle=\"collapse\" data-parent=\"#accordion\" aria-controls=\"modulo1\">1\u00ba cuatrimestre<\/a><\/div>\n<div id=\"modulo1\" class=\"collapse\" data-parent=\"#accordion\">\n<div class=\"card-body\">\n<table style=\"margin-left: 0px;\" cellspacing=\"0\" cellpadding=\"0\">\n<thead>\n<tr>\n<th>Materia<\/th>\n<th>Car\u00e1cter<\/th>\n<th>ECTS<\/th>\n<\/tr>\n<\/thead>\n<tbody>\n<tr>\n<td><a href=\"https:\/\/secretaria.uvigo.gal\/docnet-nuevo\/guia_docent\/?assignatura=O01M142V01101\" target=\"_blank\" rel=\"noopener noreferrer\">Bioestad\u00edstica y Dise\u00f1o Experimental<\/a><\/td>\n<td>Obligatoria<\/td>\n<td>3<\/td>\n<\/tr>\n<tr>\n<td><a href=\"https:\/\/secretaria.uvigo.gal\/docnet-nuevo\/guia_docent\/?assignatura=O01M142V01102\" target=\"_blank\" rel=\"noopener noreferrer\">M\u00e9todos Matem\u00e1ticos para la Modelizaci\u00f3n de la Investigaci\u00f3n<\/a><\/td>\n<td>Obligatoria<\/td>\n<td>3<\/td>\n<\/tr>\n<tr>\n<td><a href=\"https:\/\/secretaria.uvigo.gal\/docnet-nuevo\/guia_docent\/?assignatura=O01M142V01103\" target=\"_blank\" rel=\"noopener noreferrer\">T\u00e9cnicas de Documentaci\u00f3n para la Investigaci\u00f3n<\/a><\/td>\n<td>Obligatoria<\/td>\n<td>3<\/td>\n<\/tr>\n<tr>\n<td><a href=\"https:\/\/secretaria.uvigo.gal\/docnet-nuevo\/guia_docent\/?assignatura=O01M142V01104\" target=\"_blank\" rel=\"noopener noreferrer\">Riesgos Qu\u00edmicos en la Cadena Alimentaria<\/a><\/td>\n<td>Obligatoria<\/td>\n<td>3<\/td>\n<\/tr>\n<tr>\n<td><a href=\"https:\/\/secretaria.uvigo.gal\/docnet-nuevo\/guia_docent\/?assignatura=O01M142V01105\" target=\"_blank\" rel=\"noopener noreferrer\">Selecci\u00f3n y Aplicaci\u00f3n de Microorganismos para uso Tecnol\u00f3gico<\/a><\/td>\n<td>Optativa<\/td>\n<td>3<\/td>\n<\/tr>\n<tr>\n<td><a href=\"https:\/\/secretaria.uvigo.gal\/docnet-nuevo\/guia_docent\/?assignatura=O01M142V01107\" target=\"_blank\" rel=\"noopener noreferrer\">Biolog\u00eda de la reproduci\u00f3n en plantas superiores: implicaci\u00f3n en la distribuci\u00f3n<\/a><\/td>\n<td>Optativa<\/td>\n<td>3<\/td>\n<\/tr>\n<tr>\n<td><a href=\"https:\/\/secretaria.uvigo.gal\/docnet-nuevo\/guia_docent\/?assignatura=O01M142V01108\" target=\"_blank\" rel=\"noopener noreferrer\">Fisiolog\u00eda del Estr\u00e9s. Adaptaci\u00f3n y Aclimatizaci\u00f3n a Condiciones Adversas<\/a><\/td>\n<td>Optativa<\/td>\n<td>3<\/td>\n<\/tr>\n<tr>\n<td><a href=\"https:\/\/secretaria.uvigo.gal\/docnet-nuevo\/guia_docent\/?assignatura=O01M142V01109\" target=\"_blank\" rel=\"noopener noreferrer\">T\u00e9cnicas Instrumentais para el An\u00e1lisis Agroalimentario y Medioambiental<\/a><\/td>\n<td>Optativa<\/td>\n<td>3<\/td>\n<\/tr>\n<tr>\n<td><a href=\"https:\/\/secretaria.uvigo.gal\/docnet-nuevo\/guia_docent\/?assignatura=O01M142V01111\" target=\"_blank\" rel=\"noopener noreferrer\">Dise\u00f1o Asistido por Ordenador<\/a><\/td>\n<td>Optativa<\/td>\n<td>3<\/td>\n<\/tr>\n<tr>\n<td><a href=\"https:\/\/secretaria.uvigo.gal\/docnet-nuevo\/guia_docent\/?assignatura=O01M142V01112\" target=\"_blank\" rel=\"noopener noreferrer\">Elementos Traza en el Sistema Suelo-Planta<\/a><\/td>\n<td>Optativa<\/td>\n<td>3<\/td>\n<\/tr>\n<tr>\n<td><a href=\"https:\/\/secretaria.uvigo.gal\/docnet-nuevo\/guia_docent\/?assignatura=O01M142V01113\" target=\"_blank\" rel=\"noopener noreferrer\">Aguas termales: innovaci\u00f3n y desarrollo<\/a><\/td>\n<td>Optativa<\/td>\n<td>3<\/td>\n<\/tr>\n<tr>\n<td><a href=\"https:\/\/secretaria.uvigo.gal\/docnet-nuevo\/guia_docent\/?assignatura=O01M142V01114\" target=\"_blank\" rel=\"noopener noreferrer\">Transporte de Agua y Solutos en el Suelo<\/a><\/td>\n<td>Optativa<\/td>\n<td>3<\/td>\n<\/tr>\n<tr>\n<td><a href=\"https:\/\/secretaria.uvigo.gal\/docnet-nuevo\/guia_docent\/?assignatura=O01M142V01115\" target=\"_blank\" rel=\"noopener noreferrer\">Fertilizantes y Fertilizaci\u00f3n<\/a><\/td>\n<td>Optativa<\/td>\n<td>3<\/td>\n<\/tr>\n<tr>\n<td><a href=\"https:\/\/secretaria.uvigo.gal\/docnet-nuevo\/guia_docent\/?assignatura=O01M142V01116\" target=\"_blank\" rel=\"noopener noreferrer\">Operacines de Separaci\u00f3n Avanzadas<\/a><\/td>\n<td>Optativa<\/td>\n<td>3<\/td>\n<\/tr>\n<tr>\n<td><a href=\"https:\/\/secretaria.uvigo.gal\/docnet-nuevo\/guia_docent\/?assignatura=O01M142V01117\" target=\"_blank\" rel=\"noopener noreferrer\">Monitorizaci\u00f3n y Control de Procesos<\/a><\/td>\n<td>Optativa<\/td>\n<td>3<\/td>\n<\/tr>\n<tr>\n<td><a href=\"https:\/\/secretaria.uvigo.gal\/docnet-nuevo\/guia_docent\/?assignatura=O01M142V01118\" target=\"_blank\" rel=\"noopener noreferrer\">Compuestos Fen\u00f3licos, Componentes Bioactivos de los Alimentos<\/a><\/td>\n<td>Optativa<\/td>\n<td>3<\/td>\n<\/tr>\n<tr>\n<td><a href=\"https:\/\/secretaria.uvigo.gal\/docnet-nuevo\/guia_docent\/?assignatura=O01M142V01119\" target=\"_blank\" rel=\"noopener noreferrer\">Contaminaci\u00f3n Marina e Ecotoxicolog\u00eda<\/a><\/td>\n<td>Optativa<\/td>\n<td>3<\/td>\n<\/tr>\n<tr>\n<td><a href=\"https:\/\/secretaria.uvigo.gal\/docnet-nuevo\/guia_docent\/?assignatura=O01M142V01121\" target=\"_blank\" rel=\"noopener noreferrer\">An\u00e1lisis de Aromas en Alimentos<\/a><\/td>\n<td>Optativa<\/td>\n<td>3<\/td>\n<\/tr>\n<tr>\n<td><a href=\"https:\/\/secretaria.uvigo.gal\/docnet-nuevo\/guia_docent\/?assignatura=O01M142V01122\" target=\"_blank\" rel=\"noopener noreferrer\">Preparaci\u00f3n, Transformaci\u00f3n y Diversificaci\u00f3n en la Industria de los Alimentos<\/a><\/td>\n<td>Optativa<\/td>\n<td>3<\/td>\n<\/tr>\n<tr>\n<td><a href=\"https:\/\/secretaria.uvigo.gal\/docnet-nuevo\/guia_docent\/?assignatura=O01M142V01123\" target=\"_blank\" rel=\"noopener noreferrer\">Extractos Naturales como Antioxidantes<\/a><\/td>\n<td>Optativa<\/td>\n<td>3<\/td>\n<\/tr>\n<\/tbody>\n<\/table>\n<\/div>\n<\/div>\n<\/div>\n<\/div>\n<div id=\"accordion2\" class=\"accordion\" role=\"tablist\" aria-multiselectable=\"true\">\n<div class=\"card\">\n<div class=\"card-header\"><a class=\"collapse h3 in\" href=\"#modulo2\" data-toggle=\"collapse\" data-parent=\"#accordion2\" aria-controls=\"modulo2\">2\u00ba cuatrimestre<\/a><\/div>\n<div id=\"modulo2\" class=\"collapse\" data-parent=\"#accordion2\">\n<div class=\"card-body\">\n<table style=\"margin-left: 0px;\" cellspacing=\"0\" cellpadding=\"0\">\n<thead>\n<tr>\n<th>Materia<\/th>\n<th>Car\u00e1cter<\/th>\n<th>ECTS<\/th>\n<\/tr>\n<\/thead>\n<tbody>\n<tr>\n<td><a href=\"https:\/\/secretaria.uvigo.gal\/docnet-nuevo\/guia_docent\/?assignatura=O01M142V01201\" target=\"_blank\" rel=\"noopener noreferrer\">Implicaciones Ambientales de las Part\u00edculas Biol\u00f3gicas Atmosf\u00e9ricas<\/a><\/td>\n<td>Obligatoria<\/td>\n<td>3<\/td>\n<\/tr>\n<tr>\n<td><a href=\"https:\/\/secretaria.uvigo.gal\/docnet-nuevo\/guia_docent\/?assignatura=O01M142V01202\" target=\"_blank\" rel=\"noopener noreferrer\">Recuperaci\u00f3n de Suelos Degradados: Tecnosuelos y Fitorremediaci\u00f3n<\/a><\/td>\n<td>Optativa<\/td>\n<td>3<\/td>\n<\/tr>\n<tr>\n<td><a href=\"https:\/\/secretaria.uvigo.gal\/docnet-nuevo\/guia_docent\/?assignatura=O01M142V01203\" target=\"_blank\" rel=\"noopener noreferrer\">Qu\u00edmica de los Productos Fitosanitarios<\/a><\/td>\n<td>Optativa<\/td>\n<td>3<\/td>\n<\/tr>\n<tr>\n<td><a href=\"https:\/\/secretaria.uvigo.gal\/docnet-nuevo\/guia_docent\/?assignatura=O01M142V01204\" target=\"_blank\" rel=\"noopener noreferrer\">Cambio Clim\u00e1tico Global y su Impacto en los Ecosistemas Terrestres<\/a><\/td>\n<td>Obligatoria<\/td>\n<td>3<\/td>\n<\/tr>\n<tr>\n<td><a href=\"https:\/\/secretaria.uvigo.gal\/docnet-nuevo\/guia_docent\/?assignatura=O01M142V01205\" target=\"_blank\" rel=\"noopener noreferrer\">Evaluaci\u00f3n de la Transferencia de Contaminantes Atmosf\u00e9ricos al Sistema Planta-Solo-Agua<\/td>\n<td>3<\/td>\n<\/tr>\n<tr>\n<td><a href=\"https:\/\/secretaria.uvigo.gal\/docnet-nuevo\/guia_docent\/?assignatura=O01M142V01206\" target=\"_blank\" rel=\"noopener noreferrer\">Tecnolog\u00edas Limpias para la Producci\u00f3n de Biocombustibles<\/a><\/td>\n<td>Obligatoria<\/td>\n<td>3<\/td>\n<\/tr>\n<tr>\n<td><a href=\"https:\/\/secretaria.uvigo.gal\/docnet-nuevo\/guia_docent\/?assignatura=O01M142V01207\" target=\"_blank\" rel=\"noopener noreferrer\">Claves para la Sostenibilidad de la Producci\u00f3n Vegetal<\/a><\/td>\n<td>Optativa<\/td>\n<td>3<\/td>\n<\/tr>\n<tr>\n<td><a href=\"https:\/\/secretaria.uvigo.gal\/docnet-nuevo\/guia_docent\/?assignatura=O01M142V01209\" target=\"_blank\" rel=\"noopener noreferrer\">Ecolog\u00eda de la Polinizaci\u00f3n. Investigaci\u00f3n y Aplicaciones<\/a><\/td>\n<td>Optativa<\/td>\n<td>3<\/td>\n<\/tr>\n<tr>\n<td><a href=\"https:\/\/secretaria.uvigo.gal\/docnet-nuevo\/guia_docent\/?assignatura=O01M142V01210\" target=\"_blank\" rel=\"noopener noreferrer\">Bioclimatolog\u00eda de Plantas de Intereses Econ\u00f3mico<\/a><\/td>\n<td>Optativa<\/td>\n<td>3<\/td>\n<\/tr>\n<tr>\n<td><a href=\"https:\/\/secretaria.uvigo.gal\/docnet-nuevo\/guia_docent\/?assignatura=O01M142V01211\" target=\"_blank\" rel=\"noopener noreferrer\">Biotratamiento de Residuos Org\u00e1nicos<\/a><\/td>\n<td>Optativa<\/td>\n<td>3<\/td>\n<\/tr>\n<tr>\n<td><a href=\"https:\/\/secretaria.uvigo.gal\/docnet-nuevo\/guia_docent\/?assignatura=O01M142V01212\" target=\"_blank\" rel=\"noopener noreferrer\">Alteraci\u00f3n de Interfases Biol\u00f3gicas por Agentes Contaminantes<\/a><\/td>\n<td>Optativa<\/td>\n<td>3<\/td>\n<\/tr>\n<tr>\n<td><a href=\"https:\/\/secretaria.uvigo.gal\/docnet-nuevo\/guia_docent\/?assignatura=O01M142V01213\" target=\"_blank\" rel=\"noopener noreferrer\">Producci\u00f3n de compuestos base a partir de residuos lignocelul\u00f3sicos<\/a><\/td>\n<td>Optativa<\/td>\n<td>3<\/td>\n<\/tr>\n<tr>\n<td><a href=\"https:\/\/secretaria.uvigo.gal\/docnet-nuevo\/guia_docent\/?assignatura=O01M142V01214\" target=\"_blank\" rel=\"noopener noreferrer\">Dise\u00f1o Experimental Aplicado a las Indicaciones Geogr\u00e1ficas Agroalimentarias<\/a><\/td>\n<td>Optativa<\/td>\n<td>3<\/td>\n<\/tr>\n<tr>\n<td><a href=\"https:\/\/secretaria.uvigo.gal\/docnet-nuevo\/guia_docent\/?assignatura=O01M142V01215\" target=\"_blank\" rel=\"noopener noreferrer\">Biomasa: Cultivos Energ\u00e9ticos<\/a><\/td>\n<td>Optativa<\/td>\n<td>3<\/td>\n<\/tr>\n<tr>\n<td><a href=\"https:\/\/secretaria.uvigo.gal\/docnet-nuevo\/guia_docent\/?assignatura=O01M142V01216\" target=\"_blank\" rel=\"noopener noreferrer\">Acondicionamento Organol\u00e9ptico<\/a><\/td>\n<td>Optativa<\/td>\n<td>3<\/td>\n<\/tr>\n<tr>\n<td><a href=\"https:\/\/secretaria.uvigo.gal\/docnet-nuevo\/guia_docent\/?assignatura=O01M142V01217\" target=\"_blank\" rel=\"noopener noreferrer\">Biotecnolog\u00eda Agroalimentaria<\/a><\/td>\n<td>Optativa<\/td>\n<td>3<\/td>\n<\/tr>\n<tr>\n<td><a href=\"https:\/\/secretaria.uvigo.gal\/docnet-nuevo\/guia_docent\/?assignatura=O01M142V01218\" target=\"_blank\" rel=\"noopener noreferrer\">Autenticidad Alimentaria<\/a><\/td>\n<td>Optativa<\/td>\n<td>3<\/td>\n<\/tr>\n<tr>\n<td><a href=\"https:\/\/secretaria.uvigo.gal\/docnet-nuevo\/guia_docent\/?assignatura=O01M142V01219\" target=\"_blank\" rel=\"noopener noreferrer\">An\u00e1lisis de datos en cin\u00e9ticas microbianas y enzim\u00e1ticas<\/a><\/td>\n<td>Optativa<\/td>\n<td>3<\/td>\n<\/tr>\n<tr>\n<td><a href=\"https:\/\/secretaria.uvigo.gal\/docnet-nuevo\/guia_docent\/?assignatura=O01M142V01221\" target=\"_blank\" rel=\"noopener noreferrer\">Procesos Avanzados de Extracci\u00f3n<\/a><\/td>\n<td>Optativa<\/td>\n<td>3<\/td>\n<\/tr>\n<tr>\n<td><a href=\"https:\/\/secretaria.uvigo.gal\/docnet-nuevo\/guia_docent\/?assignatura=O01M142V01225\" target=\"_blank\" rel=\"noopener noreferrer\">Dise\u00f1o de Nuevos Productos Alimentarios<\/a><\/td>\n<td>Optativa<\/td>\n<td>3<\/td>\n<\/tr>\n<tr>\n<td><a href=\"https:\/\/secretaria.uvigo.gal\/docnet-nuevo\/guia_docent\/?assignatura=O01M142V01226\" target=\"_blank\" rel=\"noopener noreferrer\">Investigaci\u00f3n e Innovaci\u00f3n de Alimentos Envasados<\/a><\/td>\n<td>Optativa<\/td>\n<td>3<\/td>\n<\/tr>\n<tr>\n<td><a href=\"https:\/\/secretaria.uvigo.gal\/docnet-nuevo\/guia_docent\/?assignatura=O01M142V01227\" target=\"_blank\" rel=\"noopener noreferrer\">Trabajo de Fin de M\u00e1ster<\/a><\/td>\n<td>Obligatoria<\/td>\n<td>12<\/td>\n<\/tr>\n<\/tbody>\n<\/table>\n<\/div>\n<\/div>\n<\/div>\n<\/div>\n","protected":false},"excerpt":{"rendered":"<p>1\u00ba cuatrimestre Materia Car\u00e1cter ECTS Bioestad\u00edstica y Dise\u00f1o Experimental Obligatoria 3 M\u00e9todos Matem\u00e1ticos para la Modelizaci\u00f3n de la Investigaci\u00f3n Obligatoria 3 T\u00e9cnicas de Documentaci\u00f3n para &hellip; <a class=\"excerpt_more\" href=\"https:\/\/fcou.uvigo.es\/es\/estudios\/master-cytaa-2\/docencia\/plan-de-estudios-e-guias-docentes\/\">Contin\u00faa<\/a><\/p>\n","protected":false},"author":8,"featured_media":0,"parent":268295,"menu_order":3,"comment_status":"closed","ping_status":"closed","template":"","meta":{"_acf_changed":false,"footnotes":""},"acf":[],"yoast_head":"<title>Plan de estudios y gu\u00edas docentes | Facultade de Ciencias<\/title>\n<meta name=\"robots\" content=\"index, follow, max-snippet:-1, max-image-preview:large, max-video-preview:-1\" \/>\n<link rel=\"canonical\" href=\"https:\/\/fcou.uvigo.es\/es\/estudios\/master-cytaa-2\/docencia\/plan-de-estudios-e-guias-docentes\/\" \/>\n<meta property=\"og:locale\" content=\"es_ES\" \/>\n<meta property=\"og:type\" content=\"article\" \/>\n<meta property=\"og:title\" content=\"Plan de estudios y gu\u00edas docentes | Facultade de Ciencias\" \/>\n<meta property=\"og:description\" content=\"1\u00ba cuatrimestre Materia Car\u00e1cter ECTS Bioestad\u00edstica y Dise\u00f1o Experimental Obligatoria 3 M\u00e9todos Matem\u00e1ticos para la Modelizaci\u00f3n de la Investigaci\u00f3n Obligatoria 3 T\u00e9cnicas de Documentaci\u00f3n para &hellip; Contin\u00faa\" \/>\n<meta property=\"og:url\" content=\"https:\/\/fcou.uvigo.es\/es\/estudios\/master-cytaa-2\/docencia\/plan-de-estudios-e-guias-docentes\/\" \/>\n<meta property=\"og:site_name\" content=\"Facultade de Ciencias\" \/>\n<meta property=\"article:modified_time\" content=\"2024-06-03T14:55:04+00:00\" \/>\n<meta name=\"twitter:card\" content=\"summary_large_image\" \/>\n<meta name=\"twitter:label1\" content=\"Est. reading time\" \/>\n\t<meta name=\"twitter:data1\" content=\"2 minutes\" \/>\n<script type=\"application\/ld+json\" class=\"yoast-schema-graph\">{\"@context\":\"https:\/\/schema.org\",\"@graph\":[{\"@type\":\"WebPage\",\"@id\":\"https:\/\/fcou.uvigo.es\/es\/estudios\/master-cytaa-2\/docencia\/plan-de-estudios-e-guias-docentes\/\",\"url\":\"https:\/\/fcou.uvigo.es\/es\/estudios\/master-cytaa-2\/docencia\/plan-de-estudios-e-guias-docentes\/\",\"name\":\"Plan de estudios y gu\u00edas docentes | Facultade de Ciencias\",\"isPartOf\":{\"@id\":\"https:\/\/fcou.uvigo.es\/#website\"},\"datePublished\":\"2024-05-28T08:50:30+00:00\",\"dateModified\":\"2024-06-03T14:55:04+00:00\",\"breadcrumb\":{\"@id\":\"https:\/\/fcou.uvigo.es\/es\/estudios\/master-cytaa-2\/docencia\/plan-de-estudios-e-guias-docentes\/#breadcrumb\"},\"inLanguage\":\"es-ES\",\"potentialAction\":[{\"@type\":\"ReadAction\",\"target\":[\"https:\/\/fcou.uvigo.es\/es\/estudios\/master-cytaa-2\/docencia\/plan-de-estudios-e-guias-docentes\/\"]}]},{\"@type\":\"BreadcrumbList\",\"@id\":\"https:\/\/fcou.uvigo.es\/es\/estudios\/master-cytaa-2\/docencia\/plan-de-estudios-e-guias-docentes\/#breadcrumb\",\"itemListElement\":[{\"@type\":\"ListItem\",\"position\":1,\"name\":\"Estudios\",\"item\":\"https:\/\/fcou.uvigo.es\/es\/estudios\/\"},{\"@type\":\"ListItem\",\"position\":2,\"name\":\"M\u00e1ster en Ciencia y Tecnolog\u00eda Agroalimentaria y Ambiental\",\"item\":\"https:\/\/www.fcou.uvigo.es\/es\/estudios\/master-cytaa-2\/\"},{\"@type\":\"ListItem\",\"position\":3,\"name\":\"Docencia\",\"item\":\"https:\/\/fcou.uvigo.es\/es\/estudios\/master-cytaa-2\/docencia\/\"},{\"@type\":\"ListItem\",\"position\":4,\"name\":\"Plan de estudios y gu\u00edas docentes\"}]},{\"@type\":\"WebSite\",\"@id\":\"https:\/\/fcou.uvigo.es\/#website\",\"url\":\"https:\/\/fcou.uvigo.es\/\",\"name\":\"Facultade de Ciencias da Universidade de Vigo\",\"description\":\"Sitio web da Facultade de Ciencias\",\"publisher\":{\"@id\":\"https:\/\/fcou.uvigo.es\/#organization\"},\"potentialAction\":[{\"@type\":\"SearchAction\",\"target\":{\"@type\":\"EntryPoint\",\"urlTemplate\":\"https:\/\/fcou.uvigo.es\/?s={search_term_string}\"},\"query-input\":{\"@type\":\"PropertyValueSpecification\",\"valueRequired\":true,\"valueName\":\"search_term_string\"}}],\"inLanguage\":\"es-ES\"},{\"@type\":\"Organization\",\"@id\":\"https:\/\/fcou.uvigo.es\/#organization\",\"name\":\"Facultade de Ciencias da Universidade de Vigo\",\"url\":\"https:\/\/fcou.uvigo.es\/\",\"logo\":{\"@type\":\"ImageObject\",\"inLanguage\":\"es-ES\",\"@id\":\"https:\/\/fcou.uvigo.es\/#\/schema\/logo\/image\/\",\"url\":\"https:\/\/fcou.uvigo.es\/wp-content\/uploads\/2024\/04\/facultade-ciencias-ourense.png\",\"contentUrl\":\"https:\/\/fcou.uvigo.es\/wp-content\/uploads\/2024\/04\/facultade-ciencias-ourense.png\",\"width\":717,\"height\":165,\"caption\":\"Facultade de Ciencias da Universidade de Vigo\"},\"image\":{\"@id\":\"https:\/\/fcou.uvigo.es\/#\/schema\/logo\/image\/\"}}]}<\/script>","yoast_head_json":{"title":"Plan de estudios y gu\u00edas docentes | Facultade de Ciencias","robots":{"index":"index","follow":"follow","max-snippet":"max-snippet:-1","max-image-preview":"max-image-preview:large","max-video-preview":"max-video-preview:-1"},"canonical":"https:\/\/fcou.uvigo.es\/es\/estudios\/master-cytaa-2\/docencia\/plan-de-estudios-e-guias-docentes\/","og_locale":"es_ES","og_type":"article","og_title":"Plan de estudios y gu\u00edas docentes | Facultade de Ciencias","og_description":"1\u00ba cuatrimestre Materia Car\u00e1cter ECTS Bioestad\u00edstica y Dise\u00f1o Experimental Obligatoria 3 M\u00e9todos Matem\u00e1ticos para la Modelizaci\u00f3n de la Investigaci\u00f3n Obligatoria 3 T\u00e9cnicas de Documentaci\u00f3n para &hellip; Contin\u00faa","og_url":"https:\/\/fcou.uvigo.es\/es\/estudios\/master-cytaa-2\/docencia\/plan-de-estudios-e-guias-docentes\/","og_site_name":"Facultade de Ciencias","article_modified_time":"2024-06-03T14:55:04+00:00","twitter_card":"summary_large_image","twitter_misc":{"Est. reading time":"2 minutes"},"schema":{"@context":"https:\/\/schema.org","@graph":[{"@type":"WebPage","@id":"https:\/\/fcou.uvigo.es\/es\/estudios\/master-cytaa-2\/docencia\/plan-de-estudios-e-guias-docentes\/","url":"https:\/\/fcou.uvigo.es\/es\/estudios\/master-cytaa-2\/docencia\/plan-de-estudios-e-guias-docentes\/","name":"Plan de estudios y gu\u00edas docentes | Facultade de Ciencias","isPartOf":{"@id":"https:\/\/fcou.uvigo.es\/#website"},"datePublished":"2024-05-28T08:50:30+00:00","dateModified":"2024-06-03T14:55:04+00:00","breadcrumb":{"@id":"https:\/\/fcou.uvigo.es\/es\/estudios\/master-cytaa-2\/docencia\/plan-de-estudios-e-guias-docentes\/#breadcrumb"},"inLanguage":"es-ES","potentialAction":[{"@type":"ReadAction","target":["https:\/\/fcou.uvigo.es\/es\/estudios\/master-cytaa-2\/docencia\/plan-de-estudios-e-guias-docentes\/"]}]},{"@type":"BreadcrumbList","@id":"https:\/\/fcou.uvigo.es\/es\/estudios\/master-cytaa-2\/docencia\/plan-de-estudios-e-guias-docentes\/#breadcrumb","itemListElement":[{"@type":"ListItem","position":1,"name":"Estudios","item":"https:\/\/fcou.uvigo.es\/es\/estudios\/"},{"@type":"ListItem","position":2,"name":"M\u00e1ster en Ciencia y Tecnolog\u00eda Agroalimentaria y Ambiental","item":"https:\/\/www.fcou.uvigo.es\/es\/estudios\/master-cytaa-2\/"},{"@type":"ListItem","position":3,"name":"Docencia","item":"https:\/\/fcou.uvigo.es\/es\/estudios\/master-cytaa-2\/docencia\/"},{"@type":"ListItem","position":4,"name":"Plan de estudios y gu\u00edas docentes"}]},{"@type":"WebSite","@id":"https:\/\/fcou.uvigo.es\/#website","url":"https:\/\/fcou.uvigo.es\/","name":"Facultade de Ciencias da Universidade de Vigo","description":"Sitio web da Facultade de Ciencias","publisher":{"@id":"https:\/\/fcou.uvigo.es\/#organization"},"potentialAction":[{"@type":"SearchAction","target":{"@type":"EntryPoint","urlTemplate":"https:\/\/fcou.uvigo.es\/?s={search_term_string}"},"query-input":{"@type":"PropertyValueSpecification","valueRequired":true,"valueName":"search_term_string"}}],"inLanguage":"es-ES"},{"@type":"Organization","@id":"https:\/\/fcou.uvigo.es\/#organization","name":"Facultade de Ciencias da Universidade de Vigo","url":"https:\/\/fcou.uvigo.es\/","logo":{"@type":"ImageObject","inLanguage":"es-ES","@id":"https:\/\/fcou.uvigo.es\/#\/schema\/logo\/image\/","url":"https:\/\/fcou.uvigo.es\/wp-content\/uploads\/2024\/04\/facultade-ciencias-ourense.png","contentUrl":"https:\/\/fcou.uvigo.es\/wp-content\/uploads\/2024\/04\/facultade-ciencias-ourense.png","width":717,"height":165,"caption":"Facultade de Ciencias da Universidade de Vigo"},"image":{"@id":"https:\/\/fcou.uvigo.es\/#\/schema\/logo\/image\/"}}]}},"_links":{"self":[{"href":"https:\/\/fcou.uvigo.es\/es\/wp-json\/wp\/v2\/pages\/268298"}],"collection":[{"href":"https:\/\/fcou.uvigo.es\/es\/wp-json\/wp\/v2\/pages"}],"about":[{"href":"https:\/\/fcou.uvigo.es\/es\/wp-json\/wp\/v2\/types\/page"}],"author":[{"embeddable":true,"href":"https:\/\/fcou.uvigo.es\/es\/wp-json\/wp\/v2\/users\/8"}],"replies":[{"embeddable":true,"href":"https:\/\/fcou.uvigo.es\/es\/wp-json\/wp\/v2\/comments?post=268298"}],"version-history":[{"count":3,"href":"https:\/\/fcou.uvigo.es\/es\/wp-json\/wp\/v2\/pages\/268298\/revisions"}],"predecessor-version":[{"id":268415,"href":"https:\/\/fcou.uvigo.es\/es\/wp-json\/wp\/v2\/pages\/268298\/revisions\/268415"}],"up":[{"embeddable":true,"href":"https:\/\/fcou.uvigo.es\/es\/wp-json\/wp\/v2\/pages\/268295"}],"wp:attachment":[{"href":"https:\/\/fcou.uvigo.es\/es\/wp-json\/wp\/v2\/media?parent=268298"}],"curies":[{"name":"wp","href":"https:\/\/api.w.org\/{rel}","templated":true}]}}