{"id":268300,"date":"2024-05-28T10:53:40","date_gmt":"2024-05-28T08:53:40","guid":{"rendered":"https:\/\/fcou.uvigo.es\/estudios\/master-cytaa\/docencia\/traballo-fin-de-master\/"},"modified":"2025-10-15T13:13:43","modified_gmt":"2025-10-15T11:13:43","slug":"traballo-fin-de-master","status":"publish","type":"page","link":"https:\/\/fcou.uvigo.es\/es\/estudios\/master-cytaa-2\/docencia\/traballo-fin-de-master\/","title":{"rendered":"Trabajo Fin de M\u00e1ster"},"content":{"rendered":"<p>A lo largo del curso el alumnado debe acometer un trabajo de laboratorio con el grupo de investigaci\u00f3n que elija. Despu\u00e9s de realizar el Trabajo Fin de M\u00e1ster, se procede a la \u201cRedacci\u00f3n-Tutor\u00eda\u201d de forma coordinada con los tutores (como m\u00e1ximo 2 tutores de los cuales 1 debe ser profesor del M\u00e1ster).<\/p>\n<div class=\"jumbotron p-7\">\n<p>Siguiendo las recomendaciones marcadas por la Comisi\u00f3n Acad\u00e9mica del M\u00e1ster se debe elaborar:<\/p>\n<ul>\n<li><strong>Un documento en formato art\u00edculo de investigaci\u00f3n<\/strong> (25-30 p\u00e1ginas) con el siguiente modelo:<br \/>\n\u2013 Portada \u2013que debe incluir el nombre del M\u00e1ster de la Universidade, T\u00edtulo del TFM, el nombre del alumno y el nombre del director o del tutor\u2013<br \/>\n\u2013 Resumen<br \/>\n\u2013 Introducci\u00f3n<br \/>\n\u2013 Material y M\u00e9todos<br \/>\n\u2013 Resultados-Discusi\u00f3n<br \/>\n\u2013 Conclusiones<br \/>\n\u2013 Bibliograf\u00eda<\/li>\n<li><strong>Una presentaci\u00f3n en PowerPoint<\/strong> (m\u00e1ximo de 10 diapositivas) que ser\u00e1 presentado delante del tribunal evaluador.<\/li>\n<li><strong>La Hoja de calificaci\u00f3n del Tutor<\/strong>.<\/li>\n<\/ul>\n<\/div>\n<p class=\"header-list\">Reglamento dEL TFM<\/p>\n<ul class=\"list-peak\">\n<li><a href=\"https:\/\/secretaria.uvigo.gal\/uv\/web\/normativa\/public\/show\/549\" target=\"_blank\" rel=\"noopener noreferrer\">Reglamento del TFM en la UVigo<\/a><\/li>\n<\/ul>\n<p class=\"header-list\">Formularios dEL TFM<\/p>\n<ul class=\"list-peak\">\n<li><a href=\"https:\/\/fcou.uvigo.es\/wp-content\/uploads\/2025\/05\/Calificacion_TFM_MCyTAA_2024-25_.pdf\" target=\"_blank\" rel=\"noopener noreferrer\">Calificaci\u00f3n del TFM<\/a><\/li>\n<li><a href=\"https:\/\/fcou.uvigo.es\/wp-content\/uploads\/2024\/06\/Guia-Defensa-TFM_Estudantes.pdf\" target=\"_blank\" rel=\"noopener noreferrer\">Solicitud de defensa en la secretar\u00eda (estudiantado)<\/a><\/li>\n<li><a href=\"https:\/\/fcou.uvigo.es\/wp-content\/uploads\/2024\/06\/Guia-Defensa-TFM_Titor.pdf\" target=\"_blank\" rel=\"noopener noreferrer\">Solicitud de defensa en la secretar\u00eda (tutor\/tutora)<\/a><\/li>\n<\/ul>\n<p class=\"header-list\">TribunaLEs<\/p>\n<ul class=\"list-peak\">\n<li>Tribunal evaluador del TFM<\/li>\n<\/ul>\n<h3>Calendario de defensa do TFM &#8211; Curso 2025\/2026<\/h3>\n<p>&nbsp;<\/p>\n<table>\n<thead>\n<tr>\n<th style=\"text-align: left;\">Convocatoria<\/th>\n<th style=\"text-align: left;\">Defensa<\/th>\n<th style=\"text-align: left;\">Acta TFM<\/th>\n<\/tr>\n<\/thead>\n<tbody>\n<tr>\n<td>Del 09 al 13 de febrero de 2026 (a las 14:00 horas)<\/td>\n<td>25\/02\/2026<\/td>\n<td><span data-olk-copy-source=\"MessageBody\">Del 26 al 27 de febrero de 2026<\/span><\/td>\n<\/tr>\n<tr>\n<td>Del 01 al 05 de junio de 2026 (a las 14:00 horas)<\/td>\n<td>16\/06\/2026<\/td>\n<td><span data-olk-copy-source=\"MessageBody\">Del 01 al 03 de julio de 2026<\/span><\/td>\n<\/tr>\n<tr>\n<td>Del 06 al 10 de julio de 2026 (a las 14:00 horas)<\/td>\n<td>23\/07\/2026<\/td>\n<td><span data-olk-copy-source=\"MessageBody\">Del 24 al 29 de julio de 2026<\/span><\/td>\n<\/tr>\n<\/tbody>\n<\/table>\n<p><a href=\"https:\/\/fcou.uvigo.es\/wp-content\/uploads\/2025\/09\/Calendario_TFM_FCOU_2025-26.pdf\" target=\"_blank\" rel=\"noopener noreferrer\">Calendario del TFM 2025\/2026<\/a><\/p>\n","protected":false},"excerpt":{"rendered":"<p>El Trabajo Fin de M\u00e1ster consiste en una investigaci\u00f3n, original e in\u00e9dita, vinculada a la pr\u00e1ctica profesional.<\/p>\n","protected":false},"author":8,"featured_media":0,"parent":268295,"menu_order":5,"comment_status":"closed","ping_status":"closed","template":"","meta":{"_acf_changed":false,"footnotes":""},"acf":[],"yoast_head":"<title>Trabajo Fin de M\u00e1ster | Facultade de Ciencias<\/title>\n<meta name=\"robots\" content=\"index, follow, max-snippet:-1, max-image-preview:large, max-video-preview:-1\" \/>\n<link rel=\"canonical\" href=\"https:\/\/fcou.uvigo.es\/es\/estudios\/master-cytaa-2\/docencia\/traballo-fin-de-master\/\" \/>\n<meta property=\"og:locale\" content=\"es_ES\" \/>\n<meta property=\"og:type\" content=\"article\" \/>\n<meta property=\"og:title\" content=\"Trabajo Fin de M\u00e1ster | Facultade de Ciencias\" \/>\n<meta property=\"og:description\" content=\"El Trabajo Fin de M\u00e1ster consiste en una investigaci\u00f3n, original e in\u00e9dita, vinculada a la pr\u00e1ctica profesional.\" \/>\n<meta property=\"og:url\" content=\"https:\/\/fcou.uvigo.es\/es\/estudios\/master-cytaa-2\/docencia\/traballo-fin-de-master\/\" \/>\n<meta property=\"og:site_name\" content=\"Facultade de Ciencias\" \/>\n<meta property=\"article:modified_time\" content=\"2025-10-15T11:13:43+00:00\" \/>\n<meta name=\"twitter:card\" content=\"summary_large_image\" \/>\n<meta name=\"twitter:label1\" content=\"Est. reading time\" \/>\n\t<meta name=\"twitter:data1\" content=\"2 minutes\" \/>\n<script type=\"application\/ld+json\" class=\"yoast-schema-graph\">{\"@context\":\"https:\/\/schema.org\",\"@graph\":[{\"@type\":\"WebPage\",\"@id\":\"https:\/\/fcou.uvigo.es\/es\/estudios\/master-cytaa-2\/docencia\/traballo-fin-de-master\/\",\"url\":\"https:\/\/fcou.uvigo.es\/es\/estudios\/master-cytaa-2\/docencia\/traballo-fin-de-master\/\",\"name\":\"Trabajo Fin de M\u00e1ster | Facultade de Ciencias\",\"isPartOf\":{\"@id\":\"https:\/\/fcou.uvigo.es\/#website\"},\"datePublished\":\"2024-05-28T08:53:40+00:00\",\"dateModified\":\"2025-10-15T11:13:43+00:00\",\"breadcrumb\":{\"@id\":\"https:\/\/fcou.uvigo.es\/es\/estudios\/master-cytaa-2\/docencia\/traballo-fin-de-master\/#breadcrumb\"},\"inLanguage\":\"es-ES\",\"potentialAction\":[{\"@type\":\"ReadAction\",\"target\":[\"https:\/\/fcou.uvigo.es\/es\/estudios\/master-cytaa-2\/docencia\/traballo-fin-de-master\/\"]}]},{\"@type\":\"BreadcrumbList\",\"@id\":\"https:\/\/fcou.uvigo.es\/es\/estudios\/master-cytaa-2\/docencia\/traballo-fin-de-master\/#breadcrumb\",\"itemListElement\":[{\"@type\":\"ListItem\",\"position\":1,\"name\":\"Estudios\",\"item\":\"https:\/\/fcou.uvigo.es\/es\/estudios\/\"},{\"@type\":\"ListItem\",\"position\":2,\"name\":\"M\u00e1ster en Ciencia y Tecnolog\u00eda Agroalimentaria y Ambiental\",\"item\":\"https:\/\/www.fcou.uvigo.es\/es\/estudios\/master-cytaa-2\/\"},{\"@type\":\"ListItem\",\"position\":3,\"name\":\"Docencia\",\"item\":\"https:\/\/fcou.uvigo.es\/es\/estudios\/master-cytaa-2\/docencia\/\"},{\"@type\":\"ListItem\",\"position\":4,\"name\":\"Trabajo Fin de M\u00e1ster\"}]},{\"@type\":\"WebSite\",\"@id\":\"https:\/\/fcou.uvigo.es\/#website\",\"url\":\"https:\/\/fcou.uvigo.es\/\",\"name\":\"Facultade de Ciencias da Universidade de Vigo\",\"description\":\"Sitio web da Facultade de Ciencias\",\"publisher\":{\"@id\":\"https:\/\/fcou.uvigo.es\/#organization\"},\"potentialAction\":[{\"@type\":\"SearchAction\",\"target\":{\"@type\":\"EntryPoint\",\"urlTemplate\":\"https:\/\/fcou.uvigo.es\/?s={search_term_string}\"},\"query-input\":{\"@type\":\"PropertyValueSpecification\",\"valueRequired\":true,\"valueName\":\"search_term_string\"}}],\"inLanguage\":\"es-ES\"},{\"@type\":\"Organization\",\"@id\":\"https:\/\/fcou.uvigo.es\/#organization\",\"name\":\"Facultade de Ciencias da Universidade de Vigo\",\"url\":\"https:\/\/fcou.uvigo.es\/\",\"logo\":{\"@type\":\"ImageObject\",\"inLanguage\":\"es-ES\",\"@id\":\"https:\/\/fcou.uvigo.es\/#\/schema\/logo\/image\/\",\"url\":\"https:\/\/fcou.uvigo.es\/wp-content\/uploads\/2024\/04\/facultade-ciencias-ourense.png\",\"contentUrl\":\"https:\/\/fcou.uvigo.es\/wp-content\/uploads\/2024\/04\/facultade-ciencias-ourense.png\",\"width\":717,\"height\":165,\"caption\":\"Facultade de Ciencias da Universidade de Vigo\"},\"image\":{\"@id\":\"https:\/\/fcou.uvigo.es\/#\/schema\/logo\/image\/\"}}]}<\/script>","yoast_head_json":{"title":"Trabajo Fin de M\u00e1ster | Facultade de Ciencias","robots":{"index":"index","follow":"follow","max-snippet":"max-snippet:-1","max-image-preview":"max-image-preview:large","max-video-preview":"max-video-preview:-1"},"canonical":"https:\/\/fcou.uvigo.es\/es\/estudios\/master-cytaa-2\/docencia\/traballo-fin-de-master\/","og_locale":"es_ES","og_type":"article","og_title":"Trabajo Fin de M\u00e1ster | Facultade de Ciencias","og_description":"El Trabajo Fin de M\u00e1ster consiste en una investigaci\u00f3n, original e in\u00e9dita, vinculada a la pr\u00e1ctica profesional.","og_url":"https:\/\/fcou.uvigo.es\/es\/estudios\/master-cytaa-2\/docencia\/traballo-fin-de-master\/","og_site_name":"Facultade de Ciencias","article_modified_time":"2025-10-15T11:13:43+00:00","twitter_card":"summary_large_image","twitter_misc":{"Est. reading time":"2 minutes"},"schema":{"@context":"https:\/\/schema.org","@graph":[{"@type":"WebPage","@id":"https:\/\/fcou.uvigo.es\/es\/estudios\/master-cytaa-2\/docencia\/traballo-fin-de-master\/","url":"https:\/\/fcou.uvigo.es\/es\/estudios\/master-cytaa-2\/docencia\/traballo-fin-de-master\/","name":"Trabajo Fin de M\u00e1ster | Facultade de Ciencias","isPartOf":{"@id":"https:\/\/fcou.uvigo.es\/#website"},"datePublished":"2024-05-28T08:53:40+00:00","dateModified":"2025-10-15T11:13:43+00:00","breadcrumb":{"@id":"https:\/\/fcou.uvigo.es\/es\/estudios\/master-cytaa-2\/docencia\/traballo-fin-de-master\/#breadcrumb"},"inLanguage":"es-ES","potentialAction":[{"@type":"ReadAction","target":["https:\/\/fcou.uvigo.es\/es\/estudios\/master-cytaa-2\/docencia\/traballo-fin-de-master\/"]}]},{"@type":"BreadcrumbList","@id":"https:\/\/fcou.uvigo.es\/es\/estudios\/master-cytaa-2\/docencia\/traballo-fin-de-master\/#breadcrumb","itemListElement":[{"@type":"ListItem","position":1,"name":"Estudios","item":"https:\/\/fcou.uvigo.es\/es\/estudios\/"},{"@type":"ListItem","position":2,"name":"M\u00e1ster en Ciencia y Tecnolog\u00eda Agroalimentaria y Ambiental","item":"https:\/\/www.fcou.uvigo.es\/es\/estudios\/master-cytaa-2\/"},{"@type":"ListItem","position":3,"name":"Docencia","item":"https:\/\/fcou.uvigo.es\/es\/estudios\/master-cytaa-2\/docencia\/"},{"@type":"ListItem","position":4,"name":"Trabajo Fin de M\u00e1ster"}]},{"@type":"WebSite","@id":"https:\/\/fcou.uvigo.es\/#website","url":"https:\/\/fcou.uvigo.es\/","name":"Facultade de Ciencias da Universidade de Vigo","description":"Sitio web da Facultade de Ciencias","publisher":{"@id":"https:\/\/fcou.uvigo.es\/#organization"},"potentialAction":[{"@type":"SearchAction","target":{"@type":"EntryPoint","urlTemplate":"https:\/\/fcou.uvigo.es\/?s={search_term_string}"},"query-input":{"@type":"PropertyValueSpecification","valueRequired":true,"valueName":"search_term_string"}}],"inLanguage":"es-ES"},{"@type":"Organization","@id":"https:\/\/fcou.uvigo.es\/#organization","name":"Facultade de Ciencias da Universidade de Vigo","url":"https:\/\/fcou.uvigo.es\/","logo":{"@type":"ImageObject","inLanguage":"es-ES","@id":"https:\/\/fcou.uvigo.es\/#\/schema\/logo\/image\/","url":"https:\/\/fcou.uvigo.es\/wp-content\/uploads\/2024\/04\/facultade-ciencias-ourense.png","contentUrl":"https:\/\/fcou.uvigo.es\/wp-content\/uploads\/2024\/04\/facultade-ciencias-ourense.png","width":717,"height":165,"caption":"Facultade de Ciencias da Universidade de Vigo"},"image":{"@id":"https:\/\/fcou.uvigo.es\/#\/schema\/logo\/image\/"}}]}},"_links":{"self":[{"href":"https:\/\/fcou.uvigo.es\/es\/wp-json\/wp\/v2\/pages\/268300"}],"collection":[{"href":"https:\/\/fcou.uvigo.es\/es\/wp-json\/wp\/v2\/pages"}],"about":[{"href":"https:\/\/fcou.uvigo.es\/es\/wp-json\/wp\/v2\/types\/page"}],"author":[{"embeddable":true,"href":"https:\/\/fcou.uvigo.es\/es\/wp-json\/wp\/v2\/users\/8"}],"replies":[{"embeddable":true,"href":"https:\/\/fcou.uvigo.es\/es\/wp-json\/wp\/v2\/comments?post=268300"}],"version-history":[{"count":14,"href":"https:\/\/fcou.uvigo.es\/es\/wp-json\/wp\/v2\/pages\/268300\/revisions"}],"predecessor-version":[{"id":270206,"href":"https:\/\/fcou.uvigo.es\/es\/wp-json\/wp\/v2\/pages\/268300\/revisions\/270206"}],"up":[{"embeddable":true,"href":"https:\/\/fcou.uvigo.es\/es\/wp-json\/wp\/v2\/pages\/268295"}],"wp:attachment":[{"href":"https:\/\/fcou.uvigo.es\/es\/wp-json\/wp\/v2\/media?parent=268300"}],"curies":[{"name":"wp","href":"https:\/\/api.w.org\/{rel}","templated":true}]}}