{"id":268301,"date":"2024-05-28T10:16:03","date_gmt":"2024-05-28T08:16:03","guid":{"rendered":"https:\/\/fcou.uvigo.es\/estudios\/master-cytaa\/alumnado\/"},"modified":"2024-06-03T17:12:46","modified_gmt":"2024-06-03T15:12:46","slug":"alumnado","status":"publish","type":"page","link":"https:\/\/fcou.uvigo.es\/es\/estudios\/master-cytaa-2\/alumnado\/","title":{"rendered":"Estudiantado"},"content":{"rendered":"<p>En los enlaces de bajo puedes encontrar toda la informaci\u00f3n necesaria:<\/p>\n<ul class=\"list-peak\">\n<li><a href=\"https:\/\/fcou.uvigo.es\/es\/estudiantes\/orientacion-al-estudiantado\/\">Orientaci\u00f3n al estudiantado<\/a><\/li>\n<li><a href=\"https:\/\/fcou.uvigo.es\/es\/estudiantes\/plan-de-accion-tutorial\/\">Plan de acci\u00f3n titorial<\/a><\/li>\n<li><a href=\"https:\/\/fcou.uvigo.es\/es\/estudiantes\/movilidad\/\">Mobilidad<\/a><\/li>\n<li><a href=\"https:\/\/fcou.uvigo.es\/es\/estudiantes\/becas-y-ayudas\/\">Becas y ayudas<\/a><\/li>\n<\/ul>\n","protected":false},"excerpt":{"rendered":"<p>Para el alumnado que cursa el m\u00e1ster en Ciencia y Tecnolog\u00eda Agroalimentaria y Ambiental, la Facultade de Ciencias dispone de una serie de mecanismos de apoyo y orientaci\u00f3n, as\u00ed como recursos informativos sobre a movilidad estudiantil y las posibles ayudas economicas para realizar los estudios.<\/p>\n","protected":false},"author":8,"featured_media":0,"parent":268285,"menu_order":7,"comment_status":"closed","ping_status":"closed","template":"","meta":{"_acf_changed":false,"footnotes":""},"acf":[],"yoast_head":"<title>Estudiantado | Facultade de Ciencias<\/title>\n<meta name=\"robots\" content=\"index, follow, max-snippet:-1, max-image-preview:large, max-video-preview:-1\" \/>\n<link rel=\"canonical\" href=\"https:\/\/www.fcou.uvigo.es\/es\/estudios\/master-cytaa-2\/alumnado\/\" \/>\n<meta property=\"og:locale\" content=\"es_ES\" \/>\n<meta property=\"og:type\" content=\"article\" \/>\n<meta property=\"og:title\" content=\"Estudiantado | Facultade de Ciencias\" \/>\n<meta property=\"og:description\" content=\"Para el alumnado que cursa el m\u00e1ster en Ciencia y Tecnolog\u00eda Agroalimentaria y Ambiental, la Facultade de Ciencias dispone de una serie de mecanismos de apoyo y orientaci\u00f3n, as\u00ed como recursos informativos sobre a movilidad estudiantil y las posibles ayudas economicas para realizar los estudios.\" \/>\n<meta property=\"og:url\" content=\"https:\/\/www.fcou.uvigo.es\/es\/estudios\/master-cytaa-2\/alumnado\/\" \/>\n<meta property=\"og:site_name\" content=\"Facultade de Ciencias\" \/>\n<meta property=\"article:modified_time\" content=\"2024-06-03T15:12:46+00:00\" \/>\n<meta name=\"twitter:card\" content=\"summary_large_image\" \/>\n<meta name=\"twitter:label1\" content=\"Est. reading time\" \/>\n\t<meta name=\"twitter:data1\" content=\"1 minute\" \/>\n<script type=\"application\/ld+json\" class=\"yoast-schema-graph\">{\"@context\":\"https:\/\/schema.org\",\"@graph\":[{\"@type\":\"WebPage\",\"@id\":\"https:\/\/www.fcou.uvigo.es\/es\/estudios\/master-cytaa-2\/alumnado\/\",\"url\":\"https:\/\/www.fcou.uvigo.es\/es\/estudios\/master-cytaa-2\/alumnado\/\",\"name\":\"Estudiantado | Facultade de Ciencias\",\"isPartOf\":{\"@id\":\"https:\/\/fcou.uvigo.es\/#website\"},\"datePublished\":\"2024-05-28T08:16:03+00:00\",\"dateModified\":\"2024-06-03T15:12:46+00:00\",\"breadcrumb\":{\"@id\":\"https:\/\/www.fcou.uvigo.es\/es\/estudios\/master-cytaa-2\/alumnado\/#breadcrumb\"},\"inLanguage\":\"es-ES\",\"potentialAction\":[{\"@type\":\"ReadAction\",\"target\":[\"https:\/\/www.fcou.uvigo.es\/es\/estudios\/master-cytaa-2\/alumnado\/\"]}]},{\"@type\":\"BreadcrumbList\",\"@id\":\"https:\/\/www.fcou.uvigo.es\/es\/estudios\/master-cytaa-2\/alumnado\/#breadcrumb\",\"itemListElement\":[{\"@type\":\"ListItem\",\"position\":1,\"name\":\"Estudios\",\"item\":\"https:\/\/fcou.uvigo.es\/es\/estudios\/\"},{\"@type\":\"ListItem\",\"position\":2,\"name\":\"M\u00e1ster en Ciencia y Tecnolog\u00eda Agroalimentaria y Ambiental\",\"item\":\"https:\/\/www.fcou.uvigo.es\/es\/estudios\/master-cytaa-2\/\"},{\"@type\":\"ListItem\",\"position\":3,\"name\":\"Estudiantado\"}]},{\"@type\":\"WebSite\",\"@id\":\"https:\/\/fcou.uvigo.es\/#website\",\"url\":\"https:\/\/fcou.uvigo.es\/\",\"name\":\"Facultade de Ciencias da Universidade de Vigo\",\"description\":\"Sitio web da Facultade de Ciencias\",\"publisher\":{\"@id\":\"https:\/\/fcou.uvigo.es\/#organization\"},\"potentialAction\":[{\"@type\":\"SearchAction\",\"target\":{\"@type\":\"EntryPoint\",\"urlTemplate\":\"https:\/\/fcou.uvigo.es\/?s={search_term_string}\"},\"query-input\":{\"@type\":\"PropertyValueSpecification\",\"valueRequired\":true,\"valueName\":\"search_term_string\"}}],\"inLanguage\":\"es-ES\"},{\"@type\":\"Organization\",\"@id\":\"https:\/\/fcou.uvigo.es\/#organization\",\"name\":\"Facultade de Ciencias da Universidade de Vigo\",\"url\":\"https:\/\/fcou.uvigo.es\/\",\"logo\":{\"@type\":\"ImageObject\",\"inLanguage\":\"es-ES\",\"@id\":\"https:\/\/fcou.uvigo.es\/#\/schema\/logo\/image\/\",\"url\":\"https:\/\/fcou.uvigo.es\/wp-content\/uploads\/2024\/04\/facultade-ciencias-ourense.png\",\"contentUrl\":\"https:\/\/fcou.uvigo.es\/wp-content\/uploads\/2024\/04\/facultade-ciencias-ourense.png\",\"width\":717,\"height\":165,\"caption\":\"Facultade de Ciencias da Universidade de Vigo\"},\"image\":{\"@id\":\"https:\/\/fcou.uvigo.es\/#\/schema\/logo\/image\/\"}}]}<\/script>","yoast_head_json":{"title":"Estudiantado | Facultade de Ciencias","robots":{"index":"index","follow":"follow","max-snippet":"max-snippet:-1","max-image-preview":"max-image-preview:large","max-video-preview":"max-video-preview:-1"},"canonical":"https:\/\/www.fcou.uvigo.es\/es\/estudios\/master-cytaa-2\/alumnado\/","og_locale":"es_ES","og_type":"article","og_title":"Estudiantado | Facultade de Ciencias","og_description":"Para el alumnado que cursa el m\u00e1ster en Ciencia y Tecnolog\u00eda Agroalimentaria y Ambiental, la Facultade de Ciencias dispone de una serie de mecanismos de apoyo y orientaci\u00f3n, as\u00ed como recursos informativos sobre a movilidad estudiantil y las posibles ayudas economicas para realizar los estudios.","og_url":"https:\/\/www.fcou.uvigo.es\/es\/estudios\/master-cytaa-2\/alumnado\/","og_site_name":"Facultade de Ciencias","article_modified_time":"2024-06-03T15:12:46+00:00","twitter_card":"summary_large_image","twitter_misc":{"Est. reading time":"1 minute"},"schema":{"@context":"https:\/\/schema.org","@graph":[{"@type":"WebPage","@id":"https:\/\/www.fcou.uvigo.es\/es\/estudios\/master-cytaa-2\/alumnado\/","url":"https:\/\/www.fcou.uvigo.es\/es\/estudios\/master-cytaa-2\/alumnado\/","name":"Estudiantado | Facultade de Ciencias","isPartOf":{"@id":"https:\/\/fcou.uvigo.es\/#website"},"datePublished":"2024-05-28T08:16:03+00:00","dateModified":"2024-06-03T15:12:46+00:00","breadcrumb":{"@id":"https:\/\/www.fcou.uvigo.es\/es\/estudios\/master-cytaa-2\/alumnado\/#breadcrumb"},"inLanguage":"es-ES","potentialAction":[{"@type":"ReadAction","target":["https:\/\/www.fcou.uvigo.es\/es\/estudios\/master-cytaa-2\/alumnado\/"]}]},{"@type":"BreadcrumbList","@id":"https:\/\/www.fcou.uvigo.es\/es\/estudios\/master-cytaa-2\/alumnado\/#breadcrumb","itemListElement":[{"@type":"ListItem","position":1,"name":"Estudios","item":"https:\/\/fcou.uvigo.es\/es\/estudios\/"},{"@type":"ListItem","position":2,"name":"M\u00e1ster en Ciencia y Tecnolog\u00eda Agroalimentaria y Ambiental","item":"https:\/\/www.fcou.uvigo.es\/es\/estudios\/master-cytaa-2\/"},{"@type":"ListItem","position":3,"name":"Estudiantado"}]},{"@type":"WebSite","@id":"https:\/\/fcou.uvigo.es\/#website","url":"https:\/\/fcou.uvigo.es\/","name":"Facultade de Ciencias da Universidade de Vigo","description":"Sitio web da Facultade de Ciencias","publisher":{"@id":"https:\/\/fcou.uvigo.es\/#organization"},"potentialAction":[{"@type":"SearchAction","target":{"@type":"EntryPoint","urlTemplate":"https:\/\/fcou.uvigo.es\/?s={search_term_string}"},"query-input":{"@type":"PropertyValueSpecification","valueRequired":true,"valueName":"search_term_string"}}],"inLanguage":"es-ES"},{"@type":"Organization","@id":"https:\/\/fcou.uvigo.es\/#organization","name":"Facultade de Ciencias da Universidade de Vigo","url":"https:\/\/fcou.uvigo.es\/","logo":{"@type":"ImageObject","inLanguage":"es-ES","@id":"https:\/\/fcou.uvigo.es\/#\/schema\/logo\/image\/","url":"https:\/\/fcou.uvigo.es\/wp-content\/uploads\/2024\/04\/facultade-ciencias-ourense.png","contentUrl":"https:\/\/fcou.uvigo.es\/wp-content\/uploads\/2024\/04\/facultade-ciencias-ourense.png","width":717,"height":165,"caption":"Facultade de Ciencias da Universidade de Vigo"},"image":{"@id":"https:\/\/fcou.uvigo.es\/#\/schema\/logo\/image\/"}}]}},"_links":{"self":[{"href":"https:\/\/fcou.uvigo.es\/es\/wp-json\/wp\/v2\/pages\/268301"}],"collection":[{"href":"https:\/\/fcou.uvigo.es\/es\/wp-json\/wp\/v2\/pages"}],"about":[{"href":"https:\/\/fcou.uvigo.es\/es\/wp-json\/wp\/v2\/types\/page"}],"author":[{"embeddable":true,"href":"https:\/\/fcou.uvigo.es\/es\/wp-json\/wp\/v2\/users\/8"}],"replies":[{"embeddable":true,"href":"https:\/\/fcou.uvigo.es\/es\/wp-json\/wp\/v2\/comments?post=268301"}],"version-history":[{"count":4,"href":"https:\/\/fcou.uvigo.es\/es\/wp-json\/wp\/v2\/pages\/268301\/revisions"}],"predecessor-version":[{"id":268427,"href":"https:\/\/fcou.uvigo.es\/es\/wp-json\/wp\/v2\/pages\/268301\/revisions\/268427"}],"up":[{"embeddable":true,"href":"https:\/\/fcou.uvigo.es\/es\/wp-json\/wp\/v2\/pages\/268285"}],"wp:attachment":[{"href":"https:\/\/fcou.uvigo.es\/es\/wp-json\/wp\/v2\/media?parent=268301"}],"curies":[{"name":"wp","href":"https:\/\/api.w.org\/{rel}","templated":true}]}}