{"id":268302,"date":"2024-05-28T10:16:04","date_gmt":"2024-05-28T08:16:04","guid":{"rendered":"https:\/\/fcou.uvigo.es\/estudios\/master-cytaa\/calidade\/"},"modified":"2024-06-03T17:16:45","modified_gmt":"2024-06-03T15:16:45","slug":"calidade","status":"publish","type":"page","link":"https:\/\/fcou.uvigo.es\/es\/estudios\/master-cytaa-2\/calidade\/","title":{"rendered":"Calidad"},"content":{"rendered":"<p>El Sistema de Garant\u00eda Interna de Calidade tiene como objetivo gestionar de forma sistem\u00e1tica y estructurada la calidad de los centros y t\u00edtulos con una orientaci\u00f3n hacia un avance continuo. Bajo este enfoque:<\/p>\n<ul>\n<li>Se establecen documentalmente las actividades a desarrollar, de suerte que den respuesta a las exigencias normativas y de los grupos de inter\u00e9s<\/li>\n<li>Se recogen registros adecuados, como prueba del funcionamiento y eficacia del sistema<\/li>\n<li>Se analizan sistem\u00e1ticamente los resultados<\/li>\n<li>Se toman las decisiones precisas para su avance y para satisfacer las necesidades y expectativas de los grupos de inter\u00e9s<\/li>\n<\/ul>\n<p>La Axencia para a Calidade do Sistema Universitario de Galicia (ACSUG) certific\u00f3 el 27 de julio de 2009 que el SGIC de la Facultade de Ciencias fue dise\u00f1ado conforme a las directrices establecidas en el programa FIDES-AUDIT (Certificado N\u00ba 15\/09).<\/p>\n<p class=\"mb-2\"><a class=\"btn btn-outline-primary btn-icon\" href=\"https:\/\/fcou.uvigo.es\/es\/facultad\/calidad\/sgc\/\" target=\"_blank\" rel=\"noopener noreferrer\">IR Al SISTEMA DE GARANT\u00cdA DE CALIDAD De lA FACULTAD<\/a><\/p>\n","protected":false},"excerpt":{"rendered":"<p>El dise\u00f1o e implantaci\u00f3n del Sistema de Garant\u00eda de Calidade (SGIC) es competencia de la Facultade de Ciencias. El M\u00e1ster en Ciencia y Tecnolog\u00eda Agroalimentaria y Ambiental, como todas las titulaciones adscritas a la Facultade de Ciencias, se adhiere al SGIC.<\/p>\n","protected":false},"author":8,"featured_media":0,"parent":268285,"menu_order":8,"comment_status":"closed","ping_status":"closed","template":"","meta":{"_acf_changed":false,"footnotes":""},"acf":[],"yoast_head":"<title>Calidad | Facultade de Ciencias<\/title>\n<meta name=\"robots\" content=\"index, follow, max-snippet:-1, max-image-preview:large, max-video-preview:-1\" \/>\n<link rel=\"canonical\" href=\"https:\/\/fcou.uvigo.es\/es\/estudios\/master-cytaa-2\/calidade\/\" \/>\n<meta property=\"og:locale\" content=\"es_ES\" \/>\n<meta property=\"og:type\" content=\"article\" \/>\n<meta property=\"og:title\" content=\"Calidad | Facultade de Ciencias\" \/>\n<meta property=\"og:description\" content=\"El dise\u00f1o e implantaci\u00f3n del Sistema de Garant\u00eda de Calidade (SGIC) es competencia de la Facultade de Ciencias. El M\u00e1ster en Ciencia y Tecnolog\u00eda Agroalimentaria y Ambiental, como todas las titulaciones adscritas a la Facultade de Ciencias, se adhiere al SGIC.\" \/>\n<meta property=\"og:url\" content=\"https:\/\/fcou.uvigo.es\/es\/estudios\/master-cytaa-2\/calidade\/\" \/>\n<meta property=\"og:site_name\" content=\"Facultade de Ciencias\" \/>\n<meta property=\"article:modified_time\" content=\"2024-06-03T15:16:45+00:00\" \/>\n<meta name=\"twitter:card\" content=\"summary_large_image\" \/>\n<meta name=\"twitter:label1\" content=\"Est. reading time\" \/>\n\t<meta name=\"twitter:data1\" content=\"1 minute\" \/>\n<script type=\"application\/ld+json\" class=\"yoast-schema-graph\">{\"@context\":\"https:\/\/schema.org\",\"@graph\":[{\"@type\":\"WebPage\",\"@id\":\"https:\/\/fcou.uvigo.es\/es\/estudios\/master-cytaa-2\/calidade\/\",\"url\":\"https:\/\/fcou.uvigo.es\/es\/estudios\/master-cytaa-2\/calidade\/\",\"name\":\"Calidad | Facultade de Ciencias\",\"isPartOf\":{\"@id\":\"https:\/\/fcou.uvigo.es\/#website\"},\"datePublished\":\"2024-05-28T08:16:04+00:00\",\"dateModified\":\"2024-06-03T15:16:45+00:00\",\"breadcrumb\":{\"@id\":\"https:\/\/fcou.uvigo.es\/es\/estudios\/master-cytaa-2\/calidade\/#breadcrumb\"},\"inLanguage\":\"es-ES\",\"potentialAction\":[{\"@type\":\"ReadAction\",\"target\":[\"https:\/\/fcou.uvigo.es\/es\/estudios\/master-cytaa-2\/calidade\/\"]}]},{\"@type\":\"BreadcrumbList\",\"@id\":\"https:\/\/fcou.uvigo.es\/es\/estudios\/master-cytaa-2\/calidade\/#breadcrumb\",\"itemListElement\":[{\"@type\":\"ListItem\",\"position\":1,\"name\":\"Estudios\",\"item\":\"https:\/\/fcou.uvigo.es\/es\/estudios\/\"},{\"@type\":\"ListItem\",\"position\":2,\"name\":\"M\u00e1ster en Ciencia y Tecnolog\u00eda Agroalimentaria y Ambiental\",\"item\":\"https:\/\/www.fcou.uvigo.es\/es\/estudios\/master-cytaa-2\/\"},{\"@type\":\"ListItem\",\"position\":3,\"name\":\"Calidad\"}]},{\"@type\":\"WebSite\",\"@id\":\"https:\/\/fcou.uvigo.es\/#website\",\"url\":\"https:\/\/fcou.uvigo.es\/\",\"name\":\"Facultade de Ciencias da Universidade de Vigo\",\"description\":\"Sitio web da Facultade de Ciencias\",\"publisher\":{\"@id\":\"https:\/\/fcou.uvigo.es\/#organization\"},\"potentialAction\":[{\"@type\":\"SearchAction\",\"target\":{\"@type\":\"EntryPoint\",\"urlTemplate\":\"https:\/\/fcou.uvigo.es\/?s={search_term_string}\"},\"query-input\":{\"@type\":\"PropertyValueSpecification\",\"valueRequired\":true,\"valueName\":\"search_term_string\"}}],\"inLanguage\":\"es-ES\"},{\"@type\":\"Organization\",\"@id\":\"https:\/\/fcou.uvigo.es\/#organization\",\"name\":\"Facultade de Ciencias da Universidade de Vigo\",\"url\":\"https:\/\/fcou.uvigo.es\/\",\"logo\":{\"@type\":\"ImageObject\",\"inLanguage\":\"es-ES\",\"@id\":\"https:\/\/fcou.uvigo.es\/#\/schema\/logo\/image\/\",\"url\":\"https:\/\/fcou.uvigo.es\/wp-content\/uploads\/2024\/04\/facultade-ciencias-ourense.png\",\"contentUrl\":\"https:\/\/fcou.uvigo.es\/wp-content\/uploads\/2024\/04\/facultade-ciencias-ourense.png\",\"width\":717,\"height\":165,\"caption\":\"Facultade de Ciencias da Universidade de Vigo\"},\"image\":{\"@id\":\"https:\/\/fcou.uvigo.es\/#\/schema\/logo\/image\/\"}}]}<\/script>","yoast_head_json":{"title":"Calidad | Facultade de Ciencias","robots":{"index":"index","follow":"follow","max-snippet":"max-snippet:-1","max-image-preview":"max-image-preview:large","max-video-preview":"max-video-preview:-1"},"canonical":"https:\/\/fcou.uvigo.es\/es\/estudios\/master-cytaa-2\/calidade\/","og_locale":"es_ES","og_type":"article","og_title":"Calidad | Facultade de Ciencias","og_description":"El dise\u00f1o e implantaci\u00f3n del Sistema de Garant\u00eda de Calidade (SGIC) es competencia de la Facultade de Ciencias. El M\u00e1ster en Ciencia y Tecnolog\u00eda Agroalimentaria y Ambiental, como todas las titulaciones adscritas a la Facultade de Ciencias, se adhiere al SGIC.","og_url":"https:\/\/fcou.uvigo.es\/es\/estudios\/master-cytaa-2\/calidade\/","og_site_name":"Facultade de Ciencias","article_modified_time":"2024-06-03T15:16:45+00:00","twitter_card":"summary_large_image","twitter_misc":{"Est. reading time":"1 minute"},"schema":{"@context":"https:\/\/schema.org","@graph":[{"@type":"WebPage","@id":"https:\/\/fcou.uvigo.es\/es\/estudios\/master-cytaa-2\/calidade\/","url":"https:\/\/fcou.uvigo.es\/es\/estudios\/master-cytaa-2\/calidade\/","name":"Calidad | Facultade de Ciencias","isPartOf":{"@id":"https:\/\/fcou.uvigo.es\/#website"},"datePublished":"2024-05-28T08:16:04+00:00","dateModified":"2024-06-03T15:16:45+00:00","breadcrumb":{"@id":"https:\/\/fcou.uvigo.es\/es\/estudios\/master-cytaa-2\/calidade\/#breadcrumb"},"inLanguage":"es-ES","potentialAction":[{"@type":"ReadAction","target":["https:\/\/fcou.uvigo.es\/es\/estudios\/master-cytaa-2\/calidade\/"]}]},{"@type":"BreadcrumbList","@id":"https:\/\/fcou.uvigo.es\/es\/estudios\/master-cytaa-2\/calidade\/#breadcrumb","itemListElement":[{"@type":"ListItem","position":1,"name":"Estudios","item":"https:\/\/fcou.uvigo.es\/es\/estudios\/"},{"@type":"ListItem","position":2,"name":"M\u00e1ster en Ciencia y Tecnolog\u00eda Agroalimentaria y Ambiental","item":"https:\/\/www.fcou.uvigo.es\/es\/estudios\/master-cytaa-2\/"},{"@type":"ListItem","position":3,"name":"Calidad"}]},{"@type":"WebSite","@id":"https:\/\/fcou.uvigo.es\/#website","url":"https:\/\/fcou.uvigo.es\/","name":"Facultade de Ciencias da Universidade de Vigo","description":"Sitio web da Facultade de Ciencias","publisher":{"@id":"https:\/\/fcou.uvigo.es\/#organization"},"potentialAction":[{"@type":"SearchAction","target":{"@type":"EntryPoint","urlTemplate":"https:\/\/fcou.uvigo.es\/?s={search_term_string}"},"query-input":{"@type":"PropertyValueSpecification","valueRequired":true,"valueName":"search_term_string"}}],"inLanguage":"es-ES"},{"@type":"Organization","@id":"https:\/\/fcou.uvigo.es\/#organization","name":"Facultade de Ciencias da Universidade de Vigo","url":"https:\/\/fcou.uvigo.es\/","logo":{"@type":"ImageObject","inLanguage":"es-ES","@id":"https:\/\/fcou.uvigo.es\/#\/schema\/logo\/image\/","url":"https:\/\/fcou.uvigo.es\/wp-content\/uploads\/2024\/04\/facultade-ciencias-ourense.png","contentUrl":"https:\/\/fcou.uvigo.es\/wp-content\/uploads\/2024\/04\/facultade-ciencias-ourense.png","width":717,"height":165,"caption":"Facultade de Ciencias da Universidade de Vigo"},"image":{"@id":"https:\/\/fcou.uvigo.es\/#\/schema\/logo\/image\/"}}]}},"_links":{"self":[{"href":"https:\/\/fcou.uvigo.es\/es\/wp-json\/wp\/v2\/pages\/268302"}],"collection":[{"href":"https:\/\/fcou.uvigo.es\/es\/wp-json\/wp\/v2\/pages"}],"about":[{"href":"https:\/\/fcou.uvigo.es\/es\/wp-json\/wp\/v2\/types\/page"}],"author":[{"embeddable":true,"href":"https:\/\/fcou.uvigo.es\/es\/wp-json\/wp\/v2\/users\/8"}],"replies":[{"embeddable":true,"href":"https:\/\/fcou.uvigo.es\/es\/wp-json\/wp\/v2\/comments?post=268302"}],"version-history":[{"count":3,"href":"https:\/\/fcou.uvigo.es\/es\/wp-json\/wp\/v2\/pages\/268302\/revisions"}],"predecessor-version":[{"id":268429,"href":"https:\/\/fcou.uvigo.es\/es\/wp-json\/wp\/v2\/pages\/268302\/revisions\/268429"}],"up":[{"embeddable":true,"href":"https:\/\/fcou.uvigo.es\/es\/wp-json\/wp\/v2\/pages\/268285"}],"wp:attachment":[{"href":"https:\/\/fcou.uvigo.es\/es\/wp-json\/wp\/v2\/media?parent=268302"}],"curies":[{"name":"wp","href":"https:\/\/api.w.org\/{rel}","templated":true}]}}