{"id":268631,"date":"2024-07-01T10:00:55","date_gmt":"2024-07-01T08:00:55","guid":{"rendered":"https:\/\/fcou.uvigo.es\/estudios\/especialista-en-sustentabilidade-alimentaria\/"},"modified":"2024-07-08T15:58:40","modified_gmt":"2024-07-08T13:58:40","slug":"especialista-en-sostenibilidad-alimentaria","status":"publish","type":"page","link":"https:\/\/fcou.uvigo.es\/es\/estudios\/especialista-en-sostenibilidad-alimentaria\/","title":{"rendered":"Especialista en Sostenibilidad Alimentaria"},"content":{"rendered":"<p>Los retos de la industria alimentaria actual ya no solo se circunscriben la calidad y a la seguridad alimentaria, sino que tambi\u00e9n juegan un papel importante a sostenibilidad tanto de la obtenci\u00f3n de materias primas como de los procesos de transformaci\u00f3n a las que pude ser sometidas. Por eso es por lo que unos de los caballos de batalla de la investigaci\u00f3n y la innovaci\u00f3n en el campo alimentario se enfocan a promover un cambio en las pautas de producci\u00f3n y consumo de alimentos hacia un escenario sostenible.<\/p>\n<p>En el presente T\u00edtulo Propio pretendemos incluir una serie de materias que ir\u00edan encaminadas a dar formaci\u00f3n al estudiante de postgrado en este campo y que, adem\u00e1s, actuar\u00e1 como complemento en la formaci\u00f3n continua de egresados en los T\u00edtulos oficiales impartidos por la Facultad de Ciencias en el campo Agroambiental y Alimentario.<\/p>\n<div class=\"custom-block graylight\">\n<div class=\"row\">\n<div class=\"col lg-4\">\n<h3>Inicio y fin<\/h3>\n<p><i class=\"fa fa-calendar\"><\/i> 20\/09\/2024 \u2013 21\/07\/2025<\/p>\n<\/div>\n<div class=\"col lg-3\">\n<h3>Modalidad<\/h3>\n<p><i class=\"fa fa-laptop\" aria-hidden=\"true\"><\/i> As\u00edncrona (en linea)<\/p>\n<\/div>\n<div class=\"col lg-2\">\n<h3>Cr\u00e9d. ECTS<\/h3>\n<p><i class=\"fa fa-shield\"><\/i> 48.0 ECTS<\/p>\n<\/div>\n<div class=\"col lg-3\">\n<h3>Estado<\/h3>\n<p><i class=\"fa fa-cogs\" aria-hidden=\"true\"><\/i> Preinscripci\u00f3n<\/p>\n<\/div>\n<\/div>\n<\/div>\n<p class=\"mb-2\"><a class=\"btn btn-outline-primary btn-icon\" style=\"text-transform: none;\" href=\"https:\/\/cpfp.uvigo.gal\/es\/estudios\/titulos-propios\/id1138-1\/\" target=\"_blank\" rel=\"noopener noreferrer\">Consulta la p\u00e1gina del T\u00edtulo<\/a><\/p>\n<p>&nbsp;<\/p>\n","protected":false},"excerpt":{"rendered":"<p>Los retos de la industria alimentaria actual ya no solo se circunscriben la calidad y a la seguridad alimentaria, sino que tambi\u00e9n juegan un papel &hellip; <a class=\"excerpt_more\" href=\"https:\/\/fcou.uvigo.es\/es\/estudios\/especialista-en-sostenibilidad-alimentaria\/\">Contin\u00faa<\/a><\/p>\n","protected":false},"author":11,"featured_media":268522,"parent":2117,"menu_order":7,"comment_status":"closed","ping_status":"closed","template":"","meta":{"_acf_changed":false,"footnotes":""},"acf":[],"yoast_head":"<title>Especialista en Sostenibilidad Alimentaria | Facultade de Ciencias<\/title>\n<meta name=\"robots\" content=\"index, follow, max-snippet:-1, max-image-preview:large, max-video-preview:-1\" \/>\n<link rel=\"canonical\" href=\"https:\/\/fcou.uvigo.es\/es\/estudios\/especialista-en-sostenibilidad-alimentaria\/\" \/>\n<meta property=\"og:locale\" content=\"es_ES\" \/>\n<meta property=\"og:type\" content=\"article\" \/>\n<meta property=\"og:title\" content=\"Especialista en Sostenibilidad Alimentaria | Facultade de Ciencias\" \/>\n<meta property=\"og:description\" content=\"Los retos de la industria alimentaria actual ya no solo se circunscriben la calidad y a la seguridad alimentaria, sino que tambi\u00e9n juegan un papel &hellip; Contin\u00faa\" \/>\n<meta property=\"og:url\" content=\"https:\/\/fcou.uvigo.es\/es\/estudios\/especialista-en-sostenibilidad-alimentaria\/\" \/>\n<meta property=\"og:site_name\" content=\"Facultade de Ciencias\" \/>\n<meta property=\"article:modified_time\" content=\"2024-07-08T13:58:40+00:00\" \/>\n<meta property=\"og:image\" content=\"https:\/\/fcou.uvigo.es\/wp-content\/uploads\/2024\/06\/1138-1.jpg\" \/>\n\t<meta property=\"og:image:width\" content=\"1400\" \/>\n\t<meta property=\"og:image:height\" content=\"350\" \/>\n\t<meta property=\"og:image:type\" content=\"image\/jpeg\" \/>\n<meta name=\"twitter:card\" content=\"summary_large_image\" \/>\n<meta name=\"twitter:label1\" content=\"Est. reading time\" \/>\n\t<meta name=\"twitter:data1\" content=\"2 minutes\" \/>\n<script type=\"application\/ld+json\" class=\"yoast-schema-graph\">{\"@context\":\"https:\/\/schema.org\",\"@graph\":[{\"@type\":\"WebPage\",\"@id\":\"https:\/\/fcou.uvigo.es\/es\/estudios\/especialista-en-sostenibilidad-alimentaria\/\",\"url\":\"https:\/\/fcou.uvigo.es\/es\/estudios\/especialista-en-sostenibilidad-alimentaria\/\",\"name\":\"Especialista en Sostenibilidad Alimentaria | Facultade de Ciencias\",\"isPartOf\":{\"@id\":\"https:\/\/fcou.uvigo.es\/#website\"},\"primaryImageOfPage\":{\"@id\":\"https:\/\/fcou.uvigo.es\/es\/estudios\/especialista-en-sostenibilidad-alimentaria\/#primaryimage\"},\"image\":{\"@id\":\"https:\/\/fcou.uvigo.es\/es\/estudios\/especialista-en-sostenibilidad-alimentaria\/#primaryimage\"},\"thumbnailUrl\":\"https:\/\/fcou.uvigo.es\/wp-content\/uploads\/2024\/06\/1138-1.jpg\",\"datePublished\":\"2024-07-01T08:00:55+00:00\",\"dateModified\":\"2024-07-08T13:58:40+00:00\",\"breadcrumb\":{\"@id\":\"https:\/\/fcou.uvigo.es\/es\/estudios\/especialista-en-sostenibilidad-alimentaria\/#breadcrumb\"},\"inLanguage\":\"es-ES\",\"potentialAction\":[{\"@type\":\"ReadAction\",\"target\":[\"https:\/\/fcou.uvigo.es\/es\/estudios\/especialista-en-sostenibilidad-alimentaria\/\"]}]},{\"@type\":\"ImageObject\",\"inLanguage\":\"es-ES\",\"@id\":\"https:\/\/fcou.uvigo.es\/es\/estudios\/especialista-en-sostenibilidad-alimentaria\/#primaryimage\",\"url\":\"https:\/\/fcou.uvigo.es\/wp-content\/uploads\/2024\/06\/1138-1.jpg\",\"contentUrl\":\"https:\/\/fcou.uvigo.es\/wp-content\/uploads\/2024\/06\/1138-1.jpg\",\"width\":1400,\"height\":350},{\"@type\":\"BreadcrumbList\",\"@id\":\"https:\/\/fcou.uvigo.es\/es\/estudios\/especialista-en-sostenibilidad-alimentaria\/#breadcrumb\",\"itemListElement\":[{\"@type\":\"ListItem\",\"position\":1,\"name\":\"Estudios\",\"item\":\"https:\/\/fcou.uvigo.es\/es\/estudios\/\"},{\"@type\":\"ListItem\",\"position\":2,\"name\":\"Especialista en Sostenibilidad Alimentaria\"}]},{\"@type\":\"WebSite\",\"@id\":\"https:\/\/fcou.uvigo.es\/#website\",\"url\":\"https:\/\/fcou.uvigo.es\/\",\"name\":\"Facultade de Ciencias da Universidade de Vigo\",\"description\":\"Sitio web da Facultade de Ciencias\",\"publisher\":{\"@id\":\"https:\/\/fcou.uvigo.es\/#organization\"},\"potentialAction\":[{\"@type\":\"SearchAction\",\"target\":{\"@type\":\"EntryPoint\",\"urlTemplate\":\"https:\/\/fcou.uvigo.es\/?s={search_term_string}\"},\"query-input\":{\"@type\":\"PropertyValueSpecification\",\"valueRequired\":true,\"valueName\":\"search_term_string\"}}],\"inLanguage\":\"es-ES\"},{\"@type\":\"Organization\",\"@id\":\"https:\/\/fcou.uvigo.es\/#organization\",\"name\":\"Facultade de Ciencias da Universidade de Vigo\",\"url\":\"https:\/\/fcou.uvigo.es\/\",\"logo\":{\"@type\":\"ImageObject\",\"inLanguage\":\"es-ES\",\"@id\":\"https:\/\/fcou.uvigo.es\/#\/schema\/logo\/image\/\",\"url\":\"https:\/\/fcou.uvigo.es\/wp-content\/uploads\/2024\/04\/facultade-ciencias-ourense.png\",\"contentUrl\":\"https:\/\/fcou.uvigo.es\/wp-content\/uploads\/2024\/04\/facultade-ciencias-ourense.png\",\"width\":717,\"height\":165,\"caption\":\"Facultade de Ciencias da Universidade de Vigo\"},\"image\":{\"@id\":\"https:\/\/fcou.uvigo.es\/#\/schema\/logo\/image\/\"}}]}<\/script>","yoast_head_json":{"title":"Especialista en Sostenibilidad Alimentaria | Facultade de Ciencias","robots":{"index":"index","follow":"follow","max-snippet":"max-snippet:-1","max-image-preview":"max-image-preview:large","max-video-preview":"max-video-preview:-1"},"canonical":"https:\/\/fcou.uvigo.es\/es\/estudios\/especialista-en-sostenibilidad-alimentaria\/","og_locale":"es_ES","og_type":"article","og_title":"Especialista en Sostenibilidad Alimentaria | Facultade de Ciencias","og_description":"Los retos de la industria alimentaria actual ya no solo se circunscriben la calidad y a la seguridad alimentaria, sino que tambi\u00e9n juegan un papel &hellip; Contin\u00faa","og_url":"https:\/\/fcou.uvigo.es\/es\/estudios\/especialista-en-sostenibilidad-alimentaria\/","og_site_name":"Facultade de Ciencias","article_modified_time":"2024-07-08T13:58:40+00:00","og_image":[{"width":1400,"height":350,"url":"https:\/\/fcou.uvigo.es\/wp-content\/uploads\/2024\/06\/1138-1.jpg","type":"image\/jpeg"}],"twitter_card":"summary_large_image","twitter_misc":{"Est. reading time":"2 minutes"},"schema":{"@context":"https:\/\/schema.org","@graph":[{"@type":"WebPage","@id":"https:\/\/fcou.uvigo.es\/es\/estudios\/especialista-en-sostenibilidad-alimentaria\/","url":"https:\/\/fcou.uvigo.es\/es\/estudios\/especialista-en-sostenibilidad-alimentaria\/","name":"Especialista en Sostenibilidad Alimentaria | Facultade de Ciencias","isPartOf":{"@id":"https:\/\/fcou.uvigo.es\/#website"},"primaryImageOfPage":{"@id":"https:\/\/fcou.uvigo.es\/es\/estudios\/especialista-en-sostenibilidad-alimentaria\/#primaryimage"},"image":{"@id":"https:\/\/fcou.uvigo.es\/es\/estudios\/especialista-en-sostenibilidad-alimentaria\/#primaryimage"},"thumbnailUrl":"https:\/\/fcou.uvigo.es\/wp-content\/uploads\/2024\/06\/1138-1.jpg","datePublished":"2024-07-01T08:00:55+00:00","dateModified":"2024-07-08T13:58:40+00:00","breadcrumb":{"@id":"https:\/\/fcou.uvigo.es\/es\/estudios\/especialista-en-sostenibilidad-alimentaria\/#breadcrumb"},"inLanguage":"es-ES","potentialAction":[{"@type":"ReadAction","target":["https:\/\/fcou.uvigo.es\/es\/estudios\/especialista-en-sostenibilidad-alimentaria\/"]}]},{"@type":"ImageObject","inLanguage":"es-ES","@id":"https:\/\/fcou.uvigo.es\/es\/estudios\/especialista-en-sostenibilidad-alimentaria\/#primaryimage","url":"https:\/\/fcou.uvigo.es\/wp-content\/uploads\/2024\/06\/1138-1.jpg","contentUrl":"https:\/\/fcou.uvigo.es\/wp-content\/uploads\/2024\/06\/1138-1.jpg","width":1400,"height":350},{"@type":"BreadcrumbList","@id":"https:\/\/fcou.uvigo.es\/es\/estudios\/especialista-en-sostenibilidad-alimentaria\/#breadcrumb","itemListElement":[{"@type":"ListItem","position":1,"name":"Estudios","item":"https:\/\/fcou.uvigo.es\/es\/estudios\/"},{"@type":"ListItem","position":2,"name":"Especialista en Sostenibilidad Alimentaria"}]},{"@type":"WebSite","@id":"https:\/\/fcou.uvigo.es\/#website","url":"https:\/\/fcou.uvigo.es\/","name":"Facultade de Ciencias da Universidade de Vigo","description":"Sitio web da Facultade de Ciencias","publisher":{"@id":"https:\/\/fcou.uvigo.es\/#organization"},"potentialAction":[{"@type":"SearchAction","target":{"@type":"EntryPoint","urlTemplate":"https:\/\/fcou.uvigo.es\/?s={search_term_string}"},"query-input":{"@type":"PropertyValueSpecification","valueRequired":true,"valueName":"search_term_string"}}],"inLanguage":"es-ES"},{"@type":"Organization","@id":"https:\/\/fcou.uvigo.es\/#organization","name":"Facultade de Ciencias da Universidade de Vigo","url":"https:\/\/fcou.uvigo.es\/","logo":{"@type":"ImageObject","inLanguage":"es-ES","@id":"https:\/\/fcou.uvigo.es\/#\/schema\/logo\/image\/","url":"https:\/\/fcou.uvigo.es\/wp-content\/uploads\/2024\/04\/facultade-ciencias-ourense.png","contentUrl":"https:\/\/fcou.uvigo.es\/wp-content\/uploads\/2024\/04\/facultade-ciencias-ourense.png","width":717,"height":165,"caption":"Facultade de Ciencias da Universidade de Vigo"},"image":{"@id":"https:\/\/fcou.uvigo.es\/#\/schema\/logo\/image\/"}}]}},"_links":{"self":[{"href":"https:\/\/fcou.uvigo.es\/es\/wp-json\/wp\/v2\/pages\/268631"}],"collection":[{"href":"https:\/\/fcou.uvigo.es\/es\/wp-json\/wp\/v2\/pages"}],"about":[{"href":"https:\/\/fcou.uvigo.es\/es\/wp-json\/wp\/v2\/types\/page"}],"author":[{"embeddable":true,"href":"https:\/\/fcou.uvigo.es\/es\/wp-json\/wp\/v2\/users\/11"}],"replies":[{"embeddable":true,"href":"https:\/\/fcou.uvigo.es\/es\/wp-json\/wp\/v2\/comments?post=268631"}],"version-history":[{"count":7,"href":"https:\/\/fcou.uvigo.es\/es\/wp-json\/wp\/v2\/pages\/268631\/revisions"}],"predecessor-version":[{"id":268641,"href":"https:\/\/fcou.uvigo.es\/es\/wp-json\/wp\/v2\/pages\/268631\/revisions\/268641"}],"up":[{"embeddable":true,"href":"https:\/\/fcou.uvigo.es\/es\/wp-json\/wp\/v2\/pages\/2117"}],"wp:featuredmedia":[{"embeddable":true,"href":"https:\/\/fcou.uvigo.es\/es\/wp-json\/wp\/v2\/media\/268522"}],"wp:attachment":[{"href":"https:\/\/fcou.uvigo.es\/es\/wp-json\/wp\/v2\/media?parent=268631"}],"curies":[{"name":"wp","href":"https:\/\/api.w.org\/{rel}","templated":true}]}}