{"id":269824,"date":"2025-06-19T13:42:39","date_gmt":"2025-06-19T11:42:39","guid":{"rendered":"https:\/\/fcou.uvigo.es\/estudios\/programa-de-simultaneidade-do-grao-en-enxenaria-agraria-e-o-grao-en-ciencias-ambientais\/"},"modified":"2025-06-26T17:42:47","modified_gmt":"2025-06-26T15:42:47","slug":"doble-grado-en-ingenieria-agraria-y-ciencias-ambientales","status":"publish","type":"page","link":"https:\/\/fcou.uvigo.es\/es\/estudios\/doble-grado-en-ingenieria-agraria-y-ciencias-ambientales\/","title":{"rendered":"Doble Grado en Ingenier\u00eda Agraria y Ciencias Ambientales"},"content":{"rendered":"<p class=\"lead\">El <strong>Doble Grado en Ingenier\u00eda Agraria y Ciencias Ambientales<\/strong> ofrece una formaci\u00f3n integral enfocada a formar profesionales que el lideren los grandes desaf\u00edos del sector agrario y ambientales aportando soluciones tecnol\u00f3gicas y sostenibles.<\/p>\n<p class=\"lead\">La rama de <strong>Ingenier\u00eda Agraria<\/strong> proporcionar\u00e1 al alumnado una s\u00f3lida base cient\u00edfica y tecnol\u00f3gica orientada al dise\u00f1o, gesti\u00f3n y direcci\u00f3n de explotaciones agr\u00edcolas, ganaderas y agroindustriales. Adem\u00e1s, proporcionar\u00e1 una amplia formaci\u00f3n en infraestructuras y procesos asociados a la producci\u00f3n primaria y a la transformaci\u00f3n de las materias primas.<\/p>\n<p class=\"lead\">La rama de <strong>Ciencias Ambientales<\/strong> proporcionada al alumnado una visi\u00f3n global y multidisciplinar que lo capacitar\u00e1 para analizar y afrontar diferentes problemas ambientales. Estos profesionales ser\u00e1n capaces de comprender la complejidad de los sistemas naturales evaluar los diferentes impactos ambientales que los puedan afectar y proponer diferentes medidas de prevenci\u00f3n conservaci\u00f3n y gesti\u00f3n del medio<\/p>\n<p class=\"lead\">Este Doble Grado combina el <strong>conocimiento t\u00e9cnico<\/strong> con la <strong>sostenibilidad ambiental<\/strong> por lo que se conseguir\u00e1 una proyecci\u00f3n profesional amplia adaptada a la sociedad actual y futura.<\/p>\n<p class=\"mb-2\"><a class=\"btn btn-outline-primary btn-icon\" style=\"text-transform: none;\" href=\"https:\/\/www.uvigo.gal\/sites\/uvigo.gal\/files\/contents\/paragraph-file\/2025-02\/2_Memoria%20PCEO_EA-CCAA_final.pdf\" target=\"_blank\" rel=\"noopener noreferrer\">Consulta la memoria del T\u00edtulo<\/a><\/p>\n<p>&nbsp;<\/p>\n<div class=\"custom-block graylight\">\n<h3>Accesos directos<\/h3>\n<div class=\"row\">\n<div class=\"col-sm-6\">\n<ul class=\"list-peak\">\n<li><a href=\"..\/..\/docencia\/horarios\">Horarios y grupos<\/a><\/li>\n<li><a href=\"..\/..\/docencia\/exames\">Ex\u00e1menes<\/a><\/li>\n<li><a href=\"..\/..\/docencia\/practicas-externas\">Pr\u00e1cticas externas<\/a><\/li>\n<li><a href=\"..\/..\/docencia\/traballo-fin-de-grao\">Trabajo Fin de Grado<\/a><\/li>\n<\/ul>\n<\/div>\n<div class=\"col-sm-6\">\n<ul class=\"list-peak\">\n<li><a href=\"..\/..\/estudantes\/plan-de-accion-titorial\">Plan de Acci\u00f3n Titorial<\/a><\/li>\n<li><a href=\"..\/..\/calidade\/sgc\/resultados-de-medicion\">Resultados del T\u00edtulo<\/a><\/li>\n<li><a href=\"..\/..\/calidade\/seguimento-de-titulos\/grao-en-ceta\/\">Seguimiento del T\u00edtulo<\/a><\/li>\n<li><a href=\"http:\/\/transparencia.uvigo.es\" target=\"_blank\" rel=\"noopener noreferrer\">Portal de Transparencia<\/a><\/li>\n<\/ul>\n<\/div>\n<\/div>\n<\/div>\n<div class=\"custom-block graylight\">\n<h3>Coordinaci\u00f3n<\/h3>\n<p><a href=\"\/docencia\/profesorado\/gil-garrote-velasco\/\">Gil Garrote Velasco<\/a><br \/>\n<a href=\"mailto:gil@uvigo.es\">gil@uvigo.es<\/a><\/p>\n<\/div>\n<p>&nbsp;<\/p>\n","protected":false},"excerpt":{"rendered":"<p>El Doble Grado en Ingenier\u00eda Agraria y Ciencias Ambientales ofrece una formaci\u00f3n integral enfocada a formar profesionales que el lideren los grandes desaf\u00edos del sector &hellip; <a class=\"excerpt_more\" href=\"https:\/\/fcou.uvigo.es\/es\/estudios\/doble-grado-en-ingenieria-agraria-y-ciencias-ambientales\/\">Contin\u00faa<\/a><\/p>\n","protected":false},"author":11,"featured_media":0,"parent":2117,"menu_order":5,"comment_status":"closed","ping_status":"closed","template":"","meta":{"_acf_changed":false,"footnotes":""},"acf":[],"yoast_head":"<title>Doble Grado en Ingenier\u00eda Agraria y Ciencias Ambientales | Facultade de Ciencias<\/title>\n<meta name=\"robots\" content=\"index, follow, max-snippet:-1, max-image-preview:large, max-video-preview:-1\" \/>\n<link rel=\"canonical\" href=\"https:\/\/fcou.uvigo.es\/es\/estudios\/doble-grado-en-ingenieria-agraria-y-ciencias-ambientales\/\" \/>\n<meta property=\"og:locale\" content=\"es_ES\" \/>\n<meta property=\"og:type\" content=\"article\" \/>\n<meta property=\"og:title\" content=\"Doble Grado en Ingenier\u00eda Agraria y Ciencias Ambientales | Facultade de Ciencias\" \/>\n<meta property=\"og:description\" content=\"El Doble Grado en Ingenier\u00eda Agraria y Ciencias Ambientales ofrece una formaci\u00f3n integral enfocada a formar profesionales que el lideren los grandes desaf\u00edos del sector &hellip; Contin\u00faa\" \/>\n<meta property=\"og:url\" content=\"https:\/\/fcou.uvigo.es\/es\/estudios\/doble-grado-en-ingenieria-agraria-y-ciencias-ambientales\/\" \/>\n<meta property=\"og:site_name\" content=\"Facultade de Ciencias\" \/>\n<meta property=\"article:modified_time\" content=\"2025-06-26T15:42:47+00:00\" \/>\n<meta name=\"twitter:card\" content=\"summary_large_image\" \/>\n<meta name=\"twitter:label1\" content=\"Est. reading time\" \/>\n\t<meta name=\"twitter:data1\" content=\"2 minutes\" \/>\n<script type=\"application\/ld+json\" class=\"yoast-schema-graph\">{\"@context\":\"https:\/\/schema.org\",\"@graph\":[{\"@type\":\"WebPage\",\"@id\":\"https:\/\/fcou.uvigo.es\/es\/estudios\/doble-grado-en-ingenieria-agraria-y-ciencias-ambientales\/\",\"url\":\"https:\/\/fcou.uvigo.es\/es\/estudios\/doble-grado-en-ingenieria-agraria-y-ciencias-ambientales\/\",\"name\":\"Doble Grado en Ingenier\u00eda Agraria y Ciencias Ambientales | Facultade de Ciencias\",\"isPartOf\":{\"@id\":\"https:\/\/fcou.uvigo.es\/#website\"},\"datePublished\":\"2025-06-19T11:42:39+00:00\",\"dateModified\":\"2025-06-26T15:42:47+00:00\",\"breadcrumb\":{\"@id\":\"https:\/\/fcou.uvigo.es\/es\/estudios\/doble-grado-en-ingenieria-agraria-y-ciencias-ambientales\/#breadcrumb\"},\"inLanguage\":\"es-ES\",\"potentialAction\":[{\"@type\":\"ReadAction\",\"target\":[\"https:\/\/fcou.uvigo.es\/es\/estudios\/doble-grado-en-ingenieria-agraria-y-ciencias-ambientales\/\"]}]},{\"@type\":\"BreadcrumbList\",\"@id\":\"https:\/\/fcou.uvigo.es\/es\/estudios\/doble-grado-en-ingenieria-agraria-y-ciencias-ambientales\/#breadcrumb\",\"itemListElement\":[{\"@type\":\"ListItem\",\"position\":1,\"name\":\"Estudios\",\"item\":\"https:\/\/fcou.uvigo.es\/es\/estudios\/\"},{\"@type\":\"ListItem\",\"position\":2,\"name\":\"Doble Grado en Ingenier\u00eda Agraria y Ciencias Ambientales\"}]},{\"@type\":\"WebSite\",\"@id\":\"https:\/\/fcou.uvigo.es\/#website\",\"url\":\"https:\/\/fcou.uvigo.es\/\",\"name\":\"Facultade de Ciencias da Universidade de Vigo\",\"description\":\"Sitio web da Facultade de Ciencias\",\"publisher\":{\"@id\":\"https:\/\/fcou.uvigo.es\/#organization\"},\"potentialAction\":[{\"@type\":\"SearchAction\",\"target\":{\"@type\":\"EntryPoint\",\"urlTemplate\":\"https:\/\/fcou.uvigo.es\/?s={search_term_string}\"},\"query-input\":{\"@type\":\"PropertyValueSpecification\",\"valueRequired\":true,\"valueName\":\"search_term_string\"}}],\"inLanguage\":\"es-ES\"},{\"@type\":\"Organization\",\"@id\":\"https:\/\/fcou.uvigo.es\/#organization\",\"name\":\"Facultade de Ciencias da Universidade de Vigo\",\"url\":\"https:\/\/fcou.uvigo.es\/\",\"logo\":{\"@type\":\"ImageObject\",\"inLanguage\":\"es-ES\",\"@id\":\"https:\/\/fcou.uvigo.es\/#\/schema\/logo\/image\/\",\"url\":\"https:\/\/fcou.uvigo.es\/wp-content\/uploads\/2024\/04\/facultade-ciencias-ourense.png\",\"contentUrl\":\"https:\/\/fcou.uvigo.es\/wp-content\/uploads\/2024\/04\/facultade-ciencias-ourense.png\",\"width\":717,\"height\":165,\"caption\":\"Facultade de Ciencias da Universidade de Vigo\"},\"image\":{\"@id\":\"https:\/\/fcou.uvigo.es\/#\/schema\/logo\/image\/\"}}]}<\/script>","yoast_head_json":{"title":"Doble Grado en Ingenier\u00eda Agraria y Ciencias Ambientales | Facultade de Ciencias","robots":{"index":"index","follow":"follow","max-snippet":"max-snippet:-1","max-image-preview":"max-image-preview:large","max-video-preview":"max-video-preview:-1"},"canonical":"https:\/\/fcou.uvigo.es\/es\/estudios\/doble-grado-en-ingenieria-agraria-y-ciencias-ambientales\/","og_locale":"es_ES","og_type":"article","og_title":"Doble Grado en Ingenier\u00eda Agraria y Ciencias Ambientales | Facultade de Ciencias","og_description":"El Doble Grado en Ingenier\u00eda Agraria y Ciencias Ambientales ofrece una formaci\u00f3n integral enfocada a formar profesionales que el lideren los grandes desaf\u00edos del sector &hellip; Contin\u00faa","og_url":"https:\/\/fcou.uvigo.es\/es\/estudios\/doble-grado-en-ingenieria-agraria-y-ciencias-ambientales\/","og_site_name":"Facultade de Ciencias","article_modified_time":"2025-06-26T15:42:47+00:00","twitter_card":"summary_large_image","twitter_misc":{"Est. reading time":"2 minutes"},"schema":{"@context":"https:\/\/schema.org","@graph":[{"@type":"WebPage","@id":"https:\/\/fcou.uvigo.es\/es\/estudios\/doble-grado-en-ingenieria-agraria-y-ciencias-ambientales\/","url":"https:\/\/fcou.uvigo.es\/es\/estudios\/doble-grado-en-ingenieria-agraria-y-ciencias-ambientales\/","name":"Doble Grado en Ingenier\u00eda Agraria y Ciencias Ambientales | Facultade de Ciencias","isPartOf":{"@id":"https:\/\/fcou.uvigo.es\/#website"},"datePublished":"2025-06-19T11:42:39+00:00","dateModified":"2025-06-26T15:42:47+00:00","breadcrumb":{"@id":"https:\/\/fcou.uvigo.es\/es\/estudios\/doble-grado-en-ingenieria-agraria-y-ciencias-ambientales\/#breadcrumb"},"inLanguage":"es-ES","potentialAction":[{"@type":"ReadAction","target":["https:\/\/fcou.uvigo.es\/es\/estudios\/doble-grado-en-ingenieria-agraria-y-ciencias-ambientales\/"]}]},{"@type":"BreadcrumbList","@id":"https:\/\/fcou.uvigo.es\/es\/estudios\/doble-grado-en-ingenieria-agraria-y-ciencias-ambientales\/#breadcrumb","itemListElement":[{"@type":"ListItem","position":1,"name":"Estudios","item":"https:\/\/fcou.uvigo.es\/es\/estudios\/"},{"@type":"ListItem","position":2,"name":"Doble Grado en Ingenier\u00eda Agraria y Ciencias Ambientales"}]},{"@type":"WebSite","@id":"https:\/\/fcou.uvigo.es\/#website","url":"https:\/\/fcou.uvigo.es\/","name":"Facultade de Ciencias da Universidade de Vigo","description":"Sitio web da Facultade de Ciencias","publisher":{"@id":"https:\/\/fcou.uvigo.es\/#organization"},"potentialAction":[{"@type":"SearchAction","target":{"@type":"EntryPoint","urlTemplate":"https:\/\/fcou.uvigo.es\/?s={search_term_string}"},"query-input":{"@type":"PropertyValueSpecification","valueRequired":true,"valueName":"search_term_string"}}],"inLanguage":"es-ES"},{"@type":"Organization","@id":"https:\/\/fcou.uvigo.es\/#organization","name":"Facultade de Ciencias da Universidade de Vigo","url":"https:\/\/fcou.uvigo.es\/","logo":{"@type":"ImageObject","inLanguage":"es-ES","@id":"https:\/\/fcou.uvigo.es\/#\/schema\/logo\/image\/","url":"https:\/\/fcou.uvigo.es\/wp-content\/uploads\/2024\/04\/facultade-ciencias-ourense.png","contentUrl":"https:\/\/fcou.uvigo.es\/wp-content\/uploads\/2024\/04\/facultade-ciencias-ourense.png","width":717,"height":165,"caption":"Facultade de Ciencias da Universidade de Vigo"},"image":{"@id":"https:\/\/fcou.uvigo.es\/#\/schema\/logo\/image\/"}}]}},"_links":{"self":[{"href":"https:\/\/fcou.uvigo.es\/es\/wp-json\/wp\/v2\/pages\/269824"}],"collection":[{"href":"https:\/\/fcou.uvigo.es\/es\/wp-json\/wp\/v2\/pages"}],"about":[{"href":"https:\/\/fcou.uvigo.es\/es\/wp-json\/wp\/v2\/types\/page"}],"author":[{"embeddable":true,"href":"https:\/\/fcou.uvigo.es\/es\/wp-json\/wp\/v2\/users\/11"}],"replies":[{"embeddable":true,"href":"https:\/\/fcou.uvigo.es\/es\/wp-json\/wp\/v2\/comments?post=269824"}],"version-history":[{"count":4,"href":"https:\/\/fcou.uvigo.es\/es\/wp-json\/wp\/v2\/pages\/269824\/revisions"}],"predecessor-version":[{"id":269860,"href":"https:\/\/fcou.uvigo.es\/es\/wp-json\/wp\/v2\/pages\/269824\/revisions\/269860"}],"up":[{"embeddable":true,"href":"https:\/\/fcou.uvigo.es\/es\/wp-json\/wp\/v2\/pages\/2117"}],"wp:attachment":[{"href":"https:\/\/fcou.uvigo.es\/es\/wp-json\/wp\/v2\/media?parent=269824"}],"curies":[{"name":"wp","href":"https:\/\/api.w.org\/{rel}","templated":true}]}}